{"id":753,"date":"2025-12-24T08:08:03","date_gmt":"2025-12-24T08:08:03","guid":{"rendered":"https:\/\/lyfilter.com\/?post_type=product&#038;p=753"},"modified":"2025-12-24T08:21:21","modified_gmt":"2025-12-24T08:21:21","slug":"factory-custom-specification-1-micron-pp-melt-blown-sediment-filter-for-housing-water-replaced-cartridge-filter","status":"publish","type":"product","link":"https:\/\/lyfilter.com\/fr\/factory-custom-specification-1-micron-pp-melt-blown-sediment-filter-for-housing-water-replaced-cartridge-filter\/","title":{"rendered":"Filtre \u00e0 s\u00e9diments souffl\u00e9 par fusion en pp de 1 micron pour le remplacement du filtre \u00e0 cartouche de l'eau de logement."},"content":{"rendered":"<div class=\"pro_aliData\">\n<div class=\"detail-box\">\n<div class=\"scc-wrapper detail-module module-productPackagingAndQuickDetail\" data-spm=\"prilinga1e\">\n<div class=\"widget-detail-overview\">\n<div class=\"do-content\">\n<div class=\"do-overview\">\n<div class=\"do-entry do-entry-full\">\n<h3 class=\"do-entry-title\">Emballage et livraison<\/h3>\n<div class=\"do-entry-list\">\n<dl class=\"do-entry-item\">\n<dt class=\"do-entry-item-key\">Unit\u00e9s de vente :<\/dt>\n<dd class=\"do-entry-item-val\">Article unique<\/dd>\n<\/dl>\n<dl class=\"do-entry-item\">\n<dt class=\"do-entry-item-key\" title=\"Taille de l&#039;emballage unique :\">Taille de l'emballage unique :<\/dt>\n<dd class=\"do-entry-item-val\">53X33X33 cm<\/dd>\n<\/dl>\n<dl class=\"do-entry-item\">\n<dt class=\"do-entry-item-key\" title=\"Poids brut unique :\">Poids brut unique :<\/dt>\n<dd class=\"do-entry-item-val\">9.000 kg<\/dd>\n<\/dl>\n<dl class=\"do-entry-item\">\n<dt class=\"do-entry-item-key\">Type d'emballage :<\/dt>\n<dd class=\"do-entry-item-val pkg-method\">Filtre \u00e0 s\u00e9diments souffl\u00e9 par fusion en pp de 1 micron pour l'eau de logement, remplac\u00e9 par un filtre \u00e0 cartouche, fabriqu\u00e9 sur mesure par l'usine : Emball\u00e9 dans un carton en papier.<\/dd>\n<\/dl>\n<dl class=\"do-entry-item\">\n<dt class=\"do-entry-item-key\" title=\"D\u00e9lai d&#039;ex\u00e9cution\">D\u00e9lai d'ex\u00e9cution\u00a0<i class=\"next-icon next-icon-help next-icon-xs js-leadtimes-tips\"><\/i>:<\/dt>\n<dd class=\"do-entry-item-val\" title=\"D\u00e9lai d&#039;ex\u00e9cution\">\n<div class=\"table-responsive\">\n<table class=\"supply-ability-table ui2-table ui2-table-normal ui2-table-zebra ui2-table-hover\">\n<tbody>\n<tr>\n<td>Quantit\u00e9 (pi\u00e8ces)<\/td>\n<td>1 - 100<\/td>\n<td>101 - 500<\/td>\n<td>501 - 5000<\/td>\n<td>&gt;5000<\/td>\n<\/tr>\n<tr>\n<td>Est. Temps (jours)<\/td>\n<td>2<\/td>\n<td>3<\/td>\n<td>7<\/td>\n<td>A n\u00e9gocier<\/td>\n<\/tr>\n<\/tbody>\n<\/table>\n<\/div>\n<\/dd>\n<\/dl>\n<\/div>\n<\/div>\n<\/div>\n<\/div>\n<\/div>\n<\/div>\n<div class=\"scc-wrapper detail-module module-detailVideo\" data-spm=\"detailvideo\"><\/div>\n<div class=\"scc-wrapper detail-module module-productSpecification\" data-spm=\"pronpeci14\">\n<div id=\"J-rich-text-description\" class=\"richtext richtext-detail rich-text-description\">\n<div id=\"detail_decorate_root\" data-host=\"111518424\" data-magic-global=\"%7B%22bizId%22%3A17381045746%2C%22pageId%22%3A5025821535%2C%22siteId%22%3A5005126472%7D\" data-id=\"detail_decorate_root\">\n<div id=\"ali-anchor-AliMagic-3ufv0m\" class=\"magic-0\" data-section=\"AliMagic-3ufv0m\" data-section-title=\"Product Description\">Description du produit<\/div>\n<div class=\"icbu-pc-images magic-1\">\n<div>\n<div class=\"flex-layout-v\">\n<div class=\"flex-layout-h magic-1\">\n<div class=\"magic-2\"><img decoding=\"async\" class=\"magic-3\" src=\"https:\/\/img.yfisher.com\/m6076\/172572676906t\/jpg70-t3-scale100.webp\" alt=\"Filtre \u00e0 s\u00e9diments souffl\u00e9 par fusion en pp de 1 micron pour l&#039;eau de logement filtre \u00e0 cartouche remplac\u00e9 par un filtre \u00e0 cartouche 7\" data-lazy=\"2\" title=\"\"><\/div>\n<\/div>\n<\/div>\n<\/div>\n<\/div>\n<div class=\"icbu-pc-images magic-1\">\n<div>\n<div class=\"flex-layout-h\">\n<div class=\"flex-layout-v magic-4\">\n<div class=\"magic-5\"><img decoding=\"async\" class=\"magic-6\" src=\"https:\/\/img.yfisher.com\/m6076\/1725726769ezm\/png70-t3-scale100.webp\" alt=\"Filtre \u00e0 s\u00e9diments souffl\u00e9 par fusion en pp de 1 micron pour l&#039;eau de logement filtre \u00e0 cartouche remplac\u00e9 par un filtre \u00e0 cartouche 9\" data-id=\"child-image-0\" data-lazy=\"2\" title=\"\"><\/div>\n<\/div>\n<div class=\"text-wrapper magic-7\">\n<div class=\"text-wrapper-right text-theme-light text-align-left\">\n<div class=\"text-title\" data-id=\"right-title\">\n<h3 class=\"magic-8\"><span class=\"magic-9\">\u00a0<\/span><\/h3>\n<h3 class=\"magic-8\"><span class=\"magic-9\">\u00a0<\/span><\/h3>\n<h3 class=\"magic-8\"><span class=\"magic-9\">Diff\u00e9rentes tailles de filtres souffl\u00e9s par fusion fil\u00e9e en PP<\/span><\/h3>\n<\/div>\n<div class=\"text-content\" data-id=\"right-content\">\n<p class=\"magic-10\"><span class=\"magic-11\">La cartouche filtrante PP meltblown (PPF) est\u00a0<\/span><\/p>\n<p class=\"magic-10\"><span class=\"magic-11\">Fabriqu\u00e9 en polypropyl\u00e8ne.\u00a0<\/span><\/p>\n<p class=\"magic-10\"><span class=\"magic-11\">Il peut \u00e9liminer les substances en suspension,\u00a0<\/span><\/p>\n<p class=\"magic-10\"><span class=\"magic-11\">les particules et la rouille de mani\u00e8re efficace.\u00a0<\/span><\/p>\n<p class=\"magic-10\"><span class=\"magic-11\">Ce type de cartouche est utilis\u00e9 pour le front\u00a0<\/span><\/p>\n<p class=\"magic-10\"><span class=\"magic-11\">cartouche filtrante pour prot\u00e9ger\u00a0<\/span><\/p>\n<p class=\"magic-10\"><span class=\"magic-11\">d'autres.<\/span><\/p>\n<\/div>\n<\/div>\n<\/div>\n<\/div>\n<\/div>\n<\/div>\n<div class=\"icbu-pc-images magic-1\">\n<div>\n<div class=\"flex-layout-h\">\n<div class=\"text-wrapper magic-12\">\n<div class=\"text-wrapper-left text-theme-light text-align-left\">\n<div class=\"text-title\" data-id=\"left-title\">\n<h3 class=\"magic-8\"><span class=\"magic-9\">\u00a0<\/span><\/h3>\n<h3 class=\"magic-8\"><span class=\"magic-9\">\u00a0<\/span><\/h3>\n<h3 class=\"magic-8\"><span class=\"magic-9\">Dimensions OEM de la cartouche de filtre souffl\u00e9 par fusion en PP<\/span><\/h3>\n<\/div>\n<div class=\"text-content\" data-id=\"left-content\">\n<p class=\"magic-10\"><span class=\"magic-11\">Lvyuan PP <a href=\"https:\/\/lyfilter.com\/fr\/melt-blown-filter-cartridge.html\/\">cartouche filtrante souffl\u00e9e par fusion<\/a>est une sorte de cartouche filtrante standard et simple pour la purification de l'eau. Elle est compos\u00e9e de fibres de polypropyl\u00e8ne fusionn\u00e9es et entrelac\u00e9es sans colle chimique. Elle est fabriqu\u00e9e \u00e0 partir de mati\u00e8res premi\u00e8res PP en polypropyl\u00e8ne pur 100%.\u00a0<\/span><\/p>\n<\/div>\n<\/div>\n<\/div>\n<div class=\"flex-layout-v magic-4\">\n<div class=\"magic-5\"><img decoding=\"async\" class=\"magic-6\" src=\"https:\/\/img.yfisher.com\/m6076\/1725726769nrd\/png70-t3-scale100.webp\" alt=\"Filtre \u00e0 s\u00e9diments souffl\u00e9 par fusion en pp de 1 micron pour l&#039;eau de logement, filtre \u00e0 cartouche remplac\u00e9 par un filtre \u00e0 cartouche 11\" data-id=\"child-image-0\" data-lazy=\"2\" title=\"\"><\/div>\n<\/div>\n<\/div>\n<\/div>\n<\/div>\n<div class=\"icbu-pc-images magic-1\">\n<div>\n<div class=\"flex-layout-h\">\n<div class=\"flex-layout-v magic-4\">\n<div class=\"magic-5\"><img decoding=\"async\" class=\"magic-6\" src=\"https:\/\/img.yfisher.com\/m6076\/1725726769ek9\/png70-t3-scale100.webp\" alt=\"Filtre \u00e0 s\u00e9diments souffl\u00e9 par fusion en pp de 1 micron pour l&#039;eau de logement remplac\u00e9 par un filtre \u00e0 cartouche 13\" data-id=\"child-image-0\" data-lazy=\"2\" title=\"\"><\/div>\n<\/div>\n<div class=\"text-wrapper magic-7\">\n<div class=\"text-wrapper-right text-theme-light text-align-left\">\n<div class=\"text-title\" data-id=\"right-title\">\n<h3 class=\"magic-8\"><span class=\"magic-9\">\u00a0<\/span><\/h3>\n<h3 class=\"magic-8\"><span class=\"magic-9\">\u00a0<\/span><\/h3>\n<h3 class=\"magic-8\"><span class=\"magic-9\">Filtre \u00e0 eau PP double microns personnalis\u00e9<\/span><\/h3>\n<\/div>\n<div class=\"text-content\" data-id=\"right-content\">\n<p class=\"magic-10\"><span class=\"magic-11\">Les microns peuvent \u00eatre personnalis\u00e9s, 2 couches de microns de PP <a href=\"https:\/\/lyfilter.com\/fr\/products.html\/\">cartouches de filtre \u00e0 eau<\/a> pour une forte capacit\u00e9 de r\u00e9tention des polluants, il peut \u00e9liminer efficacement les contaminants, tels que les substances en suspension, les particules et la rouille, offrant ainsi une filtration efficace et une longue dur\u00e9e de vie.\u00a0<\/span><\/p>\n<\/div>\n<\/div>\n<\/div>\n<\/div>\n<\/div>\n<\/div>\n<div class=\"icbu-pc-images magic-1\">\n<div>\n<div class=\"flex-layout-h\">\n<div class=\"text-wrapper magic-12\">\n<div class=\"text-wrapper-left text-theme-light text-align-left\">\n<div class=\"text-title\" data-id=\"left-title\">\n<h3 class=\"magic-8\"><span class=\"magic-9\">\u00a0<\/span><\/h3>\n<h3 class=\"magic-8\"><span class=\"magic-9\">\u00a0<\/span><\/h3>\n<h3 class=\"magic-8\"><span class=\"magic-9\">\u00a0<\/span><\/h3>\n<h3 class=\"magic-8\"><span class=\"magic-9\">Cartouche filtrante en PP avec mat\u00e9riau composite<\/span><\/h3>\n<\/div>\n<div class=\"text-content\" data-id=\"left-content\">\n<p class=\"magic-10\"><span class=\"magic-11\"><a href=\"https:\/\/lyfilter.com\/fr\/pp-filter-cartridge.html\/\">Cartouche filtrante en PP<\/a> Avec le filtre compos\u00e9, il peut \u00eatre personnalis\u00e9 en fonction de la taille et des mat\u00e9riaux de filtration afin de r\u00e9pondre aux diff\u00e9rentes demandes.\u00a0<\/span><\/p>\n<\/div>\n<\/div>\n<\/div>\n<div class=\"flex-layout-v magic-4\">\n<div class=\"magic-5\"><img decoding=\"async\" class=\"magic-6\" src=\"https:\/\/img.yfisher.com\/m6076\/17257267697zl\/png70-t3-scale100.webp\" alt=\"Filtre \u00e0 s\u00e9diments souffl\u00e9 par fusion en pp de 1 micron pour filtre \u00e0 cartouche remplac\u00e9 par de l&#039;eau de logement, sp\u00e9cification personnalis\u00e9e de l&#039;usine 15\" data-id=\"child-image-0\" data-lazy=\"2\" title=\"\"><\/div>\n<\/div>\n<\/div>\n<\/div>\n<\/div>\n<div class=\"icbu-pc-images magic-1\">\n<div>\n<div class=\"flex-layout-h\">\n<div class=\"flex-layout-v magic-4\">\n<div class=\"magic-5\"><img decoding=\"async\" class=\"magic-6\" src=\"https:\/\/img.yfisher.com\/m6076\/1725726769o3n\/png70-t3-scale100.webp\" alt=\"Filtre \u00e0 s\u00e9diments souffl\u00e9 par fusion en pp de 1 micron pour l&#039;eau de logement remplac\u00e9 par un filtre \u00e0 cartouche 17\" data-id=\"child-image-0\" data-lazy=\"2\" title=\"\"><\/div>\n<\/div>\n<div class=\"text-wrapper magic-7\">\n<div class=\"text-wrapper-right text-theme-light text-align-left\">\n<div class=\"text-title\" data-id=\"right-title\">\n<h3 class=\"magic-8\"><span class=\"magic-9\">\u00a0<\/span><\/h3>\n<h3 class=\"magic-8\"><span class=\"magic-9\">\u00a0<\/span><\/h3>\n<h3 class=\"magic-8\"><span class=\"magic-9\">\u00a0<\/span><\/h3>\n<h3 class=\"magic-8\"><span class=\"magic-9\">\u00a0<\/span><\/h3>\n<h3 class=\"magic-8\"><span class=\"magic-9\">Adaptateurs OEM pour \u00e9l\u00e9ments de filtre \u00e0 eau en PP<\/span><\/h3>\n<\/div>\n<div class=\"text-content\" data-id=\"right-content\">\n<p class=\"magic-10\"><span class=\"magic-11\">Diff\u00e9rents adaptateurs de filtre sont disponibles.<\/span><\/p>\n<p class=\"magic-10\"><span class=\"magic-11\">Silicone, EPDM, NBR, Viton en option.\u00a0<\/span><\/p>\n<\/div>\n<\/div>\n<\/div>\n<\/div>\n<\/div>\n<\/div>\n<div class=\"ife-detail-decorate-table\">\n<div class=\"table-responsive\">\n<table class=\"all magic-13\">\n<tbody>\n<tr>\n<td colspan=\"1\" rowspan=\"1\">\n<div class=\"magic-14\">Nom du produit<\/div>\n<\/td>\n<td colspan=\"3\" rowspan=\"1\">\n<div class=\"magic-15\">Filtre \u00e0 s\u00e9diments souffl\u00e9 par fusion en pp de 1 micron pour cartouche de logement Filtre \u00e0 cartouche remplac\u00e9 par de l'eau<\/div>\n<\/td>\n<\/tr>\n<tr>\n<td colspan=\"1\" rowspan=\"1\">\n<div class=\"magic-14\">Mat\u00e9riau<\/div>\n<\/td>\n<td colspan=\"3\" rowspan=\"1\">\n<div class=\"magic-15\">100% Mat\u00e9riau en polypropyl\u00e8ne pur<\/div>\n<\/td>\n<\/tr>\n<tr>\n<td colspan=\"1\" rowspan=\"1\">\n<div class=\"magic-14\">Surface<\/div>\n<\/td>\n<td colspan=\"3\" rowspan=\"1\">\n<div class=\"magic-15\">Rainure, points de pression, plat, croisement<\/div>\n<\/td>\n<\/tr>\n<tr>\n<td colspan=\"1\" rowspan=\"1\">\n<div class=\"magic-14\">Microns<\/div>\n<\/td>\n<td colspan=\"3\" rowspan=\"1\">\n<div class=\"magic-18\">1 ~100 microns<\/div>\n<\/td>\n<\/tr>\n<tr>\n<td colspan=\"1\" rowspan=\"1\">\n<div class=\"magic-14\">Diam\u00e8tre ext\u00e9rieur<\/div>\n<\/td>\n<td colspan=\"3\" rowspan=\"1\">\n<div class=\"magic-18\">OEM<\/div>\n<\/td>\n<\/tr>\n<tr>\n<td colspan=\"1\" rowspan=\"1\">\n<div class=\"magic-14\">Diam\u00e8tre int\u00e9rieur<\/div>\n<\/td>\n<td colspan=\"3\" rowspan=\"1\">\n<div class=\"magic-18\">OEM<\/div>\n<\/td>\n<\/tr>\n<tr>\n<td colspan=\"1\" rowspan=\"1\">\n<div class=\"magic-14\">Interface<\/div>\n<\/td>\n<td colspan=\"3\" rowspan=\"1\">\n<div class=\"magic-18\">Plat, ins\u00e9r\u00e9, viss\u00e9<\/div>\n<\/td>\n<\/tr>\n<tr>\n<td colspan=\"1\" rowspan=\"1\">\n<div class=\"magic-14\">Capuchon d'extr\u00e9mit\u00e9<\/div>\n<\/td>\n<td colspan=\"3\" rowspan=\"1\">\n<div class=\"magic-18\">222\/Flat, 222\/Fin, 226\/Flat, 226\/Fin, 215\/Flat, 215\/Fin<\/div>\n<\/td>\n<\/tr>\n<tr>\n<td colspan=\"1\" rowspan=\"1\">\n<div class=\"magic-14\">Longueur<\/div>\n<\/td>\n<td colspan=\"3\" rowspan=\"1\">\n<div class=\"magic-18\">OEM<\/div>\n<\/td>\n<\/tr>\n<tr>\n<td colspan=\"1\" rowspan=\"1\">\n<div class=\"magic-14\">Pression diff\u00e9rentielle maximale<\/div>\n<\/td>\n<td colspan=\"3\" rowspan=\"1\">\n<div class=\"magic-18\">3 kgf\/cm\u00b2<\/div>\n<\/td>\n<\/tr>\n<tr>\n<td colspan=\"1\" rowspan=\"1\">\n<div class=\"magic-14\">Temp\u00e9rature de fonctionnement maximale<\/div>\n<\/td>\n<td colspan=\"3\" rowspan=\"1\">\n<div class=\"magic-18\">80\u00b0c<\/div>\n<\/td>\n<\/tr>\n<tr>\n<td colspan=\"1\" rowspan=\"1\">\n<div class=\"magic-14\">Pression diff\u00e9rentielle de fonctionnement<\/div>\n<\/td>\n<td colspan=\"3\" rowspan=\"1\">\n<div class=\"magic-18\">0,1kgf\/cm2<\/div>\n<\/td>\n<\/tr>\n<tr>\n<td colspan=\"1\" rowspan=\"1\">\n<div class=\"magic-14\">Marque\/Logo<\/div>\n<\/td>\n<td colspan=\"3\" rowspan=\"1\">\n<div class=\"magic-18\">OEM<\/div>\n<\/td>\n<\/tr>\n<\/tbody>\n<\/table>\n<\/div>\n<\/div>\n<\/div>\n<\/div>\n<\/div>\n<\/div>\n<\/div>","protected":false},"excerpt":{"rendered":"<p>Packaging &amp; Delivery Selling Units: Single item Single package size: 53X33X33 cm Single gross weight: 9.000 kg Package Type: Factory custom specification 1 micron pp melt blown sediment filter for housing water replaced cartridge filter: Packed in paper carton. Lead Time\u00a0: Quantity(Pieces) 1 &#8211; 100 101 &#8211; 500 501 &#8211; 5000 &gt;5000 Est. Time(days) 2 [&hellip;]<\/p>\n","protected":false},"featured_media":759,"comment_status":"open","ping_status":"closed","template":"","meta":{"_gspb_post_css":""},"product_brand":[],"product_cat":[23,17],"product_tag":[],"class_list":{"0":"post-753","1":"product","2":"type-product","3":"status-publish","4":"has-post-thumbnail","6":"product_cat-pp-filter-cartridge","7":"product_cat-sediment-filter","9":"first","10":"instock","11":"shipping-taxable","12":"product-type-simple"},"_links":{"self":[{"href":"https:\/\/lyfilter.com\/fr\/wp-json\/wp\/v2\/product\/753","targetHints":{"allow":["GET"]}}],"collection":[{"href":"https:\/\/lyfilter.com\/fr\/wp-json\/wp\/v2\/product"}],"about":[{"href":"https:\/\/lyfilter.com\/fr\/wp-json\/wp\/v2\/types\/product"}],"replies":[{"embeddable":true,"href":"https:\/\/lyfilter.com\/fr\/wp-json\/wp\/v2\/comments?post=753"}],"wp:featuredmedia":[{"embeddable":true,"href":"https:\/\/lyfilter.com\/fr\/wp-json\/wp\/v2\/media\/759"}],"wp:attachment":[{"href":"https:\/\/lyfilter.com\/fr\/wp-json\/wp\/v2\/media?parent=753"}],"wp:term":[{"taxonomy":"product_brand","embeddable":true,"href":"https:\/\/lyfilter.com\/fr\/wp-json\/wp\/v2\/product_brand?post=753"},{"taxonomy":"product_cat","embeddable":true,"href":"https:\/\/lyfilter.com\/fr\/wp-json\/wp\/v2\/product_cat?post=753"},{"taxonomy":"product_tag","embeddable":true,"href":"https:\/\/lyfilter.com\/fr\/wp-json\/wp\/v2\/product_tag?post=753"}],"curies":[{"name":"wp","href":"https:\/\/api.w.org\/{rel}","templated":true}]}}