{"id":677,"date":"2025-12-24T06:19:29","date_gmt":"2025-12-24T06:19:29","guid":{"rendered":"https:\/\/lyfilter.com\/?post_type=product&#038;p=677"},"modified":"2025-12-24T06:51:20","modified_gmt":"2025-12-24T06:51:20","slug":"sintered-porous-pe-polyethylene-fritted-filter-disc","status":"publish","type":"product","link":"https:\/\/lyfilter.com\/fr\/sintered-porous-pe-polyethylene-fritted-filter-disc\/","title":{"rendered":"Disque filtrant fritt\u00e9 en poly\u00e9thyl\u00e8ne poreux PE"},"content":{"rendered":"<div class=\"d-tem11-graphic tem11-graphic mockup\" data-detail=\"wrap\">\n<div class=\"tab_row\">\n<div class=\"img\"><img decoding=\"async\" src=\"https:\/\/img.yfisher.com\/m6076\/1725726704dwx\/jpg70-t3-scale100.webp\" alt=\"Disque filtrant fritt\u00e9 en poly\u00e9thyl\u00e8ne poreux PE 2\" data-lazy=\"2\" title=\"\"><\/div>\n<div class=\"text_box\">\n<div class=\"txt\">\n<div class=\"title\">Lvyuan produit une large gamme de filtres en plastique poreux fritt\u00e9, notamment en PE, PEHD, PTFE, PVDF, PA, Nylon 6 poreux, sous forme de tube, de tige, de bougie, de feuille, etc. Avec des taux de filtration, des formes et des caract\u00e9ristiques vari\u00e9s, les cartouches de filtre en plastique poreux fritt\u00e9 sont largement utilis\u00e9es dans le traitement de l'eau, l'ing\u00e9nierie chimique, le traitement m\u00e9dical, l'automobile, la protection de l'environnement et d'autres industries, telles que le s\u00e9parateur d'huile et d'eau et le silencieux, l'alcootest, le bouchon aveugle pour le traitement m\u00e9dical, le dispositif de filtrage du sirop et de la graisse, les tranches anti-explosion pour la batterie industrielle, les tranches r\u00e9sistantes \u00e0 l'acide pour la batterie automobile, le traitement des eaux us\u00e9es, le syst\u00e8me de filtre de purification de l'eau et bien plus encore.<\/div>\n<\/div>\n<\/div>\n<\/div>\n<\/div>\n<div class=\"er-fangkuang1\">\n<p>\u25c6\u25c6 Les filtres platiques poreux fritt\u00e9s de Lvyuan peuvent r\u00e9pondre aux exigences de diff\u00e9rents clients. Des formes moul\u00e9es sur mesure sont disponibles.<\/p>\n<p>Cartouche filtrante fritt\u00e9e en PE et HDPE\uff1a<br \/>\nLes produits en poly\u00e9thyl\u00e8ne poreux fritt\u00e9 (PE) sont les \u00e9l\u00e9ments filtrants en plastique les plus couramment utilis\u00e9s dans le monde. Le PE poreux est un thermoplastique solide et l\u00e9ger qui pr\u00e9sente une forte r\u00e9sistance aux produits chimiques (acides et alcalins) et une large gamme de taux de microns allant de 1 \u00e0 200um. Il existe des poly\u00e9thyl\u00e8nes de poids mol\u00e9culaire tr\u00e8s \u00e9lev\u00e9 (UHMWPE) et des poly\u00e9thyl\u00e8nes de haute densit\u00e9 (HDPE) disponibles sous forme de tubes, de feuilles, de tiges et de formes moul\u00e9es pour diff\u00e9rentes applications.<\/p>\n<p>Cartouche filtrante fritt\u00e9e en PTFE :<br \/>\nLes \u00e9l\u00e9ments filtrants en PTFE microporeux sont produits par frittage de granul\u00e9s de PTFE (polyt\u00e9trafluoro\u00e9thyl\u00e8ne) pur, aucune autre substance n'est utilis\u00e9e dans la construction. Ces \u00e9l\u00e9ments filtrants sont g\u00e9n\u00e9ralement propos\u00e9s lorsque seul le PTFE pur 100% peut \u00eatre utilis\u00e9. L'avantage du PTFE est une temp\u00e9rature maximale plus \u00e9lev\u00e9e, jusqu'\u00e0 200\u2103, et une r\u00e9sistance chimique un peu meilleure. Ces \u00e9l\u00e9ments filtrants doivent \u00eatre nettoy\u00e9s par ultrasons pour obtenir les meilleurs r\u00e9sultats.<\/p>\n<p>Cartouche filtrante fritt\u00e9e en PVDF :<br \/>\nLes produits fritt\u00e9s poreux en PVDF (polyfluorure de vinylid\u00e8ne) sont de bons choix lorsqu'ils sont expos\u00e9s \u00e0 des conditions thermiques, ultraviolettes, d'ozone et chimiques difficiles. Les produits poreux en PVDF sont extr\u00eamement durs et la taille moyenne des pores est de 25 microns. Ils peuvent fonctionner \u00e0 des temp\u00e9ratures comprises entre -62 et 149\u2103.<\/p>\n<p>Cartouche filtrante fritt\u00e9e en PA\/Nylon :<br \/>\nLe nylon, nom commercial des polyamides (PA), est un polym\u00e8re semi-cristallin contenant des groupes amine et carbonyle. Il en existe de nombreuses versions. Le Nylon\/PA pr\u00e9sente une grande solidit\u00e9 et une r\u00e9sistance thermique avec une temp\u00e9rature de ramollissement de 190\u2103. Temp\u00e9rature de travail de -40\u2103 \u00e0 121\u2103, les produits poreux PA\/Nylon fritt\u00e9s ont une tr\u00e8s grande r\u00e9sistance \u00e0 la traction, une bonne r\u00e9sistance \u00e0 l'abrasion et aux produits chimiques, et un faible coefficient de frottement.<\/p>\n<\/div>\n<div class=\"er-fangkuang1\">\n<p>\u00a0 Caract\u00e9ristiques du produit<\/p>\n<div class=\"description\">\n<ul>\n<li><span class=\"font-color\">\u25ea \u00a0\u00a0<\/span>Haute porosit\u00e9 (60%) pour assurer un plus grand d\u00e9bit par unit\u00e9 de surface ;<\/li>\n<li><span class=\"font-color\">\u25ea\u00a0 \u00a0<\/span>Surface ext\u00e9rieure lisse, les impuret\u00e9s n'adh\u00e8rent pas facilement, le lavage arri\u00e8re est facile et complet ;<\/li>\n<li><span class=\"font-color\">\u25ea\u00a0 \u00a0<\/span>Capacit\u00e9 anti-salissure : la petite taille du filtre fait que les impuret\u00e9s ne peuvent pas \u00eatre retenues dans le corps du filtre ;<\/li>\n<li><span class=\"font-color\">\u25ea\u00a0 \u00a0<\/span>R\u00e9sistance \u00e0 la corrosion par les acides forts et les alcalis, r\u00e9sistance aux solvants organiques ;<\/li>\n<li><span class=\"font-color\">\u25ea\u00a0 \u00a0<\/span>Excellentes propri\u00e9t\u00e9s m\u00e9caniques ;<\/li>\n<li><span class=\"font-color\">\u25ea\u00a0 \u00a0<\/span>Pas de rejet de particules.<\/li>\n<li><span class=\"font-color\">\u25ea\u00a0 \u00a0<\/span>Gamme de produits et vaste champ d'application<\/li>\n<\/ul>\n<\/div>\n<\/div>\n<div class=\"d-tem04-title text-left d-interval manS\" data-detail=\"wrap\">\n<h2 class=\"heading\">Param\u00e8tres du produit<\/h2>\n<\/div>\n<div class=\"table-responsive\">\n<table class=\"table table-bordered table-hover\">\n<tbody>\n<tr class=\"firstRow\">\n<td colspan=\"2\"><strong>Dimensions de la cartouche Fiter<\/strong><\/td>\n<\/tr>\n<tr>\n<td width=\"284\">Taille normale (mm)<\/td>\n<td width=\"660\">31x12x1000, 31x20x1000, 38x20x1000, 38x18x1000, 38x20x1200, 38x20x1300, 38x20x150, 38x20x400, 38x20x250, 38x20x200, 38x20x180, 38x20x150, 50x20x1000, 50x31x1000, 50x38x1000, 65x31x1000, 65x38x1000, 64x44x1000, 78x62x750mm, etc.<\/td>\n<\/tr>\n<tr>\n<td width=\"193\">Autres dimensions<\/td>\n<td width=\"659\">Personnalis\u00e9 \u00e0 la demande du client.<\/td>\n<\/tr>\n<tr>\n<td colspan=\"2\"><strong>Mat\u00e9riaux de construction<\/strong><\/td>\n<\/tr>\n<tr>\n<td width=\"193\">Option de m\u00e9dia filtrant<\/td>\n<td width=\"659\">PE, PEHD, PTFE, PVDF, PA\/Nylon, etc.<\/td>\n<\/tr>\n<tr>\n<td width=\"193\">Type de connecteur<\/td>\n<td width=\"659\">Plat, Type d'insertion, Type de filetage, Aileron<\/td>\n<\/tr>\n<tr>\n<td width=\"193\">Embouts<\/td>\n<td width=\"659\">PP, M36, M30, M25, M22, M14, M12, ou selon la demande.<\/td>\n<\/tr>\n<tr>\n<td colspan=\"2\"><strong>Performance<\/strong><\/td>\n<\/tr>\n<tr>\n<td width=\"193\">Taux d'\u00e9limination<\/td>\n<td width=\"659\">0,3, 0,45, 1, 3, 5, 10,20, 30, 40, 50 \u03bcm<\/td>\n<\/tr>\n<tr>\n<td width=\"193\">Temp\u00e9rature de fonctionnement maximale<\/td>\n<td width=\"659\">\u2266 82 \u2103<\/td>\n<\/tr>\n<tr>\n<td width=\"193\">Pression de fonctionnement maximale<\/td>\n<td width=\"659\">6,0bar<\/td>\n<\/tr>\n<\/tbody>\n<\/table>\n<\/div>","protected":false},"excerpt":{"rendered":"<table>\n<thead>\n<tr>\n<th>Objet<\/th>\n<th>D\u00e9tails<\/th>\n<\/tr>\n<\/thead>\n<tbody>\n<tr>\n<td>Port de d\u00e9part<\/td>\n<td>Guangzhou<\/td>\n<\/tr>\n<tr>\n<td>Capacit\u00e9 de production<\/td>\n<td>10 000 unit\u00e9s\/mois<\/td>\n<\/tr>\n<tr>\n<td>Paiement<\/td>\n<td>L\/C, Western Union, Alibaba Trade Assurance, PayPal, OA<\/td>\n<\/tr>\n<tr>\n<td>Mod\u00e8le<\/td>\n<td>LY-HFPL-7<\/td>\n<\/tr>\n<tr>\n<td>D\u00e9lai de livraison<\/td>\n<td>Dans les 7 jours ouvrables<\/td>\n<\/tr>\n<\/tbody>\n<\/table>","protected":false},"featured_media":678,"comment_status":"open","ping_status":"closed","template":"","meta":{"_gspb_post_css":""},"product_brand":[],"product_cat":[17,22],"product_tag":[287,284,279,286,278,288],"class_list":{"0":"post-677","1":"product","2":"type-product","3":"status-publish","4":"has-post-thumbnail","6":"product_cat-sediment-filter","7":"product_cat-sintered-filter-cartridge","8":"product_tag-10000-units-month","9":"product_tag-7-working-days-delivery","10":"product_tag-alibaba-trade-assurance","11":"product_tag-guangzhou-start-port","12":"product_tag-ly-hfpl-7","13":"product_tag-paypal","15":"first","16":"instock","17":"shipping-taxable","18":"product-type-simple"},"_links":{"self":[{"href":"https:\/\/lyfilter.com\/fr\/wp-json\/wp\/v2\/product\/677","targetHints":{"allow":["GET"]}}],"collection":[{"href":"https:\/\/lyfilter.com\/fr\/wp-json\/wp\/v2\/product"}],"about":[{"href":"https:\/\/lyfilter.com\/fr\/wp-json\/wp\/v2\/types\/product"}],"replies":[{"embeddable":true,"href":"https:\/\/lyfilter.com\/fr\/wp-json\/wp\/v2\/comments?post=677"}],"wp:featuredmedia":[{"embeddable":true,"href":"https:\/\/lyfilter.com\/fr\/wp-json\/wp\/v2\/media\/678"}],"wp:attachment":[{"href":"https:\/\/lyfilter.com\/fr\/wp-json\/wp\/v2\/media?parent=677"}],"wp:term":[{"taxonomy":"product_brand","embeddable":true,"href":"https:\/\/lyfilter.com\/fr\/wp-json\/wp\/v2\/product_brand?post=677"},{"taxonomy":"product_cat","embeddable":true,"href":"https:\/\/lyfilter.com\/fr\/wp-json\/wp\/v2\/product_cat?post=677"},{"taxonomy":"product_tag","embeddable":true,"href":"https:\/\/lyfilter.com\/fr\/wp-json\/wp\/v2\/product_tag?post=677"}],"curies":[{"name":"wp","href":"https:\/\/api.w.org\/{rel}","templated":true}]}}