{"id":661,"date":"2025-12-24T06:06:07","date_gmt":"2025-12-24T06:06:07","guid":{"rendered":"https:\/\/lyfilter.com\/?post_type=product&#038;p=661"},"modified":"2026-04-16T11:50:33","modified_gmt":"2026-04-16T11:50:33","slug":"10-inch-1-micron-stainless-steel-ss316-metal-porous-sintered-filter-cartridge-for-liquid-filtration","status":"publish","type":"product","link":"https:\/\/lyfilter.com\/fr\/10-inch-1-micron-stainless-steel-ss316-metal-porous-sintered-filter-cartridge-for-liquid-filtration\/","title":{"rendered":"10 Inch 1 Micron Stainless Steel SS316 Metal Porous Sintered Filter Cartridge For Liquid Filtration (Cartouche de filtre fritt\u00e9 poreux en m\u00e9tal pour la filtration des liquides)"},"content":{"rendered":"<div class=\"d-tem11-graphic tem11-graphic mockup\" data-detail=\"wrap\">\n<div class=\"tab_row\">\n<div class=\"img\"><img decoding=\"async\" title=\"Cartouche filtrante en m\u00e9tal fritt\u00e9\" src=\"https:\/\/img.yfisher.com\/m6076\/1725286980bjf\/jpg70-t3-scale100.webp\" alt=\"Cartouche filtrante en m\u00e9tal fritt\u00e9\" border=\"0\" vspace=\"0\" data-lazy=\"2\" \/><\/div>\n<div class=\"text_box\">\n<div class=\"txt\">\n<div class=\"title\">\n<p><strong>La cartouche filtrante en m\u00e9tal fritt\u00e9 est fabriqu\u00e9e en moulant de la poudre d'acier inoxydable par frittage \u00e0 haute temp\u00e9rature. Elle adopte \u00e9galement une technologie unique et une technique de production strictement contr\u00f4l\u00e9e (comprenant la distribution des grains de puissance, le moulage et le frittage).\u00a0<\/strong><\/p>\n<p><strong>Les filtres fritt\u00e9s en acier inoxydable sont caract\u00e9ris\u00e9s par une grande r\u00e9sistance des machines, des conditions \u00e9lev\u00e9es peuvent \u00eatre ajust\u00e9es de mani\u00e8re \u00e0 produire des filtres fritt\u00e9s en m\u00e9tal poreux avec une plus grande pr\u00e9cision. R\u00e9sistance aux temp\u00e9ratures \u00e9lev\u00e9es et bonne perm\u00e9abilit\u00e9 \u00e0 l'air.<\/strong><\/p>\n<p><strong>La cartouche filtrante en m\u00e9tal de Lvyuan Filter pr\u00e9sente une excellente r\u00e9sistance m\u00e9canique et peut \u00eatre utilis\u00e9e \u00e0 haute temp\u00e9rature, \u00e0 haute pression et en cas de forte corrosivit\u00e9.<\/strong><\/p>\n<\/div>\n<\/div>\n<\/div>\n<\/div>\n<\/div>\n<div class=\"er-fangkuang1\">\n<p>\u25c6\u25c6 Principaux cas d'application<\/p>\n<p>1. Filtration et r\u00e9cup\u00e9ration du catalyseur.<\/p>\n<p>2. Filtration des gaz chauds dans l'industrie p\u00e9trochimique<\/p>\n<p>3. Purification des gaz de combustion \u00e0 haute temp\u00e9rature de l'industrie m\u00e9tallurgique<\/p>\n<p>4. R\u00e9cup\u00e9ration des poussi\u00e8res du lit \u00e9mul\u00e9 solide et du gaz<\/p>\n<p>5. \u00c9puration des poussi\u00e8res et des gaz finaux dans le cadre de la production d'\u00e9nergie thermique et nucl\u00e9aire.<\/p>\n<p>&nbsp;<\/p>\n<\/div>\n<div class=\"er-fangkuang1\">\n<p>\u00a0 Caract\u00e9ristiques du produit<\/p>\n<div class=\"description\">\n<ul>\n<li><span class=\"font-color\">\u25ea Haute porosit\u00e9 et bonne perm\u00e9abilit\u00e9 \u00e0 l'air, pas de migration des fluides.<\/span><\/li>\n<li><span class=\"font-color\">\u25ea\u00a0 \u00a0<\/span>Grande capacit\u00e9 de r\u00e9tention de la salet\u00e9.<\/li>\n<li><span class=\"font-color\">\u25ea\u00a0 \u00a0<\/span>R\u00e9sistance \u00e0 la pression \u00e9lev\u00e9e, capacit\u00e9 de r\u00e9sistance et faible perte de charge.<\/li>\n<li><span class=\"font-color\">\u25ea\u00a0 \u00a0<\/span>R\u00e9sistance aux temp\u00e9ratures \u00e9lev\u00e9es\uff0cSp\u00e9cialement applicable \u00e0 la filtration des gaz chauds<\/li>\n<li><span class=\"font-color\">\u25ea\u00a0 \u00a0<\/span>Diff\u00e9rents indices de micron disponibles de 1 \u03bcm \u00e0 200 \u03bcm nominal.<\/li>\n<li><span class=\"font-color\">\u25ea\u00a0 \u00a0<\/span>Forte r\u00e9sistance \u00e0 la corrosion pour une large compatibilit\u00e9 chimique.<\/li>\n<li><span class=\"font-color\">\u25ea<\/span>\u00a0\u00a0Enti\u00e8rement fabriqu\u00e9 en SS316 ou SS316L, nettoyable et r\u00e9utilisable<\/li>\n<li><span class=\"font-color\">\u25ea\u00a0 \u00a0<\/span>Les dimensions personnalis\u00e9es sont les bienvenues.<\/li>\n<\/ul>\n<\/div>\n<\/div>\n<div class=\"d-tem04-title text-left d-interval manS\" data-detail=\"wrap\">\n<h2 class=\"heading\">Param\u00e8tres du produit<\/h2>\n<\/div>\n<p>Les cartouches filtrantes fritt\u00e9es de Lvyuan Filter sont fabriqu\u00e9es par un processus de fusion de plusieurs couches de m\u00e9tal ou de fibres polym\u00e8res sous une chaleur et une pression intenses. Ces cartouches filtrantes fritt\u00e9es offrent une durabilit\u00e9 et des performances exceptionnelles. Avec une structure poreuse, les cartouches filtrantes SS fritt\u00e9es excellent dans le pi\u00e9geage des particules fines tout en maintenant des d\u00e9bits \u00e9lev\u00e9s.<\/p>\n<div class=\"table-responsive\">\n<table class=\"table table-bordered table-hover\">\n<tbody>\n<tr class=\"firstRow\">\n<td colspan=\"2\"><strong>Dimensions de la cartouche Fiter<\/strong><\/td>\n<\/tr>\n<tr>\n<td>Longueur<\/td>\n<td>5\u2019\u2019 (125mm), 10\u2019\u2019 (250mm), 20\u2019\u2019 (500mm), 30\u2019\u2019 (750mm), 40\u2019\u2019 (1000mm)<\/td>\n<\/tr>\n<tr>\n<td>Diam\u00e8tre<\/td>\n<td>\u00d860, 65, 70, 80 mm<\/td>\n<\/tr>\n<tr>\n<td>Autres dimensions<\/td>\n<td>Personnalis\u00e9 \u00e0 la demande du client.<\/td>\n<\/tr>\n<tr>\n<td colspan=\"2\"><strong>Mat\u00e9riaux de construction<\/strong><\/td>\n<\/tr>\n<tr>\n<td>M\u00e9dia filtrant<\/td>\n<td>SUS316\uff0c Acier inoxydable 316L<\/td>\n<\/tr>\n<tr>\n<td>Type de connecteur<\/td>\n<td>Plat, Type d'insertion, Type de filetage, Aileron<\/td>\n<\/tr>\n<tr>\n<td>Embouts<\/td>\n<td>DOE, SOE, 215, 222, 226, M20, M30, M42, 1\u2019\u2019 NPT\/BSP ou sur demande.<\/td>\n<\/tr>\n<tr>\n<td>Mat\u00e9riau d'\u00e9tanch\u00e9it\u00e9<\/td>\n<td>Silicone, NBR, EPDM, Buna, T\u00e9flon, etc.<\/td>\n<\/tr>\n<tr>\n<td colspan=\"2\"><strong>Performance<\/strong><\/td>\n<\/tr>\n<tr>\n<td>Taux d'\u00e9limination<\/td>\n<td>0,2-200 \u03bcm, etc.<\/td>\n<\/tr>\n<tr>\n<td>Temp\u00e9rature de fonctionnement<\/td>\n<td>\u2265 -270\u00baC, \u2264500\u00baC<\/td>\n<\/tr>\n<tr>\n<td>M\u00e9thode de nettoyage<\/td>\n<td>rin\u00e7age \u00e0 contre-courant, nettoyage par ultrasons ou autre nettoyage non abrasif<\/td>\n<\/tr>\n<tr>\n<td>Pression diff\u00e9rentielle maximale de fonctionnement<\/td>\n<td>4,0 bar<\/td>\n<\/tr>\n<\/tbody>\n<\/table>\n<\/div>\n<div class=\"d-tem04-title text-left d-interval manS\" data-detail=\"wrap\">\n<h2 class=\"heading\">D\u00e9tails du produit<\/h2>\n<\/div>\n<div class=\"d-tem05-technology mockup\" data-detail=\"wrap\">\n<div class=\"items\">\n<div class=\"item tab_row bg-color-before\">\n<div class=\"img d-font-size-fix\"><img decoding=\"async\" title=\"Filtre poreux en acier inoxydable\" src=\"https:\/\/img.yfisher.com\/m6076\/1725286980kcb\/jpg70-t3-scale100.webp\" alt=\"Filtre poreux en acier inoxydable\" border=\"0\" vspace=\"0\" data-lazy=\"1\" \/><\/div>\n<div class=\"text_box\">\n<div class=\"txt font-color d-font-size-fix\">\n<div class=\"numbox\">partie.1<\/div>\n<div class=\"title\">\n<p>La taille des grains de poudre et les conditions techniques peuvent \u00eatre ajust\u00e9es de mani\u00e8re \u00e0 produire le filtre en acier inoxydable poreux avec une plus grande pr\u00e9cision.<\/p>\n<\/div>\n<\/div>\n<\/div>\n<\/div>\n<div class=\"item tab_row bg-color-before\">\n<div class=\"img d-font-size-fix\"><img decoding=\"async\" title=\"Cartouche filtrante en acier inoxydable\" src=\"https:\/\/img.yfisher.com\/m6076\/1725286980nty\/jpg70-t3-scale100.webp\" alt=\"Cartouche filtrante en acier inoxydable\" border=\"0\" vspace=\"0\" data-lazy=\"1\" \/><\/div>\n<div class=\"text_box\">\n<div class=\"txt font-color d-font-size-fix\">\n<div class=\"numbox\">partie.2<\/div>\n<div class=\"title\">La forme stable, la haute r\u00e9sistance aux chocs et la capacit\u00e9 de charge altern\u00e9e sont sup\u00e9rieures \u00e0 celles des autres m\u00e9taux.<\/div>\n<\/div>\n<\/div>\n<\/div>\n<div class=\"item tab_row bg-color-before\">\n<div class=\"img d-font-size-fix\"><img decoding=\"async\" title=\"Cartouche filtrante en m\u00e9tal\" src=\"https:\/\/img.yfisher.com\/m6076\/17252869809sj\/jpg70-t3-scale100.webp\" alt=\"Cartouche filtrante en m\u00e9tal\" border=\"0\" vspace=\"0\" data-lazy=\"1\" \/><\/div>\n<div class=\"text_box\">\n<div class=\"txt font-color d-font-size-fix\">\n<div class=\"numbox\">partie.3<\/div>\n<div class=\"title\">Il peut \u00eatre fabriqu\u00e9 sous forme de cartouches filtrantes m\u00e9talliques de formes et de pr\u00e9cisions diff\u00e9rentes. Ils peuvent \u00e9galement \u00eatre adapt\u00e9s \u00e0 diverses interfaces par soudage.<\/div>\n<\/div>\n<\/div>\n<\/div>\n<\/div>\n<\/div>","protected":false},"excerpt":{"rendered":"<table>\n<thead>\n<tr>\n<th>Port de d\u00e9part :<\/th>\n<th>Guangzhou<\/th>\n<\/tr>\n<\/thead>\n<tbody>\n<tr>\n<td>Capacit\u00e9 de production :<\/td>\n<td>400 unit\u00e9s\/mois<\/td>\n<\/tr>\n<tr>\n<td>Lieu d'origine :<\/td>\n<td>Guangdong, Chine<\/td>\n<\/tr>\n<tr>\n<td>Paiement :<\/td>\n<td>D\/P, T\/T, Western Union, MoneyGram, Alibaba Trade Assurance, paypal<\/td>\n<\/tr>\n<tr>\n<td>MOQ :<\/td>\n<td>1 unit\u00e9<\/td>\n<\/tr>\n<tr>\n<td>D\u00e9lai de livraison :<\/td>\n<td>Dans les 7 jours ouvrables<\/td>\n<\/tr>\n<tr>\n<td>Certification :<\/td>\n<td>ISO 9001<\/td>\n<\/tr>\n<tr>\n<td>Marque :<\/td>\n<td>OEM\/Lvyuan<\/td>\n<\/tr>\n<\/tbody>\n<\/table>","protected":false},"featured_media":664,"comment_status":"open","ping_status":"closed","template":"","meta":{"_gspb_post_css":""},"product_brand":[],"product_cat":[17,22],"product_tag":[263,261,266,260,265,259],"class_list":{"0":"post-661","1":"product","2":"type-product","3":"status-publish","4":"has-post-thumbnail","6":"product_cat-sediment-filter","7":"product_cat-sintered-filter-cartridge","8":"product_tag-fast-delivery","9":"product_tag-guangdong-china","10":"product_tag-guangzhou","11":"product_tag-iso-9001","12":"product_tag-lvyuan","13":"product_tag-oem","15":"first","16":"instock","17":"shipping-taxable","18":"product-type-simple"},"_links":{"self":[{"href":"https:\/\/lyfilter.com\/fr\/wp-json\/wp\/v2\/product\/661","targetHints":{"allow":["GET"]}}],"collection":[{"href":"https:\/\/lyfilter.com\/fr\/wp-json\/wp\/v2\/product"}],"about":[{"href":"https:\/\/lyfilter.com\/fr\/wp-json\/wp\/v2\/types\/product"}],"replies":[{"embeddable":true,"href":"https:\/\/lyfilter.com\/fr\/wp-json\/wp\/v2\/comments?post=661"}],"wp:featuredmedia":[{"embeddable":true,"href":"https:\/\/lyfilter.com\/fr\/wp-json\/wp\/v2\/media\/664"}],"wp:attachment":[{"href":"https:\/\/lyfilter.com\/fr\/wp-json\/wp\/v2\/media?parent=661"}],"wp:term":[{"taxonomy":"product_brand","embeddable":true,"href":"https:\/\/lyfilter.com\/fr\/wp-json\/wp\/v2\/product_brand?post=661"},{"taxonomy":"product_cat","embeddable":true,"href":"https:\/\/lyfilter.com\/fr\/wp-json\/wp\/v2\/product_cat?post=661"},{"taxonomy":"product_tag","embeddable":true,"href":"https:\/\/lyfilter.com\/fr\/wp-json\/wp\/v2\/product_tag?post=661"}],"curies":[{"name":"wp","href":"https:\/\/api.w.org\/{rel}","templated":true}]}}