{"id":647,"date":"2025-12-24T03:37:00","date_gmt":"2025-12-24T03:37:00","guid":{"rendered":"https:\/\/lyfilter.com\/?post_type=product&#038;p=647"},"modified":"2025-12-24T06:31:18","modified_gmt":"2025-12-24T06:31:18","slug":"sintered-metal-filters-suppliers-porous-titanium-rod-filter-cartridge-titanium-water-filter","status":"publish","type":"product","link":"https:\/\/lyfilter.com\/fr\/sintered-metal-filters-suppliers-porous-titanium-rod-filter-cartridge-titanium-water-filter\/","title":{"rendered":"Fournisseurs de filtres en m\u00e9tal fritt\u00e9 Cartouche de filtre en titane poreux Filtre \u00e0 eau en titane"},"content":{"rendered":"<div class=\"d-tem11-graphic tem11-graphic mockup\" data-detail=\"wrap\">\n<div class=\"tab_row\">\n<div class=\"img\"><img decoding=\"async\" title=\"\" src=\"https:\/\/img.yfisher.com\/m6076\/1725726659fo8\/jpg70-t3-scale100.webp\" alt=\"Fournisseurs de filtres en m\u00e9tal fritt\u00e9 cartouche filtrante en titane poreux 5\" data-lazy=\"2\"><\/div>\n<div class=\"text_box\">\n<div class=\"txt\">\n<div class=\"title\">La cartouche de filtre \u00e0 eau en titane fritt\u00e9 est bas\u00e9e sur de la poudre de titane pur (99,7% ou plus) comme mati\u00e8re premi\u00e8re principale, fabriqu\u00e9e par un processus de frittage \u00e0 haute temp\u00e9rature. La structure uniforme, la densit\u00e9 des petits pores est \u00e9lev\u00e9e, la r\u00e9sistance \u00e0 la filtration, la perm\u00e9abilit\u00e9 est bonne. Il pr\u00e9sente \u00e9galement une grande pr\u00e9cision de filtration, une r\u00e9sistance \u00e0 la corrosion acide et alcaline et une r\u00e9sistance aux temp\u00e9ratures \u00e9lev\u00e9es. Il peut \u00eatre utilis\u00e9 pour la s\u00e9paration et la purification des solides, des liquides et des gaz. Les performances de service sont excellentes, mais le filtre d'aspiration et le filtre de presse ne formeront pas de pollution secondaire, l'op\u00e9ration est simple, il peut \u00eatre r\u00e9g\u00e9n\u00e9r\u00e9 en ligne, il est facile \u00e0 nettoyer et a une longue dur\u00e9e de vie.<\/div>\n<\/div>\n<\/div>\n<\/div>\n<\/div>\n<div class=\"er-fangkuang1\">\n<p>\u00a0 Caract\u00e9ristiques du produit<\/p>\n<div class=\"description\">\n<ul>\n<li style=\"list-style-type: none;\">\n<ul>\n<li><\/li>\n<li><span class=\"font-color\">\u25ea \u00a0\u00a0<\/span>Structure uniforme, distribution \u00e9troite de la taille des pores et grande efficacit\u00e9 de s\u00e9paration.<\/li>\n<li><span class=\"font-color\">\u25ea\u00a0 \u00a0<\/span>Forte porosit\u00e9, r\u00e9sistance \u00e0 la filtration moindre, efficacit\u00e9 de p\u00e9n\u00e9tration \u00e9lev\u00e9e.<\/li>\n<li><span class=\"font-color\">\u25ea\u00a0 \u00a0<\/span>R\u00e9sistant aux temp\u00e9ratures \u00e9lev\u00e9es, il peut \u00eatre utilis\u00e9 normalement \u00e0 des temp\u00e9ratures inf\u00e9rieures \u00e0 280 degr\u00e9s.<\/li>\n<li><span class=\"font-color\">\u25ea\u00a0 \u00a0<\/span>Bonne stabilit\u00e9 chimique, r\u00e9sistance \u00e0 la corrosion acide et alcaline, et r\u00e9sistance \u00e0 l'oxydation.<\/li>\n<\/ul>\n<\/li>\n<\/ul>\n<p><span class=\"font-color\">\u25ea\u00a0 \u00a0<\/span>Aucune particule ne tombe, le concentr\u00e9 ne forme pas de pollution secondaire, il est conforme aux exigences de l'hygi\u00e8ne alimentaire et des BPF pharmaceutiques.<\/p>\n<ul>\n<li><span class=\"font-color\">\u25ea\u00a0 \u00a0<\/span>Bonne performance m\u00e9canique, filtration par aspiration et filtration par pression, fonctionnement simple.<\/li>\n<li><span class=\"font-color\">\u25ea\u00a0 \u00a0<\/span>Faible pression diff\u00e9rentielle, la surface de couverture est petite, et le d\u00e9bit d'eau est important ; bonne performance m\u00e9canique, il peut avoir la filtration par aspiration et la filtration par pression, op\u00e9ration simple.<\/li>\n<li><span class=\"font-color\">\u25ea\u00a0 \u00a0<\/span>Forte capacit\u00e9 antimicrobienne, pas de microbes.<\/li>\n<li><span class=\"font-color\">\u25ea\u00a0 \u00a0<\/span>La technologie des produits finis est bonne, la surlongueur de la longueur totale peut atteindre 1000 mm.<\/li>\n<li><span class=\"font-color\">\u25ea\u00a0 \u00a0<\/span>Il peut \u00eatre r\u00e9g\u00e9n\u00e9r\u00e9 en ligne, est facile \u00e0 nettoyer et a une longue dur\u00e9e de vie.<\/li>\n<\/ul>\n<\/div>\n<\/div>\n<div class=\"d-tem04-title text-left d-interval manS\" data-detail=\"wrap\">\n<h2 class=\"heading\">Param\u00e8tres du produit<\/h2>\n<\/div>\n<div class=\"table-responsive\">\n<table class=\"table table-bordered table-hover\">\n<tbody>\n<tr class=\"firstRow\">\n<td colspan=\"2\"><strong>Dimensions de la cartouche Fiter<\/strong><\/td>\n<\/tr>\n<tr>\n<td>Longueur<\/td>\n<td>5\u2019\u2019 (125mm), 10\u2019\u2019 (250mm), 20\u2019\u2019 (500mm), 30\u2019\u2019 (750mm), 40\u2019\u2019 (1000mm\uff09)<\/td>\n<\/tr>\n<tr>\n<td>Diam\u00e8tre<\/td>\n<td>\u00d822, 30, 50, 60, 70, 80, 100, 120mm<\/td>\n<\/tr>\n<tr>\n<td>Autres dimensions<\/td>\n<td>Personnalis\u00e9 \u00e0 la demande du client.<\/td>\n<\/tr>\n<tr>\n<td colspan=\"2\"><strong>Mat\u00e9riaux de construction<\/strong><\/td>\n<\/tr>\n<tr>\n<td>M\u00e9dia filtrant<\/td>\n<td>Titane<\/td>\n<\/tr>\n<tr>\n<td>Type de connecteur<\/td>\n<td>Plat, Type d'insertion, Type de filetage, Aileron<\/td>\n<\/tr>\n<tr>\n<td>Embouts<\/td>\n<td>DOE, 215, 222, 226, M20, M30, M42 ou sur demande.<\/td>\n<\/tr>\n<tr>\n<td>Mat\u00e9riau d'\u00e9tanch\u00e9it\u00e9<\/td>\n<td>Silicone, NBR, EPDM, caoutchouc fluor\u00e9, etc.<\/td>\n<\/tr>\n<tr>\n<td colspan=\"2\"><strong>Performance<\/strong><\/td>\n<\/tr>\n<tr>\n<td>Taux d'\u00e9limination<\/td>\n<td>0,1, 0,45, 1, 3, 5, 10, 20, 30, 40, 50, 100um<\/td>\n<\/tr>\n<tr>\n<td>Porosit\u00e9<\/td>\n<td>28-50%<\/td>\n<\/tr>\n<tr>\n<td>Tol\u00e9rance de temp\u00e9rature<\/td>\n<td>\u2266 300\u2103 humide<\/td>\n<\/tr>\n<tr>\n<td>Perm\u00e9abilit\u00e9<\/td>\n<td>0,02-20L\/cm2 min Pa<\/td>\n<\/tr>\n<tr>\n<td>Pression diff\u00e9rentielle maximale de fonctionnement<\/td>\n<td>6,0 bar<\/td>\n<\/tr>\n<tr>\n<td>D\u00e9bit (L\/H)<\/td>\n<td>180, 200, 250, 280, 300, 350, 500, 800, 1000, 1500, 1600<\/td>\n<\/tr>\n<\/tbody>\n<\/table>\n<\/div>\n<p>\u25c6\u25c6Tableau de r\u00e9f\u00e9rence du d\u00e9bit d'eau pure : la valeur initiale de la cartouche en titane fritt\u00e9 de 10\u201d (P=0,2 MPa, 1cP, 25\u2103).<\/p>\n<div class=\"table-responsive\">\n<table class=\"table table-bordered table-hover\">\n<tbody>\n<tr class=\"firstRow\">\n<td>Taux de micron (\u03bcm)<\/td>\n<td>0.2<\/td>\n<td>0.45<\/td>\n<td>1<\/td>\n<td>2<\/td>\n<td>3<\/td>\n<td>5<\/td>\n<td>10<\/td>\n<td>20<\/td>\n<td>30<\/td>\n<\/tr>\n<tr>\n<td>D\u00e9bit (L\/H)<\/td>\n<td>180<\/td>\n<td>200<\/td>\n<td>250<\/td>\n<td>280<\/td>\n<td>300<\/td>\n<td>350<\/td>\n<td>500<\/td>\n<td>800<\/td>\n<td>1000<\/td>\n<\/tr>\n<\/tbody>\n<\/table>\n<\/div>","protected":false},"excerpt":{"rendered":"<table>\n<thead>\n<tr>\n<th>Port de d\u00e9part :<\/th>\n<th>Guangzhou<\/th>\n<\/tr>\n<\/thead>\n<tbody>\n<tr>\n<td>Capacit\u00e9 de production :<\/td>\n<td>400 unit\u00e9s\/mois<\/td>\n<\/tr>\n<tr>\n<td>Lieu d'origine :<\/td>\n<td>Guangdong, Chine<\/td>\n<\/tr>\n<tr>\n<td>Paiement :<\/td>\n<td>T\/T, Alibaba Trade Assurance, paypal<\/td>\n<\/tr>\n<tr>\n<td>MOQ :<\/td>\n<td>10pcs<\/td>\n<\/tr>\n<tr>\n<td>Mod\u00e8le :<\/td>\n<td>LY-TIC<\/td>\n<\/tr>\n<tr>\n<td>D\u00e9lai de livraison :<\/td>\n<td>Dans un d\u00e9lai de 7 \u00e0 15 jours ouvrables<\/td>\n<\/tr>\n<tr>\n<td>Certification :<\/td>\n<td>SGS, ISO 9001<\/td>\n<\/tr>\n<tr>\n<td>Marque :<\/td>\n<td>OEM\/Lvyuan<\/td>\n<\/tr>\n<\/tbody>\n<\/table>","protected":false},"featured_media":651,"comment_status":"open","ping_status":"closed","template":"","meta":{"_gspb_post_css":""},"product_brand":[],"product_cat":[17,22],"product_tag":[266,260,265,277,259,269],"class_list":{"0":"post-647","1":"product","2":"type-product","3":"status-publish","4":"has-post-thumbnail","6":"product_cat-sediment-filter","7":"product_cat-sintered-filter-cartridge","8":"product_tag-guangzhou","9":"product_tag-iso-9001","10":"product_tag-lvyuan","11":"product_tag-ly-tic","12":"product_tag-oem","13":"product_tag-sgs","15":"first","16":"instock","17":"shipping-taxable","18":"product-type-simple"},"_links":{"self":[{"href":"https:\/\/lyfilter.com\/fr\/wp-json\/wp\/v2\/product\/647","targetHints":{"allow":["GET"]}}],"collection":[{"href":"https:\/\/lyfilter.com\/fr\/wp-json\/wp\/v2\/product"}],"about":[{"href":"https:\/\/lyfilter.com\/fr\/wp-json\/wp\/v2\/types\/product"}],"replies":[{"embeddable":true,"href":"https:\/\/lyfilter.com\/fr\/wp-json\/wp\/v2\/comments?post=647"}],"wp:featuredmedia":[{"embeddable":true,"href":"https:\/\/lyfilter.com\/fr\/wp-json\/wp\/v2\/media\/651"}],"wp:attachment":[{"href":"https:\/\/lyfilter.com\/fr\/wp-json\/wp\/v2\/media?parent=647"}],"wp:term":[{"taxonomy":"product_brand","embeddable":true,"href":"https:\/\/lyfilter.com\/fr\/wp-json\/wp\/v2\/product_brand?post=647"},{"taxonomy":"product_cat","embeddable":true,"href":"https:\/\/lyfilter.com\/fr\/wp-json\/wp\/v2\/product_cat?post=647"},{"taxonomy":"product_tag","embeddable":true,"href":"https:\/\/lyfilter.com\/fr\/wp-json\/wp\/v2\/product_tag?post=647"}],"curies":[{"name":"wp","href":"https:\/\/api.w.org\/{rel}","templated":true}]}}