{"id":643,"date":"2025-12-24T03:34:26","date_gmt":"2025-12-24T03:34:26","guid":{"rendered":"https:\/\/lyfilter.com\/?post_type=product&#038;p=643"},"modified":"2025-12-24T06:38:59","modified_gmt":"2025-12-24T06:38:59","slug":"ss-sintered-filter-cartridge-metal-mesh-filter-suppliers","status":"publish","type":"product","link":"https:\/\/lyfilter.com\/fr\/ss-sintered-filter-cartridge-metal-mesh-filter-suppliers\/","title":{"rendered":"Cartouche filtrante fritt\u00e9e en acier inoxydable Filtres \u00e0 mailles m\u00e9talliques Fournisseurs"},"content":{"rendered":"<div class=\"d-tem11-graphic tem11-graphic mockup\" data-detail=\"wrap\">\n<div class=\"tab_row\">\n<div class=\"img\"><\/div>\n<div class=\"text_box\">\n<div class=\"txt\">\n<div class=\"title\">\n<p>L'\u00e9l\u00e9ment filtrant en acier inoxydable permet d'obtenir une grande surface de filtration et un d\u00e9bit \u00e9lev\u00e9. Il prolonge la dur\u00e9e de vie de la cartouche et a une plus grande capacit\u00e9 de r\u00e9tention de la salet\u00e9.<\/p>\n<p>En outre, les cartouches filtrantes en acier inoxydable sont con\u00e7ues pour des applications nettoyables et r\u00e9utilisables, ce qui permet d'\u00e9viter les changements fr\u00e9quents de cartouches et de r\u00e9duire consid\u00e9rablement les co\u00fbts d'\u00e9limination.<\/p>\n<p>Les cartouches filtrantes en acier inoxydable non standard peuvent \u00eatre facilement personnalis\u00e9es avec diff\u00e9rentes dimensions, capuchon d'extr\u00e9mit\u00e9, mod\u00e8le de cage ext\u00e9rieure, etc. Si le client nous fournit une photo et un dessin de la cartouche filtrante en acier inoxydable, nous pouvons fabriquer l'\u00e9l\u00e9ment filtrant en acier inoxydable exact pour vous.<\/p>\n<\/div>\n<\/div>\n<\/div>\n<\/div>\n<\/div>\n<div class=\"er-fangkuang1\">\n<p>\u25c6\u25c6 Les cartouches filtrantes en acier inoxydable fritt\u00e9 sont le choix id\u00e9al pour les applications \u00e0 haute temp\u00e9rature, \u00e0 haute pression diff\u00e9rentielle et \u00e0 haute viscosit\u00e9. Fabriqu\u00e9es en 304, 316 ou 316L, il existe principalement 3 types de cartouches en acier inoxydable largement utilis\u00e9es dans l'industrie.<\/p>\n<p>1. Cartouche filtrante \u00e0 mailles m\u00e9talliques en acier inoxydable de forme cylindrique plate.<br \/>\n2. Cartouche filtrante \u00e0 mailles pliss\u00e9es en acier inoxydable \u00e0 configuration pliss\u00e9e.<br \/>\n3. Cartouche filtrante en SS fritt\u00e9e de type poudre m\u00e9tallique SS316.<\/p>\n<\/div>\n<div class=\"er-fangkuang1\">\n<p>\u00a0 Caract\u00e9ristiques du produit<\/p>\n<div class=\"description\">\n<ul>\n<li><span class=\"font-color\">\u00a0<\/span>Excellente r\u00e9sistance m\u00e9canique.<\/li>\n<li>Grande capacit\u00e9 de r\u00e9tention de la salet\u00e9.<\/li>\n<li><span class=\"font-color\">\u00a0<\/span>R\u00e9sistance \u00e0 la pression \u00e9lev\u00e9e, capacit\u00e9 de r\u00e9sistance et faible perte de charge.<\/li>\n<li>Temp\u00e9ratures nominales de -73\u00b0C \u00e0 480\u00b0C.<\/li>\n<li>Diff\u00e9rentes classes de micron sont disponibles de 2um \u00e0 1000um nominal.<\/li>\n<li>Rin\u00e7age \u00e0 contre-courant et nettoyable pour une longue dur\u00e9e de vie.<\/li>\n<li>Forte r\u00e9sistance \u00e0 la corrosion pour une large compatibilit\u00e9 chimique.<\/li>\n<li>Perm\u00e9abilit\u00e9 \u00e9lev\u00e9e, pas de migration du milieu.<\/li>\n<li>Les dimensions personnalis\u00e9es sont les bienvenues.<\/li>\n<\/ul>\n<\/div>\n<\/div>\n<div class=\"d-tem04-title text-left d-interval manS\" data-detail=\"wrap\">\n<h2 class=\"heading\">Param\u00e8tres du produit<\/h2>\n<\/div>\n<div class=\"table-responsive\">\n<table class=\"table table-bordered table-hover\">\n<tbody>\n<tr class=\"firstRow\">\n<td colspan=\"2\"><strong>Dimensions de la cartouche Fiter<\/strong><\/td>\n<\/tr>\n<tr>\n<td>Longueur<\/td>\n<td>5\u2019\u2019 (125mm), 10\u2019\u2019 (250mm), 20\u2019\u2019 (500mm), 30\u2019\u2019 (750mm), 40\u2019\u2019 (1000mm)<\/td>\n<\/tr>\n<tr>\n<td>Diam\u00e8tre<\/td>\n<td>\u00d825, 30, 50, 60, 65, 70mm<\/td>\n<\/tr>\n<tr>\n<td>Autres dimensions<\/td>\n<td>Personnalis\u00e9 \u00e0 la demande du client.<\/td>\n<\/tr>\n<tr>\n<td colspan=\"2\"><strong>Mat\u00e9riaux de construction<\/strong><\/td>\n<\/tr>\n<tr>\n<td>M\u00e9dia filtrant<\/td>\n<td>Acier inoxydable SUS304, 316\uff0c 316L<\/td>\n<\/tr>\n<tr>\n<td>Type de connecteur<\/td>\n<td>Plat, Type d'insertion, Type de filetage, Aileron<\/td>\n<\/tr>\n<tr>\n<td>Embouts<\/td>\n<td>DOE, SOE, 215, 222, 226, M20, M30, M42, 1\u2019\u2019 NPT\/BSP ou sur demande.<\/td>\n<\/tr>\n<tr>\n<td>Filet de protection ext\u00e9rieur<\/td>\n<td>En option<\/td>\n<\/tr>\n<tr>\n<td>Mat\u00e9riau d'\u00e9tanch\u00e9it\u00e9<\/td>\n<td>Silicone, NBR, EPDM, Buna, T\u00e9flon, etc.<\/td>\n<\/tr>\n<tr>\n<td colspan=\"2\"><strong>Performance<\/strong><\/td>\n<\/tr>\n<tr>\n<td>Taux d'\u00e9limination<\/td>\n<td>1, 3, 5, 10, 20, 30, 40, 50, 100um, etc.<\/td>\n<\/tr>\n<tr>\n<td>Surface effective<\/td>\n<td>0,65 m\u00b2 par \u00e9l\u00e9ment de cartouche de 10\u2033.<\/td>\n<\/tr>\n<tr>\n<td>Temp\u00e9rature de fonctionnement<\/td>\n<td>\u2266 480\u2103<\/td>\n<\/tr>\n<tr>\n<td>M\u00e9thode de nettoyage<\/td>\n<td>rin\u00e7age \u00e0 contre-courant, nettoyage par ultrasons ou autre nettoyage non abrasif<\/td>\n<\/tr>\n<tr>\n<td>Pression diff\u00e9rentielle maximale de fonctionnement<\/td>\n<td>4,0 bar<\/td>\n<\/tr>\n<\/tbody>\n<\/table>\n<\/div>\n<div class=\"d-tem04-title text-left d-interval manS\" data-detail=\"wrap\">\n<h2 class=\"heading\">D\u00e9tails du produit<\/h2>\n<\/div>\n<div class=\"d-tem05-technology mockup\" data-detail=\"wrap\">\n<div class=\"items\">\n<div class=\"item tab_row bg-color-before\">\n<div class=\"text_box\">\n<div class=\"txt font-color d-font-size-fix\">\n<div class=\"numbox\">partie.1<\/div>\n<div class=\"title\">5 couches de maille en acier inoxydable fritt\u00e9 pour une grande capacit\u00e9 de r\u00e9tention de la salet\u00e9, y compris la couche de protection, la couche de filtration, la couche de dispersion, la premi\u00e8re couche de renforcement et la deuxi\u00e8me couche de renforcement.<\/div>\n<\/div>\n<\/div>\n<\/div>\n<div class=\"item tab_row bg-color-before\">\n<div class=\"img d-font-size-fix\"><img decoding=\"async\" title=\"\" src=\"https:\/\/img.yfisher.com\/m6076\/1725726657xnp\/jpg70-t3-scale100.webp\" alt=\"Cartouche filtrante fritt\u00e9e en acier inoxydable Filtres \u00e0 mailles m\u00e9talliques Fournisseurs 6\" data-lazy=\"1\"><\/div>\n<div class=\"text_box\">\n<div class=\"txt font-color d-font-size-fix\">\n<div class=\"numbox\">partie.2<\/div>\n<div class=\"title\">Un filet de protection ext\u00e9rieur en acier inoxydable est disponible en option pour \u00e9viter de bosseler et d'endommager la surface pliss\u00e9e.<\/div>\n<\/div>\n<\/div>\n<\/div>\n<div class=\"item tab_row bg-color-before\">\n<div class=\"img d-font-size-fix\"><img decoding=\"async\" title=\"\" src=\"https:\/\/img.yfisher.com\/m6076\/1725726657v6o\/jpg70-t3-scale100.webp\" alt=\"Cartouche filtrante fritt\u00e9e en acier inoxydable Filtres \u00e0 mailles m\u00e9talliques Fournisseurs 7\" data-lazy=\"1\"><\/div>\n<div class=\"text_box\">\n<div class=\"txt font-color d-font-size-fix\">\n<div class=\"numbox\">partie.3<\/div>\n<div class=\"title\">Diff\u00e9rentes dimensions et diff\u00e9rents embouts sont disponibles.<\/div>\n<\/div>\n<\/div>\n<\/div>\n<\/div>\n<\/div>","protected":false},"excerpt":{"rendered":"<table>\n<thead>\n<tr>\n<th>Port de d\u00e9part :<\/th>\n<th>Guangzhou<\/th>\n<\/tr>\n<\/thead>\n<tbody>\n<tr>\n<td>Capacit\u00e9 de production :<\/td>\n<td>400 unit\u00e9s\/mois<\/td>\n<\/tr>\n<tr>\n<td>Lieu d'origine :<\/td>\n<td>Guangdong, Chine<\/td>\n<\/tr>\n<tr>\n<td>Paiement :<\/td>\n<td>T\/T, Alibaba Trade Assurance, paypal<\/td>\n<\/tr>\n<tr>\n<td>MOQ :<\/td>\n<td>10pcs<\/td>\n<\/tr>\n<tr>\n<td>D\u00e9lai de livraison :<\/td>\n<td>Dans un d\u00e9lai de 7 \u00e0 15 jours ouvrables<\/td>\n<\/tr>\n<tr>\n<td>Certification :<\/td>\n<td>SGS, ISO 9001<\/td>\n<\/tr>\n<tr>\n<td>Marque :<\/td>\n<td>OEM\/Lvyuan<\/td>\n<\/tr>\n<\/tbody>\n<\/table>","protected":false},"featured_media":646,"comment_status":"open","ping_status":"closed","template":"","meta":{"_gspb_post_css":""},"product_brand":[],"product_cat":[17,22],"product_tag":[261,266,260,265,259,269],"class_list":{"0":"post-643","1":"product","2":"type-product","3":"status-publish","4":"has-post-thumbnail","6":"product_cat-sediment-filter","7":"product_cat-sintered-filter-cartridge","8":"product_tag-guangdong-china","9":"product_tag-guangzhou","10":"product_tag-iso-9001","11":"product_tag-lvyuan","12":"product_tag-oem","13":"product_tag-sgs","15":"first","16":"instock","17":"shipping-taxable","18":"product-type-simple"},"_links":{"self":[{"href":"https:\/\/lyfilter.com\/fr\/wp-json\/wp\/v2\/product\/643","targetHints":{"allow":["GET"]}}],"collection":[{"href":"https:\/\/lyfilter.com\/fr\/wp-json\/wp\/v2\/product"}],"about":[{"href":"https:\/\/lyfilter.com\/fr\/wp-json\/wp\/v2\/types\/product"}],"replies":[{"embeddable":true,"href":"https:\/\/lyfilter.com\/fr\/wp-json\/wp\/v2\/comments?post=643"}],"wp:featuredmedia":[{"embeddable":true,"href":"https:\/\/lyfilter.com\/fr\/wp-json\/wp\/v2\/media\/646"}],"wp:attachment":[{"href":"https:\/\/lyfilter.com\/fr\/wp-json\/wp\/v2\/media?parent=643"}],"wp:term":[{"taxonomy":"product_brand","embeddable":true,"href":"https:\/\/lyfilter.com\/fr\/wp-json\/wp\/v2\/product_brand?post=643"},{"taxonomy":"product_cat","embeddable":true,"href":"https:\/\/lyfilter.com\/fr\/wp-json\/wp\/v2\/product_cat?post=643"},{"taxonomy":"product_tag","embeddable":true,"href":"https:\/\/lyfilter.com\/fr\/wp-json\/wp\/v2\/product_tag?post=643"}],"curies":[{"name":"wp","href":"https:\/\/api.w.org\/{rel}","templated":true}]}}