{"id":633,"date":"2025-12-24T03:28:01","date_gmt":"2025-12-24T03:28:01","guid":{"rendered":"https:\/\/lyfilter.com\/?post_type=product&#038;p=633"},"modified":"2026-04-22T00:51:55","modified_gmt":"2026-04-22T00:51:55","slug":"sintered-activated-carbon-block-filter-cartridge-customized-specification-activated-carbon-water-filter","status":"publish","type":"product","link":"https:\/\/lyfilter.com\/fr\/sintered-activated-carbon-block-filter-cartridge-customized-specification-activated-carbon-water-filter\/","title":{"rendered":"Filtre \u00e0 charbon actif fritt\u00e9 Cartouche de filtre Sp\u00e9cification personnalis\u00e9e Filtre \u00e0 eau \u00e0 charbon actif"},"content":{"rendered":"<div class=\"d-tem11-graphic tem11-graphic mockup\" data-detail=\"wrap\">\n<div class=\"tab_row\">\n<div class=\"img\"><img decoding=\"async\" title=\"\" src=\"https:\/\/img.yfisher.com\/m6076\/1725726651oda\/jpg70-t3-scale100.webp\" alt=\"Cartouche filtrante \u00e0 bloc de charbon actif fritt\u00e9 5\" data-lazy=\"2\"><\/div>\n<div class=\"text_box\">\n<div class=\"txt\">\n<div class=\"title\">La cartouche filtrante \u00e0 bloc de carbone fritt\u00e9 de Lvyuan est fabriqu\u00e9e \u00e0 partir de mat\u00e9riaux \u00e0 base de charbon actif de haute qualit\u00e9 et \u00e0 indice d'iode \u00e9lev\u00e9, tels que la coquille de noix de coco et le charbon. Les filtres \u00e0 blocs de carbone CTO moul\u00e9s par frittage ont une forte capacit\u00e9 d'adsorption et une bonne structure rigide. La cartouche de filtre \u00e0 bloc de carbone fritt\u00e9 a une grande efficacit\u00e9 de filtration. Elle peut \u00e9liminer le chlore, le mauvais go\u00fbt et la mauvaise odeur, la chloramine, les s\u00e9diments, les produits chimiques organiques et les m\u00e9taux lourds, etc. De plus, les filtres \u00e0 bloc de carbone fritt\u00e9 sont plus stables et plus fiables, avec une dur\u00e9e de vie plus longue que les cartouches de filtre \u00e0 eau au carbone CTO de type extrud\u00e9.<\/div>\n<\/div>\n<\/div>\n<\/div>\n<\/div>\n<div class=\"er-fangkuang1\">\n<p>\u00a0 Caract\u00e9ristiques du produit<\/p>\n<div class=\"description\">\n<ul>\n<li><span class=\"font-color\">\u25ea \u00a0\u00a0<\/span>Grande surface de filtration, forte capacit\u00e9 d'absorption, d\u00e9bit \u00e9lev\u00e9.<\/li>\n<li><span class=\"font-color\">\u25ea\u00a0 \u00a0<\/span>Grande capacit\u00e9 de r\u00e9tention de la salet\u00e9, faible perte de charge, grande efficacit\u00e9 de filtration.<\/li>\n<li><span class=\"font-color\">\u25ea\u00a0 \u00a0<\/span>S'adapte \u00e0 tous les bo\u00eetiers de filtre standard ou aux bouteilles de sport.<\/li>\n<li><span class=\"font-color\">\u25ea\u00a0 \u00a0<\/span>Mat\u00e9riaux \u00e0 base de charbon actif \u00e0 indice d'iode \u00e9lev\u00e9<\/li>\n<li><span class=\"font-color\">\u25ea\u00a0 \u00a0<\/span>\u00c9limine efficacement les mauvaises odeurs, les couleurs, les compos\u00e9s chlor\u00e9s, les COV et les THMS ;<\/li>\n<li><span class=\"font-color\">\u25ea\u00a0 \u00a0<\/span>Longue dur\u00e9e de vie<\/li>\n<\/ul>\n<\/div>\n<\/div>\n<div class=\"d-tem04-title text-left d-interval manS\" data-detail=\"wrap\">\n<h2 class=\"heading\">Param\u00e8tres du produit<\/h2>\n<\/div>\n<div class=\"table-responsive\">\n<table class=\"table table-bordered table-hover\">\n<tbody>\n<tr class=\"firstRow\">\n<td colspan=\"2\" align=\"left\" valign=\"top\"><strong>Dimensions de la cartouche Fiter<\/strong><\/td>\n<\/tr>\n<tr>\n<td>Diam\u00e8tre ext\u00e9rieur<\/td>\n<td>14, 16, 19, 25, 28, 30, 35, 38, 40, 45, 46, 50, 53, 55, 60, 63, 64, 67, 70, 76, 90, 96,5, 103, 105, 121mm<\/td>\n<\/tr>\n<tr>\n<td>Diam\u00e8tre int\u00e9rieur<\/td>\n<td>6, 8, 10, 12, 14, 16, 18, 20, 22, 25, 28, 30, 32, 35, 38, 40, 45, 50mm<\/td>\n<\/tr>\n<tr>\n<td>Longueur<\/td>\n<td>5\u2019\u2019 (125mm), 10\u2019\u2019 (250mm), 20\u2019\u2019 (500mm), 30\u2019\u2019 (750mm), 40\u2019\u2019 (1000mm)<\/td>\n<\/tr>\n<tr>\n<td>Autres dimensions<\/td>\n<td>Personnalis\u00e9 \u00e0 la demande du client.<\/td>\n<\/tr>\n<tr>\n<td colspan=\"2\" align=\"left\" valign=\"top\"><strong>Mat\u00e9riaux de construction<\/strong><\/td>\n<\/tr>\n<tr>\n<td>M\u00e9dia filtrant<\/td>\n<td>Charbon de coco, charbon de bois<\/td>\n<\/tr>\n<tr>\n<td>Enc caps<\/td>\n<td>Polypropyl\u00e8ne<\/td>\n<\/tr>\n<tr>\n<td>Compensation<\/td>\n<td>Polypropyl\u00e8ne<\/td>\n<\/tr>\n<tr>\n<td>Mat\u00e9riau du joint\/de la garniture<\/td>\n<td>Silicone, EPDM, NBR, Viton<\/td>\n<\/tr>\n<tr>\n<td colspan=\"2\" align=\"left\" valign=\"top\"><strong>Performance<\/strong><\/td>\n<\/tr>\n<tr>\n<td>Taux d'\u00e9limination<\/td>\n<td>5, 10, 25 um<\/td>\n<\/tr>\n<tr>\n<td>Temp\u00e9rature de fonctionnement maximale<\/td>\n<td>\u2266 80\u2103<\/td>\n<\/tr>\n<tr>\n<td>Pression de fonctionnement maximale<\/td>\n<td>10 bars<\/td>\n<\/tr>\n<tr>\n<td>Pression diff\u00e9rentielle maximale<\/td>\n<td>7 bar \u00e0 25\u2103<\/td>\n<\/tr>\n<\/tbody>\n<\/table>\n<\/div>\n<div class=\"d-tem04-title text-left d-interval manS\" data-detail=\"wrap\">\n<h2 class=\"heading\">D\u00e9tails du produit<\/h2>\n<\/div>\n<div class=\"d-tem05-technology mockup\" data-detail=\"wrap\">\n<div class=\"items\">\n<div class=\"item tab_row bg-color-before\">\n<div class=\"img d-font-size-fix\"><img decoding=\"async\" title=\"\" src=\"https:\/\/img.yfisher.com\/m6076\/1725726651z3g\/jpg70-t3-scale100.webp\" alt=\"Cartouche filtrante \u00e0 bloc de charbon actif fritt\u00e9 6\" data-lazy=\"2\"><\/div>\n<div class=\"text_box\">\n<div class=\"txt font-color d-font-size-fix\">\n<div class=\"numbox\">partie.1<\/div>\n<div class=\"title\">Diff\u00e9rentes dimensions. Les dimensions peuvent \u00eatre personnalis\u00e9es sur demande.<\/div>\n<\/div>\n<\/div>\n<\/div>\n<div class=\"item tab_row bg-color-before\">\n<div class=\"img d-font-size-fix\"><img decoding=\"async\" title=\"\" src=\"https:\/\/img.yfisher.com\/m6076\/1725726651zjx\/jpg70-t3-scale100.webp\" alt=\"Cartouche filtrante \u00e0 bloc de charbon actif fritt\u00e9 7\" data-lazy=\"2\"><\/div>\n<div class=\"text_box\">\n<div class=\"txt font-color d-font-size-fix\">\n<div class=\"numbox\">partie.2<\/div>\n<div class=\"title\">Combinaison de charbon actif fritt\u00e9 avec un m\u00e9dia filtrant PP souffl\u00e9 par fusion (option).<\/div>\n<\/div>\n<\/div>\n<\/div>\n<div class=\"item tab_row bg-color-before\">\n<div class=\"img d-font-size-fix\"><img decoding=\"async\" title=\"\" src=\"https:\/\/img.yfisher.com\/m6076\/1725726651ofi\/jpg70-t3-scale100.webp\" alt=\"Cartouche filtrante \u00e0 bloc de charbon actif fritt\u00e9 8\" data-lazy=\"2\"><\/div>\n<div class=\"text_box\">\n<div class=\"txt font-color d-font-size-fix\">\n<div class=\"numbox\">partie.3<\/div>\n<div class=\"title\">Le filtre \u00e0 charbon fritt\u00e9, qui b\u00e9n\u00e9ficie d'une technologie innovante, permet d'\u00e9liminer le tartre, les m\u00e9taux lourds, les bact\u00e9ries, le fluor et l'azote ammoniacal, etc.<\/div>\n<\/div>\n<\/div>\n<\/div>\n<div class=\"d-tem04-title text-left d-interval manS\" data-detail=\"wrap\">\n<h2 class=\"heading\">Applications des produits<\/h2>\n<\/div>\n<div class=\"d-tem15-graphic mockup\" data-detail=\"wrap\">\n<div class=\"clearfix d-clearfix\">\n<div class=\"col-sm-12 col-md-4 col-xs-6\">\n<div class=\"thumbnail\"><img decoding=\"async\" title=\"\" src=\"https:\/\/img.yfisher.com\/m6076\/172572665131t\/jpg70-t3-scale100.webp\" alt=\"Cartouche filtrante \u00e0 bloc de charbon actif fritt\u00e9 9\" data-lazy=\"2\"><\/div>\n<div class=\"description\">Traitement de l'eau<\/div>\n<\/div>\n<div class=\"col-sm-12 col-md-4 col-xs-6\">\n<div class=\"thumbnail\"><img decoding=\"async\" title=\"\" src=\"https:\/\/img.yfisher.com\/m6076\/17257266517x1\/jpg70-t3-scale100.webp\" alt=\"Cartouche filtrante \u00e0 bloc de charbon actif fritt\u00e9 10\" data-lazy=\"2\"><\/div>\n<div class=\"description\">Purification de l'air et du gaz<\/div>\n<\/div>\n<div class=\"col-sm-12 col-md-4 col-xs-6\">\n<div class=\"thumbnail\"><img decoding=\"async\" title=\"\" src=\"https:\/\/img.yfisher.com\/m6076\/1725726651qv5\/jpg70-t3-scale100.webp\" alt=\"Cartouche filtrante \u00e0 bloc de charbon actif fritt\u00e9 11\" data-lazy=\"2\"><\/div>\n<div class=\"description\">Produits pharmaceutiques et m\u00e9dicaux<\/div>\n<\/div>\n<\/div>\n<\/div>\n<div class=\"d-tem15-graphic mockup\" data-detail=\"wrap\">\n<div class=\"clearfix d-clearfix\">\n<div class=\"col-sm-12 col-md-4 col-xs-6\">\n<div class=\"thumbnail\"><img decoding=\"async\" title=\"\" src=\"https:\/\/img.yfisher.com\/m6076\/1725726651xzi\/jpg70-t3-scale100.webp\" alt=\"Cartouche filtrante \u00e0 bloc de charbon actif fritt\u00e9 12\" data-lazy=\"2\"><\/div>\n<div class=\"description\">Transformation des aliments et des boissons<\/div>\n<\/div>\n<div class=\"col-sm-12 col-md-4 col-xs-6\">\n<div class=\"thumbnail\"><img decoding=\"async\" title=\"\" src=\"https:\/\/img.yfisher.com\/m6076\/17257266517ey\/jpg70-t3-scale100.webp\" alt=\"Cartouche filtrante \u00e0 bloc de charbon actif fritt\u00e9 13\" data-lazy=\"2\"><\/div>\n<div class=\"description\">Automobile<\/div>\n<\/div>\n<div class=\"col-sm-12 col-md-4 col-xs-6\">\n<div class=\"thumbnail\"><img decoding=\"async\" title=\"\" src=\"https:\/\/img.yfisher.com\/m6076\/1725726651ig2\/jpg70-t3-scale100.webp\" alt=\"Cartouche filtrante \u00e0 bloc de charbon actif fritt\u00e9 14\" data-lazy=\"2\"><\/div>\n<div class=\"description\">Industrie du placage<\/div>\n<\/div>\n<\/div>\n<\/div>\n<\/div>\n<\/div>","protected":false},"excerpt":{"rendered":"<table>\n<thead>\n<tr>\n<th>Port de d\u00e9part :<\/th>\n<th>Guangzhou<\/th>\n<\/tr>\n<\/thead>\n<tbody>\n<tr>\n<td>Capacit\u00e9 de production :<\/td>\n<td>5000 unit\u00e9s\/mois<\/td>\n<\/tr>\n<tr>\n<td>Lieu d'origine :<\/td>\n<td>Guangdong, Chine<\/td>\n<\/tr>\n<tr>\n<td>Paiement :<\/td>\n<td>T\/T, Alibaba Trade Assurance, paypal<\/td>\n<\/tr>\n<tr>\n<td>MOQ :<\/td>\n<td>10pcs<\/td>\n<\/tr>\n<tr>\n<td>D\u00e9lai de livraison :<\/td>\n<td>Dans un d\u00e9lai de 7 \u00e0 15 jours ouvrables<\/td>\n<\/tr>\n<tr>\n<td>Certification :<\/td>\n<td>SGS, ISO 9001<\/td>\n<\/tr>\n<tr>\n<td>Marque :<\/td>\n<td>LVYUAN<\/td>\n<\/tr>\n<\/tbody>\n<\/table>","protected":false},"featured_media":634,"comment_status":"open","ping_status":"closed","template":"","meta":{"_gspb_post_css":""},"product_brand":[],"product_cat":[17,22],"product_tag":[275,261,266,260,265,269],"class_list":{"0":"post-633","1":"product","2":"type-product","3":"status-publish","4":"has-post-thumbnail","6":"product_cat-sediment-filter","7":"product_cat-sintered-filter-cartridge","8":"product_tag-fast-shipping","9":"product_tag-guangdong-china","10":"product_tag-guangzhou","11":"product_tag-iso-9001","12":"product_tag-lvyuan","13":"product_tag-sgs","15":"first","16":"instock","17":"shipping-taxable","18":"product-type-simple"},"_links":{"self":[{"href":"https:\/\/lyfilter.com\/fr\/wp-json\/wp\/v2\/product\/633","targetHints":{"allow":["GET"]}}],"collection":[{"href":"https:\/\/lyfilter.com\/fr\/wp-json\/wp\/v2\/product"}],"about":[{"href":"https:\/\/lyfilter.com\/fr\/wp-json\/wp\/v2\/types\/product"}],"replies":[{"embeddable":true,"href":"https:\/\/lyfilter.com\/fr\/wp-json\/wp\/v2\/comments?post=633"}],"wp:featuredmedia":[{"embeddable":true,"href":"https:\/\/lyfilter.com\/fr\/wp-json\/wp\/v2\/media\/634"}],"wp:attachment":[{"href":"https:\/\/lyfilter.com\/fr\/wp-json\/wp\/v2\/media?parent=633"}],"wp:term":[{"taxonomy":"product_brand","embeddable":true,"href":"https:\/\/lyfilter.com\/fr\/wp-json\/wp\/v2\/product_brand?post=633"},{"taxonomy":"product_cat","embeddable":true,"href":"https:\/\/lyfilter.com\/fr\/wp-json\/wp\/v2\/product_cat?post=633"},{"taxonomy":"product_tag","embeddable":true,"href":"https:\/\/lyfilter.com\/fr\/wp-json\/wp\/v2\/product_tag?post=633"}],"curies":[{"name":"wp","href":"https:\/\/api.w.org\/{rel}","templated":true}]}}