{"id":627,"date":"2025-12-24T03:24:18","date_gmt":"2025-12-24T03:24:18","guid":{"rendered":"https:\/\/lyfilter.com\/?post_type=product&#038;p=627"},"modified":"2025-12-24T06:49:44","modified_gmt":"2025-12-24T06:49:44","slug":"ptfe-membrane-pleated-water-filter-cartridge-with-internal-stainless-steel-reinforcing-ring","status":"publish","type":"product","link":"https:\/\/lyfilter.com\/fr\/ptfe-membrane-pleated-water-filter-cartridge-with-internal-stainless-steel-reinforcing-ring\/","title":{"rendered":"Cartouche de filtre \u00e0 eau pliss\u00e9e \u00e0 membrane PTFE avec anneau de renforcement interne en acier inoxydable"},"content":{"rendered":"<div class=\"d-tem11-graphic tem11-graphic mockup\" data-detail=\"wrap\">\n<div class=\"tab_row\">\n<div class=\"img\"><img decoding=\"async\" title=\"\" src=\"https:\/\/img.yfisher.com\/m6076\/17252869725dl\/jpg70-t3-scale100.webp\" alt=\"Cartouche de filtre \u00e0 eau pliss\u00e9e \u00e0 membrane PTFE avec anneau de renforcement interne en acier inoxydable 6\" data-lazy=\"2\"><\/div>\n<div class=\"text_box\">\n<div class=\"txt\">\n<div class=\"title\">Le filtre \u00e0 cartouche \u00e0 membrane PTFE est fabriqu\u00e9 \u00e0 partir de mat\u00e9riaux naturels import\u00e9s.<br \/>\nmembrane hydrophobe en PTFE (polyt\u00e9trafluoro\u00e9thyl\u00e8ne) et mat\u00e9riaux de support non tiss\u00e9s. Les adaptateurs sont soud\u00e9s thermiquement sans utilisation de colle ou d'adh\u00e9sif afin d'\u00e9viter tout risque de pollution. Ces filtres \u00e9conomiques \u00e0 membrane PTFE offrent une hydrophobie sup\u00e9rieure \u00e0 celle des filtres en polypropyl\u00e8ne couramment utilis\u00e9s dans les applications d'air comprim\u00e9, ce qui les rend parfaitement adapt\u00e9s aux applications d'utilit\u00e9 publique et d'\u00e9vent de r\u00e9servoir, sans les co\u00fbts plus \u00e9lev\u00e9s des filtres PTFE typiques.<\/div>\n<\/div>\n<\/div>\n<\/div>\n<\/div>\n<div class=\"er-fangkuang1\">\n<p>\u00a0 Caract\u00e9ristiques du produit<\/p>\n<div class=\"description\">\n<ul>\n<li><span class=\"font-color\">\u25ea \u00a0\u00a0<\/span>Excellente performance hydrophobe, l'\u00e9rosion par l'eau est plus r\u00e9sistante que la membrane PVDF courante.<\/li>\n<li><span class=\"font-color\">\u25ea\u00a0 \u00a0<\/span>R\u00e9siste aux chocs avec l'eau, \u00e0 la contre-pression et \u00e0 la st\u00e9rilisation r\u00e9p\u00e9t\u00e9e \u00e0 haute temp\u00e9rature.<\/li>\n<li><span class=\"font-color\">\u25ea\u00a0 \u00a0<\/span>100% r\u00e9tention bact\u00e9rienne &amp; filtration efficace jusqu'\u00e0 0,2 \u03bcm de particules.<\/li>\n<li><span class=\"font-color\">\u25ea\u00a0 \u00a0<\/span>100% a fait l'objet d'un test d'int\u00e9grit\u00e9.<\/li>\n<li><span class=\"font-color\">\u25ea\u00a0 \u00a0<\/span>Il est constitu\u00e9 de deux types de mat\u00e9riaux soud\u00e9s \u00e0 chaud (PTFE et PP), sans aucun adh\u00e9sif, propre et stable, r\u00e9pondant aux normes \u00e9lev\u00e9es de l'industrie pharmaceutique.<\/li>\n<\/ul>\n<\/div>\n<\/div>\n<div class=\"d-tem04-title text-left d-interval manS\" data-detail=\"wrap\">\n<h2 class=\"heading\">Param\u00e8tres du produit<\/h2>\n<\/div>\n<div class=\"table-responsive\">\n<table class=\"table table-bordered table-hover\">\n<tbody>\n<tr class=\"firstRow\">\n<td>Nom du produit<\/td>\n<td>Cartouche filtrante pliss\u00e9e \u00e0 membrane PTFE de 10 pouces avec acier inoxydable 222<\/td>\n<\/tr>\n<tr>\n<td>M\u00e9dia filtrant<\/td>\n<td>Membrane PTFE<\/td>\n<\/tr>\n<tr>\n<td>Soutien<\/td>\n<td>PP\/Polypropyl\u00e8ne<\/td>\n<\/tr>\n<tr>\n<td>Capuchon du noyau\/de l'extr\u00e9mit\u00e9<\/td>\n<td>PP\/Polypropyl\u00e8ne<\/td>\n<\/tr>\n<tr>\n<td>Mat\u00e9riau du joint<\/td>\n<td>Silicone\/EPDM\/VITON\/PTFE\/NBR\/TEFLON<\/td>\n<\/tr>\n<tr>\n<td>Diam\u00e8tre ext\u00e9rieur<\/td>\n<td>2,7\u2018\u2019(69mm)<\/td>\n<\/tr>\n<tr>\n<td>Longueur<\/td>\n<td>9.75\u201d, 10\u201d, 20\u201d, 30\u201d, 40\u201d, sur mesure<\/td>\n<\/tr>\n<tr>\n<td>Capuchon d'extr\u00e9mit\u00e9<\/td>\n<td>215\/222\/226\/FIN\/DOE\/SS<\/td>\n<\/tr>\n<tr>\n<td>Zone de filtration<\/td>\n<td>\u22650.72m\u00b2<\/td>\n<\/tr>\n<tr>\n<td>Temp\u00e9rature de fonctionnement maximale<\/td>\n<td>80\u2103, 0.173Mpa<\/td>\n<\/tr>\n<tr>\n<td>Indice de micron (\u03bcm)<\/td>\n<td>0.2, 0.45<\/td>\n<\/tr>\n<\/tbody>\n<\/table>\n<\/div>\n<div class=\"d-tem04-title text-left d-interval manS\" data-detail=\"wrap\">\n<h2 class=\"heading\">D\u00e9tails du produit<\/h2>\n<\/div>\n<div class=\"d-tem05-technology mockup\" data-detail=\"wrap\">\n<div class=\"items\">\n<div class=\"item tab_row bg-color-before\">\n<div class=\"img d-font-size-fix\"><img decoding=\"async\" title=\"\" src=\"https:\/\/img.yfisher.com\/m6076\/1725286972l2c\/jpg70-t3-scale100.webp\" alt=\"Cartouche de filtre \u00e0 eau pliss\u00e9e \u00e0 membrane PTFE avec anneau de renforcement interne en acier inoxydable 7\" data-lazy=\"2\"><\/div>\n<div class=\"text_box\">\n<div class=\"txt font-color d-font-size-fix\">\n<div class=\"numbox\">partie.1<\/div>\n<div class=\"title\">Il est constitu\u00e9 de deux types de mat\u00e9riaux soud\u00e9s \u00e0 chaud (PTFE et PP), sans aucun adh\u00e9sif, propre et stable.<\/div>\n<\/div>\n<\/div>\n<\/div>\n<div class=\"item tab_row bg-color-before\">\n<div class=\"img d-font-size-fix\"><img decoding=\"async\" title=\"\" src=\"https:\/\/img.yfisher.com\/m6076\/1725286972qrm\/jpg70-t3-scale100.webp\" alt=\"Cartouche de filtre \u00e0 eau pliss\u00e9e \u00e0 membrane PTFE avec anneau de renforcement interne en acier inoxydable 8\" data-lazy=\"2\"><\/div>\n<div class=\"text_box\">\n<div class=\"txt font-color d-font-size-fix\">\n<div class=\"numbox\">partie.2<\/div>\n<div class=\"title\">Filtre \u00e0 membrane PTFE DOE \u00e0 double ouverture avec joint PTFE. C'est un bon choix pour les applications pharmaceutiques et autres applications strictes.<\/div>\n<\/div>\n<\/div>\n<\/div>\n<div class=\"item tab_row bg-color-before\">\n<div class=\"img d-font-size-fix\"><img decoding=\"async\" title=\"\" src=\"https:\/\/img.yfisher.com\/m6076\/1725286972wr5\/jpg70-t3-scale100.webp\" alt=\"Cartouche de filtre \u00e0 eau pliss\u00e9e \u00e0 membrane PTFE avec anneau de renforcement interne en acier inoxydable 9\" data-lazy=\"2\"><\/div>\n<div class=\"text_box\">\n<div class=\"txt font-color d-font-size-fix\">\n<div class=\"numbox\">partie.3<\/div>\n<div class=\"title\">Les adaptateurs sont soud\u00e9s thermiquement sans utilisation de colle ou d'adh\u00e9sif afin d'\u00e9viter tout risque de pollution.<\/div>\n<\/div>\n<\/div>\n<\/div>\n<div class=\"item tab_row bg-color-before\">\n<div class=\"img d-font-size-fix\"><img decoding=\"async\" title=\"\" src=\"https:\/\/img.yfisher.com\/m6076\/17252869724na\/jpg70-t3-scale100.webp\" alt=\"Cartouche de filtre \u00e0 eau pliss\u00e9e \u00e0 membrane PTFE avec anneau de renforcement interne en acier inoxydable 10\" data-lazy=\"2\"><\/div>\n<div class=\"text_box\">\n<div class=\"txt font-color d-font-size-fix\">\n<div class=\"numbox\">partie.4<\/div>\n<div class=\"title\">Diff\u00e9rentes longueurs et diff\u00e9rents types d'embouts sont disponibles en option.<\/div>\n<\/div>\n<\/div>\n<\/div>\n<div class=\"d-tem04-title text-left d-interval manS\" data-detail=\"wrap\">\n<h2 class=\"heading\">Applications des produits<\/h2>\n<\/div>\n<div class=\"d-tem15-graphic mockup\" data-detail=\"wrap\">\n<div class=\"clearfix d-clearfix\">\n<div class=\"col-sm-12 col-md-4 col-xs-6\">\n<div class=\"thumbnail\"><img decoding=\"async\" title=\"\" src=\"https:\/\/img.yfisher.com\/m6076\/1725286972eol\/jpg70-t3-scale100.webp\" alt=\"Cartouche de filtre \u00e0 eau pliss\u00e9e \u00e0 membrane PTFE avec anneau de renforcement interne en acier inoxydable 11\" data-lazy=\"2\"><\/div>\n<div class=\"description\">\n<p>Pr\u00e9filtration d'un syst\u00e8me d'eau par osmose inverse<\/p>\n<\/div>\n<\/div>\n<div class=\"col-sm-12 col-md-4 col-xs-6\">\n<div class=\"thumbnail\"><img decoding=\"async\" title=\"\" src=\"https:\/\/img.yfisher.com\/m6076\/1725286972xbs\/jpg70-t3-scale100.webp\" alt=\"Cartouche de filtre \u00e0 eau pliss\u00e9e \u00e0 membrane PTFE avec anneau de renforcement interne en acier inoxydable 12\" data-lazy=\"2\"><\/div>\n<div class=\"description\">Industrie \u00e9lectronique<\/div>\n<\/div>\n<div class=\"col-sm-12 col-md-4 col-xs-6\">\n<div class=\"thumbnail\"><img decoding=\"async\" title=\"\" src=\"https:\/\/img.yfisher.com\/m6076\/1725286973s9v\/png70-t3-scale100.webp\" alt=\"Cartouche de filtre \u00e0 eau pliss\u00e9e \u00e0 membrane PTFE avec anneau de renforcement interne en acier inoxydable 13\" data-lazy=\"2\"><\/div>\n<div class=\"description\">Filtration de l'eau min\u00e9rale<\/div>\n<\/div>\n<\/div>\n<\/div>\n<div class=\"d-tem15-graphic mockup\" data-detail=\"wrap\">\n<div class=\"clearfix d-clearfix\">\n<div class=\"col-sm-12 col-md-4 col-xs-6\">\n<div class=\"thumbnail\"><img decoding=\"async\" title=\"\" src=\"https:\/\/img.yfisher.com\/m6076\/1725286973jsc\/png70-t3-scale100.webp\" alt=\"Cartouche de filtre \u00e0 eau pliss\u00e9e \u00e0 membrane PTFE avec anneau de renforcement interne en acier inoxydable 14\" data-lazy=\"2\"><\/div>\n<div class=\"description\">Filtration de solvants organiques et d'encres<\/div>\n<\/div>\n<div class=\"col-sm-12 col-md-4 col-xs-6\">\n<div class=\"thumbnail\"><img decoding=\"async\" title=\"\" src=\"https:\/\/img.yfisher.com\/m6076\/1725286973e46\/jpg70-t3-scale100.webp\" alt=\"Cartouche de filtre \u00e0 eau pliss\u00e9e \u00e0 membrane PTFE avec anneau de renforcement interne en acier inoxydable 15\" data-lazy=\"2\"><\/div>\n<div class=\"description\">Filtration des produits pharmaceutiques<\/div>\n<\/div>\n<div class=\"col-sm-12 col-md-4 col-xs-6\">\n<div class=\"thumbnail\"><img decoding=\"async\" title=\"\" src=\"https:\/\/img.yfisher.com\/m6076\/172528697395f\/jpg70-t3-scale100.webp\" alt=\"Cartouche de filtre \u00e0 eau pliss\u00e9e \u00e0 membrane PTFE avec anneau de renforcement interne en acier inoxydable 16\" data-lazy=\"2\"><\/div>\n<div class=\"description\">Filtration de produits biologiques<\/div>\n<\/div>\n<\/div>\n<\/div>\n<\/div>\n<\/div>","protected":false},"excerpt":{"rendered":"<table>\n<thead>\n<tr>\n<th>Port de d\u00e9part :<\/th>\n<th>Guangzhou<\/th>\n<\/tr>\n<\/thead>\n<tbody>\n<tr>\n<td>Capacit\u00e9 de production :<\/td>\n<td>500 unit\u00e9s\/mois<\/td>\n<\/tr>\n<tr>\n<td>Lieu d'origine :<\/td>\n<td>Guangdong, Chine<\/td>\n<\/tr>\n<tr>\n<td>Paiement :<\/td>\n<td>T\/T, Western Union, MoneyGram, Alibaba Trade Assurance, paypal<\/td>\n<\/tr>\n<tr>\n<td>MOQ :<\/td>\n<td>10pcs<\/td>\n<\/tr>\n<tr>\n<td>Mod\u00e8le :<\/td>\n<td>LY-PL-PTFE<\/td>\n<\/tr>\n<tr>\n<td>D\u00e9lai de livraison :<\/td>\n<td>Dans les 7 jours ouvrables<\/td>\n<\/tr>\n<tr>\n<td>Certification :<\/td>\n<td>SGS, ISO 9001<\/td>\n<\/tr>\n<tr>\n<td>Marque :<\/td>\n<td>LVYUAN<\/td>\n<\/tr>\n<\/tbody>\n<\/table>","protected":false},"featured_media":629,"comment_status":"open","ping_status":"closed","template":"","meta":{"_gspb_post_css":""},"product_brand":[],"product_cat":[17,21],"product_tag":[261,266,260,265,274,269],"class_list":{"0":"post-627","1":"product","2":"type-product","3":"status-publish","4":"has-post-thumbnail","6":"product_cat-sediment-filter","7":"product_cat-pleated-filter-cartridge","8":"product_tag-guangdong-china","9":"product_tag-guangzhou","10":"product_tag-iso-9001","11":"product_tag-lvyuan","12":"product_tag-ly-pl-ptfe","13":"product_tag-sgs","15":"first","16":"instock","17":"shipping-taxable","18":"product-type-simple"},"_links":{"self":[{"href":"https:\/\/lyfilter.com\/fr\/wp-json\/wp\/v2\/product\/627","targetHints":{"allow":["GET"]}}],"collection":[{"href":"https:\/\/lyfilter.com\/fr\/wp-json\/wp\/v2\/product"}],"about":[{"href":"https:\/\/lyfilter.com\/fr\/wp-json\/wp\/v2\/types\/product"}],"replies":[{"embeddable":true,"href":"https:\/\/lyfilter.com\/fr\/wp-json\/wp\/v2\/comments?post=627"}],"wp:featuredmedia":[{"embeddable":true,"href":"https:\/\/lyfilter.com\/fr\/wp-json\/wp\/v2\/media\/629"}],"wp:attachment":[{"href":"https:\/\/lyfilter.com\/fr\/wp-json\/wp\/v2\/media?parent=627"}],"wp:term":[{"taxonomy":"product_brand","embeddable":true,"href":"https:\/\/lyfilter.com\/fr\/wp-json\/wp\/v2\/product_brand?post=627"},{"taxonomy":"product_cat","embeddable":true,"href":"https:\/\/lyfilter.com\/fr\/wp-json\/wp\/v2\/product_cat?post=627"},{"taxonomy":"product_tag","embeddable":true,"href":"https:\/\/lyfilter.com\/fr\/wp-json\/wp\/v2\/product_tag?post=627"}],"curies":[{"name":"wp","href":"https:\/\/api.w.org\/{rel}","templated":true}]}}