{"id":622,"date":"2025-12-24T03:22:19","date_gmt":"2025-12-24T03:22:19","guid":{"rendered":"https:\/\/lyfilter.com\/?post_type=product&#038;p=622"},"modified":"2025-12-24T06:44:10","modified_gmt":"2025-12-24T06:44:10","slug":"5-inch-10-inch-replacement-pp-pleated-water-filter-cartridge","status":"publish","type":"product","link":"https:\/\/lyfilter.com\/fr\/5-inch-10-inch-replacement-pp-pleated-water-filter-cartridge\/","title":{"rendered":"Cartouche de filtre \u00e0 eau pliss\u00e9e en PP de remplacement 5 pouces 10 pouces"},"content":{"rendered":"<div class=\"d-tem11-graphic tem11-graphic mockup\" data-detail=\"wrap\">\n<div class=\"tab_row\">\n<div class=\"img\"><img decoding=\"async\" title=\"\" src=\"https:\/\/img.yfisher.com\/m6076\/1725726646o9l\/jpg70-t3-scale100.webp\" alt=\"5 pouces 10 pouces Cartouche de filtre \u00e0 eau pliss\u00e9e en PP de remplacement 5\" data-lazy=\"2\"><\/div>\n<div class=\"text_box\">\n<div class=\"txt\">\n<p>Les cartouches filtrantes pliss\u00e9es en PP offrent une efficacit\u00e9 \u00e9lev\u00e9e et une filtration constante des fluides dans une large gamme d'applications critiques.<\/p>\n<p>Ils sont constitu\u00e9s d'une membrane filtrante pliss\u00e9e qui permet d'\u00e9liminer les particules de 0,1 \u00e0 60um, la taille des pores n'est pas affect\u00e9e par les vibrations de la pression d'alimentation, en raison de sa faible pression diff\u00e9rentielle unique, de son volume d'\u00e9coulement \u00e9lev\u00e9 et de son excellente filtration en microns.<\/p>\n<p>La surface \u00e9lev\u00e9e garantit une longue dur\u00e9e de vie et de faibles pertes de charge initiales. Tous les composants mat\u00e9riels des cartouches sont fabriqu\u00e9s en polypropyl\u00e8ne de haute puret\u00e9 pour une utilisation dans des applications critiques. Toutes les cartouches sont fabriqu\u00e9es et assembl\u00e9es en salle blanche afin de minimiser les risques de contamination.<\/p>\n<p>Ce type de cartouches est disponible dans une large gamme de configurations pour s'adapter \u00e0 la plupart des bo\u00eetiers de filtres disponibles dans le commerce.<\/p>\n<\/div>\n<\/div>\n<\/div>\n<\/div>\n<div class=\"er-fangkuang1\">\n<p>\u00a0 Caract\u00e9ristiques du produit<\/p>\n<div class=\"description\">\n<ul>\n<li><span class=\"font-color\">\u25ea \u00a0 \u00a0<\/span>Excellente compatibilit\u00e9 chimique. Convient \u00e0 la filtration des solvants organiques et des bases acides.<\/li>\n<li><span class=\"font-color\">\u25ea\u00a0 \u00a0<\/span>La structure multicouche de la membrane en PP permet d'\u00e9chelonner la taille des pores de filtration et d'augmenter la capacit\u00e9 de r\u00e9tention des salet\u00e9s des cartouches filtrantes pliss\u00e9es en PP.<\/li>\n<li><span class=\"font-color\">\u25ea\u00a0 \u00a0<\/span>Grand volume d'\u00e9coulement, faible pression diff\u00e9rentielle et longue dur\u00e9e de vie.<\/li>\n<li><span class=\"font-color\">\u25ea\u00a0 \u00a0<\/span>Membrane hydrophile \u00e0 haut d\u00e9bit.<\/li>\n<li><span class=\"font-color\">\u25ea\u00a0 \u00a0<\/span>La conception pliss\u00e9e augmente la surface de filtration pour une filtration en profondeur.<\/li>\n<li><span class=\"font-color\">\u25ea\u00a0 \u00a0<\/span>Application de la technique de liaison thermique, solide et non polluante.<\/li>\n<li><span class=\"font-color\">\u25ea\u00a0 \u00a0<\/span>Gamme compl\u00e8te de microns d'enl\u00e8vement.<\/li>\n<li><span class=\"font-color\">\u25ea\u00a0 \u00a0<\/span>Densit\u00e9 des pores gradu\u00e9e pour une grande capacit\u00e9 de r\u00e9tention de la salet\u00e9.<\/li>\n<li><span class=\"font-color\">\u25ea\u00a0 \u00a0<\/span>Utilisation courante pour le nettoyage et la st\u00e9rilisation en armoire et \u00e0 la vapeur \u00e0 haute pression.<\/li>\n<\/ul>\n<\/div>\n<\/div>\n<div class=\"d-tem04-title text-left d-interval manS\" data-detail=\"wrap\">\n<h2 class=\"heading\">Param\u00e8tres du produit<\/h2>\n<\/div>\n<div class=\"table-responsive\">\n<table class=\"table table-bordered table-hover\">\n<tbody>\n<tr class=\"firstRow\">\n<td>M\u00e9dia filtrant<\/td>\n<td>PP\/Polypropyl\u00e8ne<\/td>\n<\/tr>\n<tr>\n<td>Soutien<\/td>\n<td>PP\/Polypropyl\u00e8ne<\/td>\n<\/tr>\n<tr>\n<td>Capuchon du noyau\/de l'extr\u00e9mit\u00e9<\/td>\n<td>PP\/Polypropyl\u00e8ne<\/td>\n<\/tr>\n<tr>\n<td>Mat\u00e9riau du joint<\/td>\n<td>Silicone\/EPDM\/NBR\/Viton\/T\u00e9flon<\/td>\n<\/tr>\n<tr>\n<td>Diam\u00e8tre ext\u00e9rieur<\/td>\n<td>2.7\u201d, personnalis\u00e9<\/td>\n<\/tr>\n<tr>\n<td>Longueur<\/td>\n<td>9,75\u201d, 10\u201d, 20\u201d, 30\u201d, 40\u201d sur mesure<\/td>\n<\/tr>\n<tr>\n<td>Capuchon d'extr\u00e9mit\u00e9<\/td>\n<td>DOE, 215, 222, 226, FIN, FLAT, acier inoxydable ou sur mesure.<\/td>\n<\/tr>\n<tr>\n<td>Zone de filtration<\/td>\n<td>0.4-0.7m\u00b2 (10\u201d)<\/td>\n<\/tr>\n<tr>\n<td>Temp\u00e9rature de fonctionnement maximale<\/td>\n<td>88\u2103, 0.28Mpa. 60\u2103, 0.42Mpa.<\/td>\n<\/tr>\n<tr>\n<td>Indice de micron (\u03bcm)<\/td>\n<td>0.1, 0.2, 0.45, 0.65, 1, 2, 3, 5, 10, 20, 25, 30, 50, 60<\/td>\n<\/tr>\n<\/tbody>\n<\/table>\n<\/div>\n<div class=\"d-tem04-title text-left d-interval manS\" data-detail=\"wrap\">\n<h2 class=\"heading\">D\u00e9tails du produit<\/h2>\n<\/div>\n<div class=\"d-tem05-technology mockup\" data-detail=\"wrap\">\n<div class=\"items\">\n<div class=\"item tab_row bg-color-before\">\n<div class=\"img d-font-size-fix\"><img decoding=\"async\" title=\"\" src=\"https:\/\/img.yfisher.com\/m6076\/1725726646zs0\/jpg70-t3-scale100.webp\" alt=\"5 pouces 10 pouces Cartouche de filtre \u00e0 eau pliss\u00e9e en PP de remplacement 6\" data-lazy=\"2\"><\/div>\n<div class=\"text_box\">\n<div class=\"txt font-color d-font-size-fix\">\n<div class=\"numbox\">partie.1<\/div>\n<div class=\"title\">Les bouchons en polypropyl\u00e8ne sont thermocoll\u00e9s sur les supports, ce qui \u00e9limine tout besoin d'adh\u00e9sifs susceptibles de r\u00e9agir avec les fluides critiques du processus ou de les contaminer. Solide et sans pollution.<\/div>\n<\/div>\n<\/div>\n<\/div>\n<div class=\"item tab_row bg-color-before\">\n<div class=\"img d-font-size-fix\"><img decoding=\"async\" title=\"\" src=\"https:\/\/img.yfisher.com\/m6076\/17257266461qh\/jpg70-t3-scale100.webp\" alt=\"5 pouces 10 pouces Cartouche de filtre \u00e0 eau pliss\u00e9e en PP de remplacement 7\" data-lazy=\"2\"><\/div>\n<div class=\"text_box\">\n<div class=\"txt font-color d-font-size-fix\">\n<div class=\"numbox\">partie.2<\/div>\n<div class=\"title\">Les cartouches 100% en polypropyl\u00e8ne \u00e0 haute efficacit\u00e9 sont dot\u00e9es d'un support en polypropyl\u00e8ne dur \u00e0 l'int\u00e9rieur et \u00e0 l'ext\u00e9rieur. Nous fournissons des tailles personnalis\u00e9es pour r\u00e9pondre aux besoins des diff\u00e9rents clients.<\/div>\n<\/div>\n<\/div>\n<\/div>\n<div class=\"item tab_row bg-color-before\">\n<div class=\"img d-font-size-fix\"><img decoding=\"async\" title=\"\" src=\"https:\/\/img.yfisher.com\/m6076\/1725726646n2s\/jpg70-t3-scale100.webp\" alt=\"5 pouces 10 pouces Cartouche de filtre \u00e0 eau pliss\u00e9e en PP de remplacement 8\" data-lazy=\"2\"><\/div>\n<div class=\"text_box\">\n<div class=\"txt font-color d-font-size-fix\">\n<div class=\"numbox\">partie.3<\/div>\n<div class=\"title\">Diff\u00e9rents embouts pour s'adapter \u00e0 tous les bo\u00eetiers de filtres et \u00e0 toutes les industries de filtration. 100% est un mat\u00e9riau pliss\u00e9 en polypropyl\u00e8ne pur sans aucun liant organique.<\/div>\n<\/div>\n<\/div>\n<\/div>\n<div class=\"item tab_row bg-color-before\">\n<div class=\"img d-font-size-fix\"><img decoding=\"async\" title=\"\" src=\"https:\/\/img.yfisher.com\/m6076\/1725726646s6k\/jpg70-t3-scale100.webp\" alt=\"Cartouche de filtre \u00e0 eau pliss\u00e9e en PP de remplacement de 5 pouces 10 pouces 9\" data-lazy=\"2\"><\/div>\n<div class=\"text_box\">\n<div class=\"txt font-color d-font-size-fix\">\n<div class=\"numbox\">partie.4<\/div>\n<div class=\"title\">Cartouche filtrante pliss\u00e9e DOE 20 pouces en PP avec joint EPDM, multicouche \u00e0 porosit\u00e9 gradu\u00e9e.<\/div>\n<\/div>\n<\/div>\n<\/div>\n<div class=\"d-tem04-title text-left d-interval manS\" data-detail=\"wrap\">\n<h2 class=\"heading\">Applications des produits<\/h2>\n<\/div>\n<div class=\"d-tem15-graphic mockup\" data-detail=\"wrap\">\n<div class=\"clearfix d-clearfix\">\n<div class=\"col-sm-12 col-md-4 col-xs-6\">\n<div class=\"thumbnail\"><img decoding=\"async\" title=\"\" src=\"https:\/\/img.yfisher.com\/m6076\/1725286972eol\/jpg70-t3-scale100.webp\" alt=\"5 pouces 10 pouces Cartouche de remplacement pour filtre \u00e0 eau pliss\u00e9 en PP 10\" data-lazy=\"2\"><\/div>\n<div class=\"description\">\n<p>Pr\u00e9filtration d'un syst\u00e8me d'eau par osmose inverse<\/p>\n<\/div>\n<\/div>\n<div class=\"col-sm-12 col-md-4 col-xs-6\">\n<div class=\"thumbnail\"><img decoding=\"async\" title=\"\" src=\"https:\/\/img.yfisher.com\/m6076\/1725726646jx2\/jpg70-t3-scale100.webp\" alt=\"5 pouces 10 pouces Cartouche de remplacement pour filtre \u00e0 eau pliss\u00e9 en PP 11\" data-lazy=\"2\"><\/div>\n<div class=\"description\">Filtration des boissons<\/div>\n<\/div>\n<div class=\"col-sm-12 col-md-4 col-xs-6\">\n<div class=\"thumbnail\"><img decoding=\"async\" title=\"\" src=\"https:\/\/img.yfisher.com\/m6076\/1725286973s9v\/png70-t3-scale100.webp\" alt=\"5 pouces 10 pouces Cartouche de filtre \u00e0 eau pliss\u00e9e en PP de remplacement 12\" data-lazy=\"2\"><\/div>\n<div class=\"description\">Filtration de l'eau min\u00e9rale<\/div>\n<\/div>\n<\/div>\n<\/div>\n<div class=\"d-tem15-graphic mockup\" data-detail=\"wrap\">\n<div class=\"clearfix d-clearfix\">\n<div class=\"col-sm-12 col-md-4 col-xs-6\">\n<div class=\"thumbnail\"><img decoding=\"async\" title=\"\" src=\"https:\/\/img.yfisher.com\/m6076\/1725286973jsc\/png70-t3-scale100.webp\" alt=\"5 pouces 10 pouces Cartouche de filtre \u00e0 eau pliss\u00e9e en PP de remplacement 13\" data-lazy=\"2\"><\/div>\n<div class=\"description\">Filtration de solvants organiques et d'encres<\/div>\n<\/div>\n<div class=\"col-sm-12 col-md-4 col-xs-6\">\n<div class=\"thumbnail\"><img decoding=\"async\" title=\"\" src=\"https:\/\/img.yfisher.com\/m6076\/1725286973e46\/jpg70-t3-scale100.webp\" alt=\"5 pouces 10 pouces Cartouche de remplacement pour filtre \u00e0 eau pliss\u00e9 en PP 14\" data-lazy=\"2\"><\/div>\n<div class=\"description\">Filtration des produits pharmaceutiques<\/div>\n<\/div>\n<div class=\"col-sm-12 col-md-4 col-xs-6\">\n<div class=\"thumbnail\"><img decoding=\"async\" title=\"\" src=\"https:\/\/img.yfisher.com\/m6076\/172528697395f\/jpg70-t3-scale100.webp\" alt=\"5 pouces 10 pouces Cartouche de filtre \u00e0 eau pliss\u00e9e en PP de remplacement 15\" data-lazy=\"2\"><\/div>\n<div class=\"description\">Filtration de produits biologiques<\/div>\n<\/div>\n<\/div>\n<\/div>\n<\/div>\n<\/div>","protected":false},"excerpt":{"rendered":"<table>\n<thead>\n<tr>\n<th>Port de d\u00e9part :<\/th>\n<th>Guangzhou<\/th>\n<\/tr>\n<\/thead>\n<tbody>\n<tr>\n<td>Capacit\u00e9 de production :<\/td>\n<td>500 unit\u00e9s\/mois<\/td>\n<\/tr>\n<tr>\n<td>Lieu d'origine :<\/td>\n<td>Guangdong, Chine<\/td>\n<\/tr>\n<tr>\n<td>Paiement :<\/td>\n<td>T\/T, Alibaba Trade Assurance, paypal<\/td>\n<\/tr>\n<tr>\n<td>MOQ :<\/td>\n<td>10pcs<\/td>\n<\/tr>\n<tr>\n<td>Mod\u00e8le :<\/td>\n<td>LY-PL-PP<\/td>\n<\/tr>\n<tr>\n<td>D\u00e9lai de livraison :<\/td>\n<td>Dans les 7 jours ouvrables<\/td>\n<\/tr>\n<tr>\n<td>Certification :<\/td>\n<td>SGS, ISO 9001<\/td>\n<\/tr>\n<tr>\n<td>Marque :<\/td>\n<td>OEM\/Lvyuan<\/td>\n<\/tr>\n<\/tbody>\n<\/table>","protected":false},"featured_media":624,"comment_status":"open","ping_status":"closed","template":"","meta":{"_gspb_post_css":""},"product_brand":[],"product_cat":[21,17],"product_tag":[261,266,260,265,273,259],"class_list":{"0":"post-622","1":"product","2":"type-product","3":"status-publish","4":"has-post-thumbnail","6":"product_cat-pleated-filter-cartridge","7":"product_cat-sediment-filter","8":"product_tag-guangdong-china","9":"product_tag-guangzhou","10":"product_tag-iso-9001","11":"product_tag-lvyuan","12":"product_tag-ly-pl-pp","13":"product_tag-oem","15":"first","16":"instock","17":"shipping-taxable","18":"product-type-simple"},"_links":{"self":[{"href":"https:\/\/lyfilter.com\/fr\/wp-json\/wp\/v2\/product\/622","targetHints":{"allow":["GET"]}}],"collection":[{"href":"https:\/\/lyfilter.com\/fr\/wp-json\/wp\/v2\/product"}],"about":[{"href":"https:\/\/lyfilter.com\/fr\/wp-json\/wp\/v2\/types\/product"}],"replies":[{"embeddable":true,"href":"https:\/\/lyfilter.com\/fr\/wp-json\/wp\/v2\/comments?post=622"}],"wp:featuredmedia":[{"embeddable":true,"href":"https:\/\/lyfilter.com\/fr\/wp-json\/wp\/v2\/media\/624"}],"wp:attachment":[{"href":"https:\/\/lyfilter.com\/fr\/wp-json\/wp\/v2\/media?parent=622"}],"wp:term":[{"taxonomy":"product_brand","embeddable":true,"href":"https:\/\/lyfilter.com\/fr\/wp-json\/wp\/v2\/product_brand?post=622"},{"taxonomy":"product_cat","embeddable":true,"href":"https:\/\/lyfilter.com\/fr\/wp-json\/wp\/v2\/product_cat?post=622"},{"taxonomy":"product_tag","embeddable":true,"href":"https:\/\/lyfilter.com\/fr\/wp-json\/wp\/v2\/product_tag?post=622"}],"curies":[{"name":"wp","href":"https:\/\/api.w.org\/{rel}","templated":true}]}}