{"id":617,"date":"2025-12-24T03:20:08","date_gmt":"2025-12-24T03:20:08","guid":{"rendered":"https:\/\/lyfilter.com\/?post_type=product&#038;p=617"},"modified":"2025-12-24T06:44:20","modified_gmt":"2025-12-24T06:44:20","slug":"0-2-%ce%bcm-5-inch-pes-membrane-pleated-cartridge-filters-manufacturer","status":"publish","type":"product","link":"https:\/\/lyfilter.com\/fr\/0-2-%ce%bcm-5-inch-pes-membrane-pleated-cartridge-filters-manufacturer\/","title":{"rendered":"Filtres \u00e0 cartouche pliss\u00e9e \u00e0 membrane PES de 0,2 \u03bcm 5 pouces fabricant"},"content":{"rendered":"<div class=\"d-tem11-graphic tem11-graphic mockup\" data-detail=\"wrap\">\n<div class=\"tab_row\">\n<div class=\"img\"><img decoding=\"async\" title=\"\" src=\"https:\/\/img.yfisher.com\/m6076\/1725726643y2e\/png70-t3-scale100.webp\" alt=\"Filtres \u00e0 cartouche pliss\u00e9e \u00e0 membrane PES de 0,2 \u03bcm 5 pouces fabricant 5\" data-lazy=\"2\"><\/div>\n<div class=\"text_box\">\n<div class=\"txt\">\n<p>La cartouche filtrante pliss\u00e9e PES est fabriqu\u00e9e \u00e0 partir d'une membrane en poly\u00e9thersulfone (PES) import\u00e9e et de mat\u00e9riaux de support non tiss\u00e9s, le mat\u00e9riau du noyau de la cage et des embouts \u00e9tant le polypropyl\u00e8ne. Les cartouches filtrantes \u00e0 membrane en poly\u00e9thersulfone (PES) de pr\u00e9cision absolue et les adaptateurs sont soud\u00e9s thermiquement avec le m\u00e9dia sans utiliser de colle, ce qui n'entra\u00eene aucune pollution.<\/p>\n<p>La cartouche filtrante PES est id\u00e9ale pour la pr\u00e9filtration critique des applications de st\u00e9rilisation et la filtration finale dans une large gamme d'applications non st\u00e9riles exigeantes. La membrane intrins\u00e8quement hydrophile ne contient aucun agent tensioactif ou mouillant, ce qui permet une filtration et des d\u00e9bits efficaces.<\/p>\n<p>En raison de sa large gamme de valeurs de PH et de sa plus faible adsorption sur les prot\u00e9ines que la membrane en nylon, elle est devenue la cartouche filtrante pr\u00e9f\u00e9r\u00e9e pour la filtration finale dans les industries pharmaceutiques, alimentaires et chimiques.<\/p>\n<\/div>\n<\/div>\n<\/div>\n<\/div>\n<div class=\"er-fangkuang1\">\n<p>\u00a0 Caract\u00e9ristiques du produit<\/p>\n<div class=\"description\">\n<ul>\n<li><span class=\"font-color\">\u25ea \u00a0\u00a0<\/span>Le produit offre une excellente efficacit\u00e9 de r\u00e9tention et une dur\u00e9e de vie prolong\u00e9e, ce qui en fait un filtre id\u00e9al pour la clarification de la bi\u00e8re, du vin et de l'eau en bouteille.<\/li>\n<\/ul>\n<ul>\n<li><span class=\"font-color\">\u25ea\u00a0 \u00a0<\/span>Excellente compatibilit\u00e9 chimique.<\/li>\n<li><span class=\"font-color\">\u25ea\u00a0 \u00a0<\/span>R\u00e9sistance aux temp\u00e9ratures \u00e9lev\u00e9es, aux acides et aux alcalis.<\/li>\n<li><span class=\"font-color\">\u25ea\u00a0 \u00a0<\/span>Membrane hydrophile \u00e0 haut d\u00e9bit.<\/li>\n<li><span class=\"font-color\">\u25ea\u00a0 \u00a0<\/span>Ne lib\u00e9rant pas de fibres, il r\u00e9pond aux exigences \u00e9lev\u00e9es de l'industrie pharmaceutique et alimentaire.<\/li>\n<li><span class=\"font-color\">\u25ea\u00a0 \u00a0<\/span>Les filtres \u00e0 cartouches pliss\u00e9es PES sont soumis \u00e0 des tests d'int\u00e9grit\u00e9 au cours de la production afin de garantir leur performance et leur r\u00e9gularit\u00e9.<\/li>\n<\/ul>\n<\/div>\n<\/div>\n<div class=\"d-tem04-title text-left d-interval manS\" data-detail=\"wrap\">\n<h2 class=\"heading\">Param\u00e8tres du produit<\/h2>\n<\/div>\n<div class=\"table-responsive\">\n<table class=\"table table-bordered table-hover\">\n<tbody>\n<tr class=\"firstRow\">\n<td>Nom du produit<\/td>\n<td>Filtre \u00e0 cartouche pliss\u00e9e \u00e0 membrane PES de 0,2 \u03bcm 5 pouces<\/td>\n<\/tr>\n<tr>\n<td>M\u00e9dia filtrant<\/td>\n<td>PES (poly\u00e9thersulfone)<\/td>\n<\/tr>\n<tr>\n<td>Soutien<\/td>\n<td>PP\/Polypropyl\u00e8ne<\/td>\n<\/tr>\n<tr>\n<td>Capuchon du noyau\/de l'extr\u00e9mit\u00e9<\/td>\n<td>PP\/Polypropyl\u00e8ne<\/td>\n<\/tr>\n<tr>\n<td>Mat\u00e9riau du joint<\/td>\n<td>Silicone\/EPDM\/VITON\/PTFE\/NBR\/TEFLON<\/td>\n<\/tr>\n<tr>\n<td>Diam\u00e8tre ext\u00e9rieur<\/td>\n<td>2,7\u201d (69 mm)<\/td>\n<\/tr>\n<tr>\n<td>Longueur<\/td>\n<td>5\u201d, 9.75\u201d, 10\u201d, 20\u201d, 30\u201d, 40\u201d, sur mesure<\/td>\n<\/tr>\n<tr>\n<td>Capuchon d'extr\u00e9mit\u00e9<\/td>\n<td>215\/222\/226\/FIN\/DOE\/SS<\/td>\n<\/tr>\n<tr>\n<td>Zone de filtration<\/td>\n<td>\u22650.6m\u00b2<\/td>\n<\/tr>\n<tr>\n<td>Temp\u00e9rature de fonctionnement maximale<\/td>\n<td>\u2264140\u2103, 0.28Mpa<\/td>\n<\/tr>\n<tr>\n<td>Indice de micron (\u03bcm)<\/td>\n<td>0.1, 0.2, 0.45, 0.65<\/td>\n<\/tr>\n<\/tbody>\n<\/table>\n<\/div>\n<div class=\"d-tem04-title text-left d-interval manS\" data-detail=\"wrap\">\n<h2 class=\"heading\">D\u00e9tails du produit<\/h2>\n<\/div>\n<div class=\"d-tem05-technology mockup\" data-detail=\"wrap\">\n<div class=\"items\">\n<div class=\"item tab_row bg-color-before\">\n<div class=\"img d-font-size-fix\"><img decoding=\"async\" title=\"\" src=\"https:\/\/img.yfisher.com\/m6076\/1725726643xgc\/png70-t3-scale100.webp\" alt=\"Filtres \u00e0 cartouche pliss\u00e9e \u00e0 membrane PES de 0,2 \u03bcm 5 pouces fabricant 6\" data-lazy=\"2\"><\/div>\n<div class=\"text_box\">\n<div class=\"txt font-color d-font-size-fix\">\n<div class=\"numbox\">partie.1<\/div>\n<div class=\"title\">Les membranes monocouche et bicouche sont soumises \u00e0 des tests d'int\u00e9grit\u00e9 au cours de la production afin de garantir leur performance et leur coh\u00e9rence.<\/div>\n<\/div>\n<\/div>\n<\/div>\n<div class=\"item tab_row bg-color-before\">\n<div class=\"img d-font-size-fix\"><img decoding=\"async\" title=\"\" src=\"https:\/\/img.yfisher.com\/m6076\/1725726643w7c\/png70-t3-scale100.webp\" alt=\"Filtres \u00e0 cartouche pliss\u00e9e \u00e0 membrane PES de 0,2 \u03bcm 5 pouces fabricant 7\" data-lazy=\"2\"><\/div>\n<div class=\"text_box\">\n<div class=\"txt font-color d-font-size-fix\">\n<div class=\"numbox\">partie.2<\/div>\n<div class=\"title\">Au taux de microns absolus de 0,1 \u03bcm \u00e0 0,65 \u03bcm, la capacit\u00e9 de d\u00e9bit \u00e9lev\u00e9 r\u00e9duit l'investissement dans le logement.<\/div>\n<\/div>\n<\/div>\n<\/div>\n<div class=\"item tab_row bg-color-before\">\n<div class=\"img d-font-size-fix\"><img decoding=\"async\" title=\"\" src=\"https:\/\/img.yfisher.com\/m6076\/1725726643ltg\/png70-t3-scale100.webp\" alt=\"Filtres \u00e0 cartouche pliss\u00e9e \u00e0 membrane PES de 0,2 \u03bcm 5 pouces fabricant 8\" data-lazy=\"2\"><\/div>\n<div class=\"text_box\">\n<div class=\"txt font-color d-font-size-fix\">\n<div class=\"numbox\">partie.3<\/div>\n<div class=\"title\">Large compatibilit\u00e9 chimique et bonne r\u00e9sistance \u00e0 la chaleur, membrane PES \u00e9conomique et import\u00e9e pour votre choix.<\/div>\n<\/div>\n<\/div>\n<\/div>\n<div class=\"item tab_row bg-color-before\">\n<div class=\"img d-font-size-fix\"><img decoding=\"async\" title=\"\" src=\"https:\/\/img.yfisher.com\/m6076\/1725726643we2\/png70-t3-scale100.webp\" alt=\"Filtres \u00e0 cartouche pliss\u00e9e \u00e0 membrane PES de 0,2 \u03bcm 5 pouces fabricant 9\" data-lazy=\"2\"><\/div>\n<div class=\"text_box\">\n<div class=\"txt font-color d-font-size-fix\">\n<div class=\"numbox\">partie.4<\/div>\n<div class=\"title\">Diff\u00e9rents embouts de filtre \u00e0 cartouche sont disponibles en option. FIN\/215\/222\/FLAT\/226 et acier inoxydable.<\/div>\n<\/div>\n<\/div>\n<\/div>\n<div class=\"d-tem04-title text-left d-interval manS\" data-detail=\"wrap\">\n<h2 class=\"heading\">Applications des produits<\/h2>\n<\/div>\n<div class=\"d-tem15-graphic mockup\" data-detail=\"wrap\">\n<div class=\"clearfix d-clearfix\">\n<div class=\"col-sm-12 col-md-4 col-xs-6\">\n<div class=\"thumbnail\"><img decoding=\"async\" title=\"\" src=\"https:\/\/img.yfisher.com\/m6076\/1725726643idj\/png70-t3-scale100.webp\" alt=\"Filtres \u00e0 cartouche pliss\u00e9e \u00e0 membrane PES de 0,2 \u03bcm 5 pouces fabricant 10\" data-lazy=\"2\"><\/div>\n<div class=\"description\">\n<p>M\u00e9decine<\/p>\n<\/div>\n<\/div>\n<div class=\"col-sm-12 col-md-4 col-xs-6\">\n<div class=\"thumbnail\"><img decoding=\"async\" title=\"\" src=\"https:\/\/img.yfisher.com\/m6076\/1725726643og5\/png70-t3-scale100.webp\" alt=\"Filtres \u00e0 cartouche pliss\u00e9e \u00e0 membrane PES de 0,2 \u03bcm 5 pouces fabricant 11\" data-lazy=\"2\"><\/div>\n<div class=\"description\">Technologie de la biologie<\/div>\n<\/div>\n<div class=\"col-sm-12 col-md-4 col-xs-6\">\n<div class=\"thumbnail\"><img decoding=\"async\" title=\"\" src=\"https:\/\/img.yfisher.com\/m6076\/1725286973s9v\/png70-t3-scale100.webp\" alt=\"Filtres \u00e0 cartouche pliss\u00e9e \u00e0 membrane PES de 0,2 \u03bcm 5 pouces fabricant 12\" data-lazy=\"2\"><\/div>\n<div class=\"description\">Eau ultra-pure<\/div>\n<\/div>\n<\/div>\n<\/div>\n<div class=\"d-tem15-graphic mockup\" data-detail=\"wrap\">\n<div class=\"clearfix d-clearfix\">\n<div class=\"col-sm-12 col-md-4 col-xs-6\">\n<div class=\"thumbnail\"><img decoding=\"async\" title=\"\" src=\"https:\/\/img.yfisher.com\/m6076\/1725286973jsc\/png70-t3-scale100.webp\" alt=\"Filtres \u00e0 cartouche pliss\u00e9e \u00e0 membrane PES de 0,2 \u03bcm 5 pouces fabricant 13\" data-lazy=\"2\"><\/div>\n<div class=\"description\">filtration des mati\u00e8res premi\u00e8res chimiques<\/div>\n<\/div>\n<div class=\"col-sm-12 col-md-4 col-xs-6\">\n<div class=\"thumbnail\"><img decoding=\"async\" title=\"\" src=\"https:\/\/img.yfisher.com\/m6076\/1725726643we2\/jpg70-t3-scale100.webp\" alt=\"Filtres \u00e0 cartouche pliss\u00e9e \u00e0 membrane PES de 0,2 \u03bcm 5 pouces fabricant 14\" data-lazy=\"2\"><\/div>\n<div class=\"description\">Boissons<\/div>\n<\/div>\n<div class=\"col-sm-12 col-md-4 col-xs-6\">\n<div class=\"thumbnail\"><img decoding=\"async\" title=\"\" src=\"https:\/\/img.yfisher.com\/m6076\/1725726643yla\/png70-t3-scale100.webp\" alt=\"Filtres \u00e0 cartouche pliss\u00e9e \u00e0 membrane PES de 0,2 \u03bcm 5 pouces fabricant 15\" data-lazy=\"2\"><\/div>\n<div class=\"description\">Bi\u00e8re<\/div>\n<\/div>\n<\/div>\n<\/div>\n<\/div>\n<\/div>","protected":false},"excerpt":{"rendered":"<table>\n<thead>\n<tr>\n<th>Port de d\u00e9part :<\/th>\n<th>Guangzhou<\/th>\n<\/tr>\n<\/thead>\n<tbody>\n<tr>\n<td>Capacit\u00e9 de production :<\/td>\n<td>500 unit\u00e9s\/mois<\/td>\n<\/tr>\n<tr>\n<td>Lieu d'origine :<\/td>\n<td>Guangdong, Chine<\/td>\n<\/tr>\n<tr>\n<td>Paiement :<\/td>\n<td>T\/T, Western Union, MoneyGram, Alibaba Trade Assurance, paypal<\/td>\n<\/tr>\n<tr>\n<td>MOQ :<\/td>\n<td>10 pi\u00e8ces<\/td>\n<\/tr>\n<tr>\n<td>Mod\u00e8le :<\/td>\n<td>LY-PL-PES<\/td>\n<\/tr>\n<tr>\n<td>D\u00e9lai de livraison :<\/td>\n<td>Dans les 7 jours ouvrables<\/td>\n<\/tr>\n<tr>\n<td>Certification :<\/td>\n<td>SGS<\/td>\n<\/tr>\n<tr>\n<td>Marque :<\/td>\n<td>OEM\/Lvyuan<\/td>\n<\/tr>\n<\/tbody>\n<\/table>","protected":false},"featured_media":618,"comment_status":"open","ping_status":"closed","template":"","meta":{"_gspb_post_css":""},"product_brand":[],"product_cat":[21,17],"product_tag":[261,266,265,272,259,269],"class_list":{"0":"post-617","1":"product","2":"type-product","3":"status-publish","4":"has-post-thumbnail","6":"product_cat-pleated-filter-cartridge","7":"product_cat-sediment-filter","8":"product_tag-guangdong-china","9":"product_tag-guangzhou","10":"product_tag-lvyuan","11":"product_tag-ly-pl-pes","12":"product_tag-oem","13":"product_tag-sgs","15":"first","16":"instock","17":"shipping-taxable","18":"product-type-simple"},"_links":{"self":[{"href":"https:\/\/lyfilter.com\/fr\/wp-json\/wp\/v2\/product\/617","targetHints":{"allow":["GET"]}}],"collection":[{"href":"https:\/\/lyfilter.com\/fr\/wp-json\/wp\/v2\/product"}],"about":[{"href":"https:\/\/lyfilter.com\/fr\/wp-json\/wp\/v2\/types\/product"}],"replies":[{"embeddable":true,"href":"https:\/\/lyfilter.com\/fr\/wp-json\/wp\/v2\/comments?post=617"}],"wp:featuredmedia":[{"embeddable":true,"href":"https:\/\/lyfilter.com\/fr\/wp-json\/wp\/v2\/media\/618"}],"wp:attachment":[{"href":"https:\/\/lyfilter.com\/fr\/wp-json\/wp\/v2\/media?parent=617"}],"wp:term":[{"taxonomy":"product_brand","embeddable":true,"href":"https:\/\/lyfilter.com\/fr\/wp-json\/wp\/v2\/product_brand?post=617"},{"taxonomy":"product_cat","embeddable":true,"href":"https:\/\/lyfilter.com\/fr\/wp-json\/wp\/v2\/product_cat?post=617"},{"taxonomy":"product_tag","embeddable":true,"href":"https:\/\/lyfilter.com\/fr\/wp-json\/wp\/v2\/product_tag?post=617"}],"curies":[{"name":"wp","href":"https:\/\/api.w.org\/{rel}","templated":true}]}}