{"id":611,"date":"2025-12-24T03:18:18","date_gmt":"2025-12-24T03:18:18","guid":{"rendered":"https:\/\/lyfilter.com\/?post_type=product&#038;p=611"},"modified":"2025-12-24T06:48:13","modified_gmt":"2025-12-24T06:48:13","slug":"30-inch-nylon-n66-membrane-pleated-water-filter-cartridge-suppliers","status":"publish","type":"product","link":"https:\/\/lyfilter.com\/fr\/30-inch-nylon-n66-membrane-pleated-water-filter-cartridge-suppliers\/","title":{"rendered":"Cartouche de filtre \u00e0 eau pliss\u00e9e \u00e0 membrane Nylon N66 de 30 pouces fournisseurs"},"content":{"rendered":"<div class=\"d-tem11-graphic tem11-graphic mockup\" data-detail=\"wrap\">\n<div class=\"tab_row\">\n<div class=\"img\"><img decoding=\"async\" title=\"\" src=\"https:\/\/img.yfisher.com\/m6076\/17257266419wj\/jpg70-t3-scale100.webp\" alt=\"Cartouche de filtre \u00e0 eau pliss\u00e9e \u00e0 membrane Nylon N66 de 30 pouces fournisseurs 2\" data-lazy=\"2\"><\/div>\n<div class=\"text_box\">\n<div class=\"txt\">\n<div class=\"title\">La cartouche filtrante pliss\u00e9e N6 est constitu\u00e9e d'un m\u00e9dia en Nylon 6 et de mat\u00e9riaux de support non tiss\u00e9s. Les adaptateurs sont soud\u00e9s thermiquement avec le m\u00e9dia sans utiliser de colle, sans pollution ni d\u00e9jections. Propre et stable, chaque cartouche filtrante a pass\u00e9 des tests stricts d'int\u00e9grit\u00e9 100%. L'environnement de production strict et le meilleur assurent la s\u00e9curit\u00e9 de la filtration. La cartouche filtrante pliss\u00e9e en nylon ou la cartouche filtrante pliss\u00e9e \u00e0 membrane en nylon utilise des membranes en nylon 66 de grande puret\u00e9 dans un support en polyester non tiss\u00e9. Il est principalement destin\u00e9 aux applications de filtration en phase finale.<\/div>\n<\/div>\n<\/div>\n<\/div>\n<\/div>\n<div class=\"er-fangkuang1\">\n<p>\u00a0 Caract\u00e9ristiques du produit<\/p>\n<div class=\"description\">\n<ul>\n<li><span class=\"font-color\">\u25ea \u00a0\u00a0<\/span>Grande capacit\u00e9 de r\u00e9tention de la salet\u00e9 et longue dur\u00e9e de vie.<\/li>\n<li><span class=\"font-color\">\u25ea\u00a0\u00a0<\/span>\u00a0La membrane en nylon ne n\u00e9cessite pas de pr\u00e9-mouillage en raison de son caract\u00e8re hydrophile.<\/li>\n<li><span class=\"font-color\">\u25ea\u00a0 \u00a0<\/span>Le diam\u00e8tre des pores est uniform\u00e9ment r\u00e9parti, ce qui permet d'obtenir un bon effet de filtration.<\/li>\n<li><span class=\"font-color\">\u25ea\u00a0 \u00a0<\/span>Excellente compatibilit\u00e9 chimique, compatible avec la plupart des r\u00e9actifs sanitaires, y compris jusqu'\u00e0 50% H2O2 et jusqu'\u00e0 1,6% eau de Javel (800PPmNaClo).<\/li>\n<li><span class=\"font-color\">\u25ea\u00a0 \u00a0<\/span>Pas de lib\u00e9ration de fibres, enti\u00e8rement conforme aux normes de l'industrie pharmaceutique.<\/li>\n<\/ul>\n<\/div>\n<\/div>\n<div class=\"d-tem04-title text-left d-interval manS\" data-detail=\"wrap\">\n<h2 class=\"heading\">Param\u00e8tres du produit<\/h2>\n<\/div>\n<div class=\"table-responsive\">\n<table class=\"table table-bordered table-hover\">\n<tbody>\n<tr class=\"firstRow\">\n<td>Nom du produit<\/td>\n<td>El\u00e9ment filtrant pliss\u00e9 \u00e0 membrane Nylon N66 de 30 pouces avec adaptateur 226 (LY-PL-N66)<\/td>\n<\/tr>\n<tr>\n<td>M\u00e9dia filtrant<\/td>\n<td>Nylon (N66)<\/td>\n<\/tr>\n<tr>\n<td>Soutien<\/td>\n<td>PP\/Polypropyl\u00e8ne<\/td>\n<\/tr>\n<tr>\n<td>Capuchon du noyau\/de l'extr\u00e9mit\u00e9<\/td>\n<td>PP\/Polypropyl\u00e8ne<\/td>\n<\/tr>\n<tr>\n<td>Mat\u00e9riau du joint<\/td>\n<td>Silicone\/EPDM\/VITON\/PTFE\/NBR\/TEFLON<\/td>\n<\/tr>\n<tr>\n<td>Diam\u00e8tre ext\u00e9rieur<\/td>\n<td>2,7\u201d (69 mm)<\/td>\n<\/tr>\n<tr>\n<td>Longueur<\/td>\n<td>5\u201d, 9.75\u201d, 10\u201d, 20\u201d, 30\u201d, 40\u201d, sur mesure<\/td>\n<\/tr>\n<tr>\n<td>Capuchon d'extr\u00e9mit\u00e9<\/td>\n<td>215\/222\/226\/FIN\/DOE\/SS<\/td>\n<\/tr>\n<tr>\n<td>Zone de filtration<\/td>\n<td>\u22650.6m\u00b2<\/td>\n<\/tr>\n<tr>\n<td>Temp\u00e9rature de fonctionnement maximale<\/td>\n<td>\u2264 49\u2103<\/td>\n<\/tr>\n<tr>\n<td>Indice de micron (\u03bcm)<\/td>\n<td>0.2, 0.45, 0.65, 1<\/td>\n<\/tr>\n<\/tbody>\n<\/table>\n<\/div>\n<div class=\"d-tem04-title text-left d-interval manS\" data-detail=\"wrap\">\n<h2 class=\"heading\">D\u00e9tails du produit<\/h2>\n<\/div>\n<div class=\"d-tem05-technology mockup\" data-detail=\"wrap\">\n<div class=\"items\">\n<div class=\"item tab_row bg-color-before\">\n<div class=\"img d-font-size-fix\"><img decoding=\"async\" title=\"\" src=\"https:\/\/img.yfisher.com\/m6076\/1725726641vkd\/jpg70-t3-scale100.webp\" alt=\"Cartouche de filtre \u00e0 eau pliss\u00e9e \u00e0 membrane Nylon N66 de 30 pouces fournisseurs 3\" data-lazy=\"2\"><\/div>\n<div class=\"text_box\">\n<div class=\"txt font-color d-font-size-fix\">\n<div class=\"numbox\">partie.1<\/div>\n<div class=\"title\">Le taux de micron de la membrane est optionnel. Les options \u00e0 commander pour ce site comprennent des membranes de 0,03 \u00e0 0,45 microns dans des longueurs de 10\u2033 \u00e0 40\u2033 avec soit.<\/div>\n<\/div>\n<\/div>\n<\/div>\n<div class=\"item tab_row bg-color-before\">\n<div class=\"img d-font-size-fix\"><img decoding=\"async\" title=\"\" src=\"https:\/\/img.yfisher.com\/m6076\/1725726641cip\/jpg70-t3-scale100.webp\" alt=\"Cartouche de filtre \u00e0 eau pliss\u00e9e \u00e0 membrane Nylon N66 de 30 pouces fournisseurs 4\" data-lazy=\"2\"><\/div>\n<div class=\"text_box\">\n<div class=\"txt font-color d-font-size-fix\">\n<div class=\"numbox\">partie.2<\/div>\n<div class=\"title\">Double extr\u00e9mit\u00e9 ouverte (DOE), 222 ou 226 configurations d'extr\u00e9mit\u00e9, toutes livr\u00e9es en standard avec des joints EPDM\/PTFE\/SILICONE\/TEFLON.<\/div>\n<\/div>\n<\/div>\n<\/div>\n<div class=\"item tab_row bg-color-before\">\n<div class=\"img d-font-size-fix\"><img decoding=\"async\" title=\"\" src=\"https:\/\/img.yfisher.com\/m6076\/172572664168b\/jpg70-t3-scale100.webp\" alt=\"Cartouche de filtre \u00e0 eau pliss\u00e9e \u00e0 membrane Nylon N66 de 30 pouces fournisseurs 5\" data-lazy=\"2\"><\/div>\n<div class=\"text_box\">\n<div class=\"txt font-color d-font-size-fix\">\n<div class=\"numbox\">partie.3<\/div>\n<div class=\"title\">Mat\u00e9riau du noyau du filtre et du joint torique, le nombre de couches de la membrane offre plus d'options aux utilisateurs.<\/div>\n<\/div>\n<\/div>\n<\/div>\n<div class=\"item tab_row bg-color-before\">\n<div class=\"img d-font-size-fix\"><img decoding=\"async\" title=\"\" src=\"https:\/\/img.yfisher.com\/m6076\/1725726641jhy\/jpg70-t3-scale100.webp\" alt=\"Cartouche de filtre \u00e0 eau pliss\u00e9e \u00e0 membrane Nylon N66 de 30 pouces fournisseurs 6\" data-lazy=\"2\"><\/div>\n<div class=\"text_box\">\n<div class=\"txt font-color d-font-size-fix\">\n<div class=\"numbox\">partie.4<\/div>\n<div class=\"title\">Toutes les pi\u00e8ces des cartouches filtrantes sont de haute qualit\u00e9 pour r\u00e9pondre aux exigences de la pharmacie.<\/div>\n<\/div>\n<\/div>\n<\/div>\n<div class=\"d-tem04-title text-left d-interval manS\" data-detail=\"wrap\">\n<h2 class=\"heading\">Applications des produits<\/h2>\n<\/div>\n<div class=\"d-tem15-graphic mockup\" data-detail=\"wrap\">\n<div class=\"clearfix d-clearfix\">\n<div class=\"col-sm-12 col-md-4 col-xs-6\">\n<div class=\"thumbnail\"><img decoding=\"async\" title=\"\" src=\"https:\/\/img.yfisher.com\/m6076\/17252869702lg\/jpg70-t3-scale100.webp\" alt=\"Cartouche de filtre \u00e0 eau pliss\u00e9e \u00e0 membrane Nylon N66 de 30 pouces fournisseurs 7\" data-lazy=\"2\"><\/div>\n<div class=\"description\">\n<p>Pr\u00e9traitement de l'eau par osmose inverse pour l'eau du robinet<\/p>\n<\/div>\n<\/div>\n<div class=\"col-sm-12 col-md-4 col-xs-6\">\n<div class=\"thumbnail\"><img decoding=\"async\" title=\"\" src=\"https:\/\/img.yfisher.com\/m6076\/1725286970srn\/jpg70-t3-scale100.webp\" alt=\"Cartouche de filtre \u00e0 eau pliss\u00e9e \u00e0 membrane Nylon N66 de 30 pouces fournisseurs 8\" data-lazy=\"2\"><\/div>\n<div class=\"description\">Filtration de l'eau de l'industrie, de la m\u00e9tallisation<\/div>\n<\/div>\n<div class=\"col-sm-12 col-md-4 col-xs-6\">\n<div class=\"thumbnail\"><img decoding=\"async\" title=\"\" src=\"https:\/\/img.yfisher.com\/m6076\/1725286970f8t\/jpg70-t3-scale100.webp\" alt=\"Cartouche de filtre \u00e0 eau pliss\u00e9e \u00e0 membrane Nylon N66 de 30 pouces fournisseurs 9\" data-lazy=\"2\"><\/div>\n<div class=\"description\">Alimentation et boissons<\/div>\n<\/div>\n<\/div>\n<\/div>\n<div class=\"d-tem15-graphic mockup\" data-detail=\"wrap\">\n<div class=\"clearfix d-clearfix\">\n<div class=\"col-sm-12 col-md-4 col-xs-6\">\n<div class=\"thumbnail\"><img decoding=\"async\" title=\"\" src=\"https:\/\/img.yfisher.com\/m6076\/1725286970bzw\/jpg70-t3-scale100.webp\" alt=\"Cartouche de filtre \u00e0 eau pliss\u00e9e de 30 pouces en Nylon N66 fournisseurs 10\" data-lazy=\"2\"><\/div>\n<div class=\"description\">Pr\u00e9filtration de l'eau st\u00e9rile et de l'eau ultra pure<\/div>\n<\/div>\n<div class=\"col-sm-12 col-md-4 col-xs-6\">\n<div class=\"thumbnail\"><img decoding=\"async\" title=\"\" src=\"https:\/\/img.yfisher.com\/m6076\/1725286970fd2\/jpg70-t3-scale100.webp\" alt=\"Cartouche de filtre \u00e0 eau pliss\u00e9e \u00e0 membrane Nylon N66 de 30 pouces fournisseurs 11\" data-lazy=\"2\"><\/div>\n<div class=\"description\">Eau chimique et eau de solvants<\/div>\n<\/div>\n<div class=\"col-sm-12 col-md-4 col-xs-6\">\n<div class=\"thumbnail\"><img decoding=\"async\" title=\"\" src=\"https:\/\/img.yfisher.com\/m6076\/1725286970v45\/jpg70-t3-scale100.webp\" alt=\"Cartouche de filtre \u00e0 eau pliss\u00e9e \u00e0 membrane Nylon N66 de 30 pouces fournisseurs 12\" data-lazy=\"2\"><\/div>\n<div class=\"description\">Dessalement de l'eau de mer<\/div>\n<\/div>\n<\/div>\n<\/div>\n<\/div>\n<\/div>","protected":false},"excerpt":{"rendered":"<table>\n<thead>\n<tr>\n<th>Port de d\u00e9part :<\/th>\n<th>Guangzhou<\/th>\n<\/tr>\n<\/thead>\n<tbody>\n<tr>\n<td>Capacit\u00e9 de production :<\/td>\n<td>500 unit\u00e9s\/mois<\/td>\n<\/tr>\n<tr>\n<td>Lieu d'origine :<\/td>\n<td>Guanddong, Chine<\/td>\n<\/tr>\n<tr>\n<td>Paiement :<\/td>\n<td>T\/T, Western Union, Alibaba Trade Assurance, paypal<\/td>\n<\/tr>\n<tr>\n<td>MOQ :<\/td>\n<td>10pcs<\/td>\n<\/tr>\n<tr>\n<td>Mod\u00e8le :<\/td>\n<td>LY-PL-N66<\/td>\n<\/tr>\n<tr>\n<td>D\u00e9lai de livraison :<\/td>\n<td>Dans les 7 jours suivant le paiement int\u00e9gral.<\/td>\n<\/tr>\n<tr>\n<td>Certification :<\/td>\n<td>SGS<\/td>\n<\/tr>\n<tr>\n<td>Marque :<\/td>\n<td>OEM\/Lvyuan<\/td>\n<\/tr>\n<\/tbody>\n<\/table>","protected":false},"featured_media":615,"comment_status":"open","ping_status":"closed","template":"","meta":{"_gspb_post_css":""},"product_brand":[],"product_cat":[17,21],"product_tag":[261,266,265,271,259,269],"class_list":{"0":"post-611","1":"product","2":"type-product","3":"status-publish","4":"has-post-thumbnail","6":"product_cat-sediment-filter","7":"product_cat-pleated-filter-cartridge","8":"product_tag-guangdong-china","9":"product_tag-guangzhou","10":"product_tag-lvyuan","11":"product_tag-ly-pl-n66","12":"product_tag-oem","13":"product_tag-sgs","15":"first","16":"instock","17":"shipping-taxable","18":"product-type-simple"},"_links":{"self":[{"href":"https:\/\/lyfilter.com\/fr\/wp-json\/wp\/v2\/product\/611","targetHints":{"allow":["GET"]}}],"collection":[{"href":"https:\/\/lyfilter.com\/fr\/wp-json\/wp\/v2\/product"}],"about":[{"href":"https:\/\/lyfilter.com\/fr\/wp-json\/wp\/v2\/types\/product"}],"replies":[{"embeddable":true,"href":"https:\/\/lyfilter.com\/fr\/wp-json\/wp\/v2\/comments?post=611"}],"wp:featuredmedia":[{"embeddable":true,"href":"https:\/\/lyfilter.com\/fr\/wp-json\/wp\/v2\/media\/615"}],"wp:attachment":[{"href":"https:\/\/lyfilter.com\/fr\/wp-json\/wp\/v2\/media?parent=611"}],"wp:term":[{"taxonomy":"product_brand","embeddable":true,"href":"https:\/\/lyfilter.com\/fr\/wp-json\/wp\/v2\/product_brand?post=611"},{"taxonomy":"product_cat","embeddable":true,"href":"https:\/\/lyfilter.com\/fr\/wp-json\/wp\/v2\/product_cat?post=611"},{"taxonomy":"product_tag","embeddable":true,"href":"https:\/\/lyfilter.com\/fr\/wp-json\/wp\/v2\/product_tag?post=611"}],"curies":[{"name":"wp","href":"https:\/\/api.w.org\/{rel}","templated":true}]}}