{"id":604,"date":"2025-12-24T03:15:40","date_gmt":"2025-12-24T03:15:40","guid":{"rendered":"https:\/\/lyfilter.com\/?post_type=product&#038;p=604"},"modified":"2025-12-24T03:15:40","modified_gmt":"2025-12-24T03:15:40","slug":"customized-specification-polypropylene-pp-melt-blown-filter-cartridge","status":"publish","type":"product","link":"https:\/\/lyfilter.com\/fr\/customized-specification-polypropylene-pp-melt-blown-filter-cartridge\/","title":{"rendered":"Sp\u00e9cification personnalis\u00e9e Polypropyl\u00e8ne PP Cartouche de filtre souffl\u00e9 par fusion"},"content":{"rendered":"<div class=\"d-tem11-graphic tem11-graphic mockup\" data-detail=\"wrap\">\n<div class=\"tab_row\">\n<div class=\"img\"><img decoding=\"async\" title=\"\" src=\"https:\/\/img.yfisher.com\/m6076\/1725286970vgl\/jpg70-t3-scale100.webp\" alt=\"Sp\u00e9cification personnalis\u00e9e Polypropyl\u00e8ne PP Cartouche de filtre souffl\u00e9 par fusion 6\" data-lazy=\"2\"><\/div>\n<div class=\"text_box\">\n<div class=\"txt\">\n<div class=\"title\">\n<p>La s\u00e9rie de cartouches filtrantes \u00e0 soufflage par fusion de Lvyuan est une sorte de cartouche filtrante standard et simple pour la purification de l'eau.<\/p>\n<p>Les fibres de polypropyl\u00e8ne sont fusionn\u00e9es et entrelac\u00e9es sans colle chimique. Elle est fabriqu\u00e9e \u00e0 partir de la mati\u00e8re premi\u00e8re 100% de polypropyl\u00e8ne pur. Cette cartouche filtrante est al\u00e9atoire pour former des micropores en 3D, ce qui fait que la cartouche est compos\u00e9e de 3 couches avec des fibres fines en surface et des fibres grossi\u00e8res pour la filtration en profondeur.<\/p>\n<p>La fibre et la densit\u00e9 de la cartouche filtrante ont une capacit\u00e9 de filtration \u00e9lev\u00e9e et une capacit\u00e9 de r\u00e9tention des polluants sur le diam\u00e8tre de la cartouche filtrante, une faible perte de charge, une structure de filtration profonde \u00e0 changement progressif avec un ext\u00e9rieur l\u00e2che et un int\u00e9rieur \u00e9troit, une forte capacit\u00e9 de r\u00e9tention des polluants, elle peut \u00e9liminer efficacement les contaminants, tels que les substances en suspension, les particules et la rouille, offrant une filtration efficace et une longue dur\u00e9e de vie.<\/p>\n<\/div>\n<\/div>\n<\/div>\n<\/div>\n<\/div>\n<div class=\"er-fangkuang1\">\n<p>\u00a0 Caract\u00e9ristiques du produit<\/p>\n<div class=\"description\">\n<ul>\n<li><span class=\"font-color\">\u25ea \u00a0\u00a0<\/span>Grande capacit\u00e9 de r\u00e9tention de la salet\u00e9 et longue dur\u00e9e de vie.<\/li>\n<li><span class=\"font-color\">\u25ea\u00a0 \u00a0<\/span>Taille et logo personnalis\u00e9s Joint en acier.<\/li>\n<li><span class=\"font-color\">\u25ea\u00a0 \u00a0<\/span>Il n'y a pas eu de chute de fibres.<\/li>\n<li><span class=\"font-color\">\u25ea\u00a0 \u00a0<\/span>Grande compatibilit\u00e9 chimique.<\/li>\n<li><span class=\"font-color\">\u25ea\u00a0 \u00a0<\/span>Sans colle ni additif.<\/li>\n<li><span class=\"font-color\">\u25ea\u00a0 \u00a0<\/span>Personnalisation du poids en grammes.<\/li>\n<\/ul>\n<\/div>\n<\/div>\n<div class=\"d-tem04-title text-left d-interval manS\" data-detail=\"wrap\">\n<h2 class=\"heading\">Param\u00e8tres du produit<\/h2>\n<\/div>\n<div class=\"table-responsive\">\n<table class=\"table table-bordered table-hover\">\n<tbody>\n<tr class=\"firstRow\">\n<td>Mat\u00e9riau du m\u00e9dia filtrant<\/td>\n<td>PP\uff08polypropyl\u00e8ne\uff09<\/td>\n<\/tr>\n<tr>\n<td>Noyau central<\/td>\n<td>PP\/Aucun<\/td>\n<\/tr>\n<tr>\n<td>Embouts<\/td>\n<td>PP<\/td>\n<\/tr>\n<tr>\n<td>Mat\u00e9riau du joint<\/td>\n<td>Silicone, EPDM, NBR, VITON, TEFLON, etc.<\/td>\n<\/tr>\n<tr>\n<td>Code<\/td>\n<td>DOE, SOE, sur mesure<\/td>\n<\/tr>\n<tr>\n<td>Surface<\/td>\n<td>Brillant, rainur\u00e9, gaufr\u00e9 \u00e0 l'aiguille, surface en pelure d'orange<\/td>\n<\/tr>\n<tr>\n<td>Diam\u00e8tre int\u00e9rieur<\/td>\n<td>20 mm, 28 mm, 30 mm, 200 mm, sur mesure<\/td>\n<\/tr>\n<tr>\n<td>Diam\u00e8tre ext\u00e9rieur<\/td>\n<td>60 mm, 63 mm, 65 mm, 110 mm, 115 mm, sur mesure<\/td>\n<\/tr>\n<tr>\n<td>Longueur<\/td>\n<td>10\/20\/30\/40 pouces ou sur mesure<\/td>\n<\/tr>\n<tr>\n<td>Pression diff\u00e9rentielle maximale<\/td>\n<td>3,5 bar \u00e0 20\u2103<\/td>\n<\/tr>\n<tr>\n<td>Temp\u00e9rature de fonctionnement maximale<\/td>\n<td>82\u2103<\/td>\n<\/tr>\n<tr>\n<td>Pression diff\u00e9rentielle de remplacement<\/td>\n<td>1-1,5bar<\/td>\n<\/tr>\n<\/tbody>\n<\/table>\n<\/div>\n<div class=\"d-tem04-title text-left d-interval manS\" data-detail=\"wrap\">\n<h2 class=\"heading\">D\u00e9tails du produit<\/h2>\n<\/div>\n<p>\u2605 Avec dix ans d'exp\u00e9rience dans le domaine des cartouches filtrantes pour s\u00e9diments en PP, nous pouvons fournir des sp\u00e9cifications vari\u00e9es telles que des diam\u00e8tres ext\u00e9rieurs et des longueurs diff\u00e9rents, des adaptateurs multiples, des apparences diff\u00e9rentes, deux pr\u00e9cisions, des grammes personnalis\u00e9s.<\/p>\n<div class=\"d-tem05-technology mockup\" data-detail=\"wrap\">\n<div class=\"items\">\n<div class=\"item tab_row bg-color-before\">\n<div class=\"img d-font-size-fix\"><img decoding=\"async\" title=\"\" src=\"https:\/\/img.yfisher.com\/m6076\/17252869705cs\/jpg70-t3-scale100.webp\" alt=\"Sp\u00e9cification personnalis\u00e9e Polypropyl\u00e8ne PP Cartouche de filtre souffl\u00e9 par fusion 7\" data-lazy=\"2\"><\/div>\n<div class=\"text_box\">\n<div class=\"txt font-color d-font-size-fix\">\n<div class=\"numbox\">partie.1<\/div>\n<div class=\"title\">Acceptent des tailles et des longueurs personnalis\u00e9es<\/div>\n<\/div>\n<\/div>\n<\/div>\n<div class=\"item tab_row bg-color-before\">\n<div class=\"img d-font-size-fix\"><img decoding=\"async\" title=\"\" src=\"https:\/\/img.yfisher.com\/m6076\/1725286970so1\/jpg70-t3-scale100.webp\" alt=\"Sp\u00e9cification personnalis\u00e9e Polypropyl\u00e8ne PP Cartouche de filtre souffl\u00e9 par fusion 8\" data-lazy=\"2\"><\/div>\n<div class=\"text_box\">\n<div class=\"txt font-color d-font-size-fix\">\n<div class=\"numbox\">partie.2<\/div>\n<div class=\"title\">Acceptation d'un adaptateur personnalis\u00e9<\/div>\n<\/div>\n<\/div>\n<\/div>\n<div class=\"item tab_row bg-color-before\">\n<div class=\"img d-font-size-fix\"><img decoding=\"async\" title=\"\" src=\"https:\/\/img.yfisher.com\/m6076\/17252869708eg\/jpg70-t3-scale100.webp\" alt=\"Sp\u00e9cification personnalis\u00e9e Polypropyl\u00e8ne PP Cartouche de filtre souffl\u00e9 par fusion 9\" data-lazy=\"2\"><\/div>\n<div class=\"text_box\">\n<div class=\"txt font-color d-font-size-fix\">\n<div class=\"numbox\">partie.3<\/div>\n<div class=\"title\">Accepter la personnalisation de l'apparence<\/div>\n<\/div>\n<\/div>\n<\/div>\n<div class=\"item tab_row bg-color-before\">\n<div class=\"img d-font-size-fix\"><img decoding=\"async\" title=\"\" src=\"https:\/\/img.yfisher.com\/m6076\/1725286970x78\/jpg70-t3-scale100.webp\" alt=\"Sp\u00e9cification personnalis\u00e9e Polypropyl\u00e8ne PP Cartouche filtrante souffl\u00e9e par fusion 10\" data-lazy=\"2\"><\/div>\n<div class=\"text_box\">\n<div class=\"txt font-color d-font-size-fix\">\n<div class=\"numbox\">partie.4<\/div>\n<div class=\"title\">Accepter deux pr\u00e9cisions<\/div>\n<\/div>\n<\/div>\n<\/div>\n<div class=\"item tab_row bg-color-before\">\n<div class=\"img d-font-size-fix\"><img decoding=\"async\" title=\"\" src=\"https:\/\/img.yfisher.com\/m6076\/1725286970i3a\/jpg70-t3-scale100.webp\" alt=\"Sp\u00e9cification personnalis\u00e9e Polypropyl\u00e8ne PP Cartouche filtrante souffl\u00e9e par fusion 11\" data-lazy=\"2\"><\/div>\n<div class=\"text_box\">\n<div class=\"txt font-color d-font-size-fix\">\n<div class=\"numbox\">partie.5<\/div>\n<div class=\"title\">Acceptation de grammes personnalis\u00e9s<\/div>\n<\/div>\n<\/div>\n<\/div>\n<div class=\"d-tem04-title text-left d-interval manS\" data-detail=\"wrap\">\n<h2 class=\"heading\">Applications des produits<\/h2>\n<\/div>\n<div class=\"d-tem15-graphic mockup\" data-detail=\"wrap\">\n<div class=\"clearfix d-clearfix\">\n<div class=\"col-sm-12 col-md-4 col-xs-6\">\n<div class=\"thumbnail\"><img decoding=\"async\" title=\"\" src=\"https:\/\/img.yfisher.com\/m6076\/17252869702lg\/jpg70-t3-scale100.webp\" alt=\"Sp\u00e9cification personnalis\u00e9e Polypropyl\u00e8ne PP Cartouche de filtre souffl\u00e9 par fusion 12\" data-lazy=\"2\"><\/div>\n<div class=\"description\">\n<p>Pr\u00e9traitement de l'eau par osmose inverse pour l'eau du robinet<\/p>\n<\/div>\n<\/div>\n<div class=\"col-sm-12 col-md-4 col-xs-6\">\n<div class=\"thumbnail\"><img decoding=\"async\" title=\"\" src=\"https:\/\/img.yfisher.com\/m6076\/1725286970srn\/jpg70-t3-scale100.webp\" alt=\"Sp\u00e9cification personnalis\u00e9e Polypropyl\u00e8ne PP Cartouche de filtre souffl\u00e9 par fusion 13\" data-lazy=\"2\"><\/div>\n<div class=\"description\">Filtration de l'eau de l'industrie, de la m\u00e9tallisation<\/div>\n<\/div>\n<div class=\"col-sm-12 col-md-4 col-xs-6\">\n<div class=\"thumbnail\"><img decoding=\"async\" title=\"\" src=\"https:\/\/img.yfisher.com\/m6076\/1725286970f8t\/jpg70-t3-scale100.webp\" alt=\"Sp\u00e9cification personnalis\u00e9e Polypropyl\u00e8ne PP Cartouche de filtre souffl\u00e9 par fusion 14\" data-lazy=\"2\"><\/div>\n<div class=\"description\">Alimentation et boissons<\/div>\n<\/div>\n<\/div>\n<\/div>\n<div class=\"d-tem15-graphic mockup\" data-detail=\"wrap\">\n<div class=\"clearfix d-clearfix\">\n<div class=\"col-sm-12 col-md-4 col-xs-6\">\n<div class=\"thumbnail\"><img decoding=\"async\" title=\"\" src=\"https:\/\/img.yfisher.com\/m6076\/1725286970bzw\/jpg70-t3-scale100.webp\" alt=\"Sp\u00e9cification personnalis\u00e9e Polypropyl\u00e8ne PP Cartouche de filtre souffl\u00e9 par fusion 15\" data-lazy=\"2\"><\/div>\n<div class=\"description\">Pr\u00e9filtration de l'eau st\u00e9rile et de l'eau ultra pure<\/div>\n<\/div>\n<div class=\"col-sm-12 col-md-4 col-xs-6\">\n<div class=\"thumbnail\"><img decoding=\"async\" title=\"\" src=\"https:\/\/img.yfisher.com\/m6076\/1725286970fd2\/jpg70-t3-scale100.webp\" alt=\"Sp\u00e9cification personnalis\u00e9e Polypropyl\u00e8ne PP Cartouche de filtre souffl\u00e9 par fusion 16\" data-lazy=\"2\"><\/div>\n<div class=\"description\">Eau chimique et eau de solvants<\/div>\n<\/div>\n<div class=\"col-sm-12 col-md-4 col-xs-6\">\n<div class=\"thumbnail\"><img decoding=\"async\" title=\"\" src=\"https:\/\/img.yfisher.com\/m6076\/1725286970v45\/jpg70-t3-scale100.webp\" alt=\"Sp\u00e9cification personnalis\u00e9e Polypropyl\u00e8ne PP Cartouche filtrante souffl\u00e9e par fusion 17\" data-lazy=\"2\"><\/div>\n<div class=\"description\">Dessalement de l'eau de mer<\/div>\n<\/div>\n<\/div>\n<\/div>\n<\/div>\n<\/div>","protected":false},"excerpt":{"rendered":"<table>\n<thead>\n<tr>\n<th>Port de d\u00e9part :<\/th>\n<th>Guangzhou<\/th>\n<\/tr>\n<\/thead>\n<tbody>\n<tr>\n<td>Capacit\u00e9 de production :<\/td>\n<td>500 unit\u00e9s\/mois<\/td>\n<\/tr>\n<tr>\n<td>Lieu d'origine :<\/td>\n<td>Guangdong, Chine<\/td>\n<\/tr>\n<tr>\n<td>Paiement :<\/td>\n<td>D\/P, T\/T, Western Union, MoneyGram, Alibaba Trade Assurance, paypal<\/td>\n<\/tr>\n<tr>\n<td>MOQ :<\/td>\n<td>100pcs<\/td>\n<\/tr>\n<tr>\n<td>Mod\u00e8le :<\/td>\n<td>LY-PP<\/td>\n<\/tr>\n<tr>\n<td>D\u00e9lai de livraison :<\/td>\n<td>Dans les 7 jours ouvrables<\/td>\n<\/tr>\n<tr>\n<td>Certification :<\/td>\n<td>SGS<\/td>\n<\/tr>\n<tr>\n<td>Marque :<\/td>\n<td>OEM\/Lvyuan<\/td>\n<\/tr>\n<\/tbody>\n<\/table>","protected":false},"featured_media":610,"comment_status":"open","ping_status":"closed","template":"","meta":{"_gspb_post_css":""},"product_brand":[],"product_cat":[23,17],"product_tag":[261,266,265,270,259,269],"class_list":{"0":"post-604","1":"product","2":"type-product","3":"status-publish","4":"has-post-thumbnail","6":"product_cat-pp-filter-cartridge","7":"product_cat-sediment-filter","8":"product_tag-guangdong-china","9":"product_tag-guangzhou","10":"product_tag-lvyuan","11":"product_tag-ly-pp","12":"product_tag-oem","13":"product_tag-sgs","15":"first","16":"instock","17":"shipping-taxable","18":"product-type-simple"},"_links":{"self":[{"href":"https:\/\/lyfilter.com\/fr\/wp-json\/wp\/v2\/product\/604","targetHints":{"allow":["GET"]}}],"collection":[{"href":"https:\/\/lyfilter.com\/fr\/wp-json\/wp\/v2\/product"}],"about":[{"href":"https:\/\/lyfilter.com\/fr\/wp-json\/wp\/v2\/types\/product"}],"replies":[{"embeddable":true,"href":"https:\/\/lyfilter.com\/fr\/wp-json\/wp\/v2\/comments?post=604"}],"wp:featuredmedia":[{"embeddable":true,"href":"https:\/\/lyfilter.com\/fr\/wp-json\/wp\/v2\/media\/610"}],"wp:attachment":[{"href":"https:\/\/lyfilter.com\/fr\/wp-json\/wp\/v2\/media?parent=604"}],"wp:term":[{"taxonomy":"product_brand","embeddable":true,"href":"https:\/\/lyfilter.com\/fr\/wp-json\/wp\/v2\/product_brand?post=604"},{"taxonomy":"product_cat","embeddable":true,"href":"https:\/\/lyfilter.com\/fr\/wp-json\/wp\/v2\/product_cat?post=604"},{"taxonomy":"product_tag","embeddable":true,"href":"https:\/\/lyfilter.com\/fr\/wp-json\/wp\/v2\/product_tag?post=604"}],"curies":[{"name":"wp","href":"https:\/\/api.w.org\/{rel}","templated":true}]}}