{"id":599,"date":"2025-12-24T03:12:25","date_gmt":"2025-12-24T03:12:25","guid":{"rendered":"https:\/\/lyfilter.com\/?post_type=product&#038;p=599"},"modified":"2025-12-24T06:47:29","modified_gmt":"2025-12-24T06:47:29","slug":"hf-series-5-10-micron-high-flow-filter-pleated-sediment-cartridge-for-water-filter-treatment","status":"publish","type":"product","link":"https:\/\/lyfilter.com\/fr\/hf-series-5-10-micron-high-flow-filter-pleated-sediment-cartridge-for-water-filter-treatment\/","title":{"rendered":"S\u00e9rie HF 5\/10 Micron Filtre \u00e0 haut d\u00e9bit Cartouche de s\u00e9diments pliss\u00e9s pour le traitement des filtres \u00e0 eau"},"content":{"rendered":"<div class=\"d-tem11-graphic tem11-graphic mockup\" data-detail=\"wrap\">\n<div class=\"tab_row\">\n<div class=\"img\"><img decoding=\"async\" title=\"\" src=\"https:\/\/img.yfisher.com\/m6076\/1725726639yas\/jpg70-t3-scale100.webp\" alt=\"S\u00e9rie HF 5\/10 Micron Filtre \u00e0 haut d\u00e9bit Cartouche de s\u00e9diments pliss\u00e9e pour le traitement de l&#039;eau 5\" data-lazy=\"2\"><\/div>\n<div class=\"text_box\">\n<div class=\"txt\">\n<div class=\"title\">La cartouche filtrante LY-HFPL est un nouveau produit d\u00e9velopp\u00e9 par Lvyuan Water Purification Equipment Co, Ltd. \u00e0 Guangzhou, en Chine. Elle a un diam\u00e8tre de 6 pouces\/152 mm. Elle est fabriqu\u00e9e en polypropyl\u00e8ne 100%. La cage dure et r\u00e9sistante permet aux filtres \u00e0 haut d\u00e9bit d'eau de supporter une pression de fonctionnement plus importante pendant le processus de filtration. Le grand diam\u00e8tre et la grande surface filtrante permettent de r\u00e9duire le nombre de cartouches filtrantes et la dimension du bo\u00eetier n\u00e9cessaire. La longue dur\u00e9e de vie et le d\u00e9bit \u00e9lev\u00e9 permettent de r\u00e9duire les investissements et la main d'\u0153uvre dans de nombreuses applications. Ce type de produit LY-HFPL a de nombreuses applications dans le traitement de l'eau.<\/div>\n<\/div>\n<\/div>\n<\/div>\n<\/div>\n<div class=\"er-fangkuang1\">\n<p>\u00a0 Caract\u00e9ristiques du produit<\/p>\n<div class=\"description\">\n<ul>\n<li><span class=\"font-color\">\u25ea \u00a0 \u00a0<\/span>Tous les contaminants peuvent \u00eatre \u00e9limin\u00e9s \u00e0 l'int\u00e9rieur des cartouches gr\u00e2ce \u00e0 la direction du flux.<\/li>\n<li><span class=\"font-color\">\u25ea\u00a0 \u00a0<\/span>Jusqu'\u00e0 110 m\u00b3\/h de d\u00e9bit par cartouche filtrante pour la filtration de l'eau.<\/li>\n<li><span class=\"font-color\">\u25ea\u00a0 \u00a0<\/span>Max. 50% r\u00e9duction du syst\u00e8me de filtration.<\/li>\n<li><span class=\"font-color\">\u25ea\u00a0 \u00a0<\/span>Multi-couches de membranes pour une meilleure r\u00e9tention des impuret\u00e9s dans les \u00e9l\u00e9ments filtrants \u00e0 haut d\u00e9bit.<\/li>\n<li><span class=\"font-color\">\u25ea\u00a0 \u00a0<\/span>Construction thermocoll\u00e9e pour une meilleure r\u00e9sistance \u00e0 la pression.<\/li>\n<li><span class=\"font-color\">\u25ea\u00a0 \u00a0<\/span>La conception de la poign\u00e9e permet une installation rapide, la s\u00e9curit\u00e9 et la r\u00e9duction des co\u00fbts.<\/li>\n<\/ul>\n<\/div>\n<\/div>\n<div class=\"d-tem04-title text-left d-interval manS\" data-detail=\"wrap\">\n<h2 class=\"heading\">Param\u00e8tres du produit<\/h2>\n<\/div>\n<div class=\"table-responsive\">\n<table class=\"table table-bordered table-hover\">\n<tbody>\n<tr class=\"firstRow\">\n<td>Nom du produit<\/td>\n<td>Repalcement Cartouche de filtre \u00e0 eau \u00e0 haut d\u00e9bit 60 pouces (LY-HFPL)<\/td>\n<\/tr>\n<tr>\n<td>M\u00e9dia filtrant<\/td>\n<td>Membrane en PP\/Polypropyl\u00e8ne<\/td>\n<\/tr>\n<tr>\n<td>Soutien<\/td>\n<td>PP\/Polypropyl\u00e8ne<\/td>\n<\/tr>\n<tr>\n<td>Capuchon du noyau\/de l'extr\u00e9mit\u00e9<\/td>\n<td>PP\/Polypropyl\u00e8ne<\/td>\n<\/tr>\n<tr>\n<td>Mat\u00e9riau du joint<\/td>\n<td>Silicone\/EPDM\/VITON\/PTFE\/NBR<\/td>\n<\/tr>\n<tr>\n<td>Diam\u00e8tre ext\u00e9rieur<\/td>\n<td>6\u201d(152mm)<\/td>\n<\/tr>\n<tr>\n<td colspan=\"1\" rowspan=\"1\">Diam\u00e8tre int\u00e9rieur<\/td>\n<td colspan=\"1\" rowspan=\"1\">3,5 pouces (89 mm)<\/td>\n<\/tr>\n<tr>\n<td>Longueur<\/td>\n<td>20\u201d, 40\u201d, 60\u201d, sur mesure<\/td>\n<\/tr>\n<tr>\n<td>Temp\u00e9rature de fonctionnement maximale<\/td>\n<td>82\u2103<\/td>\n<\/tr>\n<tr>\n<td>Indice de micron (\u03bcm)<\/td>\n<td>1, 4, 5, 10, 15, 20, 40, 70, 100<\/td>\n<\/tr>\n<\/tbody>\n<\/table>\n<\/div>\n<div class=\"d-tem04-title text-left d-interval manS\" data-detail=\"wrap\">\n<h2 class=\"heading\">D\u00e9tails du produit<\/h2>\n<\/div>\n<div class=\"d-tem05-technology mockup\" data-detail=\"wrap\">\n<div class=\"items\">\n<div class=\"item tab_row bg-color-before\">\n<div class=\"img d-font-size-fix\"><img decoding=\"async\" title=\"\" src=\"https:\/\/img.yfisher.com\/m6076\/1725726639rle\/jpg70-t3-scale100.webp\" alt=\"S\u00e9rie HF 5\/10 Micron Filtre \u00e0 haut d\u00e9bit Cartouche de s\u00e9diments pliss\u00e9e pour le traitement des filtres \u00e0 eau 6\" data-lazy=\"2\"><\/div>\n<div class=\"text_box\">\n<div class=\"txt font-color d-font-size-fix\">\n<div class=\"numbox\">partie.1<\/div>\n<div class=\"description\">\n<p>\u2605 Des pores de filtration de tailles diff\u00e9rentes dans un seul \u00e9l\u00e9ment \u00e0 haut d\u00e9bit.<\/p>\n<p>\u2605 Une installation et un remplacement plus faciles et plus conviviaux.<\/p>\n<p>\u2605 Structure de membrane pliss\u00e9e optimis\u00e9e pour une meilleure filtration et une meilleure efficacit\u00e9.<\/p>\n<p>La rainure d'\u00e9tanch\u00e9it\u00e9 en forme de U garantit une grande efficacit\u00e9 de filtration.<\/p>\n<p>De l'int\u00e9rieur \u00e0 l'ext\u00e9rieur du filtre, toutes les impuret\u00e9s sont pi\u00e9g\u00e9es \u00e0 l'int\u00e9rieur du filtre.<\/p>\n<\/div>\n<\/div>\n<\/div>\n<\/div>\n<div class=\"d-tem04-title text-left d-interval manS\" data-detail=\"wrap\">\n<h2 class=\"heading\">Applications des produits<\/h2>\n<\/div>\n<div class=\"d-tem15-graphic mockup\" data-detail=\"wrap\">\n<div class=\"clearfix d-clearfix\">\n<div class=\"col-sm-12 col-md-4 col-xs-6\">\n<div class=\"thumbnail\"><img decoding=\"async\" title=\"\" src=\"https:\/\/img.yfisher.com\/m6076\/1725726634yem\/jpg70-t3-scale100.webp\" alt=\"S\u00e9rie HF 5\/10 Micron Filtre \u00e0 haut d\u00e9bit Cartouche de s\u00e9diments pliss\u00e9e pour le traitement des filtres \u00e0 eau 7\" data-lazy=\"2\"><\/div>\n<div class=\"description\">\n<p>Eau du robinet, pr\u00e9filtration de l'osmose inverse, pr\u00e9traitement du dessalement de l'eau de mer<\/p>\n<\/div>\n<\/div>\n<div class=\"col-sm-12 col-md-4 col-xs-6\">\n<div class=\"thumbnail\"><img decoding=\"async\" title=\"\" src=\"https:\/\/img.yfisher.com\/m6076\/1725726634jwi\/jpg70-t3-scale100.webp\" alt=\"S\u00e9rie HF 5\/10 Micron Filtre \u00e0 haut d\u00e9bit Cartouche de s\u00e9diments pliss\u00e9e pour le traitement de l&#039;eau 8\" data-lazy=\"2\"><\/div>\n<div class=\"description\">Filtration de l'eau des condensats, r\u00e9cup\u00e9ration de l'eau chaude dans la production d'\u00e9lectricit\u00e9<\/div>\n<\/div>\n<div class=\"col-sm-12 col-md-4 col-xs-6\">\n<div class=\"thumbnail\"><img decoding=\"async\" title=\"\" src=\"https:\/\/img.yfisher.com\/m6076\/1725726636iet\/jpg70-t3-scale100.webp\" alt=\"S\u00e9rie HF 5\/10 Micron Filtre \u00e0 haut d\u00e9bit Cartouche de s\u00e9diments pliss\u00e9e pour le traitement des filtres \u00e0 eau 9\" data-lazy=\"2\"><\/div>\n<div class=\"description\">Filtration des API, des solvants et de l'eau sur le march\u00e9 de la biopharmacie<\/div>\n<\/div>\n<\/div>\n<\/div>\n<div class=\"d-tem15-graphic mockup\" data-detail=\"wrap\">\n<div class=\"clearfix d-clearfix\">\n<div class=\"col-sm-12 col-md-4 col-xs-6\">\n<div class=\"thumbnail\"><img decoding=\"async\" title=\"\" src=\"https:\/\/img.yfisher.com\/m6076\/1725726636pxa\/jpg70-t3-scale100.webp\" alt=\"S\u00e9rie HF 5\/10 Micron Filtre \u00e0 haut d\u00e9bit Cartouche de s\u00e9diments pliss\u00e9e pour le traitement de l&#039;eau 10\" data-lazy=\"2\"><\/div>\n<div class=\"description\">Filtration de l'eau embouteill\u00e9e, de l'eau \u00e0 haute teneur en fructose, de l'huile alimentaire, des boissons non alcoolis\u00e9es et du lait.<\/div>\n<\/div>\n<div class=\"col-sm-12 col-md-4 col-xs-6\">\n<div class=\"thumbnail\"><img decoding=\"async\" title=\"\" src=\"https:\/\/img.yfisher.com\/m6076\/1725726636l6r\/jpg70-t3-scale100.webp\" alt=\"S\u00e9rie HF 5\/10 Micron Filtre \u00e0 haut d\u00e9bit Cartouche de s\u00e9diments pliss\u00e9e pour le traitement des filtres \u00e0 eau 11\" data-lazy=\"2\"><\/div>\n<div class=\"description\">Peintures et rev\u00eatements, P\u00e9trochimie, raffineries, CD\/DVD, supports magn\u00e9tiques, P\u00e9trochimie, Raffineries<\/div>\n<\/div>\n<div class=\"col-sm-12 col-md-4 col-xs-6\">\n<div class=\"thumbnail\"><img decoding=\"async\" title=\"\" src=\"https:\/\/img.yfisher.com\/m6076\/1725726636vx4\/jpg70-t3-scale100.webp\" alt=\"S\u00e9rie HF 5\/10 Micron Filtre \u00e0 haut d\u00e9bit Cartouche de s\u00e9diments pliss\u00e9e pour le traitement des filtres \u00e0 eau 12\" data-lazy=\"2\"><\/div>\n<div class=\"description\">Micro\u00e9lectronique, film, fibre et r\u00e9sine<\/div>\n<\/div>\n<\/div>\n<\/div>\n<\/div>\n<\/div>","protected":false},"excerpt":{"rendered":"<table>\n<thead>\n<tr>\n<th>Port de d\u00e9part :<\/th>\n<th>Guangzhou<\/th>\n<\/tr>\n<\/thead>\n<tbody>\n<tr>\n<td>Capacit\u00e9 de production :<\/td>\n<td>10000 unit\u00e9s\/mois<\/td>\n<\/tr>\n<tr>\n<td>Lieu d'origine :<\/td>\n<td>Guangdong, Chine<\/td>\n<\/tr>\n<tr>\n<td>Paiement :<\/td>\n<td>L\/C, T\/T, Western Union, Alibaba Trade Assurance, paypal<\/td>\n<\/tr>\n<tr>\n<td>MOQ :<\/td>\n<td>1 pi\u00e8ce<\/td>\n<\/tr>\n<tr>\n<td>Mod\u00e8le :<\/td>\n<td>LY-HFPL<\/td>\n<\/tr>\n<tr>\n<td>D\u00e9lai de livraison :<\/td>\n<td>Dans les 7 jours ouvrables<\/td>\n<\/tr>\n<tr>\n<td>Certification :<\/td>\n<td>SGS, ISO 9001<\/td>\n<\/tr>\n<tr>\n<td>Marque :<\/td>\n<td>OEM\/Lvyuan<\/td>\n<\/tr>\n<\/tbody>\n<\/table>","protected":false},"featured_media":602,"comment_status":"open","ping_status":"closed","template":"","meta":{"_gspb_post_css":""},"product_brand":[],"product_cat":[20,17],"product_tag":[261,266,265,268,259,269],"class_list":{"0":"post-599","1":"product","2":"type-product","3":"status-publish","4":"has-post-thumbnail","6":"product_cat-high-flow-filter-cartridge","7":"product_cat-sediment-filter","8":"product_tag-guangdong-china","9":"product_tag-guangzhou","10":"product_tag-lvyuan","11":"product_tag-ly-hfpl","12":"product_tag-oem","13":"product_tag-sgs","15":"first","16":"instock","17":"shipping-taxable","18":"product-type-simple"},"_links":{"self":[{"href":"https:\/\/lyfilter.com\/fr\/wp-json\/wp\/v2\/product\/599","targetHints":{"allow":["GET"]}}],"collection":[{"href":"https:\/\/lyfilter.com\/fr\/wp-json\/wp\/v2\/product"}],"about":[{"href":"https:\/\/lyfilter.com\/fr\/wp-json\/wp\/v2\/types\/product"}],"replies":[{"embeddable":true,"href":"https:\/\/lyfilter.com\/fr\/wp-json\/wp\/v2\/comments?post=599"}],"wp:featuredmedia":[{"embeddable":true,"href":"https:\/\/lyfilter.com\/fr\/wp-json\/wp\/v2\/media\/602"}],"wp:attachment":[{"href":"https:\/\/lyfilter.com\/fr\/wp-json\/wp\/v2\/media?parent=599"}],"wp:term":[{"taxonomy":"product_brand","embeddable":true,"href":"https:\/\/lyfilter.com\/fr\/wp-json\/wp\/v2\/product_brand?post=599"},{"taxonomy":"product_cat","embeddable":true,"href":"https:\/\/lyfilter.com\/fr\/wp-json\/wp\/v2\/product_cat?post=599"},{"taxonomy":"product_tag","embeddable":true,"href":"https:\/\/lyfilter.com\/fr\/wp-json\/wp\/v2\/product_tag?post=599"}],"curies":[{"name":"wp","href":"https:\/\/api.w.org\/{rel}","templated":true}]}}