{"id":593,"date":"2025-12-24T03:09:58","date_gmt":"2025-12-24T03:09:58","guid":{"rendered":"https:\/\/lyfilter.com\/?post_type=product&#038;p=593"},"modified":"2025-12-24T06:47:10","modified_gmt":"2025-12-24T06:47:10","slug":"40-inch-high-flow-pleated-cartridge-filter-for-industrial-liquid-filtration","status":"publish","type":"product","link":"https:\/\/lyfilter.com\/fr\/40-inch-high-flow-pleated-cartridge-filter-for-industrial-liquid-filtration\/","title":{"rendered":"Filtre \u00e0 cartouche pliss\u00e9e \u00e0 haut d\u00e9bit de 40 pouces pour la filtration des liquides industriels"},"content":{"rendered":"<div class=\"d-tem11-graphic tem11-graphic mockup\" data-detail=\"wrap\">\n<div class=\"tab_row\">\n<div class=\"img\"><img decoding=\"async\" title=\"\" src=\"https:\/\/img.yfisher.com\/m6076\/1725726636j1b\/jpg70-t3-scale100.webp\" alt=\"Filtre \u00e0 cartouche pliss\u00e9 \u00e0 haut d\u00e9bit de 40 pouces pour la filtration de liquides industriels 6\" data-lazy=\"2\"><\/div>\n<div class=\"text_box\">\n<div class=\"txt\">\n<div class=\"title\">\n<p>La s\u00e9rie de cartouches filtrantes LY-HFPK est une cartouche de remplacement pour la filtration en profondeur et des cartouches de diam\u00e8tre 2-1\/2\u201d pour les applications \u00e0 haut d\u00e9bit. La pr\u00e9filtration pour les syst\u00e8mes d'osmose inverse en est un exemple. La conception pliss\u00e9e du filtre Lvyuan offre une grande surface d'\u00e9coulement et une grande capacit\u00e9 d'\u00e9limination de la contamination.<\/p>\n<p>Cette conception permet \u00e0 l'utilisateur final de r\u00e9duire l'investissement en capital, d'\u00e9conomiser de l'espace et de faciliter le remplacement, etc. Le d\u00e9bit de 1300 LPM par cartouche filtrante r\u00e9duit le nombre de cartouches filtrantes et la dimension du bo\u00eetier du filtre. Le volume de traitement de l'eau par cartouche filtrante \u00e0 tr\u00e8s haut d\u00e9bit \u00e9quivaut \u00e0 10 cartouches filtrantes de 40 pouces de long et de 2-1\/2 pouces de diam\u00e8tre. Le joint torique int\u00e9rieur emp\u00eache le passage et la conception de la poign\u00e9e facilite l'installation.<\/p>\n<\/div>\n<\/div>\n<\/div>\n<\/div>\n<\/div>\n<div class=\"er-fangkuang1\">\n<p>\u00a0 Caract\u00e9ristiques du produit<\/p>\n<div class=\"description\">\n<ul>\n<li><span class=\"font-color\">\u25ea \u00a0 \u00a0<\/span>Grande capacit\u00e9 de r\u00e9tention de la salet\u00e9 et longue dur\u00e9e de vie.<\/li>\n<li><span class=\"font-color\">\u25ea\u00a0 \u00a0<\/span>Tous les contaminants peuvent \u00eatre \u00e9limin\u00e9s \u00e0 l'int\u00e9rieur des cartouches gr\u00e2ce \u00e0 la direction du flux.<\/li>\n<li><span class=\"font-color\">\u25ea\u00a0 \u00a0<\/span>Jusqu'\u00e0 110 m\u00b3\/h de d\u00e9bit par cartouche filtrante pour la filtration de l'eau<\/li>\n<li><span class=\"font-color\">\u25ea\u00a0 \u00a0<\/span>Max. 50% r\u00e9duction du syst\u00e8me de filtration<\/li>\n<li><span class=\"font-color\">\u25ea\u00a0 \u00a0<\/span>Plusieurs couches de membranes pour une meilleure r\u00e9tention de la salet\u00e9<\/li>\n<li><span class=\"font-color\">\u25ea\u00a0 \u00a0<\/span>L'\u00e9tanch\u00e9it\u00e9 du joint torique assure l'int\u00e9grit\u00e9 de la filtration.<\/li>\n<li><span class=\"font-color\">\u25ea\u00a0 \u00a0<\/span>Conception de la poign\u00e9e, installation rapide, s\u00e9curit\u00e9 et r\u00e9duction des co\u00fbts<\/li>\n<\/ul>\n<\/div>\n<\/div>\n<div class=\"d-tem04-title text-left d-interval manS\" data-detail=\"wrap\">\n<h2 class=\"heading\">Param\u00e8tres du produit<\/h2>\n<\/div>\n<div class=\"table-responsive\">\n<table class=\"table table-bordered table-hover\">\n<tbody>\n<tr class=\"firstRow\">\n<td>Nom du produit<\/td>\n<td>Filtre \u00e0 cartouche pliss\u00e9e \u00e0 haut d\u00e9bit de la s\u00e9rie HFPK, \u00e9l\u00e9ment filtrant de remplacement (LY-HFPK)<\/td>\n<\/tr>\n<tr>\n<td>M\u00e9dia filtrant<\/td>\n<td>Membrane en PP\/Polypropyl\u00e8ne<\/td>\n<\/tr>\n<tr>\n<td>Soutien<\/td>\n<td>PP\/Polypropyl\u00e8ne<\/td>\n<\/tr>\n<tr>\n<td>Capuchon du noyau\/de l'extr\u00e9mit\u00e9<\/td>\n<td>PP\/Polypropyl\u00e8ne<\/td>\n<\/tr>\n<tr>\n<td>Mat\u00e9riau du joint<\/td>\n<td>Silicone\/EPDM\/VITON\/PTFE\/NBR<\/td>\n<\/tr>\n<tr>\n<td>Diam\u00e8tre ext\u00e9rieur<\/td>\n<td>6\u201d(152mm)<\/td>\n<\/tr>\n<tr>\n<td>Longueur<\/td>\n<td>20\u201d, 40\u201d, 60\u201d, sur mesure<\/td>\n<\/tr>\n<tr>\n<td>Temp\u00e9rature de fonctionnement maximale<\/td>\n<td>82\u2103(PP pliss\u00e9)<\/td>\n<\/tr>\n<tr>\n<td>Indice de micron (\u03bcm)<\/td>\n<td>1, 4, 5, 10, 15, 20, 40, 70, 100<\/td>\n<\/tr>\n<\/tbody>\n<\/table>\n<\/div>\n<div class=\"d-tem04-title text-left d-interval manS\" data-detail=\"wrap\">\n<h2 class=\"heading\">D\u00e9tails du produit<\/h2>\n<\/div>\n<div class=\"d-tem05-technology mockup\" data-detail=\"wrap\">\n<div class=\"items\">\n<div class=\"item tab_row bg-color-before\">\n<div class=\"img d-font-size-fix\"><img decoding=\"async\" title=\"\" src=\"https:\/\/img.yfisher.com\/m6076\/17257266369n6\/jpg70-t3-scale100.webp\" alt=\"Filtre \u00e0 cartouche pliss\u00e9 \u00e0 haut d\u00e9bit de 40 pouces pour la filtration de liquides industriels 7\" data-lazy=\"2\"><\/div>\n<div class=\"text_box\">\n<div class=\"txt font-color d-font-size-fix\">\n<div class=\"numbox\">partie.1<\/div>\n<div class=\"description\">\n<p>\u2605 100% pur polypropyl\u00e8ne PP mat\u00e9riaux pour une large compatibilit\u00e9 chimique, r\u00e9duire les quantit\u00e9s d'\u00e9l\u00e9ments filtrants \u00e0 un d\u00e9bit d'eau \u00e9lev\u00e9.<\/p>\n<\/div>\n<\/div>\n<\/div>\n<\/div>\n<div class=\"item tab_row bg-color-before\">\n<div class=\"img d-font-size-fix\"><img decoding=\"async\" title=\"\" src=\"https:\/\/img.yfisher.com\/m6076\/1725726636jdi\/jpg70-t3-scale100.webp\" alt=\"Filtre \u00e0 cartouche pliss\u00e9 \u00e0 haut d\u00e9bit de 40 pouces pour la filtration des liquides industriels 8\" data-lazy=\"2\"><\/div>\n<div class=\"text_box\">\n<div class=\"txt font-color d-font-size-fix\">\n<div class=\"numbox\">partie.2<\/div>\n<div class=\"description\">\u2605 Le polypropyl\u00e8ne li\u00e9 thermiquement et le support emp\u00eachent les particules de fuir, le d\u00e9bit d'eau important est dans un seul \u00e9l\u00e9ment filtrant \u00e0 haut d\u00e9bit, super rentabilit\u00e9 dans le processus de pr\u00e9traitement de l'usine d'eau RO.<\/div>\n<\/div>\n<\/div>\n<\/div>\n<\/div>\n<\/div>\n<div class=\"d-tem04-title text-left d-interval manS\" data-detail=\"wrap\">\n<h2 class=\"heading\">Applications des produits<\/h2>\n<\/div>\n<div class=\"d-tem15-graphic mockup\" data-detail=\"wrap\">\n<div class=\"clearfix d-clearfix\">\n<div class=\"col-sm-12 col-md-4 col-xs-6\">\n<div class=\"thumbnail\"><img decoding=\"async\" title=\"\" src=\"https:\/\/img.yfisher.com\/m6076\/1725726634yem\/jpg70-t3-scale100.webp\" alt=\"Filtre \u00e0 cartouche pliss\u00e9e \u00e0 haut d\u00e9bit de 40 pouces pour la filtration des liquides industriels 9\" data-lazy=\"2\"><\/div>\n<div class=\"description\">\n<p>Eau du robinet, pr\u00e9filtration de l'osmose inverse, pr\u00e9traitement du dessalement de l'eau de mer<\/p>\n<\/div>\n<\/div>\n<div class=\"col-sm-12 col-md-4 col-xs-6\">\n<div class=\"thumbnail\"><img decoding=\"async\" title=\"\" src=\"https:\/\/img.yfisher.com\/m6076\/1725726634jwi\/jpg70-t3-scale100.webp\" alt=\"Filtre \u00e0 cartouche pliss\u00e9 \u00e0 haut d\u00e9bit de 40 pouces pour la filtration de liquides industriels 10\" data-lazy=\"2\"><\/div>\n<div class=\"description\">Filtration de l'eau des condensats, r\u00e9cup\u00e9ration de l'eau chaude dans la production d'\u00e9lectricit\u00e9<\/div>\n<\/div>\n<div class=\"col-sm-12 col-md-4 col-xs-6\">\n<div class=\"thumbnail\"><img decoding=\"async\" title=\"\" src=\"https:\/\/img.yfisher.com\/m6076\/1725726636iet\/jpg70-t3-scale100.webp\" alt=\"Filtre \u00e0 cartouche pliss\u00e9 \u00e0 haut d\u00e9bit de 40 pouces pour la filtration de liquides industriels 11\" data-lazy=\"2\"><\/div>\n<div class=\"description\">Filtration des API, des solvants et de l'eau sur le march\u00e9 de la biopharmacie<\/div>\n<\/div>\n<\/div>\n<\/div>\n<div class=\"d-tem15-graphic mockup\" data-detail=\"wrap\">\n<div class=\"clearfix d-clearfix\">\n<div class=\"col-sm-12 col-md-4 col-xs-6\">\n<div class=\"thumbnail\"><img decoding=\"async\" title=\"\" src=\"https:\/\/img.yfisher.com\/m6076\/1725726636pxa\/jpg70-t3-scale100.webp\" alt=\"Filtre \u00e0 cartouche pliss\u00e9e 40 pouces \u00e0 haut d\u00e9bit pour la filtration des liquides industriels 12\" data-lazy=\"2\"><\/div>\n<div class=\"description\">Filtration de l'eau embouteill\u00e9e, de l'eau \u00e0 haute teneur en fructose, de l'huile alimentaire, des boissons non alcoolis\u00e9es et du lait.<\/div>\n<\/div>\n<div class=\"col-sm-12 col-md-4 col-xs-6\">\n<div class=\"thumbnail\"><img decoding=\"async\" title=\"\" src=\"https:\/\/img.yfisher.com\/m6076\/1725726636l6r\/jpg70-t3-scale100.webp\" alt=\"Filtre \u00e0 cartouche pliss\u00e9 \u00e0 haut d\u00e9bit de 40 pouces pour la filtration de liquides industriels 13\" data-lazy=\"2\"><\/div>\n<div class=\"description\">Peintures et rev\u00eatements, P\u00e9trochimie, raffineries, CD\/DVD, supports magn\u00e9tiques, P\u00e9trochimie, Raffineries<\/div>\n<\/div>\n<div class=\"col-sm-12 col-md-4 col-xs-6\">\n<div class=\"thumbnail\"><img decoding=\"async\" title=\"\" src=\"https:\/\/img.yfisher.com\/m6076\/1725726636vx4\/jpg70-t3-scale100.webp\" alt=\"Filtre \u00e0 cartouche pliss\u00e9 \u00e0 haut d\u00e9bit de 40 pouces pour la filtration des liquides industriels 14\" data-lazy=\"2\"><\/div>\n<div class=\"description\">Micro\u00e9lectronique, film, fibre et r\u00e9sine<\/div>\n<\/div>\n<\/div>\n<\/div>","protected":false},"excerpt":{"rendered":"<table>\n<thead>\n<tr>\n<th>Port de d\u00e9part :<\/th>\n<th>Guangzhou<\/th>\n<\/tr>\n<\/thead>\n<tbody>\n<tr>\n<td>Capacit\u00e9 de production :<\/td>\n<td>500 unit\u00e9s\/mois<\/td>\n<\/tr>\n<tr>\n<td>Lieu d'origine :<\/td>\n<td>Guangdong, Chine<\/td>\n<\/tr>\n<tr>\n<td>Paiement :<\/td>\n<td>D\/P, T\/T, Alibaba Trade Assurance, paypal<\/td>\n<\/tr>\n<tr>\n<td>MOQ :<\/td>\n<td>4 pi\u00e8ces<\/td>\n<\/tr>\n<tr>\n<td>Mod\u00e8le :<\/td>\n<td>LY-HFPK<\/td>\n<\/tr>\n<tr>\n<td>D\u00e9lai de livraison :<\/td>\n<td>Dans les 7 jours ouvrables<\/td>\n<\/tr>\n<tr>\n<td>Certification :<\/td>\n<td>ISO 9001<\/td>\n<\/tr>\n<tr>\n<td>Marque :<\/td>\n<td>OEM\/Lvyuan<\/td>\n<\/tr>\n<\/tbody>\n<\/table>","protected":false},"featured_media":597,"comment_status":"open","ping_status":"closed","template":"","meta":{"_gspb_post_css":""},"product_brand":[],"product_cat":[20,17],"product_tag":[261,266,260,265,267,259],"class_list":{"0":"post-593","1":"product","2":"type-product","3":"status-publish","4":"has-post-thumbnail","6":"product_cat-high-flow-filter-cartridge","7":"product_cat-sediment-filter","8":"product_tag-guangdong-china","9":"product_tag-guangzhou","10":"product_tag-iso-9001","11":"product_tag-lvyuan","12":"product_tag-ly-hfpk","13":"product_tag-oem","15":"first","16":"instock","17":"shipping-taxable","18":"product-type-simple"},"_links":{"self":[{"href":"https:\/\/lyfilter.com\/fr\/wp-json\/wp\/v2\/product\/593","targetHints":{"allow":["GET"]}}],"collection":[{"href":"https:\/\/lyfilter.com\/fr\/wp-json\/wp\/v2\/product"}],"about":[{"href":"https:\/\/lyfilter.com\/fr\/wp-json\/wp\/v2\/types\/product"}],"replies":[{"embeddable":true,"href":"https:\/\/lyfilter.com\/fr\/wp-json\/wp\/v2\/comments?post=593"}],"wp:featuredmedia":[{"embeddable":true,"href":"https:\/\/lyfilter.com\/fr\/wp-json\/wp\/v2\/media\/597"}],"wp:attachment":[{"href":"https:\/\/lyfilter.com\/fr\/wp-json\/wp\/v2\/media?parent=593"}],"wp:term":[{"taxonomy":"product_brand","embeddable":true,"href":"https:\/\/lyfilter.com\/fr\/wp-json\/wp\/v2\/product_brand?post=593"},{"taxonomy":"product_cat","embeddable":true,"href":"https:\/\/lyfilter.com\/fr\/wp-json\/wp\/v2\/product_cat?post=593"},{"taxonomy":"product_tag","embeddable":true,"href":"https:\/\/lyfilter.com\/fr\/wp-json\/wp\/v2\/product_tag?post=593"}],"curies":[{"name":"wp","href":"https:\/\/api.w.org\/{rel}","templated":true}]}}