{"id":590,"date":"2025-12-24T03:05:57","date_gmt":"2025-12-24T03:05:57","guid":{"rendered":"https:\/\/lyfilter.com\/?post_type=product&#038;p=590"},"modified":"2025-12-24T03:05:57","modified_gmt":"2025-12-24T03:05:57","slug":"20-inch-replacement-high-flow-water-pleated-filter-cartridge","status":"publish","type":"product","link":"https:\/\/lyfilter.com\/fr\/20-inch-replacement-high-flow-water-pleated-filter-cartridge\/","title":{"rendered":"Cartouche filtrante pliss\u00e9e de remplacement de 20 pouces pour l'eau \u00e0 haut d\u00e9bit"},"content":{"rendered":"<div class=\"d-tem11-graphic tem11-graphic mockup\" data-detail=\"wrap\">\n<div class=\"tab_row\">\n<div class=\"img\"><img decoding=\"async\" class=\"\" title=\"\" src=\"https:\/\/img.yfisher.com\/m6076\/17257266346yr\/jpg70-t3-scale100.webp\" alt=\"Cartouche filtrante pliss\u00e9e de remplacement pour eau \u00e0 haut d\u00e9bit de 20 pouces 3\" data-lazy=\"2\"><\/div>\n<div class=\"text_box\">\n<div class=\"txt\">\n<div class=\"title\">\n<p>La cartouche filtrante LY-HFMH adopte la technologie des plis horizontaux et utilise des machines sp\u00e9cialis\u00e9es pour produire efficacement des produits standardis\u00e9s.<\/p>\n<p>Cela permet de r\u00e9duire les d\u00e9lais de production et de proposer des produits \u00e0 des prix comp\u00e9titifs.<\/p>\n<p>Cette s\u00e9rie de cartouches filtrantes est con\u00e7ue pour \u00eatre utilis\u00e9e dans les diff\u00e9rents bo\u00eetiers de filtres qui contiennent 1 \u00e0 37 cartouches filtrantes. Elle peut \u00eatre utilis\u00e9e pour diff\u00e9rents d\u00e9bits. Le grand diam\u00e8tre et la grande surface filtrante permettent de r\u00e9duire le nombre de cartouches filtrantes et la dimension du bo\u00eetier n\u00e9cessaire. Cette cartouche filtrante a de nombreuses applications dans les syst\u00e8mes de traitement de l'eau.<\/p>\n<\/div>\n<\/div>\n<\/div>\n<\/div>\n<\/div>\n<div class=\"er-fangkuang1\">\n<p>\u00a0 Caract\u00e9ristiques du produit<\/p>\n<div class=\"description\">\n<ul>\n<li><span class=\"font-color\">\u25ea \u00a0\u00a0<\/span>Capacit\u00e9 de charge \u00e9lev\u00e9e pour une filtration de longue dur\u00e9e et \u00e0 moindre co\u00fbt.<\/li>\n<li><span class=\"font-color\">\u25ea\u00a0 \u00a0<\/span>Jusqu'\u00e0 110 m\u00b3\/h de d\u00e9bit par cartouche filtrante pour la filtration de l'eau.<\/li>\n<li><span class=\"font-color\">\u25ea\u00a0 \u00a0<\/span>Moins de cartouches pour moins de remplacements, donc moins de co\u00fbts de main d'\u0153uvre.<\/li>\n<li><span class=\"font-color\">\u25ea\u00a0 \u00a0<\/span>large compatibilit\u00e9 chimique pour diff\u00e9rentes applications.<\/li>\n<li><span class=\"font-color\">\u25ea\u00a0 \u00a0<\/span>L'espace d'installation est plus petit et le remplacement est plus facile.<\/li>\n<li><span class=\"font-color\">\u25ea\u00a0 \u00a0<\/span>La conception de la poign\u00e9e permet une installation rapide, s\u00fbre et r\u00e9duisant les co\u00fbts.<\/li>\n<\/ul>\n<\/div>\n<\/div>\n<div class=\"d-tem04-title text-left d-interval manS\" data-detail=\"wrap\">\n<h2 class=\"heading\">Param\u00e8tres du produit<\/h2>\n<\/div>\n<div class=\"table-responsive\">\n<table class=\"table table-bordered table-hover\">\n<tbody>\n<tr class=\"firstRow\">\n<td>Nom du produit<\/td>\n<td>filtre de remplacement \u00e0 cartouche pliss\u00e9e pour eau \u00e0 haut d\u00e9bit (LY-HFMH)<\/td>\n<\/tr>\n<tr>\n<td>M\u00e9dia filtrant<\/td>\n<td>Membrane en polypropyl\u00e8ne\/PP<\/td>\n<\/tr>\n<tr>\n<td>Soutien<\/td>\n<td>PP\/Polypropyl\u00e8ne<\/td>\n<\/tr>\n<tr>\n<td>Capuchon du noyau\/de l'extr\u00e9mit\u00e9<\/td>\n<td>PP\/Polypropyl\u00e8ne<\/td>\n<\/tr>\n<tr>\n<td>Mat\u00e9riau du joint<\/td>\n<td>Silicone\/EPDM\/VITON\/PTFE\/NBR<\/td>\n<\/tr>\n<tr>\n<td>Diam\u00e8tre ext\u00e9rieur<\/td>\n<td>6,5\u201d(165mm)<\/td>\n<\/tr>\n<tr>\n<td>Longueur<\/td>\n<td>20\u201d, 40\u201d, 60\u201d ou sur mesure<\/td>\n<\/tr>\n<tr>\n<td>Temp\u00e9rature de fonctionnement maximale<\/td>\n<td>82\u2103<\/td>\n<\/tr>\n<tr>\n<td>Indice de micron (\u03bcm)<\/td>\n<td>1, 4, 5, 10, 15, 20, 40, 70, 100<\/td>\n<\/tr>\n<\/tbody>\n<\/table>\n<\/div>\n<div class=\"d-tem04-title text-left d-interval manS\" data-detail=\"wrap\">\n<h2 class=\"heading\">D\u00e9tails du produit<\/h2>\n<\/div>\n<div class=\"d-tem05-technology mockup\" data-detail=\"wrap\">\n<div class=\"items\">\n<div class=\"item tab_row bg-color-before\">\n<div class=\"img d-font-size-fix\"><img decoding=\"async\" title=\"\" src=\"https:\/\/img.yfisher.com\/m6076\/1725726634phq\/jpg70-t3-scale100.webp\" alt=\"Cartouche de remplacement de 20 pouces pour filtre \u00e0 eau pliss\u00e9 \u00e0 haut d\u00e9bit 4\" data-lazy=\"2\"><\/div>\n<div class=\"text_box\">\n<div class=\"txt font-color d-font-size-fix\">\n<div class=\"numbox\">partie.1<\/div>\n<div class=\"description\">\n<p>La conception de la poign\u00e9e permet \u00e0 l'op\u00e9rateur de la changer facilement.<\/p>\n<p>\u2605 Performances tr\u00e8s constantes et 100% construit \u00e0 partir d'un support en polypropyl\u00e8ne avanc\u00e9.<\/p>\n<\/div>\n<\/div>\n<\/div>\n<\/div>\n<div class=\"item tab_row bg-color-before\">\n<div class=\"img d-font-size-fix\"><img decoding=\"async\" title=\"\" src=\"https:\/\/img.yfisher.com\/m6076\/1725726634diy\/jpg70-t3-scale100.webp\" alt=\"Cartouche filtrante pliss\u00e9e de remplacement pour eau \u00e0 haut d\u00e9bit de 20 pouces 5\" data-lazy=\"2\"><\/div>\n<div class=\"text_box\">\n<div class=\"txt font-color d-font-size-fix\">\n<div class=\"numbox\">partie.2<\/div>\n<div class=\"description\">\u2605 Une membrane de bonne qualit\u00e9 et une structure con\u00e7ue scientifiquement en font une option tr\u00e8s comp\u00e9titive sur le march\u00e9.<br \/>\n\u2605 100% est fabriqu\u00e9 \u00e0 partir d'un support en polypropyl\u00e8ne avanc\u00e9 et poss\u00e8de une excellente capacit\u00e9 chimique.<\/div>\n<\/div>\n<\/div>\n<\/div>\n<\/div>\n<\/div>\n<div class=\"d-tem04-title text-left d-interval manS\" data-detail=\"wrap\">\n<h2 class=\"heading\">Applications des produits<\/h2>\n<\/div>\n<div class=\"d-tem15-graphic mockup\" data-detail=\"wrap\">\n<div class=\"clearfix d-clearfix\">\n<div class=\"col-sm-12 col-md-4 col-xs-6\">\n<div class=\"thumbnail\"><img decoding=\"async\" title=\"\" src=\"https:\/\/img.yfisher.com\/m6076\/1725726634yem\/jpg70-t3-scale100.webp\" alt=\"Cartouche de remplacement de 20 pouces pour filtre \u00e0 eau pliss\u00e9 \u00e0 haut d\u00e9bit 6\" data-lazy=\"2\"><\/div>\n<div class=\"description\">\n<p>Traitement de l'eau Ro<\/p>\n<\/div>\n<\/div>\n<div class=\"col-sm-12 col-md-4 col-xs-6\">\n<div class=\"thumbnail\"><img decoding=\"async\" title=\"\" src=\"https:\/\/img.yfisher.com\/m6076\/1725726634jwi\/jpg70-t3-scale100.webp\" alt=\"Cartouche de remplacement de 20 pouces pour filtre \u00e0 eau pliss\u00e9 \u00e0 haut d\u00e9bit 7\" data-lazy=\"2\"><\/div>\n<div class=\"description\">Filtration de l'eau de l'industrie, de la m\u00e9tallisation<\/div>\n<\/div>\n<div class=\"col-sm-12 col-md-4 col-xs-6\">\n<div class=\"thumbnail\"><img decoding=\"async\" title=\"\" src=\"https:\/\/img.yfisher.com\/m6076\/1725726634rbx\/jpg70-t3-scale100.webp\" alt=\"Cartouche de remplacement de 20 pouces pour filtre \u00e0 eau pliss\u00e9 \u00e0 haut d\u00e9bit 8\" data-lazy=\"2\"><\/div>\n<div class=\"description\">Alimentation et boissons<\/div>\n<\/div>\n<\/div>\n<\/div>\n<div class=\"d-tem15-graphic mockup\" data-detail=\"wrap\">\n<div class=\"clearfix d-clearfix\">\n<div class=\"col-sm-12 col-md-4 col-xs-6\">\n<div class=\"thumbnail\"><img decoding=\"async\" title=\"\" src=\"https:\/\/img.yfisher.com\/m6076\/17257266342s7\/jpg70-t3-scale100.webp\" alt=\"Cartouche de remplacement de 20 pouces pour filtre \u00e0 eau pliss\u00e9 \u00e0 haut d\u00e9bit 9\" data-lazy=\"2\"><\/div>\n<div class=\"description\">Pr\u00e9filtration de l'eau st\u00e9rile et de l'eau ultra pure<\/div>\n<\/div>\n<div class=\"col-sm-12 col-md-4 col-xs-6\">\n<div class=\"thumbnail\"><img decoding=\"async\" title=\"\" src=\"https:\/\/img.yfisher.com\/m6076\/1725726634k4w\/jpg70-t3-scale100.webp\" alt=\"Cartouche filtrante pliss\u00e9e de remplacement pour eau \u00e0 haut d\u00e9bit de 20 pouces 10\" data-lazy=\"2\"><\/div>\n<div class=\"description\">Eau chimique et eau de solvants<\/div>\n<\/div>\n<div class=\"col-sm-12 col-md-4 col-xs-6\">\n<div class=\"thumbnail\"><img decoding=\"async\" title=\"\" src=\"https:\/\/img.yfisher.com\/m6076\/1725726634aep\/jpg70-t3-scale100.webp\" alt=\"Cartouche de remplacement de 20 pouces pour filtre \u00e0 eau pliss\u00e9 \u00e0 haut d\u00e9bit 11\" data-lazy=\"2\"><\/div>\n<div class=\"description\">Dessalement de l'eau de mer<\/div>\n<\/div>\n<\/div>\n<\/div>","protected":false},"excerpt":{"rendered":"<table>\n<thead>\n<tr>\n<th>Port de d\u00e9part :<\/th>\n<th>Guangzhou<\/th>\n<\/tr>\n<\/thead>\n<tbody>\n<tr>\n<td>Capacit\u00e9 de production :<\/td>\n<td>500 unit\u00e9s\/mois<\/td>\n<\/tr>\n<tr>\n<td>Lieu d'origine :<\/td>\n<td>Guangdong, Chine<\/td>\n<\/tr>\n<tr>\n<td>Paiement :<\/td>\n<td>T\/T, Western Union, Alibaba Trade Assurance, paypal<\/td>\n<\/tr>\n<tr>\n<td>MOQ :<\/td>\n<td>10 pi\u00e8ces<\/td>\n<\/tr>\n<tr>\n<td>Mod\u00e8le :<\/td>\n<td>LY-HFMH<\/td>\n<\/tr>\n<tr>\n<td>D\u00e9lai de livraison :<\/td>\n<td>dans les 7 jours ouvrables<\/td>\n<\/tr>\n<tr>\n<td>Marque :<\/td>\n<td>OEM\/Lvyuan<\/td>\n<\/tr>\n<\/tbody>\n<\/table>","protected":false},"featured_media":591,"comment_status":"open","ping_status":"closed","template":"","meta":{"_gspb_post_css":""},"product_brand":[],"product_cat":[20,17],"product_tag":[263,261,266,265,264,259],"class_list":{"0":"post-590","1":"product","2":"type-product","3":"status-publish","4":"has-post-thumbnail","6":"product_cat-high-flow-filter-cartridge","7":"product_cat-sediment-filter","8":"product_tag-fast-delivery","9":"product_tag-guangdong-china","10":"product_tag-guangzhou","11":"product_tag-lvyuan","12":"product_tag-ly-hfmh","13":"product_tag-oem","15":"first","16":"instock","17":"shipping-taxable","18":"product-type-simple"},"_links":{"self":[{"href":"https:\/\/lyfilter.com\/fr\/wp-json\/wp\/v2\/product\/590","targetHints":{"allow":["GET"]}}],"collection":[{"href":"https:\/\/lyfilter.com\/fr\/wp-json\/wp\/v2\/product"}],"about":[{"href":"https:\/\/lyfilter.com\/fr\/wp-json\/wp\/v2\/types\/product"}],"replies":[{"embeddable":true,"href":"https:\/\/lyfilter.com\/fr\/wp-json\/wp\/v2\/comments?post=590"}],"wp:featuredmedia":[{"embeddable":true,"href":"https:\/\/lyfilter.com\/fr\/wp-json\/wp\/v2\/media\/591"}],"wp:attachment":[{"href":"https:\/\/lyfilter.com\/fr\/wp-json\/wp\/v2\/media?parent=590"}],"wp:term":[{"taxonomy":"product_brand","embeddable":true,"href":"https:\/\/lyfilter.com\/fr\/wp-json\/wp\/v2\/product_brand?post=590"},{"taxonomy":"product_cat","embeddable":true,"href":"https:\/\/lyfilter.com\/fr\/wp-json\/wp\/v2\/product_cat?post=590"},{"taxonomy":"product_tag","embeddable":true,"href":"https:\/\/lyfilter.com\/fr\/wp-json\/wp\/v2\/product_tag?post=590"}],"curies":[{"name":"wp","href":"https:\/\/api.w.org\/{rel}","templated":true}]}}