{"id":578,"date":"2025-12-24T02:46:37","date_gmt":"2025-12-24T02:46:37","guid":{"rendered":"https:\/\/lyfilter.com\/?post_type=product&#038;p=578"},"modified":"2025-12-24T02:57:31","modified_gmt":"2025-12-24T02:57:31","slug":"high-performance-sanitary-filter-housings-in-stainless-steel","status":"publish","type":"product","link":"https:\/\/lyfilter.com\/fr\/high-performance-sanitary-filter-housings-in-stainless-steel\/","title":{"rendered":"Bo\u00eetiers de filtres sanitaires haute performance en acier inoxydable"},"content":{"rendered":"<div class=\"unit-detail-html-tabs__content-attr\">\n<div class=\"unit-product-attrparam\">\n<div class=\"unit-product-attrparam__items row\">\n<div class=\"col-12 col-md-6\">\n<div class=\"unit-product-attrparam__item\">\n<table>\n<tbody>\n<tr data-start=\"335\" data-end=\"365\">\n<td data-start=\"335\" data-end=\"346\" data-col-size=\"sm\">Mat\u00e9riau<\/td>\n<td data-start=\"346\" data-end=\"365\" data-col-size=\"sm\">Acier inoxydable<\/td>\n<\/tr>\n<\/tbody>\n<\/table>\n<table>\n<tbody>\n<tr data-start=\"366\" data-end=\"392\" data-is-last-node=\"\">\n<td data-start=\"366\" data-end=\"381\" data-col-size=\"sm\">Disponibilit\u00e9<\/td>\n<td data-start=\"381\" data-end=\"392\" data-is-last-node=\"\" data-col-size=\"sm\">OEM\/ODM<\/td>\n<\/tr>\n<\/tbody>\n<\/table>\n<\/div>\n<\/div>\n<\/div>\n<\/div>\n<\/div>\n<div class=\"unit-detail-html-tabs__content-html\">\n<div id=\"module-74E4U0f4f3b0a\">\n<div class=\"ce-d-flex ce-flex-wrap\">\n<div class=\"ce-col-12\">\n<div id=\"unit-zzuNfqHeIMdKBT5\">\n<div class=\"ce-text_item\">\n<div class=\"ce-text\" data-qb-tmp-id=\"lt-270764\" data-gramm=\"false\">\n<div>\n<div class=\"ce-d-flex ce-flex-wrap\">\n<div class=\"ce-col-12\">\n<div id=\"unit-adi8SlZ2NA87g7x\">\n<div class=\"ce-text_item\">\n<div class=\"ce-text\">\n<p><strong>Bo\u00eetiers de filtres sanitaires haute performance en acier inoxydable<\/strong><\/p>\n<p>&nbsp;<\/p>\n<p>Caract\u00e9ristiques des corps de filtres sanitaires en acier inoxydable<\/p>\n<ul>\n<li>Conception hygi\u00e9nique : Nos corps de filtre sanitaires en acier inoxydable sont con\u00e7us de mani\u00e8re hygi\u00e9nique, ce qui garantit que le processus de filtration pr\u00e9serve la puret\u00e9 de vos produits.<\/li>\n<li>R\u00e9sistance \u00e0 la corrosion : Fabriqu\u00e9s en acier inoxydable de haute qualit\u00e9, ces bo\u00eetiers offrent une r\u00e9sistance exceptionnelle \u00e0 la corrosion, ce qui les rend id\u00e9aux pour une utilisation dans des environnements difficiles.<\/li>\n<li>Facilit\u00e9 de nettoyage : Les surfaces lisses et polies de nos filtres sanitaires facilitent le nettoyage, ce qui permet une maintenance rapide et efficace.<\/li>\n<li>Mat\u00e9riau de qualit\u00e9 alimentaire : Fabriqu\u00e9s en acier inoxydable de qualit\u00e9 alimentaire, nos corps de filtre sont conformes aux normes industrielles, ce qui les rend adapt\u00e9s aux applications dans le secteur de l'alimentation et des boissons.<\/li>\n<li>Options personnalisables : Adaptez ces corps de filtre \u00e0 vos besoins sp\u00e9cifiques. Choisissez parmi diff\u00e9rentes tailles, configurations et types de connexion pour r\u00e9pondre \u00e0 vos besoins de filtration.<\/li>\n<li>Int\u00e9grit\u00e9 du joint : La conception du bo\u00eetier assure une \u00e9tanch\u00e9it\u00e9 parfaite, emp\u00eachant toute fuite ou contamination pendant le processus de filtration.<\/li>\n<li>Conformit\u00e9 aux normes : Nos corps de filtres sanitaires sont conformes aux normes et r\u00e9glementations de l'industrie, ce qui vous permet d'avoir l'esprit tranquille en ce qui concerne la s\u00e9curit\u00e9 et la qualit\u00e9 des produits.<\/li>\n<li>Large \u00e9ventail d'applications : Qu'il s'agisse de produits pharmaceutiques, de cosm\u00e9tiques, de transformation des aliments ou d'autres industries, ces produits peuvent \u00eatre utilis\u00e9s dans de nombreux domaines.\u00a0<a href=\"https:\/\/lyfilter.com\/fr\/stainless-steel-filter-housing.html\/\">bo\u00eetier de filtre en acier inoxydable<\/a>offrent des solutions de filtration polyvalentes et fiables.<\/li>\n<li>Construction durable : Gr\u00e2ce \u00e0 une construction robuste et \u00e0 des mat\u00e9riaux durables, nos corps de filtres sanitaires sont con\u00e7us pour r\u00e9sister aux rigueurs d'un fonctionnement continu dans des environnements exigeants.<\/li>\n<li>Installation facile : Con\u00e7us pour une installation conviviale, ces corps de filtre sont dot\u00e9s de caract\u00e9ristiques qui simplifient le processus d'installation, garantissant un temps d'arr\u00eat minimal pour vos op\u00e9rations.<\/li>\n<\/ul>\n<p><img decoding=\"async\" class=\"imageye-selected\" src=\"https:\/\/img.yfisher.com\/m6076\/1725286997w65.jpg\" alt=\"Bo\u00eetiers de filtres sanitaires haute performance en acier inoxydable 7\" data-lazy=\"2\" title=\"\"><\/p>\n<p><img decoding=\"async\" class=\"imageye-selected\" src=\"https:\/\/img.yfisher.com\/m6076\/17252869974hs.jpg\" alt=\"Bo\u00eetiers de filtres sanitaires haute performance en acier inoxydable 8\" data-lazy=\"2\" title=\"\"><\/p>\n<p>&nbsp;<\/p>\n<p>&nbsp;<\/p>\n<p>&nbsp;<\/p>\n<p>&nbsp;<\/p>\n<p>&nbsp;<\/p>\n<p>&nbsp;<\/p>\n<p>&nbsp;<\/p>\n<p>&nbsp;<\/p>\n<p>&nbsp;<\/p>\n<p>&nbsp;<\/p>\n<p>&nbsp;<\/p>\n<p>&nbsp;<\/p>\n<p><strong>Comment personnaliser les corps de filtres sanitaires en acier inoxydable de lvyuan ?<\/strong><\/p>\n<p>La personnalisation des corps de filtres sanitaires en acier inoxydable de Lvyuan est un processus rationalis\u00e9 con\u00e7u pour r\u00e9pondre \u00e0 vos besoins uniques en mati\u00e8re de filtration. Commencez par sp\u00e9cifier vos exigences, telles que la capacit\u00e9, la pression et le d\u00e9bit, et s\u00e9lectionnez le type d'acier inoxydable appropri\u00e9, qu'il s'agisse de 304, 316 ou 316L. D\u00e9terminez la configuration du bo\u00eetier, les dimensions, la finition de surface, les options d'\u00e9tanch\u00e9it\u00e9, le m\u00e9canisme de fermeture et toutes les caract\u00e9ristiques suppl\u00e9mentaires telles que les manom\u00e8tres.<\/p>\n<p>Veiller \u00e0 la conformit\u00e9 avec les normes et certifications industrielles. Consultez Lvyuan en lui fournissant vos sp\u00e9cifications et en lui demandant son avis sur la conception. Apr\u00e8s avoir examin\u00e9 et approuv\u00e9 la conception propos\u00e9e, Lvyuan proc\u00e9dera \u00e0 la production de votre bo\u00eetier de filtre personnalis\u00e9, fournissant une solution de haute qualit\u00e9 adapt\u00e9e \u00e0 vos sp\u00e9cifications exactes.<\/p>\n<p><img decoding=\"async\" class=\"imageye-selected\" src=\"https:\/\/img.yfisher.com\/m6076\/1725286997m49.jpg\" alt=\"Cartouches filtrantes sanitaires haute performance en acier inoxydable 9\" data-lazy=\"2\" title=\"\"><\/p>\n<p><img decoding=\"async\" class=\"imageye-selected\" src=\"https:\/\/img.yfisher.com\/m6076\/1725286997okv.jpg\" alt=\"Bo\u00eetiers de filtres sanitaires haute performance en acier inoxydable 10\" data-lazy=\"2\" title=\"\"><\/p>\n<p><strong>Avantages des corps de filtres sanitaires en acier inoxydable<\/strong><\/p>\n<ol>\n<li>Conception hygi\u00e9nique : Nos corps de filtre sanitaires en acier inoxydable sont con\u00e7us de mani\u00e8re hygi\u00e9nique, ce qui garantit que le processus de filtration pr\u00e9serve la puret\u00e9 de vos produits.<\/li>\n<li>R\u00e9sistance \u00e0 la corrosion : Fabriqu\u00e9s en acier inoxydable de haute qualit\u00e9, ces bo\u00eetiers offrent une r\u00e9sistance exceptionnelle \u00e0 la corrosion, ce qui les rend id\u00e9aux pour une utilisation dans des environnements difficiles.<\/li>\n<li>Facilit\u00e9 de nettoyage : Les surfaces lisses et polies de nos filtres sanitaires facilitent le nettoyage, ce qui permet une maintenance rapide et efficace.<\/li>\n<li>Mat\u00e9riau de qualit\u00e9 alimentaire : Fabriqu\u00e9s en acier inoxydable de qualit\u00e9 alimentaire, nos corps de filtre sont conformes aux normes industrielles, ce qui les rend adapt\u00e9s aux applications dans le secteur de l'alimentation et des boissons.<\/li>\n<li>Options personnalisables : Adaptez ces corps de filtre \u00e0 vos besoins sp\u00e9cifiques. Choisissez parmi diff\u00e9rentes tailles, configurations et types de connexion pour r\u00e9pondre \u00e0 vos besoins de filtration.<\/li>\n<li>Int\u00e9grit\u00e9 du joint : La conception du bo\u00eetier assure une \u00e9tanch\u00e9it\u00e9 parfaite, emp\u00eachant toute fuite ou contamination pendant le processus de filtration.<\/li>\n<li>Conformit\u00e9 aux normes : Nos corps de filtres sanitaires sont conformes aux normes et r\u00e9glementations de l'industrie, ce qui vous permet d'avoir l'esprit tranquille en ce qui concerne la s\u00e9curit\u00e9 et la qualit\u00e9 des produits.<\/li>\n<li>Large gamme d'applications : Que ce soit dans l'industrie pharmaceutique, cosm\u00e9tique, alimentaire ou autre, ces corps de filtre en acier inoxydable offrent des solutions de filtration polyvalentes et fiables.<\/li>\n<li>Construction durable : Gr\u00e2ce \u00e0 une construction robuste et \u00e0 des mat\u00e9riaux durables, nos corps de filtres sanitaires sont con\u00e7us pour r\u00e9sister aux rigueurs d'un fonctionnement continu dans des environnements exigeants.<\/li>\n<li>Installation facile : Con\u00e7us pour une installation conviviale, ces corps de filtre sont dot\u00e9s de caract\u00e9ristiques qui simplifient le processus d'installation, garantissant un temps d'arr\u00eat minimal pour vos op\u00e9rations.<\/li>\n<\/ol>\n<p>&nbsp;<\/p>\n<p>&nbsp;<\/p>\n<p><strong><img decoding=\"async\" class=\"imageye-selected\" src=\"https:\/\/img.yfisher.com\/m6076\/1725286997e13.jpg\" alt=\"Bo\u00eetiers de filtres sanitaires haute performance en acier inoxydable 11\" data-lazy=\"2\" title=\"\"><\/strong><\/p>\n<\/div>\n<\/div>\n<\/div>\n<\/div>\n<\/div>\n<\/div>\n<\/div>\n<\/div>\n<\/div>\n<\/div>\n<\/div>\n<\/div>\n<\/div>","protected":false},"excerpt":{"rendered":"<table>\n<thead>\n<tr>\n<th>Champ d'application<\/th>\n<th>D\u00e9tails<\/th>\n<\/tr>\n<\/thead>\n<tbody>\n<tr>\n<td>Port de d\u00e9part<\/td>\n<td>Guangzhou<\/td>\n<\/tr>\n<tr>\n<td>Capacit\u00e9 de production<\/td>\n<td>10000 unit\u00e9s\/mois<\/td>\n<\/tr>\n<tr>\n<td>Lieu d'origine<\/td>\n<td>Guangdong, Chine<\/td>\n<\/tr>\n<tr>\n<td>Paiement<\/td>\n<td>T\/T, Western Union, Paypal<\/td>\n<\/tr>\n<tr>\n<td>MOQ<\/td>\n<td>1 pi\u00e8ce<\/td>\n<\/tr>\n<tr>\n<td>Mod\u00e8le<\/td>\n<td>LY-FB<\/td>\n<\/tr>\n<tr>\n<td>D\u00e9lai de livraison<\/td>\n<td>Dans les 7 jours ouvrables<\/td>\n<\/tr>\n<tr>\n<td>Certification<\/td>\n<td>ISO 9001<\/td>\n<\/tr>\n<tr>\n<td>Marque<\/td>\n<td>OEM\/Lvyuan<\/td>\n<\/tr>\n<\/tbody>\n<\/table>","protected":false},"featured_media":580,"comment_status":"open","ping_status":"closed","template":"","meta":{"_gspb_post_css":""},"product_brand":[],"product_cat":[15],"product_tag":[263,261,262,260,258,259],"class_list":{"0":"post-578","1":"product","2":"type-product","3":"status-publish","4":"has-post-thumbnail","6":"product_cat-stainless-steel-filter-housing","7":"product_tag-fast-delivery","8":"product_tag-guangdong-china","9":"product_tag-guangzhou-port","10":"product_tag-iso-9001","11":"product_tag-ly-fb","12":"product_tag-oem","14":"first","15":"instock","16":"shipping-taxable","17":"product-type-simple"},"_links":{"self":[{"href":"https:\/\/lyfilter.com\/fr\/wp-json\/wp\/v2\/product\/578","targetHints":{"allow":["GET"]}}],"collection":[{"href":"https:\/\/lyfilter.com\/fr\/wp-json\/wp\/v2\/product"}],"about":[{"href":"https:\/\/lyfilter.com\/fr\/wp-json\/wp\/v2\/types\/product"}],"replies":[{"embeddable":true,"href":"https:\/\/lyfilter.com\/fr\/wp-json\/wp\/v2\/comments?post=578"}],"wp:featuredmedia":[{"embeddable":true,"href":"https:\/\/lyfilter.com\/fr\/wp-json\/wp\/v2\/media\/580"}],"wp:attachment":[{"href":"https:\/\/lyfilter.com\/fr\/wp-json\/wp\/v2\/media?parent=578"}],"wp:term":[{"taxonomy":"product_brand","embeddable":true,"href":"https:\/\/lyfilter.com\/fr\/wp-json\/wp\/v2\/product_brand?post=578"},{"taxonomy":"product_cat","embeddable":true,"href":"https:\/\/lyfilter.com\/fr\/wp-json\/wp\/v2\/product_cat?post=578"},{"taxonomy":"product_tag","embeddable":true,"href":"https:\/\/lyfilter.com\/fr\/wp-json\/wp\/v2\/product_tag?post=578"}],"curies":[{"name":"wp","href":"https:\/\/api.w.org\/{rel}","templated":true}]}}