{"id":5029,"date":"2026-04-07T08:25:59","date_gmt":"2026-04-07T08:25:59","guid":{"rendered":"https:\/\/lyfilter.com\/"},"modified":"2026-05-08T01:15:34","modified_gmt":"2026-05-08T01:15:34","slug":"20-inch-ss304-ss316-stainless-steel-code-7-cartridge-filter-housing-sanitary-cartridge-filter","status":"publish","type":"product","link":"https:\/\/lyfilter.com\/fr\/20-inch-ss304-ss316-stainless-steel-code-7-cartridge-filter-housing-sanitary-cartridge-filter\/","title":{"rendered":"Bo\u00eetier de filtre \u00e0 cartouche de 20 pouces en acier inoxydable SS304 SS316 Code 7 \/ Filtre \u00e0 cartouche sanitaire"},"content":{"rendered":"<table>\n<thead>\n<tr>\n<th>Lieu d'origine<\/th>\n<th>Guangdong, Chine<\/th>\n<\/tr>\n<\/thead>\n<tbody>\n<tr>\n<td>Nom de la marque<\/td>\n<td>Lvyuan,OEM,ODM<\/td>\n<\/tr>\n<tr>\n<td>Mat\u00e9riau<\/td>\n<td>acier inoxydable<\/td>\n<\/tr>\n<tr>\n<td>Poids<\/td>\n<td>personnalis\u00e9<\/td>\n<\/tr>\n<tr>\n<td>Taille<\/td>\n<td>personnalis\u00e9, 10\u201d20\u201d30\u201d40\u201d<\/td>\n<\/tr>\n<tr>\n<td>Puissance<\/td>\n<td>0<\/td>\n<\/tr>\n<tr>\n<td>Garantie<\/td>\n<td>1 an<\/td>\n<\/tr>\n<tr>\n<td>Service apr\u00e8s-vente<\/td>\n<td>Soutien en ligne<\/td>\n<\/tr>\n<tr>\n<td>Fonctionnalit\u00e9<\/td>\n<td>purification des liquides<\/td>\n<\/tr>\n<tr>\n<td>Certification<\/td>\n<td>SGS<\/td>\n<\/tr>\n<tr>\n<td>Forme<\/td>\n<td>cylindre<\/td>\n<\/tr>\n<tr>\n<td>type de connecteur<\/td>\n<td>pince<\/td>\n<\/tr>\n<tr>\n<td>Application<\/td>\n<td>industrie eau<\/td>\n<\/tr>\n<tr>\n<td>surface<\/td>\n<td>poli\/miroir<\/td>\n<\/tr>\n<tr>\n<td>Nom<\/td>\n<td>bo\u00eetier de filtre sanitaire<\/td>\n<\/tr>\n<tr>\n<td>Mati\u00e8res premi\u00e8res<\/td>\n<td>acier inoxydable<\/td>\n<\/tr>\n<tr>\n<td>Couleur<\/td>\n<td>Argent<\/td>\n<\/tr>\n<tr>\n<td>Capacit\u00e9 d'approvisionnement<\/td>\n<td>5000 pi\u00e8ces par semaine<\/td>\n<\/tr>\n<\/tbody>\n<\/table>","protected":false},"excerpt":{"rendered":"<p>Con\u00e7u pour la filtration sanitaire, ce bo\u00eetier de filtre \u00e0 cartouche en acier inoxydable SS304 et SS316 Code 7 permet un \u00e9coulement propre des liquides et un contr\u00f4le fiable des particules. Il permet de maintenir un traitement stable et une utilisation r\u00e9guli\u00e8re dans les syst\u00e8mes industriels.<\/p>","protected":false},"featured_media":5035,"comment_status":"open","ping_status":"closed","template":"","meta":{"_gspb_post_css":""},"product_brand":[],"product_cat":[15],"product_tag":[1957,42,1534,1958,1956,1660],"class_list":{"0":"post-5029","1":"product","2":"type-product","3":"status-publish","4":"has-post-thumbnail","6":"product_cat-stainless-steel-filter-housing","7":"product_tag-code-7-filter-housing","8":"product_tag-industrial-liquid-filtration","9":"product_tag-inversafilterpurification","10":"product_tag-sanitary-cartridge-filter","11":"product_tag-ss304-ss316-sanitary-filter","12":"product_tag-stainless-steel-cartridge-filter-housing","14":"first","15":"instock","16":"shipping-taxable","17":"product-type-simple"},"_links":{"self":[{"href":"https:\/\/lyfilter.com\/fr\/wp-json\/wp\/v2\/product\/5029","targetHints":{"allow":["GET"]}}],"collection":[{"href":"https:\/\/lyfilter.com\/fr\/wp-json\/wp\/v2\/product"}],"about":[{"href":"https:\/\/lyfilter.com\/fr\/wp-json\/wp\/v2\/types\/product"}],"replies":[{"embeddable":true,"href":"https:\/\/lyfilter.com\/fr\/wp-json\/wp\/v2\/comments?post=5029"}],"wp:featuredmedia":[{"embeddable":true,"href":"https:\/\/lyfilter.com\/fr\/wp-json\/wp\/v2\/media\/5035"}],"wp:attachment":[{"href":"https:\/\/lyfilter.com\/fr\/wp-json\/wp\/v2\/media?parent=5029"}],"wp:term":[{"taxonomy":"product_brand","embeddable":true,"href":"https:\/\/lyfilter.com\/fr\/wp-json\/wp\/v2\/product_brand?post=5029"},{"taxonomy":"product_cat","embeddable":true,"href":"https:\/\/lyfilter.com\/fr\/wp-json\/wp\/v2\/product_cat?post=5029"},{"taxonomy":"product_tag","embeddable":true,"href":"https:\/\/lyfilter.com\/fr\/wp-json\/wp\/v2\/product_tag?post=5029"}],"curies":[{"name":"wp","href":"https:\/\/api.w.org\/{rel}","templated":true}]}}