{"id":5018,"date":"2026-04-07T07:50:24","date_gmt":"2026-04-07T07:50:24","guid":{"rendered":"https:\/\/lyfilter.com\/"},"modified":"2026-04-07T07:50:24","modified_gmt":"2026-04-07T07:50:24","slug":"lvyuan-filter-water-treatment-plant-manufacturers-high-safety-for-factory","status":"publish","type":"product","link":"https:\/\/lyfilter.com\/fr\/lvyuan-filter-water-treatment-plant-manufacturers-high-safety-for-factory\/","title":{"rendered":"Lvyuan Filter Water Treatment Plant Manufacturers High Safety For Factory (Usine de traitement de l'eau \u00e0 filtre de Lvyuan)"},"content":{"rendered":"<table>\n<thead>\n<tr>\n<th>Lieu d'origine<\/th>\n<th>Guangdong, Chine<\/th>\n<\/tr>\n<\/thead>\n<tbody>\n<tr>\n<td>Nom de la marque<\/td>\n<td>Guangzhou Lvyuan<\/td>\n<\/tr>\n<tr>\n<td>Num\u00e9ro de mod\u00e8le<\/td>\n<td>LY-PV001<\/td>\n<\/tr>\n<tr>\n<td>Nom<\/td>\n<td>R\u00e9servoirs sous pression \u00e0 membrane en acier inoxydable 316<\/td>\n<\/tr>\n<tr>\n<td>mat\u00e9riau du bo\u00eetier<\/td>\n<td>SS304, SS316<\/td>\n<\/tr>\n<tr>\n<td>type de logement<\/td>\n<td>sans couture ou avec couture<\/td>\n<\/tr>\n<tr>\n<td>mat\u00e9riau de l'embout<\/td>\n<td>ABS, acier inoxydable<\/td>\n<\/tr>\n<tr>\n<td>taux de pression<\/td>\n<td>300psi, 400psi, 1000psi<\/td>\n<\/tr>\n<tr>\n<td>mode d'entr\u00e9e<\/td>\n<td>extr\u00e9mit\u00e9 ou c\u00f4t\u00e9<\/td>\n<\/tr>\n<tr>\n<td>orifice d'entr\u00e9e<\/td>\n<td>3\/4\u2033 femelle ou 1,5\u2033 femelle<\/td>\n<\/tr>\n<tr>\n<td>orifice de sortie<\/td>\n<td>1\/2\u2033 femelle ou 1\u2033 femelle<\/td>\n<\/tr>\n<tr>\n<td>Certification<\/td>\n<td>Certificat CE<\/td>\n<\/tr>\n<tr>\n<td>Application<\/td>\n<td>R\u00e9servoir sous pression pour osmose inverse RO<\/td>\n<\/tr>\n<tr>\n<td>Capacit\u00e9 d'approvisionnement<\/td>\n<td>10000 Piece\/Pieces par Mois r\u00e9cipient sous pression en acier inoxydable<\/td>\n<\/tr>\n<\/tbody>\n<\/table>","protected":false},"excerpt":{"rendered":"<p>Avantages pour l'entreprise<br \/>\n1. Le filtre Lvyuan est fabriqu\u00e9 \u00e0 partir de mati\u00e8res premi\u00e8res de la meilleure qualit\u00e9 possible, ce qui garantit aux clients l'authenticit\u00e9 du produit. Il ne contient pas de liants, d'agents, de solvants, de mat\u00e9riaux antistatiques ou d'agents mouillants.<br \/>\n2. Ces caract\u00e9ristiques lui ont permis de gagner la faveur des clients du monde entier. Le joint annulaire en forme d'\u00e9toile facilite le d\u00e9montage et l'entretien de l'\u00e9l\u00e9ment filtrant.<br \/>\n3. Le produit pr\u00e9sente une r\u00e9sistance \u00e0 la temp\u00e9rature. Sa rigidit\u00e9 ou sa r\u00e9sistance \u00e0 la fatigue ne sera pas facilement modifi\u00e9e par les variations de temp\u00e9rature. Il peut fournir une analyse et des r\u00e9sultats pr\u00e9cis pour la chromatographie ionique sensible.<\/p>\n<p>Guangzhou Lvyuan propose une gamme compl\u00e8te de bo\u00eetiers en acier inoxydable pour membranes d'osmose inverse de 2,5\u201d, 4\u201d et 8\u201d. Les bo\u00eetiers sont con\u00e7us de mani\u00e8re \u00e0 pouvoir entrer par l'extr\u00e9mit\u00e9 ou par le c\u00f4t\u00e9, et s'adaptent \u00e0 diff\u00e9rentes tailles d'orifices de perm\u00e9at et de concentr\u00e9. La diversit\u00e9 des options permet aux clients de r\u00e9pondre \u00e0 diff\u00e9rentes applications et d'\u00e9viter des investissements co\u00fbteux dans des collecteurs compliqu\u00e9s. Tous les bo\u00eetiers de membranes d'osmose inverse en acier inoxydable sont soumis \u00e0 des essais hydrauliques afin de garantir une qualit\u00e9 constante au point d'utilisation.<\/p>","protected":false},"featured_media":5019,"comment_status":"open","ping_status":"closed","template":"","meta":{"_gspb_post_css":""},"product_brand":[],"product_cat":[1202],"product_tag":[1942,1943,1717,1534,1941,1136],"class_list":{"0":"post-5018","1":"product","2":"type-product","3":"status-publish","4":"has-post-thumbnail","6":"product_cat-filter-cartridge","7":"product_tag-factory-water-filtration","8":"product_tag-high-safety-filtration-system","9":"product_tag-industrial-water-purification","10":"product_tag-inversafilterpurification","11":"product_tag-lvyuan-water-treatment-plant","12":"product_tag-water-filter-locks","14":"first","15":"instock","16":"shipping-taxable","17":"product-type-simple"},"_links":{"self":[{"href":"https:\/\/lyfilter.com\/fr\/wp-json\/wp\/v2\/product\/5018","targetHints":{"allow":["GET"]}}],"collection":[{"href":"https:\/\/lyfilter.com\/fr\/wp-json\/wp\/v2\/product"}],"about":[{"href":"https:\/\/lyfilter.com\/fr\/wp-json\/wp\/v2\/types\/product"}],"replies":[{"embeddable":true,"href":"https:\/\/lyfilter.com\/fr\/wp-json\/wp\/v2\/comments?post=5018"}],"wp:featuredmedia":[{"embeddable":true,"href":"https:\/\/lyfilter.com\/fr\/wp-json\/wp\/v2\/media\/5019"}],"wp:attachment":[{"href":"https:\/\/lyfilter.com\/fr\/wp-json\/wp\/v2\/media?parent=5018"}],"wp:term":[{"taxonomy":"product_brand","embeddable":true,"href":"https:\/\/lyfilter.com\/fr\/wp-json\/wp\/v2\/product_brand?post=5018"},{"taxonomy":"product_cat","embeddable":true,"href":"https:\/\/lyfilter.com\/fr\/wp-json\/wp\/v2\/product_cat?post=5018"},{"taxonomy":"product_tag","embeddable":true,"href":"https:\/\/lyfilter.com\/fr\/wp-json\/wp\/v2\/product_tag?post=5018"}],"curies":[{"name":"wp","href":"https:\/\/api.w.org\/{rel}","templated":true}]}}