{"id":5012,"date":"2026-04-07T07:47:34","date_gmt":"2026-04-07T07:47:34","guid":{"rendered":"https:\/\/lyfilter.com\/"},"modified":"2026-04-07T07:47:34","modified_gmt":"2026-04-07T07:47:34","slug":"stainless-steel-angle-filter-housing","status":"publish","type":"product","link":"https:\/\/lyfilter.com\/fr\/stainless-steel-angle-filter-housing\/","title":{"rendered":"Bo\u00eetier de filtre angulaire en acier inoxydable"},"content":{"rendered":"<table>\n<thead>\n<tr>\n<th>Port de d\u00e9part<\/th>\n<th>Guangzhou<\/th>\n<\/tr>\n<\/thead>\n<tbody>\n<tr>\n<td>Capacit\u00e9 de production<\/td>\n<td>10000 unit\u00e9s\/mois<\/td>\n<\/tr>\n<tr>\n<td>Lieu d'origine<\/td>\n<td>Guangdong, Chine<\/td>\n<\/tr>\n<tr>\n<td>Paiement<\/td>\n<td>T\/T, Alibaba Trade Assurance, paypal<\/td>\n<\/tr>\n<tr>\n<td>MOQ<\/td>\n<td>1 pi\u00e8ce<\/td>\n<\/tr>\n<tr>\n<td>D\u00e9lai de livraison<\/td>\n<td>Dans les 7 jours ouvrables<\/td>\n<\/tr>\n<tr>\n<td>Certification<\/td>\n<td>ISO 9001<\/td>\n<\/tr>\n<tr>\n<td>Marque<\/td>\n<td>OEM\/Lvyuan<\/td>\n<\/tr>\n<\/tbody>\n<\/table>","protected":false},"excerpt":{"rendered":"<p>Les bo\u00eetiers de filtre \u00e0 angle en acier inoxydable sont utilis\u00e9s pour filtrer des gaz ou des liquides dans des syst\u00e8mes \u00e0 haute pression. Les\u00a0<a href=\"https:\/\/lyfilter.com\/fr\/products.html\/\">\u00e9l\u00e9ment filtrant<\/a>\u00a0peut \u00eatre facilement remplac\u00e9e sur le terrain. La conception sp\u00e9ciale permet de remplacer la cartouche filtrante sans avoir \u00e0 retirer le filtre \u00e0 l'avant du tube.<\/p>\n<p>Les unit\u00e9s filtrantes sont fabriqu\u00e9es en mat\u00e9riau fritt\u00e9 avec des pores de 7 \u03bcm, 40 \u03bcm ou 60 \u03bcm, respectivement. Tous les filtres angulaires sont livr\u00e9s avec des \u00e9crous et des douilles.<\/p>","protected":false},"featured_media":5014,"comment_status":"open","ping_status":"closed","template":"","meta":{"_gspb_post_css":""},"product_brand":[],"product_cat":[15],"product_tag":[1939,1940,1534,1928,1938,1136],"class_list":{"0":"post-5012","1":"product","2":"type-product","3":"status-publish","4":"has-post-thumbnail","6":"product_cat-stainless-steel-filter-housing","7":"product_tag-angle-filter-housing","8":"product_tag-industrial-liquid-filter-housing","9":"product_tag-inversafilterpurification","10":"product_tag-sanitary-stainless-steel-filter","11":"product_tag-stainless-steel-angle-filter-housing","12":"product_tag-water-filter-locks","14":"first","15":"instock","16":"shipping-taxable","17":"product-type-simple"},"_links":{"self":[{"href":"https:\/\/lyfilter.com\/fr\/wp-json\/wp\/v2\/product\/5012","targetHints":{"allow":["GET"]}}],"collection":[{"href":"https:\/\/lyfilter.com\/fr\/wp-json\/wp\/v2\/product"}],"about":[{"href":"https:\/\/lyfilter.com\/fr\/wp-json\/wp\/v2\/types\/product"}],"replies":[{"embeddable":true,"href":"https:\/\/lyfilter.com\/fr\/wp-json\/wp\/v2\/comments?post=5012"}],"wp:featuredmedia":[{"embeddable":true,"href":"https:\/\/lyfilter.com\/fr\/wp-json\/wp\/v2\/media\/5014"}],"wp:attachment":[{"href":"https:\/\/lyfilter.com\/fr\/wp-json\/wp\/v2\/media?parent=5012"}],"wp:term":[{"taxonomy":"product_brand","embeddable":true,"href":"https:\/\/lyfilter.com\/fr\/wp-json\/wp\/v2\/product_brand?post=5012"},{"taxonomy":"product_cat","embeddable":true,"href":"https:\/\/lyfilter.com\/fr\/wp-json\/wp\/v2\/product_cat?post=5012"},{"taxonomy":"product_tag","embeddable":true,"href":"https:\/\/lyfilter.com\/fr\/wp-json\/wp\/v2\/product_tag?post=5012"}],"curies":[{"name":"wp","href":"https:\/\/api.w.org\/{rel}","templated":true}]}}