{"id":5001,"date":"2026-04-07T07:37:25","date_gmt":"2026-04-07T07:37:25","guid":{"rendered":"https:\/\/lyfilter.com\/"},"modified":"2026-04-07T07:37:25","modified_gmt":"2026-04-07T07:37:25","slug":"customized-device-sanitary-stainless-steel-liquid-filter-with-1-2-3-4-5-stages-cartridge-bag-purification","status":"publish","type":"product","link":"https:\/\/lyfilter.com\/fr\/customized-device-sanitary-stainless-steel-liquid-filter-with-1-2-3-4-5-stages-cartridge-bag-purification\/","title":{"rendered":"Dispositif sur mesure Filtre \u00e0 liquide sanitaire en acier inoxydable avec purification par cartouche\/sac \u00e0 1\/2\/3\/4\/5 \u00e9tages"},"content":{"rendered":"<table>\n<thead>\n<tr>\n<th>Lieu d'origine<\/th>\n<th>Guangdong, Chine<\/th>\n<\/tr>\n<\/thead>\n<tbody>\n<tr>\n<td>Nom de la marque<\/td>\n<td>Lvyuan \/ OEM<\/td>\n<\/tr>\n<tr>\n<td>Garantie<\/td>\n<td>Indisponible<\/td>\n<\/tr>\n<tr>\n<td>Service apr\u00e8s-vente<\/td>\n<td>Soutien en ligne<\/td>\n<\/tr>\n<tr>\n<td>Nom du produit<\/td>\n<td>Filtre \u00e0 liquide en acier inoxydable<\/td>\n<\/tr>\n<tr>\n<td>mat\u00e9riau du bo\u00eetier<\/td>\n<td>ss304, sus 316, ss316L<\/td>\n<\/tr>\n<tr>\n<td>quantit\u00e9 de filtres \u00e0 poches<\/td>\n<td>Sacs simples ou multiples personnalis\u00e9s<\/td>\n<\/tr>\n<tr>\n<td>Taille du sac<\/td>\n<td>180<em>450mm ou 180<\/em>810 mm, autres<\/td>\n<\/tr>\n<tr>\n<td>Type d'entr\u00e9e et de sortie<\/td>\n<td>Connexion bride\/filetage<\/td>\n<\/tr>\n<tr>\n<td>Sac filtrant Mat\u00e9riau<\/td>\n<td>PP, PE, sur mesure<\/td>\n<\/tr>\n<tr>\n<td>Pression de service maximale<\/td>\n<td>100\/150\/300 Psi<\/td>\n<\/tr>\n<tr>\n<td>Utilisation<\/td>\n<td>filtration des liquides<\/td>\n<\/tr>\n<tr>\n<td>Num\u00e9ro du sac<\/td>\n<td>#1, 2, 3, 4, 5, OEM<\/td>\n<\/tr>\n<tr>\n<td>la crise du logement par<\/td>\n<td>boulon rapide, collier, bride<\/td>\n<\/tr>\n<tr>\n<td>Capacit\u00e9 d'approvisionnement<\/td>\n<td>1500 Pi\u00e8ces\/Pi\u00e8ces par mois Filtre \u00e0 liquide<\/td>\n<\/tr>\n<\/tbody>\n<\/table>","protected":false},"excerpt":{"rendered":"<p>Con\u00e7u pour une purification fiable des liquides, ce filtre sanitaire personnalis\u00e9 en acier inoxydable prend en charge 1 \u00e0 5 \u00e9tapes avec des options de cartouche ou de poche. Il offre un d\u00e9bit plus propre, un traitement plus s\u00fbr et une filtration flexible pour de nombreux besoins.<\/p>","protected":false},"featured_media":4641,"comment_status":"open","ping_status":"closed","template":"","meta":{"_gspb_post_css":""},"product_brand":[],"product_cat":[1135],"product_tag":[1930,1534,1929,1931,1928,1136],"class_list":{"0":"post-5001","1":"product","2":"type-product","3":"status-publish","4":"has-post-thumbnail","6":"product_cat-stainless-steel-bag-filter-housing","7":"product_tag-cartridge-bag-purification","8":"product_tag-inversafilterpurification","9":"product_tag-liquid-filter-system","10":"product_tag-multi-stage-filtration","11":"product_tag-sanitary-stainless-steel-filter","12":"product_tag-water-filter-locks","14":"first","15":"instock","16":"shipping-taxable","17":"product-type-simple"},"_links":{"self":[{"href":"https:\/\/lyfilter.com\/fr\/wp-json\/wp\/v2\/product\/5001","targetHints":{"allow":["GET"]}}],"collection":[{"href":"https:\/\/lyfilter.com\/fr\/wp-json\/wp\/v2\/product"}],"about":[{"href":"https:\/\/lyfilter.com\/fr\/wp-json\/wp\/v2\/types\/product"}],"replies":[{"embeddable":true,"href":"https:\/\/lyfilter.com\/fr\/wp-json\/wp\/v2\/comments?post=5001"}],"wp:featuredmedia":[{"embeddable":true,"href":"https:\/\/lyfilter.com\/fr\/wp-json\/wp\/v2\/media\/4641"}],"wp:attachment":[{"href":"https:\/\/lyfilter.com\/fr\/wp-json\/wp\/v2\/media?parent=5001"}],"wp:term":[{"taxonomy":"product_brand","embeddable":true,"href":"https:\/\/lyfilter.com\/fr\/wp-json\/wp\/v2\/product_brand?post=5001"},{"taxonomy":"product_cat","embeddable":true,"href":"https:\/\/lyfilter.com\/fr\/wp-json\/wp\/v2\/product_cat?post=5001"},{"taxonomy":"product_tag","embeddable":true,"href":"https:\/\/lyfilter.com\/fr\/wp-json\/wp\/v2\/product_tag?post=5001"}],"curies":[{"name":"wp","href":"https:\/\/api.w.org\/{rel}","templated":true}]}}