{"id":4998,"date":"2026-04-07T07:27:47","date_gmt":"2026-04-07T07:27:47","guid":{"rendered":"https:\/\/lyfilter.com\/"},"modified":"2026-04-07T07:27:47","modified_gmt":"2026-04-07T07:27:47","slug":"affordable-activated-carbon-filter-element-replace-for-sea-water","status":"publish","type":"product","link":"https:\/\/lyfilter.com\/fr\/affordable-activated-carbon-filter-element-replace-for-sea-water\/","title":{"rendered":"El\u00e9ment de filtre \u00e0 charbon actif abordable pour l'eau de mer"},"content":{"rendered":"<table>\n<thead>\n<tr>\n<th>Industries concern\u00e9es<\/th>\n<th>Usine de fabrication d'aliments et de boissons, Magasins d'aliments et de boissons<\/th>\n<\/tr>\n<\/thead>\n<tbody>\n<tr>\n<td>Service apr\u00e8s-vente<\/td>\n<td>Soutien en ligne<\/td>\n<\/tr>\n<tr>\n<td>Lieu de service local<\/td>\n<td>aucun<\/td>\n<\/tr>\n<tr>\n<td>Emplacement de la salle d'exposition<\/td>\n<td>aucun<\/td>\n<\/tr>\n<tr>\n<td>Vid\u00e9o de l'inspection de sortie<\/td>\n<td>Fourni<\/td>\n<\/tr>\n<tr>\n<td>Rapport d'essai des machines<\/td>\n<td>Fourni<\/td>\n<\/tr>\n<tr>\n<td>Type de marketing<\/td>\n<td>Produit ordinaire<\/td>\n<\/tr>\n<tr>\n<td>Garantie des composants de base<\/td>\n<td>1 an<\/td>\n<\/tr>\n<tr>\n<td>Composants essentiels<\/td>\n<td>R\u00e9servoir sous pression<\/td>\n<\/tr>\n<tr>\n<td>Lieu d'origine<\/td>\n<td>Chine<\/td>\n<\/tr>\n<tr>\n<td>Nom de la marque<\/td>\n<td>Lvyuan\/Oem<\/td>\n<\/tr>\n<tr>\n<td>Garantie<\/td>\n<td>1 an<\/td>\n<\/tr>\n<tr>\n<td>Service apr\u00e8s-vente<\/td>\n<td>Soutien en ligne<\/td>\n<\/tr>\n<tr>\n<td>Nom<\/td>\n<td>Filtre \u00e0 cartouche 02 microns<\/td>\n<\/tr>\n<tr>\n<td>Mat\u00e9riau de la membrane filtrante<\/td>\n<td>PP\/PVDF\/PTFE\/PES\/Nylon<\/td>\n<\/tr>\n<tr>\n<td>Longueur<\/td>\n<td>5 \/ 10 \/ 20 \/ 30 \/ 40 \/ 50 \/ 60 pouces<\/td>\n<\/tr>\n<tr>\n<td>Conecteur<\/td>\n<td>Fin\/222\/226\/215\/DOE\/Thread<\/td>\n<\/tr>\n<tr>\n<td>Micron<\/td>\n<td>0.22\/0.5\/1\/3\/5\/10\/25\/50\/75\/100\/150<\/td>\n<\/tr>\n<tr>\n<td>M\u00e9thode de scellement<\/td>\n<td>Soudage par fusion \u00e0 chaud<\/td>\n<\/tr>\n<tr>\n<td>Diam\u00e8tre<\/td>\n<td>70mm\/OEM<\/td>\n<\/tr>\n<tr>\n<td>Noyau interne<\/td>\n<td>PP\/SS\/OEM<\/td>\n<\/tr>\n<tr>\n<td>MOQ<\/td>\n<td>Actuellement pas de limitation<\/td>\n<\/tr>\n<tr>\n<td>Capacit\u00e9 d'approvisionnement<\/td>\n<td>5000 pi\u00e8ces par semaine<\/td>\n<\/tr>\n<\/tbody>\n<\/table>","protected":false},"excerpt":{"rendered":"<p><b>Avantages pour l'entreprise<\/b><br \/>\n<b>1.<\/b>\u00a0La combinaison de mat\u00e9riaux comprenant\u00a0<a href=\"https:\/\/lyfilter.com\/fr\/sediment-filter.html\/\">filtre \u00e0 s\u00e9diments<\/a>\u00a0Le filtre \u00e0 charbon actif de la cartouche de la s\u00e9rie A est d'une qualit\u00e9 irr\u00e9prochable. Sa construction unique \u00e0 gradient de densit\u00e9 maximise l'efficacit\u00e9 et minimise la perte de charge.<br \/>\n<b>2.<\/b>\u00a0Un bon service et une qualit\u00e9 sup\u00e9rieure sont les facteurs cl\u00e9s du succ\u00e8s de l'\u00e9l\u00e9ment filtrant \u00e0 charbon actif sur le march\u00e9 \u00e9tranger. Il poss\u00e8de une grande surface de filtrage efficace<br \/>\n<b>3.<\/b>\u00a0Le produit est stable en qualit\u00e9 et sup\u00e9rieur en performance. La porosit\u00e9 varie en fonction de la profondeur du milieu filtrant.<br \/>\n<b>4.<\/b>\u00a0Notre \u00e9quipe technique professionnelle optimise consid\u00e9rablement les performances de nos produits. Il permet de contr\u00f4ler efficacement la pr\u00e9cision de la filtration<br \/>\n<b>5.<\/b>\u00a0Nous sommes engag\u00e9s dans la recherche et le d\u00e9veloppement de nouvelles technologies, afin que la qualit\u00e9 et la performance de nos produits soient \u00e0 la pointe de l'industrie. Le m\u00e9dia filtrant est thermocoll\u00e9 pour emp\u00eacher la lib\u00e9ration des fibres pendant la dur\u00e9e de vie du produit.<\/p>","protected":false},"featured_media":4999,"comment_status":"open","ping_status":"closed","template":"","meta":{"_gspb_post_css":""},"product_brand":[],"product_cat":[1339],"product_tag":[1177,1577,1534,1546,1924,1136],"class_list":{"0":"post-4998","1":"product","2":"type-product","3":"status-publish","4":"has-post-thumbnail","6":"product_cat-carbon-filter","7":"product_tag-activated-carbon-filter-element","8":"product_tag-carbon-water-filter-cartridge","9":"product_tag-inversafilterpurification","10":"product_tag-sea-water-filter-replacement","11":"product_tag-sea-water-filtration-filter","12":"product_tag-water-filter-locks","14":"first","15":"instock","16":"shipping-taxable","17":"product-type-simple"},"_links":{"self":[{"href":"https:\/\/lyfilter.com\/fr\/wp-json\/wp\/v2\/product\/4998","targetHints":{"allow":["GET"]}}],"collection":[{"href":"https:\/\/lyfilter.com\/fr\/wp-json\/wp\/v2\/product"}],"about":[{"href":"https:\/\/lyfilter.com\/fr\/wp-json\/wp\/v2\/types\/product"}],"replies":[{"embeddable":true,"href":"https:\/\/lyfilter.com\/fr\/wp-json\/wp\/v2\/comments?post=4998"}],"wp:featuredmedia":[{"embeddable":true,"href":"https:\/\/lyfilter.com\/fr\/wp-json\/wp\/v2\/media\/4999"}],"wp:attachment":[{"href":"https:\/\/lyfilter.com\/fr\/wp-json\/wp\/v2\/media?parent=4998"}],"wp:term":[{"taxonomy":"product_brand","embeddable":true,"href":"https:\/\/lyfilter.com\/fr\/wp-json\/wp\/v2\/product_brand?post=4998"},{"taxonomy":"product_cat","embeddable":true,"href":"https:\/\/lyfilter.com\/fr\/wp-json\/wp\/v2\/product_cat?post=4998"},{"taxonomy":"product_tag","embeddable":true,"href":"https:\/\/lyfilter.com\/fr\/wp-json\/wp\/v2\/product_tag?post=4998"}],"curies":[{"name":"wp","href":"https:\/\/api.w.org\/{rel}","templated":true}]}}