{"id":4974,"date":"2026-04-07T07:03:58","date_gmt":"2026-04-07T07:03:58","guid":{"rendered":"https:\/\/lyfilter.com\/"},"modified":"2026-04-07T07:03:58","modified_gmt":"2026-04-07T07:03:58","slug":"lvyuan-stainless-steel-cartridge-filter-housing-wholesaler-for-water-purifier","status":"publish","type":"product","link":"https:\/\/lyfilter.com\/fr\/lvyuan-stainless-steel-cartridge-filter-housing-wholesaler-for-water-purifier\/","title":{"rendered":"Lvyuan Stainless Steel Cartridge Filter Housing Wholesaler For Water Purifier (Bo\u00eetier de filtre \u00e0 cartouche en acier inoxydable pour purificateur d'eau)"},"content":{"rendered":"<table>\n<thead>\n<tr>\n<th>Lieu d'origine<\/th>\n<th>Guangdong, Chine<\/th>\n<\/tr>\n<\/thead>\n<tbody>\n<tr>\n<td>Nom de la marque<\/td>\n<td>Lvyuan \/ OEM<\/td>\n<\/tr>\n<tr>\n<td>Mat\u00e9riau<\/td>\n<td>acier inoxydable<\/td>\n<\/tr>\n<tr>\n<td>Poids<\/td>\n<td>cela d\u00e9pend<\/td>\n<\/tr>\n<tr>\n<td>Taille<\/td>\n<td>cela d\u00e9pend<\/td>\n<\/tr>\n<tr>\n<td>Puissance<\/td>\n<td>0<\/td>\n<\/tr>\n<tr>\n<td>Garantie<\/td>\n<td>1 an<\/td>\n<\/tr>\n<tr>\n<td>Service apr\u00e8s-vente<\/td>\n<td>Soutien en ligne<\/td>\n<\/tr>\n<tr>\n<td>Nom du produit<\/td>\n<td>bo\u00eetier de filtre \u00e0 eau en acier inoxydable<\/td>\n<\/tr>\n<tr>\n<td>logement Mat\u00e9riaux<\/td>\n<td>ss304, 316, 316L<\/td>\n<\/tr>\n<tr>\n<td>Quantit\u00e9 de filtres \u00e0 cartouche<\/td>\n<td>1 - 160PCS en option<\/td>\n<\/tr>\n<tr>\n<td>Longueur de la cartouche filtrante<\/td>\n<td>5, 10, 20, 30, 40, 60 pouces, OEM<\/td>\n<\/tr>\n<tr>\n<td>Traitement de surface<\/td>\n<td>Polissage et sablage<\/td>\n<\/tr>\n<tr>\n<td>Type d'installation du bouchon sup\u00e9rieur<\/td>\n<td>Boulons de levage\/type de bride\/type de collier<\/td>\n<\/tr>\n<tr>\n<td>Utilisation<\/td>\n<td>station de traitement de l'eau\/des liquides\/du vin<\/td>\n<\/tr>\n<tr>\n<td>Paquet<\/td>\n<td>Coffret en bois<\/td>\n<\/tr>\n<tr>\n<td>Type de connecteur<\/td>\n<td>code 0 3 6 7 8 9<\/td>\n<\/tr>\n<tr>\n<td>Certification<\/td>\n<td>CE ISO SGS<\/td>\n<\/tr>\n<tr>\n<td>Capacit\u00e9 d'approvisionnement<\/td>\n<td>500 pi\u00e8ces\/pi\u00e8ces par jour bo\u00eetier de filtre \u00e0 cartouche en acier inoxydable<\/td>\n<\/tr>\n<\/tbody>\n<\/table>","protected":false},"excerpt":{"rendered":"<p>Con\u00e7u pour les syst\u00e8mes de purification de l'eau, ce bo\u00eetier de filtre \u00e0 cartouche en acier inoxydable offre un corps solide et un verrouillage s\u00fbr pour une utilisation r\u00e9guli\u00e8re. Lvyuan et InversaFilterPurification assurent un d\u00e9bit plus propre, une filtration fiable et des performances pratiques au quotidien.<\/p>","protected":false},"featured_media":4975,"comment_status":"open","ping_status":"closed","template":"","meta":{"_gspb_post_css":""},"product_brand":[],"product_cat":[15],"product_tag":[1913,1534,1186,1660,1136,1912],"class_list":{"0":"post-4974","1":"product","2":"type-product","3":"status-publish","4":"has-post-thumbnail","6":"product_cat-stainless-steel-filter-housing","7":"product_tag-cartridge-filter-system","8":"product_tag-inversafilterpurification","9":"product_tag-lvyuan-filter-housing","10":"product_tag-stainless-steel-cartridge-filter-housing","11":"product_tag-water-filter-locks","12":"product_tag-water-purifier-filter-housing","14":"first","15":"instock","16":"shipping-taxable","17":"product-type-simple"},"_links":{"self":[{"href":"https:\/\/lyfilter.com\/fr\/wp-json\/wp\/v2\/product\/4974","targetHints":{"allow":["GET"]}}],"collection":[{"href":"https:\/\/lyfilter.com\/fr\/wp-json\/wp\/v2\/product"}],"about":[{"href":"https:\/\/lyfilter.com\/fr\/wp-json\/wp\/v2\/types\/product"}],"replies":[{"embeddable":true,"href":"https:\/\/lyfilter.com\/fr\/wp-json\/wp\/v2\/comments?post=4974"}],"wp:featuredmedia":[{"embeddable":true,"href":"https:\/\/lyfilter.com\/fr\/wp-json\/wp\/v2\/media\/4975"}],"wp:attachment":[{"href":"https:\/\/lyfilter.com\/fr\/wp-json\/wp\/v2\/media?parent=4974"}],"wp:term":[{"taxonomy":"product_brand","embeddable":true,"href":"https:\/\/lyfilter.com\/fr\/wp-json\/wp\/v2\/product_brand?post=4974"},{"taxonomy":"product_cat","embeddable":true,"href":"https:\/\/lyfilter.com\/fr\/wp-json\/wp\/v2\/product_cat?post=4974"},{"taxonomy":"product_tag","embeddable":true,"href":"https:\/\/lyfilter.com\/fr\/wp-json\/wp\/v2\/product_tag?post=4974"}],"curies":[{"name":"wp","href":"https:\/\/api.w.org\/{rel}","templated":true}]}}