{"id":4966,"date":"2026-04-07T06:56:35","date_gmt":"2026-04-07T06:56:35","guid":{"rendered":"https:\/\/lyfilter.com\/"},"modified":"2026-04-07T06:58:04","modified_gmt":"2026-04-07T06:58:04","slug":"lvyuan-high-quality-ss-bag-filter-housing-wholesaler-for-desalination","status":"publish","type":"product","link":"https:\/\/lyfilter.com\/fr\/lvyuan-high-quality-ss-bag-filter-housing-wholesaler-for-desalination\/","title":{"rendered":"Lvyuan High Quality SS Bag Filter Housing Wholesaler For Desalination (Bo\u00eetier de filtre \u00e0 poche en acier inoxydable de haute qualit\u00e9, grossiste pour le dessalement)"},"content":{"rendered":"<table>\n<thead>\n<tr>\n<th>Service apr\u00e8s-vente<\/th>\n<th>Soutien en ligne<\/th>\n<\/tr>\n<\/thead>\n<tbody>\n<tr>\n<td>Lieu de service local<\/td>\n<td>aucun<\/td>\n<\/tr>\n<tr>\n<td>Emplacement de la salle d'exposition<\/td>\n<td>aucun<\/td>\n<\/tr>\n<tr>\n<td>Nom de la marque<\/td>\n<td>Sur mesure<\/td>\n<\/tr>\n<tr>\n<td>Mat\u00e9riau<\/td>\n<td>Sur mesure, SS304 \/ SS316L<\/td>\n<\/tr>\n<tr>\n<td>Poids<\/td>\n<td>Sur mesure<\/td>\n<\/tr>\n<tr>\n<td>Taille<\/td>\n<td>Sur mesure<\/td>\n<\/tr>\n<tr>\n<td>Puissance<\/td>\n<td>Sur mesure<\/td>\n<\/tr>\n<tr>\n<td>Garantie<\/td>\n<td>1 an<\/td>\n<\/tr>\n<tr>\n<td>Service apr\u00e8s-vente<\/td>\n<td>Soutien en ligne<\/td>\n<\/tr>\n<tr>\n<td>Nom de l'article<\/td>\n<td>Syst\u00e8me de filtre \u00e0 poche SS304 316L pour filtre \u00e0 eau en acier inoxydable<\/td>\n<\/tr>\n<tr>\n<td>Mat\u00e9riau de la poche filtrante<\/td>\n<td>SAC PE\/PP BAG<\/td>\n<\/tr>\n<tr>\n<td>Quantit\u00e9 de filtres \u00e0 manches<\/td>\n<td>Bo\u00eetier de filtre \u00e0 poche unique<\/td>\n<\/tr>\n<tr>\n<td>Traitement de surface<\/td>\n<td>Polissage et sablage<\/td>\n<\/tr>\n<tr>\n<td>Joint torique d'\u00e9tanch\u00e9it\u00e9<\/td>\n<td>Silastic\/NBR\/EPDM\/Viton<\/td>\n<\/tr>\n<tr>\n<td>Type d'installation du bouchon sup\u00e9rieur<\/td>\n<td>Type de pince\/type de boulon<\/td>\n<\/tr>\n<tr>\n<td>Type d'entr\u00e9e et de sortie<\/td>\n<td>Filetage int\u00e9rieur\/bride<\/td>\n<\/tr>\n<tr>\n<td>Type de connecteur<\/td>\n<td>222\/226\/DOE<\/td>\n<\/tr>\n<tr>\n<td>M\u00e9thode d'emballage<\/td>\n<td>Bo\u00eete standard pour l'exportation<\/td>\n<\/tr>\n<\/tbody>\n<\/table>","protected":false},"excerpt":{"rendered":"<h3 class=\"do-entry-title\">Emballage et livraison<\/h3>\n<div class=\"do-entry-list\">\n<dl class=\"do-entry-item\">\n<dt class=\"do-entry-item-key\">Unit\u00e9s de vente :<\/dt>\n<dd class=\"do-entry-item-val\">Article unique<\/dd>\n<\/dl>\n<dl class=\"do-entry-item\">\n<dt class=\"do-entry-item-key\" title=\"Taille de l&#039;emballage unique :\">Taille de l'emballage unique :<\/dt>\n<dd class=\"do-entry-item-val\">75X50X75 cm<\/dd>\n<\/dl>\n<dl class=\"do-entry-item\">\n<dt class=\"do-entry-item-key\" title=\"Poids brut unique :\">Poids brut unique :<\/dt>\n<dd class=\"do-entry-item-val\">30.000 kg<\/dd>\n<\/dl>\n<dl class=\"do-entry-item\">\n<dt class=\"do-entry-item-key\">Type d'emballage :<\/dt>\n<dd class=\"do-entry-item-val pkg-method\">Purification de l'eau r\u00e9utilisable SS 304 316 material single stainless water filter housing bag filter system with water\/air pump : Emballage : Bo\u00eete standard d'exportation\/Selon les besoins<\/dd>\n<\/dl>\n<dl class=\"do-entry-item\">\n<dt class=\"do-entry-item-key\" title=\"D\u00e9lai d&#039;ex\u00e9cution\">D\u00e9lai d'ex\u00e9cution\u00a0<i class=\"next-icon next-icon-help next-icon-xs js-leadtimes-tips\"><\/i>:<\/dt>\n<dd class=\"do-entry-item-val\" title=\"D\u00e9lai d&#039;ex\u00e9cution\">\n<div class=\"table-responsive\">\n<table class=\"supply-ability-table ui2-table ui2-table-normal ui2-table-zebra ui2-table-hover\">\n<tbody>\n<tr>\n<td>Quantit\u00e9 (unit\u00e9s)<\/td>\n<td>1 - 10<\/td>\n<td>11 - 100<\/td>\n<td>&gt;100<\/td>\n<\/tr>\n<tr>\n<td>Est. Temps (jours)<\/td>\n<td>5<\/td>\n<td>10<\/td>\n<td>A n\u00e9gocier<\/td>\n<\/tr>\n<\/tbody>\n<\/table>\n<\/div>\n<\/dd>\n<\/dl>\n<\/div>","protected":false},"featured_media":4967,"comment_status":"open","ping_status":"closed","template":"","meta":{"_gspb_post_css":""},"product_brand":[],"product_cat":[15],"product_tag":[1793,1534,1186,1910,1320,1136],"class_list":{"0":"post-4966","1":"product","2":"type-product","3":"status-publish","4":"has-post-thumbnail","6":"product_cat-stainless-steel-filter-housing","7":"product_tag-desalination-filter-housing","8":"product_tag-inversafilterpurification","9":"product_tag-lvyuan-filter-housing","10":"product_tag-ss-bag-filter-housing","11":"product_tag-stainless-steel-bag-filter","12":"product_tag-water-filter-locks","14":"first","15":"instock","16":"shipping-taxable","17":"product-type-simple"},"_links":{"self":[{"href":"https:\/\/lyfilter.com\/fr\/wp-json\/wp\/v2\/product\/4966","targetHints":{"allow":["GET"]}}],"collection":[{"href":"https:\/\/lyfilter.com\/fr\/wp-json\/wp\/v2\/product"}],"about":[{"href":"https:\/\/lyfilter.com\/fr\/wp-json\/wp\/v2\/types\/product"}],"replies":[{"embeddable":true,"href":"https:\/\/lyfilter.com\/fr\/wp-json\/wp\/v2\/comments?post=4966"}],"wp:featuredmedia":[{"embeddable":true,"href":"https:\/\/lyfilter.com\/fr\/wp-json\/wp\/v2\/media\/4967"}],"wp:attachment":[{"href":"https:\/\/lyfilter.com\/fr\/wp-json\/wp\/v2\/media?parent=4966"}],"wp:term":[{"taxonomy":"product_brand","embeddable":true,"href":"https:\/\/lyfilter.com\/fr\/wp-json\/wp\/v2\/product_brand?post=4966"},{"taxonomy":"product_cat","embeddable":true,"href":"https:\/\/lyfilter.com\/fr\/wp-json\/wp\/v2\/product_cat?post=4966"},{"taxonomy":"product_tag","embeddable":true,"href":"https:\/\/lyfilter.com\/fr\/wp-json\/wp\/v2\/product_tag?post=4966"}],"curies":[{"name":"wp","href":"https:\/\/api.w.org\/{rel}","templated":true}]}}