{"id":4959,"date":"2026-04-07T06:54:26","date_gmt":"2026-04-07T06:54:26","guid":{"rendered":"https:\/\/lyfilter.com\/"},"modified":"2026-04-07T06:54:26","modified_gmt":"2026-04-07T06:54:26","slug":"0-22-um-micron-pleated-membrane-ptfe-air-vent-filter-for-ss-gas-steam-cartridge-housing-215-222-226","status":"publish","type":"product","link":"https:\/\/lyfilter.com\/fr\/0-22-um-micron-pleated-membrane-ptfe-air-vent-filter-for-ss-gas-steam-cartridge-housing-215-222-226\/","title":{"rendered":"0.22 Um Micron Membrane pliss\u00e9e Ptfe Air Vent Filter For SS Gas Steam Cartridge Housing 215 222 226"},"content":{"rendered":"<table>\n<thead>\n<tr>\n<th>Port de d\u00e9part<\/th>\n<th>Capacit\u00e9 de production<\/th>\n<th>Lieu d'origine<\/th>\n<th>Paiement<\/th>\n<th>MOQ<\/th>\n<th>D\u00e9lai de livraison<\/th>\n<\/tr>\n<\/thead>\n<tbody>\n<tr>\n<td>Huangpu\/Nansha<\/td>\n<td>10000pcs\/mois<\/td>\n<td>Guangzhou<\/td>\n<td>T\/T, Western Union, Alibaba Trade Assurance, paypal<\/td>\n<td>1 pi\u00e8ce<\/td>\n<td>10-15 jours<\/td>\n<\/tr>\n<\/tbody>\n<\/table>","protected":false},"excerpt":{"rendered":"<p>Filtres \u00e0 cartouche \u00e0 membrane pliss\u00e9e de Guangzhou\u00a0<a href=\"https:\/\/lyfilter.com\/fr\/\">Filtre Lvyuan<\/a>\u00a0offrent le nec plus ultra en mati\u00e8re de s\u00e9curit\u00e9 et de puret\u00e9 des produits pour une filtration absolue avec des tailles de pores allant de 0,05 \u00e0 100 microns (en fonction du m\u00e9dia). Les membranes disponibles sont le polypropyl\u00e8ne, le PTFE, le poly\u00e9thersulfone (PES), le nylon 66 et le PVDF, la fibre de verre et le polyester pour une compatibilit\u00e9 chimique maximale. Nous proposons un large choix de tailles de microns et de configurations de bouchons d'extr\u00e9mit\u00e9. Les cartouches filtrantes \u00e0 membrane pliss\u00e9e de Lvyuan sont largement utilis\u00e9es pour les applications de haute puret\u00e9, de pr\u00e9filtration et de filtration finale.<\/p>","protected":false},"featured_media":4961,"comment_status":"open","ping_status":"closed","template":"","meta":{"_gspb_post_css":""},"product_brand":[],"product_cat":[21],"product_tag":[1906,1909,1534,1907,1908,1136],"class_list":{"0":"post-4959","1":"product","2":"type-product","3":"status-publish","4":"has-post-thumbnail","6":"product_cat-pleated-filter-cartridge","7":"product_tag-0-22-um-ptfe-filter","8":"product_tag-215-222-226-cartridge-housing","9":"product_tag-inversafilterpurification","10":"product_tag-pleated-membrane-air-vent-filter","11":"product_tag-ss-gas-steam-cartridge-filter","12":"product_tag-water-filter-locks","14":"first","15":"instock","16":"shipping-taxable","17":"product-type-simple"},"_links":{"self":[{"href":"https:\/\/lyfilter.com\/fr\/wp-json\/wp\/v2\/product\/4959","targetHints":{"allow":["GET"]}}],"collection":[{"href":"https:\/\/lyfilter.com\/fr\/wp-json\/wp\/v2\/product"}],"about":[{"href":"https:\/\/lyfilter.com\/fr\/wp-json\/wp\/v2\/types\/product"}],"replies":[{"embeddable":true,"href":"https:\/\/lyfilter.com\/fr\/wp-json\/wp\/v2\/comments?post=4959"}],"wp:featuredmedia":[{"embeddable":true,"href":"https:\/\/lyfilter.com\/fr\/wp-json\/wp\/v2\/media\/4961"}],"wp:attachment":[{"href":"https:\/\/lyfilter.com\/fr\/wp-json\/wp\/v2\/media?parent=4959"}],"wp:term":[{"taxonomy":"product_brand","embeddable":true,"href":"https:\/\/lyfilter.com\/fr\/wp-json\/wp\/v2\/product_brand?post=4959"},{"taxonomy":"product_cat","embeddable":true,"href":"https:\/\/lyfilter.com\/fr\/wp-json\/wp\/v2\/product_cat?post=4959"},{"taxonomy":"product_tag","embeddable":true,"href":"https:\/\/lyfilter.com\/fr\/wp-json\/wp\/v2\/product_tag?post=4959"}],"curies":[{"name":"wp","href":"https:\/\/api.w.org\/{rel}","templated":true}]}}