{"id":4957,"date":"2026-04-07T06:51:13","date_gmt":"2026-04-07T06:51:13","guid":{"rendered":"https:\/\/lyfilter.com\/"},"modified":"2026-04-07T06:51:14","modified_gmt":"2026-04-07T06:51:14","slug":"high-quality-best-under-sink-ro-water-filter-wholesale-for-purify","status":"publish","type":"product","link":"https:\/\/lyfilter.com\/fr\/high-quality-best-under-sink-ro-water-filter-wholesale-for-purify\/","title":{"rendered":"Filtre \u00e0 eau RO sous \u00e9vier de haute qualit\u00e9 pour la purification de l'eau"},"content":{"rendered":"<table>\n<thead>\n<tr>\n<th>Lieu d'origine<\/th>\n<th>Guangdong, Chine<\/th>\n<\/tr>\n<\/thead>\n<tbody>\n<tr>\n<td>Nom de la marque<\/td>\n<td>Lvyuan\/OEM<\/td>\n<\/tr>\n<tr>\n<td>Num\u00e9ro de mod\u00e8le<\/td>\n<td>LY-RO-109<\/td>\n<\/tr>\n<tr>\n<td>Puissance (W)<\/td>\n<td>24<\/td>\n<\/tr>\n<tr>\n<td>Tension (V)<\/td>\n<td>220<\/td>\n<\/tr>\n<tr>\n<td>Service apr\u00e8s-vente<\/td>\n<td>aucun<\/td>\n<\/tr>\n<tr>\n<td>Garantie<\/td>\n<td>1 an<\/td>\n<\/tr>\n<tr>\n<td>Type<\/td>\n<td>Osmose inverse<\/td>\n<\/tr>\n<tr>\n<td>Certification<\/td>\n<td>ce, GS<\/td>\n<\/tr>\n<tr>\n<td>Utilisation<\/td>\n<td>Sous l'\u00e9vier, sous l'\u00e9vier<\/td>\n<\/tr>\n<tr>\n<td>Application<\/td>\n<td>M\u00e9nage<\/td>\n<\/tr>\n<tr>\n<td>Source d'\u00e9nergie<\/td>\n<td>\u00c9lectrique<\/td>\n<\/tr>\n<tr>\n<td>Produit<\/td>\n<td>Filtre \u00e0 osmose inverse \u00e0 usage domestique \u00e0 8 \u00e9tapes avec uv<\/td>\n<\/tr>\n<tr>\n<td>Syst\u00e8me<\/td>\n<td>Syst\u00e8me d'OI<\/td>\n<\/tr>\n<tr>\n<td>Capacit\u00e9 en eau<\/td>\n<td>50\/75\/100 GPD<\/td>\n<\/tr>\n<tr>\n<td>Capacit\u00e9 du r\u00e9servoir sous pression<\/td>\n<td>3.2G<\/td>\n<\/tr>\n<tr>\n<td>Tension<\/td>\n<td>220V\/50Hz,110V\/60Hz (Transformer)<\/td>\n<\/tr>\n<tr>\n<td>Puissance<\/td>\n<td>24W<\/td>\n<\/tr>\n<tr>\n<td>Pression de l'eau<\/td>\n<td>0,1-0,3mpa<\/td>\n<\/tr>\n<tr>\n<td>Approvisionnement en eau<\/td>\n<td>Eau du robinet<\/td>\n<\/tr>\n<tr>\n<td>Temp\u00e9rature ambiante<\/td>\n<td>4\u00b0C~40\u00b0C<\/td>\n<\/tr>\n<tr>\n<td>Capacit\u00e9 d'approvisionnement<\/td>\n<td>1000 pi\u00e8ces\/pi\u00e8ces par semaine<\/td>\n<\/tr>\n<\/tbody>\n<\/table>","protected":false},"excerpt":{"rendered":"<p>Con\u00e7u pour les cuisines modernes, ce filtre \u00e0 eau RO sous \u00e9vier offre un support de verrouillage s\u00fbr et une purification r\u00e9guli\u00e8re pour une utilisation quotidienne. InversaFilterPurification permet d'am\u00e9liorer le go\u00fbt et la clart\u00e9 de l'eau tout en conservant une installation simple, ordonn\u00e9e et fiable.<\/p>","protected":false},"featured_media":4958,"comment_status":"open","ping_status":"closed","template":"","meta":{"_gspb_post_css":""},"product_brand":[],"product_cat":[1470],"product_tag":[1905,1534,1904,1903,1136,1184],"class_list":{"0":"post-4957","1":"product","2":"type-product","3":"status-publish","4":"has-post-thumbnail","6":"product_cat-under-sink-ro-water-purifier","7":"product_tag-home-water-purification","8":"product_tag-inversafilterpurification","9":"product_tag-ro-water-purifier","10":"product_tag-under-sink-ro-water-filter","11":"product_tag-water-filter-locks","12":"product_tag-wholesale-water-filter","14":"first","15":"instock","16":"shipping-taxable","17":"product-type-simple"},"_links":{"self":[{"href":"https:\/\/lyfilter.com\/fr\/wp-json\/wp\/v2\/product\/4957","targetHints":{"allow":["GET"]}}],"collection":[{"href":"https:\/\/lyfilter.com\/fr\/wp-json\/wp\/v2\/product"}],"about":[{"href":"https:\/\/lyfilter.com\/fr\/wp-json\/wp\/v2\/types\/product"}],"replies":[{"embeddable":true,"href":"https:\/\/lyfilter.com\/fr\/wp-json\/wp\/v2\/comments?post=4957"}],"wp:featuredmedia":[{"embeddable":true,"href":"https:\/\/lyfilter.com\/fr\/wp-json\/wp\/v2\/media\/4958"}],"wp:attachment":[{"href":"https:\/\/lyfilter.com\/fr\/wp-json\/wp\/v2\/media?parent=4957"}],"wp:term":[{"taxonomy":"product_brand","embeddable":true,"href":"https:\/\/lyfilter.com\/fr\/wp-json\/wp\/v2\/product_brand?post=4957"},{"taxonomy":"product_cat","embeddable":true,"href":"https:\/\/lyfilter.com\/fr\/wp-json\/wp\/v2\/product_cat?post=4957"},{"taxonomy":"product_tag","embeddable":true,"href":"https:\/\/lyfilter.com\/fr\/wp-json\/wp\/v2\/product_tag?post=4957"}],"curies":[{"name":"wp","href":"https:\/\/api.w.org\/{rel}","templated":true}]}}