{"id":4939,"date":"2026-04-07T06:38:45","date_gmt":"2026-04-07T06:38:45","guid":{"rendered":"https:\/\/lyfilter.com\/"},"modified":"2026-04-07T06:38:45","modified_gmt":"2026-04-07T06:38:45","slug":"pp-plastic-filter-housing","status":"publish","type":"product","link":"https:\/\/lyfilter.com\/fr\/pp-plastic-filter-housing\/","title":{"rendered":"Bo\u00eetier de filtre en plastique PP"},"content":{"rendered":"<table>\n<thead>\n<tr>\n<th>Port de d\u00e9part<\/th>\n<th>Guangzhou<\/th>\n<\/tr>\n<\/thead>\n<tbody>\n<tr>\n<td>Capacit\u00e9 de production<\/td>\n<td>10000 unit\u00e9s\/mois<\/td>\n<\/tr>\n<tr>\n<td>Lieu d'origine<\/td>\n<td>Guangdong, Chine<\/td>\n<\/tr>\n<tr>\n<td>Paiement<\/td>\n<td>T\/T, Alibaba Trade Assurance, paypal<\/td>\n<\/tr>\n<tr>\n<td>MOQ<\/td>\n<td>1 pi\u00e8ce<\/td>\n<\/tr>\n<tr>\n<td>Mod\u00e8le<\/td>\n<td>LY-HFPL-7<\/td>\n<\/tr>\n<tr>\n<td>D\u00e9lai de livraison<\/td>\n<td>Dans les 7 jours ouvrables<\/td>\n<\/tr>\n<tr>\n<td>Certification<\/td>\n<td>ISO 9001<\/td>\n<\/tr>\n<tr>\n<td>Marque<\/td>\n<td>OEM\/Lvyuan<\/td>\n<\/tr>\n<\/tbody>\n<\/table>","protected":false},"excerpt":{"rendered":"<p>BO\u00ceTIER DE FILTRE \u00c0 POCHE EN PP<\/p>\n<ol>\n<li>Adopte une technologie unique de conception des filtres. R\u00e9sistance \u00e0 l'acide et \u00e0 l'alcali, r\u00e9sistance \u00e0 la corrosion.<\/li>\n<li>Le d\u00e9bit de traitement par unit\u00e9 de surface de filtration est plus important, la r\u00e9sistance de filtration est plus faible et l'efficacit\u00e9 de filtration est \u00e9lev\u00e9e.<\/li>\n<li>Largement utilis\u00e9 dans : les eaux us\u00e9es, les produits chimiques<\/li>\n<li>liquide, pharmaceutique, chimique, \u00e9lectronique PCB, traitement des eaux us\u00e9es, galvanoplastie, etc.<\/li>\n<li>Le temps d'installation et de remplacement est 2 fois inf\u00e9rieur \u00e0 celui du filtre \u00e0 noyau traditionnel, et l'efficacit\u00e9 du travail est augment\u00e9e de 80%.<\/li>\n<\/ol>\n<ul>\n<li>Adopte une technologie unique de conception des filtres. R\u00e9sistance \u00e0 l'acide et \u00e0 l'alcali, r\u00e9sistance \u00e0 la corrosion.<\/li>\n<li>Le d\u00e9bit de traitement par unit\u00e9 de surface de filtration est plus important, la r\u00e9sistance de filtration est plus faible et l'efficacit\u00e9 de filtration est \u00e9lev\u00e9e.<\/li>\n<li>Largement utilis\u00e9 dans : les eaux us\u00e9es, les produits chimiques<\/li>\n<li>liquide, pharmaceutique, chimique, \u00e9lectronique PCB, traitement des eaux us\u00e9es, galvanoplastie, etc.<\/li>\n<li>Le temps d'installation et de remplacement est 2 fois inf\u00e9rieur \u00e0 celui du filtre \u00e0 noyau traditionnel, et l'efficacit\u00e9 du travail est augment\u00e9e de 80%.<\/li>\n<\/ul>","protected":false},"featured_media":4941,"comment_status":"open","ping_status":"closed","template":"","meta":{"_gspb_post_css":""},"product_brand":[],"product_cat":[15],"product_tag":[1898,1534,1897,1896,1136,1800],"class_list":{"0":"post-4939","1":"product","2":"type-product","3":"status-publish","4":"has-post-thumbnail","6":"product_cat-stainless-steel-filter-housing","7":"product_tag-filter-housing-for-purification","8":"product_tag-inversafilterpurification","9":"product_tag-plastic-filter-housing","10":"product_tag-pp-plastic-filter-housing","11":"product_tag-water-filter-locks","12":"product_tag-water-treatment-housing","14":"first","15":"instock","16":"shipping-taxable","17":"product-type-simple"},"_links":{"self":[{"href":"https:\/\/lyfilter.com\/fr\/wp-json\/wp\/v2\/product\/4939","targetHints":{"allow":["GET"]}}],"collection":[{"href":"https:\/\/lyfilter.com\/fr\/wp-json\/wp\/v2\/product"}],"about":[{"href":"https:\/\/lyfilter.com\/fr\/wp-json\/wp\/v2\/types\/product"}],"replies":[{"embeddable":true,"href":"https:\/\/lyfilter.com\/fr\/wp-json\/wp\/v2\/comments?post=4939"}],"wp:featuredmedia":[{"embeddable":true,"href":"https:\/\/lyfilter.com\/fr\/wp-json\/wp\/v2\/media\/4941"}],"wp:attachment":[{"href":"https:\/\/lyfilter.com\/fr\/wp-json\/wp\/v2\/media?parent=4939"}],"wp:term":[{"taxonomy":"product_brand","embeddable":true,"href":"https:\/\/lyfilter.com\/fr\/wp-json\/wp\/v2\/product_brand?post=4939"},{"taxonomy":"product_cat","embeddable":true,"href":"https:\/\/lyfilter.com\/fr\/wp-json\/wp\/v2\/product_cat?post=4939"},{"taxonomy":"product_tag","embeddable":true,"href":"https:\/\/lyfilter.com\/fr\/wp-json\/wp\/v2\/product_tag?post=4939"}],"curies":[{"name":"wp","href":"https:\/\/api.w.org\/{rel}","templated":true}]}}