{"id":4932,"date":"2026-04-07T06:35:31","date_gmt":"2026-04-07T06:35:31","guid":{"rendered":"https:\/\/lyfilter.com\/"},"modified":"2026-04-07T06:35:31","modified_gmt":"2026-04-07T06:35:31","slug":"seawater-desalination-ro-membrane-seawater-membrane-elements","status":"publish","type":"product","link":"https:\/\/lyfilter.com\/fr\/seawater-desalination-ro-membrane-seawater-membrane-elements\/","title":{"rendered":"Dessalement de l'eau de mer Membrane RO El\u00e9ments de membrane d'eau de mer"},"content":{"rendered":"<table>\n<thead>\n<tr>\n<th>Propri\u00e9t\u00e9<\/th>\n<th>Valeur<\/th>\n<\/tr>\n<\/thead>\n<tbody>\n<tr>\n<td>Service apr\u00e8s-vente<\/td>\n<td>Soutien en ligne<\/td>\n<\/tr>\n<tr>\n<td>Lieu de service local<\/td>\n<td>aucun<\/td>\n<\/tr>\n<tr>\n<td>Emplacement de la salle d'exposition<\/td>\n<td>aucun<\/td>\n<\/tr>\n<tr>\n<td>Vid\u00e9o de l'inspection de sortie<\/td>\n<td>Fourni<\/td>\n<\/tr>\n<tr>\n<td>Rapport d'essai des machines<\/td>\n<td>Non disponible<\/td>\n<\/tr>\n<tr>\n<td>Type de marketing<\/td>\n<td>Produit ordinaire<\/td>\n<\/tr>\n<tr>\n<td>Garantie des composants de base<\/td>\n<td>Non disponible<\/td>\n<\/tr>\n<tr>\n<td>Lieu d'origine<\/td>\n<td>Guangdong, Chine<\/td>\n<\/tr>\n<tr>\n<td>Nom de la marque<\/td>\n<td>Lvyuan \/ OEM<\/td>\n<\/tr>\n<tr>\n<td>Mat\u00e9riau<\/td>\n<td>carton<\/td>\n<\/tr>\n<tr>\n<td>Poids<\/td>\n<td>d\u00e9pend<\/td>\n<\/tr>\n<tr>\n<td>Taille<\/td>\n<td>d\u00e9pend<\/td>\n<\/tr>\n<tr>\n<td>Puissance<\/td>\n<td>0<\/td>\n<\/tr>\n<tr>\n<td>Garantie<\/td>\n<td>Indisponible<\/td>\n<\/tr>\n<tr>\n<td>Nom du produit<\/td>\n<td>\u00c9l\u00e9ments de membrane d'eau de mer<\/td>\n<\/tr>\n<tr>\n<td>Taux de micron<\/td>\n<td>1, 5, 10 \u00e0 100 microns<\/td>\n<\/tr>\n<tr>\n<td>Longueur<\/td>\n<td>20\u2033, 40\u2033, 60\u201d pouces<\/td>\n<\/tr>\n<tr>\n<td>Filtre moyen<\/td>\n<td>PP, PP souffl\u00e9 par fusion, cellulose<\/td>\n<\/tr>\n<tr>\n<td>Code \/ Embout<\/td>\n<td>polypropyl\u00e8ne renforc\u00e9 de fibres de verre<\/td>\n<\/tr>\n<tr>\n<td>Utilisation<\/td>\n<td>\u00e9l\u00e9ments de filtre \u00e0 liquide, pi\u00e8ces de filtre \u00e0 eau<\/td>\n<\/tr>\n<tr>\n<td>Noyau interne<\/td>\n<td>PP ou fibre de verre<\/td>\n<\/tr>\n<tr>\n<td>Certification<\/td>\n<td>CE ISO<\/td>\n<\/tr>\n<tr>\n<td>Diam\u00e8tre<\/td>\n<td>6\u201d, 152mm \/ 6.5\u201d, 165mm<\/td>\n<\/tr>\n<tr>\n<td>Remplacement<\/td>\n<td>P\/ALL PARK\/ER 3\/M<\/td>\n<\/tr>\n<tr>\n<td>Composants essentiels<\/td>\n<td>filtres \u00e0 cartouche pour liquides<\/td>\n<\/tr>\n<tr>\n<td>Capacit\u00e9 d'approvisionnement<\/td>\n<td>5000 Piece\/Pieces par semaine filtre \u00e0 haut d\u00e9bit<\/td>\n<\/tr>\n<tr>\n<td>Description<\/td>\n<td>D\u00e9salinisation de l'eau de mer ou membrane \u00c9l\u00e9ments de la membrane d'eau de mer<\/td>\n<\/tr>\n<\/tbody>\n<\/table>","protected":false},"excerpt":{"rendered":"<p>Con\u00e7u pour les syst\u00e8mes d'eau de mer, cet \u00e9l\u00e9ment de membrane RO combine la force de dessalement avec des fermetures de filtre s\u00fbres pour un ajustement parfait. InversaFilterPurification permet des flux plus propres et un traitement en douceur l\u00e0 o\u00f9 un rendement fiable est le plus important.<\/p>","protected":false},"featured_media":4938,"comment_status":"open","ping_status":"closed","template":"","meta":{"_gspb_post_css":""},"product_brand":[],"product_cat":[20],"product_tag":[1895,1534,1893,1892,1894,1136],"class_list":{"0":"post-4932","1":"product","2":"type-product","3":"status-publish","4":"has-post-thumbnail","6":"product_cat-high-flow-filter-cartridge","7":"product_tag-desalination-water-treatment","8":"product_tag-inversafilterpurification","9":"product_tag-ro-membrane-elements","10":"product_tag-seawater-desalination-membrane","11":"product_tag-seawater-ro-membrane","12":"product_tag-water-filter-locks","14":"first","15":"instock","16":"shipping-taxable","17":"product-type-simple"},"_links":{"self":[{"href":"https:\/\/lyfilter.com\/fr\/wp-json\/wp\/v2\/product\/4932","targetHints":{"allow":["GET"]}}],"collection":[{"href":"https:\/\/lyfilter.com\/fr\/wp-json\/wp\/v2\/product"}],"about":[{"href":"https:\/\/lyfilter.com\/fr\/wp-json\/wp\/v2\/types\/product"}],"replies":[{"embeddable":true,"href":"https:\/\/lyfilter.com\/fr\/wp-json\/wp\/v2\/comments?post=4932"}],"wp:featuredmedia":[{"embeddable":true,"href":"https:\/\/lyfilter.com\/fr\/wp-json\/wp\/v2\/media\/4938"}],"wp:attachment":[{"href":"https:\/\/lyfilter.com\/fr\/wp-json\/wp\/v2\/media?parent=4932"}],"wp:term":[{"taxonomy":"product_brand","embeddable":true,"href":"https:\/\/lyfilter.com\/fr\/wp-json\/wp\/v2\/product_brand?post=4932"},{"taxonomy":"product_cat","embeddable":true,"href":"https:\/\/lyfilter.com\/fr\/wp-json\/wp\/v2\/product_cat?post=4932"},{"taxonomy":"product_tag","embeddable":true,"href":"https:\/\/lyfilter.com\/fr\/wp-json\/wp\/v2\/product_tag?post=4932"}],"curies":[{"name":"wp","href":"https:\/\/api.w.org\/{rel}","templated":true}]}}