{"id":4915,"date":"2026-04-07T06:17:28","date_gmt":"2026-04-07T06:17:28","guid":{"rendered":"https:\/\/lyfilter.com\/"},"modified":"2026-04-07T06:17:29","modified_gmt":"2026-04-07T06:17:29","slug":"carbon-filter-10-20-30-40-inch-filter-water-sintered-carbon-filter-cartridge-for-water-purifier","status":"publish","type":"product","link":"https:\/\/lyfilter.com\/fr\/carbon-filter-10-20-30-40-inch-filter-water-sintered-carbon-filter-cartridge-for-water-purifier\/","title":{"rendered":"Filtre \u00e0 charbon 10 20 30 40 pouces Filtre \u00e0 eau Cartouche de filtre \u00e0 charbon fritt\u00e9 pour purificateur d'eau"},"content":{"rendered":"<table>\n<thead>\n<tr>\n<th>Lieu d'origine<\/th>\n<th>Guangdong, Chine<\/th>\n<th>Nom de la marque<\/th>\n<th>Lvyuan ou OEM\/ ODM<\/th>\n<th>Mat\u00e9riau<\/th>\n<th>carbone de noix de coco, carbone de noix de coco, carbone de charbon<\/th>\n<\/tr>\n<\/thead>\n<tbody>\n<tr>\n<td>Poids<\/td>\n<td>personnalis\u00e9<\/td>\n<td>Taille<\/td>\n<td>personnalis\u00e9, personnalis\u00e9<\/td>\n<td>Puissance<\/td>\n<td>0<\/td>\n<\/tr>\n<tr>\n<td>Garantie<\/td>\n<td>Indisponible<\/td>\n<td>Service apr\u00e8s-vente<\/td>\n<td>Support en ligne, Support en ligne<\/td>\n<td>Fonctionnalit\u00e9<\/td>\n<td>\u00e9liminer les odeurs, les s\u00e9diments, les odeurs, etc.<\/td>\n<\/tr>\n<tr>\n<td>Application<\/td>\n<td>Pr\u00e9filtration<\/td>\n<td>Couleur<\/td>\n<td>Noir\/gris<\/td>\n<td>Type<\/td>\n<td>Pi\u00e8ces d\u00e9tach\u00e9es pour filtres \u00e0 eau<\/td>\n<\/tr>\n<tr>\n<td>Diam\u00e8tre<\/td>\n<td>personnalis\u00e9<\/td>\n<td>Mots cl\u00e9s<\/td>\n<td>s\u00e9rie charbon actif<\/td>\n<td>taux de micron<\/td>\n<td>5\/10\/25 micron<\/td>\n<\/tr>\n<tr>\n<td>Capacit\u00e9 d'approvisionnement<\/td>\n<td>5000 pi\u00e8ces par semaine<\/td>\n<td><\/td>\n<td><\/td>\n<td><\/td>\n<td><\/td>\n<\/tr>\n<\/tbody>\n<\/table>","protected":false},"excerpt":{"rendered":"<p>Con\u00e7ue pour une purification quotidienne, cette cartouche de filtre \u00e0 charbon fritt\u00e9 s'adapte aux purificateurs d'eau de 10, 20, 30 et 40 pouces, avec un d\u00e9bit r\u00e9gulier et un go\u00fbt plus pur. InversaFilterPurification offre une filtration fiable et un remplacement facile \u00e0 domicile.<\/p>","protected":false},"featured_media":4920,"comment_status":"open","ping_status":"closed","template":"","meta":{"_gspb_post_css":""},"product_brand":[],"product_cat":[22],"product_tag":[1888,1889,709,1534,1837,1887],"class_list":{"0":"post-4915","1":"product","2":"type-product","3":"status-publish","4":"has-post-thumbnail","6":"product_cat-sintered-filter-cartridge","7":"product_tag-10-inch-carbon-filter","8":"product_tag-20-inch-carbon-filter","9":"product_tag-40-inch-water-filter","10":"product_tag-inversafilterpurification","11":"product_tag-sintered-carbon-filter-cartridge","12":"product_tag-water-purifier-carbon-filter","14":"first","15":"instock","16":"shipping-taxable","17":"product-type-simple"},"_links":{"self":[{"href":"https:\/\/lyfilter.com\/fr\/wp-json\/wp\/v2\/product\/4915","targetHints":{"allow":["GET"]}}],"collection":[{"href":"https:\/\/lyfilter.com\/fr\/wp-json\/wp\/v2\/product"}],"about":[{"href":"https:\/\/lyfilter.com\/fr\/wp-json\/wp\/v2\/types\/product"}],"replies":[{"embeddable":true,"href":"https:\/\/lyfilter.com\/fr\/wp-json\/wp\/v2\/comments?post=4915"}],"wp:featuredmedia":[{"embeddable":true,"href":"https:\/\/lyfilter.com\/fr\/wp-json\/wp\/v2\/media\/4920"}],"wp:attachment":[{"href":"https:\/\/lyfilter.com\/fr\/wp-json\/wp\/v2\/media?parent=4915"}],"wp:term":[{"taxonomy":"product_brand","embeddable":true,"href":"https:\/\/lyfilter.com\/fr\/wp-json\/wp\/v2\/product_brand?post=4915"},{"taxonomy":"product_cat","embeddable":true,"href":"https:\/\/lyfilter.com\/fr\/wp-json\/wp\/v2\/product_cat?post=4915"},{"taxonomy":"product_tag","embeddable":true,"href":"https:\/\/lyfilter.com\/fr\/wp-json\/wp\/v2\/product_tag?post=4915"}],"curies":[{"name":"wp","href":"https:\/\/api.w.org\/{rel}","templated":true}]}}