{"id":4913,"date":"2026-04-07T06:11:56","date_gmt":"2026-04-07T06:11:56","guid":{"rendered":"https:\/\/lyfilter.com\/"},"modified":"2026-04-07T06:11:56","modified_gmt":"2026-04-07T06:11:56","slug":"factory-direct-stainless-bag-filter-with-good-price-for-industry","status":"publish","type":"product","link":"https:\/\/lyfilter.com\/fr\/factory-direct-stainless-bag-filter-with-good-price-for-industry\/","title":{"rendered":"Filtre \u00e0 manche en inox \u00e0 bon prix pour l'industrie"},"content":{"rendered":"<table>\n<thead>\n<tr>\n<th>Lieu d'origine<\/th>\n<th>Guangdong, Chine<\/th>\n<th>Nom de la marque<\/th>\n<th>Lvyuan \/ OEM<\/th>\n<th>Garantie<\/th>\n<th>Indisponible<\/th>\n<\/tr>\n<\/thead>\n<tbody>\n<tr>\n<td>Service apr\u00e8s-vente<\/td>\n<td>Soutien en ligne<\/td>\n<td>Nom du produit<\/td>\n<td>sachet-filtre en maille<\/td>\n<td>mat\u00e9riau du bo\u00eetier<\/td>\n<td>ss304, sus 316, ss316L<\/td>\n<\/tr>\n<tr>\n<td>quantit\u00e9 de filtres \u00e0 poches<\/td>\n<td>Sacs simples ou multiples personnalis\u00e9s<\/td>\n<td>Taille du sac<\/td>\n<td>180<em>450mm ou 180<\/em>810 mm, autres<\/td>\n<td>Type d'entr\u00e9e et de sortie<\/td>\n<td>Connexion bride\/filetage<\/td>\n<\/tr>\n<tr>\n<td>Sac filtrant Mat\u00e9riau<\/td>\n<td>PP, PE, sur mesure<\/td>\n<td>Pression de service maximale<\/td>\n<td>100\/150\/300 Psi<\/td>\n<td>Utilisation<\/td>\n<td>filtration des liquides<\/td>\n<\/tr>\n<tr>\n<td>Num\u00e9ro du sac<\/td>\n<td>#1, 2, 3, 4, 5, OEM<\/td>\n<td>la crise du logement par<\/td>\n<td>boulon rapide, collier, bride<\/td>\n<td>Capacit\u00e9 d'approvisionnement<\/td>\n<td>1500 pi\u00e8ces\/pi\u00e8ces par mois sac en maille filtrante<\/td>\n<\/tr>\n<\/tbody>\n<\/table>","protected":false},"excerpt":{"rendered":"<p><b>Avantages pour l'entreprise<\/b><br \/>\n<b>1.<\/b>\u00a0Le test de\u00a0<a href=\"https:\/\/lyfilter.com\/fr\/\">Filtre Lvyuan<\/a>\u00a0comprend plusieurs aspects. Des \u00e9l\u00e9ments tels que les \u00e9bauches de travail, les composants et les mati\u00e8res premi\u00e8res seront tous s\u00e9rieusement mesur\u00e9s. Il offre une excellente filtration et une bonne stabilit\u00e9 thermique<br \/>\n<b>2.<\/b>\u00a0En \u00e9liminant l'erreur humaine du processus de production, le produit contribue \u00e0 \u00e9liminer les d\u00e9chets inutiles. Cela contribuera directement \u00e0 r\u00e9duire les co\u00fbts de production. Tous ses \u00e9l\u00e9ments sont fabriqu\u00e9s avec des mat\u00e9riaux conformes \u00e0 la FDA pour le contact avec les aliments et les boissons.<br \/>\n<b>3.<\/b>\u00a0Le produit promet une haute qualit\u00e9 et une longue dur\u00e9e de vie. Il est con\u00e7u avec des pores gradu\u00e9s pour aider \u00e0 pi\u00e9ger les contaminants sur l'ensemble de la section transversale pour une meilleure efficacit\u00e9.<\/p>\n<div class=\"pro_aliData\">\n<div class=\"detail-box\">\n<div class=\"scc-wrapper detail-module module-cspu\" data-module=\"cspu\"><\/div>\n<div class=\"scc-wrapper detail-module module-productPackagingAndQuickDetail\" data-spm=\"prilinga1e\">\n<div class=\"widget-detail-overview\">\n<div class=\"do-title\">Vue d'ensemble<\/div>\n<div id=\"car-parts-model\"><\/div>\n<div class=\"do-content\">\n<div class=\"do-overview\">\n<div class=\"do-entry do-entry-separate\">\n<div class=\"do-entry-title\">D\u00e9tails rapides<\/div>\n<div class=\"do-entry-list\">\n<dl id=\"224439040\" class=\"do-entry-item\">\n<dt class=\"do-entry-item\"><span class=\"attr-name J-attr-name\" title=\"Industries concern\u00e9es\">Industries concern\u00e9es :<\/span><\/dt>\n<dd class=\"do-entry-item-val\">\n<div class=\"ellipsis\" title=\"H\u00f4tels, magasins de v\u00eatements, magasins de mat\u00e9riaux de construction, usines de fabrication, ateliers de r\u00e9paration de machines, usines de produits alimentaires et de boissons, fermes, restaurants, usage domestique, commerce de d\u00e9tail, magasins d&#039;alimentation, imprimeries, travaux de construction, \u00e9nergie et mines, magasins de produits alimentaires et de boissons, soci\u00e9t\u00e9s de publicit\u00e9.\">H\u00f4tels, magasins de v\u00eatements, magasins de mat\u00e9riaux de construction, usines de fabrication, ateliers de r\u00e9paration de machines, usines de produits alimentaires et de boissons, fermes, restaurants, usage domestique, commerce de d\u00e9tail, magasins d'alimentation, imprimeries, travaux de construction, \u00e9nergie et mines, magasins de produits alimentaires et de boissons, soci\u00e9t\u00e9s de publicit\u00e9.<\/div>\n<\/dd>\n<\/dl>\n<\/div>\n<\/div>\n<\/div>\n<\/div>\n<\/div>\n<\/div>\n<\/div>\n<\/div>","protected":false},"featured_media":4914,"comment_status":"open","ping_status":"closed","template":"","meta":{"_gspb_post_css":""},"product_brand":[],"product_cat":[1054],"product_tag":[1426,1534,1886,1885,1320,1136],"class_list":{"0":"post-4913","1":"product","2":"type-product","3":"status-publish","4":"has-post-thumbnail","6":"product_cat-filter-bag","7":"product_tag-industrial-bag-filter","8":"product_tag-inversafilterpurification","9":"product_tag-liquid-filtration-filter","10":"product_tag-stainless-bag-filter","11":"product_tag-stainless-steel-bag-filter","12":"product_tag-water-filter-locks","14":"first","15":"instock","16":"shipping-taxable","17":"product-type-simple"},"_links":{"self":[{"href":"https:\/\/lyfilter.com\/fr\/wp-json\/wp\/v2\/product\/4913","targetHints":{"allow":["GET"]}}],"collection":[{"href":"https:\/\/lyfilter.com\/fr\/wp-json\/wp\/v2\/product"}],"about":[{"href":"https:\/\/lyfilter.com\/fr\/wp-json\/wp\/v2\/types\/product"}],"replies":[{"embeddable":true,"href":"https:\/\/lyfilter.com\/fr\/wp-json\/wp\/v2\/comments?post=4913"}],"wp:featuredmedia":[{"embeddable":true,"href":"https:\/\/lyfilter.com\/fr\/wp-json\/wp\/v2\/media\/4914"}],"wp:attachment":[{"href":"https:\/\/lyfilter.com\/fr\/wp-json\/wp\/v2\/media?parent=4913"}],"wp:term":[{"taxonomy":"product_brand","embeddable":true,"href":"https:\/\/lyfilter.com\/fr\/wp-json\/wp\/v2\/product_brand?post=4913"},{"taxonomy":"product_cat","embeddable":true,"href":"https:\/\/lyfilter.com\/fr\/wp-json\/wp\/v2\/product_cat?post=4913"},{"taxonomy":"product_tag","embeddable":true,"href":"https:\/\/lyfilter.com\/fr\/wp-json\/wp\/v2\/product_tag?post=4913"}],"curies":[{"name":"wp","href":"https:\/\/api.w.org\/{rel}","templated":true}]}}