{"id":4906,"date":"2026-04-07T03:59:36","date_gmt":"2026-04-07T03:59:36","guid":{"rendered":"https:\/\/lyfilter.com\/"},"modified":"2026-04-07T03:59:36","modified_gmt":"2026-04-07T03:59:36","slug":"factory-price-customize-size-stainless-steel-sintered-mesh-filter-element","status":"publish","type":"product","link":"https:\/\/lyfilter.com\/fr\/factory-price-customize-size-stainless-steel-sintered-mesh-filter-element\/","title":{"rendered":"\u00c9l\u00e9ment filtrant \u00e0 mailles fritt\u00e9es en acier inoxydable, prix d'usine, dimensions personnalis\u00e9es"},"content":{"rendered":"<table>\n<thead>\n<tr>\n<th>Port de d\u00e9part<\/th>\n<th>Guangzhou<\/th>\n<th>Capacit\u00e9 de production<\/th>\n<th>10000 unit\u00e9s\/mois<\/th>\n<th>Lieu d'origine<\/th>\n<th>Guangdong, Chine<\/th>\n<\/tr>\n<\/thead>\n<tbody>\n<tr>\n<td>Paiement<\/td>\n<td>T\/T, Western Union, Alibaba Trade Assurance, paypal<\/td>\n<td>MOQ<\/td>\n<td>1 pi\u00e8ce<\/td>\n<td>Certification<\/td>\n<td>ISO 9001<\/td>\n<\/tr>\n<tr>\n<td>Marque<\/td>\n<td>OEM\/Lvyuan<\/td>\n<td><\/td>\n<td><\/td>\n<td><\/td>\n<td><\/td>\n<\/tr>\n<\/tbody>\n<\/table>\n<p>Con\u00e7u pour les t\u00e2ches de filtration, cet \u00e9l\u00e9ment filtrant \u00e0 mailles fritt\u00e9es en acier inoxydable permet un dimensionnement personnalis\u00e9, une structure solide et un d\u00e9bit propre. InversaFilterPurification offre des performances fiables et une valeur ajout\u00e9e pour le travail et l'utilisation industriels quotidiens.<\/p>","protected":false},"excerpt":{"rendered":"<div class=\"unit-detail-html-tabs__content-attr\">\n<div class=\"unit-product-attrparam\">\n<div class=\"unit-product-attrparam__items row\">\n<div class=\"col-12 col-md-6\">\n<div class=\"unit-product-attrparam__item\"><\/div>\n<\/div>\n<div class=\"col-12 col-md-6\">\n<div class=\"unit-product-attrparam__item\">\n<div class=\"unit-product-attrparam__value\" title=\"OEM\/ODM\">La maille fritt\u00e9e en acier inoxydable <a href=\"https:\/\/lyfilter.com\/fr\/products.html\/\">\u00e9l\u00e9ment filtrant<\/a>est d'entrelacer les mailles de chaque treillis m\u00e9tallique pour former un mat\u00e9riau filtrant uniforme et id\u00e9al. La pr\u00e9cision de l'\u00e9l\u00e9ment filtrant en maille fritt\u00e9e est uniforme et stable, avec une r\u00e9sistance et une rigidit\u00e9 importantes, et requiert une r\u00e9sistance \u00e0 la compression et une pr\u00e9cision de filtration extr\u00eamement \u00e9lev\u00e9es. C'est le choix id\u00e9al pour les cas n\u00e9cessitant une uniformit\u00e9.<\/div>\n<\/div>\n<\/div>\n<\/div>\n<\/div>\n<\/div>\n<div class=\"unit-detail-html-tabs__content-html\">\n<p>\u00a0Champ d'application de l'\u00e9l\u00e9ment filtrant en maille fritt\u00e9e : filtration de pr\u00e9cision de l'huile hydraulique et de l'huile lubrifiante, filtration de l'industrie p\u00e9troli\u00e8re, filtration des eaux us\u00e9es, ciment, mines, m\u00e9tallurgie, automobile, filtration de l'eau de circulation industrielle, filtre de pr\u00e9cision, filtre de lavage \u00e0 contre-courant et autres industries d'\u00e9quipement. Filtration de mat\u00e9riaux dans l'industrie pharmaceutique.<\/p>\n<\/div>","protected":false},"featured_media":4907,"comment_status":"open","ping_status":"closed","template":"","meta":{"_gspb_post_css":""},"product_brand":[],"product_cat":[18],"product_tag":[879,1390,1534,1884,1883,1136],"class_list":{"0":"post-4906","1":"product","2":"type-product","3":"status-publish","4":"has-post-thumbnail","6":"product_cat-sintered-metal-filters","7":"product_tag-custom-size-filter-element","8":"product_tag-industrial-mesh-filter","9":"product_tag-inversafilterpurification","10":"product_tag-sintered-mesh-filter-element","11":"product_tag-stainless-steel-sintered-mesh-filter","12":"product_tag-water-filter-locks","14":"first","15":"instock","16":"shipping-taxable","17":"product-type-simple"},"_links":{"self":[{"href":"https:\/\/lyfilter.com\/fr\/wp-json\/wp\/v2\/product\/4906","targetHints":{"allow":["GET"]}}],"collection":[{"href":"https:\/\/lyfilter.com\/fr\/wp-json\/wp\/v2\/product"}],"about":[{"href":"https:\/\/lyfilter.com\/fr\/wp-json\/wp\/v2\/types\/product"}],"replies":[{"embeddable":true,"href":"https:\/\/lyfilter.com\/fr\/wp-json\/wp\/v2\/comments?post=4906"}],"wp:featuredmedia":[{"embeddable":true,"href":"https:\/\/lyfilter.com\/fr\/wp-json\/wp\/v2\/media\/4907"}],"wp:attachment":[{"href":"https:\/\/lyfilter.com\/fr\/wp-json\/wp\/v2\/media?parent=4906"}],"wp:term":[{"taxonomy":"product_brand","embeddable":true,"href":"https:\/\/lyfilter.com\/fr\/wp-json\/wp\/v2\/product_brand?post=4906"},{"taxonomy":"product_cat","embeddable":true,"href":"https:\/\/lyfilter.com\/fr\/wp-json\/wp\/v2\/product_cat?post=4906"},{"taxonomy":"product_tag","embeddable":true,"href":"https:\/\/lyfilter.com\/fr\/wp-json\/wp\/v2\/product_tag?post=4906"}],"curies":[{"name":"wp","href":"https:\/\/api.w.org\/{rel}","templated":true}]}}