{"id":4904,"date":"2026-04-07T03:53:35","date_gmt":"2026-04-07T03:53:35","guid":{"rendered":"https:\/\/lyfilter.com\/"},"modified":"2026-04-07T03:53:36","modified_gmt":"2026-04-07T03:53:36","slug":"lvyuan-affordable-filter-cartridge-manufacturers-for-sea-water","status":"publish","type":"product","link":"https:\/\/lyfilter.com\/fr\/lvyuan-affordable-filter-cartridge-manufacturers-for-sea-water\/","title":{"rendered":"Lvyuan Fabricants de cartouches filtrantes abordables pour l'eau de mer"},"content":{"rendered":"<table>\n<thead>\n<tr>\n<th>Lieu d'origine<\/th>\n<th>Chine<\/th>\n<th>Nom de la marque<\/th>\n<th>Lvyuan\/OEM<\/th>\n<th>Num\u00e9ro de mod\u00e8le<\/th>\n<th>LY-PLF-01<\/th>\n<\/tr>\n<\/thead>\n<tbody>\n<tr>\n<td>Puissance (W)<\/td>\n<td>0<\/td>\n<td>Tension (V)<\/td>\n<td>0<\/td>\n<td>Service apr\u00e8s-vente<\/td>\n<td>aucun<\/td>\n<\/tr>\n<tr>\n<td>Garantie<\/td>\n<td>aucun<\/td>\n<td>Type<\/td>\n<td>Osmose inverse<\/td>\n<td>Certification<\/td>\n<td>GS<\/td>\n<\/tr>\n<tr>\n<td>Utilisation<\/td>\n<td>Pr\u00e9filtration domestique<\/td>\n<td>Application<\/td>\n<td>Voiture, VR, Ext\u00e9rieur, H\u00f4tel, Garage, Commercial, M\u00e9nage<\/td>\n<td>Source d'\u00e9nergie<\/td>\n<td>Manuel<\/td>\n<\/tr>\n<tr>\n<td>Nom<\/td>\n<td>\u00e9l\u00e9ment de remplacement du filtre \u00e0 huile<\/td>\n<td>Mat\u00e9riau de la membrane filtrante<\/td>\n<td>PP\/PVDF\/PTFE\/PES\/Nylon<\/td>\n<td>Longueur<\/td>\n<td>5 \/ 10 \/ 20 \/ 30 \/ 40 \/ 50 \/ 60 pouces<\/td>\n<\/tr>\n<tr>\n<td>Conecteur<\/td>\n<td>Fin\/222\/226\/215\/DOE\/Thread<\/td>\n<td>Micron<\/td>\n<td>0.22\/0.5\/1\/3\/5\/10\/25\/50\/75\/100\/150<\/td>\n<td>M\u00e9thode de scellement<\/td>\n<td>Soudage par fusion \u00e0 chaud<\/td>\n<\/tr>\n<tr>\n<td>Diam\u00e8tre<\/td>\n<td>70mm\/OEM<\/td>\n<td>Noyau interne<\/td>\n<td>PP\/SS\/OEM<\/td>\n<td>MOQ<\/td>\n<td>Actuellement pas de limitation<\/td>\n<\/tr>\n<tr>\n<td>Capacit\u00e9 d'approvisionnement<\/td>\n<td>5000 pi\u00e8ces par semaine<\/td>\n<td><\/td>\n<td><\/td>\n<td><\/td>\n<td><\/td>\n<\/tr>\n<\/tbody>\n<\/table>","protected":false},"excerpt":{"rendered":"<p>Con\u00e7ue pour la filtration de l'eau de mer, cette cartouche filtrante abordable permet un d\u00e9bit propre, la capture des particules solides et une utilisation r\u00e9guli\u00e8re. InversaFilterPurification aide les syst\u00e8mes de traitement marins \u00e0 rester efficaces, pratiques et faciles \u00e0 entretenir.<\/p>","protected":false},"featured_media":4905,"comment_status":"open","ping_status":"closed","template":"","meta":{"_gspb_post_css":""},"product_brand":[],"product_cat":[1202],"product_tag":[1882,1534,1099,1881,1293,1136],"class_list":{"0":"post-4904","1":"product","2":"type-product","3":"status-publish","4":"has-post-thumbnail","6":"product_cat-filter-cartridge","7":"product_tag-affordable-filter-cartridge","8":"product_tag-inversafilterpurification","9":"product_tag-liquid-filtration-cartridge","10":"product_tag-marine-water-filter","11":"product_tag-sea-water-filter-cartridge","12":"product_tag-water-filter-locks","14":"first","15":"instock","16":"shipping-taxable","17":"product-type-simple"},"_links":{"self":[{"href":"https:\/\/lyfilter.com\/fr\/wp-json\/wp\/v2\/product\/4904","targetHints":{"allow":["GET"]}}],"collection":[{"href":"https:\/\/lyfilter.com\/fr\/wp-json\/wp\/v2\/product"}],"about":[{"href":"https:\/\/lyfilter.com\/fr\/wp-json\/wp\/v2\/types\/product"}],"replies":[{"embeddable":true,"href":"https:\/\/lyfilter.com\/fr\/wp-json\/wp\/v2\/comments?post=4904"}],"wp:featuredmedia":[{"embeddable":true,"href":"https:\/\/lyfilter.com\/fr\/wp-json\/wp\/v2\/media\/4905"}],"wp:attachment":[{"href":"https:\/\/lyfilter.com\/fr\/wp-json\/wp\/v2\/media?parent=4904"}],"wp:term":[{"taxonomy":"product_brand","embeddable":true,"href":"https:\/\/lyfilter.com\/fr\/wp-json\/wp\/v2\/product_brand?post=4904"},{"taxonomy":"product_cat","embeddable":true,"href":"https:\/\/lyfilter.com\/fr\/wp-json\/wp\/v2\/product_cat?post=4904"},{"taxonomy":"product_tag","embeddable":true,"href":"https:\/\/lyfilter.com\/fr\/wp-json\/wp\/v2\/product_tag?post=4904"}],"curies":[{"name":"wp","href":"https:\/\/api.w.org\/{rel}","templated":true}]}}