{"id":4883,"date":"2026-04-07T03:37:18","date_gmt":"2026-04-07T03:37:18","guid":{"rendered":"https:\/\/lyfilter.com\/"},"modified":"2026-04-07T03:37:18","modified_gmt":"2026-04-07T03:37:18","slug":"china-high-quality-sus304l-316l-micron-stainless-steel-filters","status":"publish","type":"product","link":"https:\/\/lyfilter.com\/fr\/china-high-quality-sus304l-316l-micron-stainless-steel-filters\/","title":{"rendered":"Chine Filtres en acier inoxydable de haute qualit\u00e9 SUS304L 316L Micron"},"content":{"rendered":"<table>\n<thead>\n<tr>\n<th>Apr\u00e8s le service de garantie<\/th>\n<th>Soutien en ligne<\/th>\n<th>Lieu de service local<\/th>\n<th>aucun<\/th>\n<th>Emplacement de la salle d'exposition<\/th>\n<th>aucun<\/th>\n<\/tr>\n<\/thead>\n<tbody>\n<tr>\n<td>Vid\u00e9o de l'inspection de sortie<\/td>\n<td>Fourni<\/td>\n<td>Rapport d'essai des machines<\/td>\n<td>Fourni<\/td>\n<td>Type de marketing<\/td>\n<td>Produit ordinaire<\/td>\n<\/tr>\n<tr>\n<td>Garantie des composants de base<\/td>\n<td>1 an<\/td>\n<td>Composants essentiels<\/td>\n<td>R\u00e9servoir sous pression<\/td>\n<td>Lieu d'origine<\/td>\n<td>Guangdong, Chine<\/td>\n<\/tr>\n<tr>\n<td>Nom de la marque<\/td>\n<td>Lvyuan\/OEM<\/td>\n<td>Garantie<\/td>\n<td>1 an<\/td>\n<td>Service apr\u00e8s-vente<\/td>\n<td>Soutien en ligne<\/td>\n<\/tr>\n<tr>\n<td>Mots cl\u00e9s<\/td>\n<td>filtres micron en acier inoxydable<\/td>\n<td>Diam\u00e8tre<\/td>\n<td>Demande du client<\/td>\n<td>Mat\u00e9riau<\/td>\n<td>acier inoxydable<\/td>\n<\/tr>\n<tr>\n<td>Forme<\/td>\n<td>cylindre<\/td>\n<td>Utilisation<\/td>\n<td>traitement de l'eau<\/td>\n<td>Application<\/td>\n<td>l'industrie<\/td>\n<\/tr>\n<tr>\n<td>Couleur<\/td>\n<td>argent liquide<\/td>\n<td>Emballage<\/td>\n<td>bo\u00eete en papier<\/td>\n<td>longueur<\/td>\n<td>10\/20\/30\/40 pouces<\/td>\n<\/tr>\n<tr>\n<td>Avantage<\/td>\n<td>r\u00e9utilisation<\/td>\n<td>Capacit\u00e9 d'approvisionnement<\/td>\n<td>10000 pi\u00e8ces par mois<\/td>\n<td><\/td>\n<td><\/td>\n<\/tr>\n<\/tbody>\n<\/table>","protected":false},"excerpt":{"rendered":"<p>Con\u00e7u pour les travaux de filtration exigeants, ce filtre en acier inoxydable SUS304L et 316L micron assure des flux propres, une r\u00e9sistance \u00e0 la corrosion et une production r\u00e9guli\u00e8re. InversaFilterPurification apporte une force et une valeur fiables \u00e0 l'utilisation industrielle.<\/p>","protected":false},"featured_media":4884,"comment_status":"open","ping_status":"closed","template":"","meta":{"_gspb_post_css":""},"product_brand":[],"product_cat":[18],"product_tag":[1266,1417,1534,1874,1873,1875],"class_list":{"0":"post-4883","1":"product","2":"type-product","3":"status-publish","4":"has-post-thumbnail","6":"product_cat-sintered-metal-filters","7":"product_tag-316l-stainless-steel-filter","8":"product_tag-industrial-stainless-steel-filter","9":"product_tag-inversafilterpurification","10":"product_tag-micron-stainless-steel-filter","11":"product_tag-sus304l-stainless-steel-filter","12":"product_tag-water-filtration-filter","14":"first","15":"instock","16":"shipping-taxable","17":"product-type-simple"},"_links":{"self":[{"href":"https:\/\/lyfilter.com\/fr\/wp-json\/wp\/v2\/product\/4883","targetHints":{"allow":["GET"]}}],"collection":[{"href":"https:\/\/lyfilter.com\/fr\/wp-json\/wp\/v2\/product"}],"about":[{"href":"https:\/\/lyfilter.com\/fr\/wp-json\/wp\/v2\/types\/product"}],"replies":[{"embeddable":true,"href":"https:\/\/lyfilter.com\/fr\/wp-json\/wp\/v2\/comments?post=4883"}],"wp:featuredmedia":[{"embeddable":true,"href":"https:\/\/lyfilter.com\/fr\/wp-json\/wp\/v2\/media\/4884"}],"wp:attachment":[{"href":"https:\/\/lyfilter.com\/fr\/wp-json\/wp\/v2\/media?parent=4883"}],"wp:term":[{"taxonomy":"product_brand","embeddable":true,"href":"https:\/\/lyfilter.com\/fr\/wp-json\/wp\/v2\/product_brand?post=4883"},{"taxonomy":"product_cat","embeddable":true,"href":"https:\/\/lyfilter.com\/fr\/wp-json\/wp\/v2\/product_cat?post=4883"},{"taxonomy":"product_tag","embeddable":true,"href":"https:\/\/lyfilter.com\/fr\/wp-json\/wp\/v2\/product_tag?post=4883"}],"curies":[{"name":"wp","href":"https:\/\/api.w.org\/{rel}","templated":true}]}}