{"id":4876,"date":"2026-04-07T03:33:15","date_gmt":"2026-04-07T03:33:15","guid":{"rendered":"https:\/\/lyfilter.com\/"},"modified":"2026-04-07T03:33:15","modified_gmt":"2026-04-07T03:33:15","slug":"oem-odm-sintered-ss-filters-for-food","status":"publish","type":"product","link":"https:\/\/lyfilter.com\/fr\/oem-odm-sintered-ss-filters-for-food\/","title":{"rendered":"Filtres en acier inoxydable fritt\u00e9 OEM et ODM pour l'industrie alimentaire"},"content":{"rendered":"<table>\n<thead>\n<tr>\n<th>Service apr\u00e8s-vente<\/th>\n<th>Soutien en ligne<\/th>\n<th>Lieu de service local<\/th>\n<th>aucun<\/th>\n<th>Emplacement de la salle d'exposition<\/th>\n<th>aucun<\/th>\n<\/tr>\n<\/thead>\n<tbody>\n<tr>\n<td>Vid\u00e9o de l'inspection de sortie<\/td>\n<td>Fourni<\/td>\n<td>Rapport d'essai des machines<\/td>\n<td>Fourni<\/td>\n<td>Type de marketing<\/td>\n<td>Produit ordinaire<\/td>\n<\/tr>\n<tr>\n<td>Garantie des composants de base<\/td>\n<td>1 an<\/td>\n<td>Composants essentiels<\/td>\n<td>R\u00e9servoir sous pression<\/td>\n<td>Lieu d'origine<\/td>\n<td>Guangdong, Chine<\/td>\n<\/tr>\n<tr>\n<td>Nom de la marque<\/td>\n<td>Lvyuan\/OEM<\/td>\n<td>Garantie<\/td>\n<td>1 an<\/td>\n<td>Service apr\u00e8s-vente<\/td>\n<td>Soutien en ligne<\/td>\n<\/tr>\n<tr>\n<td>Mots cl\u00e9s<\/td>\n<td>3\u2033,4\u2033 6\u2033 1,5,10,20 micron filtre \u00e0 maille fritt\u00e9e<\/td>\n<td>Diam\u00e8tre<\/td>\n<td>Demande du client<\/td>\n<td>Mat\u00e9riau<\/td>\n<td>acier inoxydable<\/td>\n<\/tr>\n<tr>\n<td>Forme<\/td>\n<td>cylindre<\/td>\n<td>Utilisation<\/td>\n<td>traitement de l'eau<\/td>\n<td>Application<\/td>\n<td>l'industrie<\/td>\n<\/tr>\n<tr>\n<td>Couleur<\/td>\n<td>argent liquide<\/td>\n<td>Emballage<\/td>\n<td>bo\u00eete en papier<\/td>\n<td>longueur<\/td>\n<td>10\/20\/30\/40 pouces<\/td>\n<\/tr>\n<tr>\n<td>Avantage<\/td>\n<td>r\u00e9utilisation<\/td>\n<td>Capacit\u00e9 d'approvisionnement<\/td>\n<td>10000 pi\u00e8ces par mois<\/td>\n<td><\/td>\n<td><\/td>\n<\/tr>\n<\/tbody>\n<\/table>","protected":false},"excerpt":{"rendered":"<p><b>Aper\u00e7u du produit<\/b><\/p>\n<p>Ce filtre ss fritt\u00e9, fiable en termes de qualit\u00e9 et rentable, offre une solution de placage de haute qualit\u00e9. Il pr\u00e9sente les avantages d'une structure compacte, d'une utilisation facile et d'une productivit\u00e9 \u00e9lev\u00e9e. Il est disponible en fonctionnement continu et \u00e0 long terme.\u00a0<a href=\"https:\/\/lyfilter.com\/fr\/\">Filtre Lvyuan<\/a>\u00a0Les filtres en acier inoxydable fritt\u00e9s sont fabriqu\u00e9s \u00e0 l'aide des technologies les plus r\u00e9centes. Les filtres ss fritt\u00e9s sont largement utilis\u00e9s pour la d\u00e9coupe et le traitement en profondeur des mat\u00e9riaux industriels dans les domaines suivants : d\u00e9coration, a\u00e9rospatiale, \u00e9lectricit\u00e9, \u00e9nergies nouvelles, industrie chimique, construction automobile, etc. Il est admis que des filtres ss fritt\u00e9s de bonne qualit\u00e9 peuvent gagner la reconnaissance commune des clients.<\/p>\n<p>&nbsp;<\/p>\n<p><b>Pr\u00e9sentation du produit<\/b><\/p>\n<p>Lvyuan Water Purification Equipment vous pr\u00e9sentera les d\u00e9tails des filtres ss fritt\u00e9s dans la section suivante.<\/p>","protected":false},"featured_media":4880,"comment_status":"open","ping_status":"closed","template":"","meta":{"_gspb_post_css":""},"product_brand":[],"product_cat":[18],"product_tag":[1872,1137,1534,1871,1870,1410],"class_list":{"0":"post-4876","1":"product","2":"type-product","3":"status-publish","4":"has-post-thumbnail","6":"product_cat-sintered-metal-filters","7":"product_tag-food-filtration-filter","8":"product_tag-food-grade-filter","9":"product_tag-inversafilterpurification","10":"product_tag-odm-stainless-steel-filter","11":"product_tag-oem-sintered-filter","12":"product_tag-sintered-ss-filters","14":"first","15":"instock","16":"shipping-taxable","17":"product-type-simple"},"_links":{"self":[{"href":"https:\/\/lyfilter.com\/fr\/wp-json\/wp\/v2\/product\/4876","targetHints":{"allow":["GET"]}}],"collection":[{"href":"https:\/\/lyfilter.com\/fr\/wp-json\/wp\/v2\/product"}],"about":[{"href":"https:\/\/lyfilter.com\/fr\/wp-json\/wp\/v2\/types\/product"}],"replies":[{"embeddable":true,"href":"https:\/\/lyfilter.com\/fr\/wp-json\/wp\/v2\/comments?post=4876"}],"wp:featuredmedia":[{"embeddable":true,"href":"https:\/\/lyfilter.com\/fr\/wp-json\/wp\/v2\/media\/4880"}],"wp:attachment":[{"href":"https:\/\/lyfilter.com\/fr\/wp-json\/wp\/v2\/media?parent=4876"}],"wp:term":[{"taxonomy":"product_brand","embeddable":true,"href":"https:\/\/lyfilter.com\/fr\/wp-json\/wp\/v2\/product_brand?post=4876"},{"taxonomy":"product_cat","embeddable":true,"href":"https:\/\/lyfilter.com\/fr\/wp-json\/wp\/v2\/product_cat?post=4876"},{"taxonomy":"product_tag","embeddable":true,"href":"https:\/\/lyfilter.com\/fr\/wp-json\/wp\/v2\/product_tag?post=4876"}],"curies":[{"name":"wp","href":"https:\/\/api.w.org\/{rel}","templated":true}]}}