{"id":4853,"date":"2026-04-07T03:20:41","date_gmt":"2026-04-07T03:20:41","guid":{"rendered":"https:\/\/lyfilter.com\/"},"modified":"2026-04-07T03:20:41","modified_gmt":"2026-04-07T03:20:41","slug":"good-selling-carbon-steel-bag-filter-housing-carbon-steel-bag-filter-housing-company","status":"publish","type":"product","link":"https:\/\/lyfilter.com\/fr\/good-selling-carbon-steel-bag-filter-housing-carbon-steel-bag-filter-housing-company\/","title":{"rendered":"Bo\u00eetier de filtre \u00e0 poches en acier au carbone Bonne vente Bo\u00eetier de filtre \u00e0 poches en acier au carbone Soci\u00e9t\u00e9"},"content":{"rendered":"<table>\n<thead>\n<tr>\n<th>Industries concern\u00e9es<\/th>\n<th>Lieu d'origine<\/th>\n<th>Nom de la marque<\/th>\n<th>Mat\u00e9riau<\/th>\n<th>Poids<\/th>\n<th>Taille<\/th>\n<\/tr>\n<\/thead>\n<tbody>\n<tr>\n<td>Usine de fabrication, usine de produits alimentaires et de boissons, traitement de l'eau<\/td>\n<td>Guangdong, Chine<\/td>\n<td>Lvyuan, OEM, ODM<\/td>\n<td>acier inoxydable 304<\/td>\n<td>personnalis\u00e9<\/td>\n<td>personnalis\u00e9<\/td>\n<\/tr>\n<\/tbody>\n<\/table>\n<p>Con\u00e7u pour la filtration industrielle, ce bo\u00eetier de filtre \u00e0 poches en acier au carbone offre des performances durables, une \u00e9tanch\u00e9it\u00e9 fiable et un fonctionnement en douceur. InversaFilterPurification offre une solution pratique pour un contr\u00f4le r\u00e9gulier du d\u00e9bit tous les jours.<\/p>","protected":false},"excerpt":{"rendered":"<h3 class=\"do-entry-title\">Emballage et livraison<\/h3>\n<div class=\"do-entry-list\">\n<dl class=\"do-entry-item\">\n<dt class=\"do-entry-item-key\">Unit\u00e9s de vente :<\/dt>\n<dd class=\"do-entry-item-val\">Article unique<\/dd>\n<\/dl>\n<dl class=\"do-entry-item\">\n<dt class=\"do-entry-item-key\" title=\"Taille de l&#039;emballage unique :\">Taille de l'emballage unique :<\/dt>\n<dd class=\"do-entry-item-val\">120X35X35 cm<\/dd>\n<\/dl>\n<dl class=\"do-entry-item\">\n<dt class=\"do-entry-item-key\" title=\"Poids brut unique :\">Poids brut unique :<\/dt>\n<dd class=\"do-entry-item-val\">23.000 kg<\/dd>\n<\/dl>\n<dl class=\"do-entry-item\">\n<dt class=\"do-entry-item-key\" title=\"D\u00e9lai d&#039;ex\u00e9cution\">D\u00e9lai d'ex\u00e9cution\u00a0<i class=\"next-icon next-icon-help next-icon-xs js-leadtimes-tips\"><\/i>:<\/dt>\n<dd class=\"do-entry-item-val\" title=\"D\u00e9lai d&#039;ex\u00e9cution\">\n<div class=\"table-responsive\">\n<table class=\"supply-ability-table ui2-table ui2-table-normal ui2-table-zebra ui2-table-hover\">\n<tbody>\n<tr>\n<td>Quantit\u00e9 (pi\u00e8ces)<\/td>\n<td>1 - 500<\/td>\n<td>&gt;500<\/td>\n<\/tr>\n<tr>\n<td>Est. Temps (jours)<\/td>\n<td>7<\/td>\n<td>A n\u00e9gocier<\/td>\n<\/tr>\n<\/tbody>\n<\/table>\n<\/div>\n<\/dd>\n<\/dl>\n<\/div>","protected":false},"featured_media":4857,"comment_status":"open","ping_status":"closed","template":"","meta":{"_gspb_post_css":""},"product_brand":[],"product_cat":[1135],"product_tag":[1858,1499,1801,1502,1534,1136],"class_list":{"0":"post-4853","1":"product","2":"type-product","3":"status-publish","4":"has-post-thumbnail","6":"product_cat-stainless-steel-bag-filter-housing","7":"product_tag-bag-filter-housing-company","8":"product_tag-carbon-steel-bag-filter-housing","9":"product_tag-filtration-system-housing","10":"product_tag-industrial-bag-filter-housing","11":"product_tag-inversafilterpurification","12":"product_tag-water-filter-locks","14":"first","15":"instock","16":"shipping-taxable","17":"product-type-simple"},"_links":{"self":[{"href":"https:\/\/lyfilter.com\/fr\/wp-json\/wp\/v2\/product\/4853","targetHints":{"allow":["GET"]}}],"collection":[{"href":"https:\/\/lyfilter.com\/fr\/wp-json\/wp\/v2\/product"}],"about":[{"href":"https:\/\/lyfilter.com\/fr\/wp-json\/wp\/v2\/types\/product"}],"replies":[{"embeddable":true,"href":"https:\/\/lyfilter.com\/fr\/wp-json\/wp\/v2\/comments?post=4853"}],"wp:featuredmedia":[{"embeddable":true,"href":"https:\/\/lyfilter.com\/fr\/wp-json\/wp\/v2\/media\/4857"}],"wp:attachment":[{"href":"https:\/\/lyfilter.com\/fr\/wp-json\/wp\/v2\/media?parent=4853"}],"wp:term":[{"taxonomy":"product_brand","embeddable":true,"href":"https:\/\/lyfilter.com\/fr\/wp-json\/wp\/v2\/product_brand?post=4853"},{"taxonomy":"product_cat","embeddable":true,"href":"https:\/\/lyfilter.com\/fr\/wp-json\/wp\/v2\/product_cat?post=4853"},{"taxonomy":"product_tag","embeddable":true,"href":"https:\/\/lyfilter.com\/fr\/wp-json\/wp\/v2\/product_tag?post=4853"}],"curies":[{"name":"wp","href":"https:\/\/api.w.org\/{rel}","templated":true}]}}