{"id":4846,"date":"2026-04-07T03:16:32","date_gmt":"2026-04-07T03:16:32","guid":{"rendered":"https:\/\/lyfilter.com\/"},"modified":"2026-04-07T03:16:32","modified_gmt":"2026-04-07T03:16:32","slug":"industrial-ppf-water-cartridge-filter-big-blue-5-micron-polypropylene-spun-filter","status":"publish","type":"product","link":"https:\/\/lyfilter.com\/fr\/industrial-ppf-water-cartridge-filter-big-blue-5-micron-polypropylene-spun-filter\/","title":{"rendered":"Filtre industriel \u00e0 cartouche d'eau PPF Big Blue 5 Micron Polypropylene Spun Filter"},"content":{"rendered":"<table>\n<thead>\n<tr>\n<th>Champ d'application<\/th>\n<th>Valeur<\/th>\n<th>Champ d'application<\/th>\n<th>Valeur<\/th>\n<\/tr>\n<\/thead>\n<tbody>\n<tr>\n<td>Service apr\u00e8s-vente<\/td>\n<td>Soutien en ligne<\/td>\n<td>Lieu de service local<\/td>\n<td>aucun<\/td>\n<\/tr>\n<tr>\n<td>Emplacement de la salle d'exposition<\/td>\n<td>aucun<\/td>\n<td>Vid\u00e9o de l'inspection de sortie<\/td>\n<td>Fourni<\/td>\n<\/tr>\n<tr>\n<td>Rapport d'essai des machines<\/td>\n<td>Fourni<\/td>\n<td>Type de marketing<\/td>\n<td>Produit ordinaire<\/td>\n<\/tr>\n<tr>\n<td>Garantie des composants de base<\/td>\n<td>1 an<\/td>\n<td>Composants essentiels<\/td>\n<td>R\u00e9servoir sous pression<\/td>\n<\/tr>\n<tr>\n<td>Lieu d'origine<\/td>\n<td>Guangdong, Chine<\/td>\n<td>Nom de la marque<\/td>\n<td>LVYUAN\/OEM<\/td>\n<\/tr>\n<tr>\n<td>Garantie<\/td>\n<td>1 an<\/td>\n<td>Service apr\u00e8s-vente<\/td>\n<td>Soutien en ligne<\/td>\n<\/tr>\n<tr>\n<td>Nom du produit<\/td>\n<td>Filtre en PP fil\u00e9<\/td>\n<td>Type de filtre<\/td>\n<td>Rainure, Gaufrage, Points, Logo de l'entreprise<\/td>\n<\/tr>\n<tr>\n<td>Diam\u00e8tre ext\u00e9rieur<\/td>\n<td>10-200mm<\/td>\n<td>Pr\u00e9cision<\/td>\n<td>1-100 micron<\/td>\n<\/tr>\n<tr>\n<td>Diam\u00e8tre int\u00e9rieur<\/td>\n<td>OEM<\/td>\n<td>Adaptateur de filtre<\/td>\n<td>Type plat, Type 222, Type 226, Type215<\/td>\n<\/tr>\n<tr>\n<td>Temp\u00e9rature la plus \u00e9lev\u00e9e<\/td>\n<td>80\u2103<\/td>\n<td>Chute de pression de travail<\/td>\n<td>0,1kgf\/c\u33a1<\/td>\n<\/tr>\n<tr>\n<td>Le plus \u00e9lev\u00e9 est confin\u00e9<\/td>\n<td>5kgf\/c\u33a1<\/td>\n<td>Chute de pression maximale<\/td>\n<td>3kgf\/c\u33a1<\/td>\n<\/tr>\n<\/tbody>\n<\/table>","protected":false},"excerpt":{"rendered":"<p>Con\u00e7u pour le contr\u00f4le des s\u00e9diments, ce filtre \u00e0 cartouche d'eau Big Blue en polypropyl\u00e8ne fil\u00e9 PPF de 5 microns aide \u00e0 capturer la salet\u00e9 et la rouille tout en assurant un d\u00e9bit r\u00e9gulier. C'est un choix judicieux pour les syst\u00e8mes industriels qui exigent une filtration fiable.<\/p>","protected":false},"featured_media":4850,"comment_status":"open","ping_status":"closed","template":"","meta":{"_gspb_post_css":""},"product_brand":[],"product_cat":[23],"product_tag":[1856,1854,334,1534,1855,1857],"class_list":{"0":"post-4846","1":"product","2":"type-product","3":"status-publish","4":"has-post-thumbnail","6":"product_cat-pp-filter-cartridge","7":"product_tag-5-micron-water-cartridge","8":"product_tag-big-blue-water-filter","9":"product_tag-industrial-water-filter","10":"product_tag-inversafilterpurification","11":"product_tag-polypropylene-spun-filter","12":"product_tag-ppf-sediment-filter","14":"first","15":"instock","16":"shipping-taxable","17":"product-type-simple"},"_links":{"self":[{"href":"https:\/\/lyfilter.com\/fr\/wp-json\/wp\/v2\/product\/4846","targetHints":{"allow":["GET"]}}],"collection":[{"href":"https:\/\/lyfilter.com\/fr\/wp-json\/wp\/v2\/product"}],"about":[{"href":"https:\/\/lyfilter.com\/fr\/wp-json\/wp\/v2\/types\/product"}],"replies":[{"embeddable":true,"href":"https:\/\/lyfilter.com\/fr\/wp-json\/wp\/v2\/comments?post=4846"}],"wp:featuredmedia":[{"embeddable":true,"href":"https:\/\/lyfilter.com\/fr\/wp-json\/wp\/v2\/media\/4850"}],"wp:attachment":[{"href":"https:\/\/lyfilter.com\/fr\/wp-json\/wp\/v2\/media?parent=4846"}],"wp:term":[{"taxonomy":"product_brand","embeddable":true,"href":"https:\/\/lyfilter.com\/fr\/wp-json\/wp\/v2\/product_brand?post=4846"},{"taxonomy":"product_cat","embeddable":true,"href":"https:\/\/lyfilter.com\/fr\/wp-json\/wp\/v2\/product_cat?post=4846"},{"taxonomy":"product_tag","embeddable":true,"href":"https:\/\/lyfilter.com\/fr\/wp-json\/wp\/v2\/product_tag?post=4846"}],"curies":[{"name":"wp","href":"https:\/\/api.w.org\/{rel}","templated":true}]}}