{"id":4828,"date":"2026-04-07T02:58:00","date_gmt":"2026-04-07T02:58:00","guid":{"rendered":"https:\/\/lyfilter.com\/"},"modified":"2026-04-07T02:58:00","modified_gmt":"2026-04-07T02:58:00","slug":"lvyuan-sintered-filter-cartridge-manufacturers-for-purify","status":"publish","type":"product","link":"https:\/\/lyfilter.com\/fr\/lvyuan-sintered-filter-cartridge-manufacturers-for-purify\/","title":{"rendered":"Fabricant de cartouches filtrantes fritt\u00e9es de Lvyuan pour la purification"},"content":{"rendered":"<table>\n<thead>\n<tr>\n<th>Champ d'application<\/th>\n<th>Valeur<\/th>\n<th>Champ d'application<\/th>\n<th>Valeur<\/th>\n<\/tr>\n<\/thead>\n<tbody>\n<tr>\n<td>Service apr\u00e8s-vente<\/td>\n<td>Soutien en ligne<\/td>\n<td>Lieu de service local<\/td>\n<td>aucun<\/td>\n<\/tr>\n<tr>\n<td>Emplacement de la salle d'exposition<\/td>\n<td>aucun<\/td>\n<td>Lieu d'origine<\/td>\n<td>Guangdong, Chine<\/td>\n<\/tr>\n<tr>\n<td>Nom de la marque<\/td>\n<td>Lvyuan ou OEM\/ ODM<\/td>\n<td>Mat\u00e9riau<\/td>\n<td>carbone de noix de coco, carbone de noix de coco, carbone de charbon<\/td>\n<\/tr>\n<tr>\n<td>Poids<\/td>\n<td>personnalis\u00e9<\/td>\n<td>Taille<\/td>\n<td>personnalis\u00e9, personnalis\u00e9<\/td>\n<\/tr>\n<tr>\n<td>Puissance<\/td>\n<td>0<\/td>\n<td>Garantie<\/td>\n<td>Indisponible<\/td>\n<\/tr>\n<tr>\n<td>Mots cl\u00e9s<\/td>\n<td>filtre \u00e0 charbon actif<\/td>\n<td>Service apr\u00e8s-vente<\/td>\n<td>Soutien en ligne<\/td>\n<\/tr>\n<tr>\n<td>Fonctionnalit\u00e9<\/td>\n<td>\u00e9liminer les odeurs, les s\u00e9diments, les odeurs, etc.<\/td>\n<td>Application<\/td>\n<td>Pr\u00e9filtration<\/td>\n<\/tr>\n<tr>\n<td>Couleur<\/td>\n<td>Noir\/gris<\/td>\n<td>Type<\/td>\n<td>Pi\u00e8ces d\u00e9tach\u00e9es pour filtres \u00e0 eau<\/td>\n<\/tr>\n<tr>\n<td>Diam\u00e8tre<\/td>\n<td>personnalis\u00e9<\/td>\n<td>taux de micron<\/td>\n<td>5\/10\/25 micron<\/td>\n<\/tr>\n<tr>\n<td>Capacit\u00e9 d'approvisionnement<\/td>\n<td>500 pi\u00e8ces par semaine<\/td>\n<td><\/td>\n<td><\/td>\n<\/tr>\n<\/tbody>\n<\/table>","protected":false},"excerpt":{"rendered":"<p>Cette cartouche filtrante fritt\u00e9e de Lvyuan permet d'obtenir une eau plus propre. Elle est con\u00e7ue pour une purification fiable et un d\u00e9bit stable. Sa conception durable permet de capturer les particules, de faciliter l'entretien et d'assurer une filtration fiable pour un usage courant.<\/p>","protected":false},"featured_media":4829,"comment_status":"open","ping_status":"closed","template":"","meta":{"_gspb_post_css":""},"product_brand":[],"product_cat":[22],"product_tag":[1851,1534,1653,1215,1850,1182],"class_list":{"0":"post-4828","1":"product","2":"type-product","3":"status-publish","4":"has-post-thumbnail","6":"product_cat-sintered-filter-cartridge","7":"product_tag-durable-water-filter","8":"product_tag-inversafilterpurification","9":"product_tag-lvyuan-sintered-filter-cartridge","10":"product_tag-replacement-filter-cartridge","11":"product_tag-sintered-water-cartridge","12":"product_tag-water-purification-filter","14":"first","15":"instock","16":"shipping-taxable","17":"product-type-simple"},"_links":{"self":[{"href":"https:\/\/lyfilter.com\/fr\/wp-json\/wp\/v2\/product\/4828","targetHints":{"allow":["GET"]}}],"collection":[{"href":"https:\/\/lyfilter.com\/fr\/wp-json\/wp\/v2\/product"}],"about":[{"href":"https:\/\/lyfilter.com\/fr\/wp-json\/wp\/v2\/types\/product"}],"replies":[{"embeddable":true,"href":"https:\/\/lyfilter.com\/fr\/wp-json\/wp\/v2\/comments?post=4828"}],"wp:featuredmedia":[{"embeddable":true,"href":"https:\/\/lyfilter.com\/fr\/wp-json\/wp\/v2\/media\/4829"}],"wp:attachment":[{"href":"https:\/\/lyfilter.com\/fr\/wp-json\/wp\/v2\/media?parent=4828"}],"wp:term":[{"taxonomy":"product_brand","embeddable":true,"href":"https:\/\/lyfilter.com\/fr\/wp-json\/wp\/v2\/product_brand?post=4828"},{"taxonomy":"product_cat","embeddable":true,"href":"https:\/\/lyfilter.com\/fr\/wp-json\/wp\/v2\/product_cat?post=4828"},{"taxonomy":"product_tag","embeddable":true,"href":"https:\/\/lyfilter.com\/fr\/wp-json\/wp\/v2\/product_tag?post=4828"}],"curies":[{"name":"wp","href":"https:\/\/api.w.org\/{rel}","templated":true}]}}