{"id":4825,"date":"2026-04-07T02:53:16","date_gmt":"2026-04-07T02:53:16","guid":{"rendered":"https:\/\/lyfilter.com\/"},"modified":"2026-04-07T02:53:16","modified_gmt":"2026-04-07T02:53:16","slug":"cost-effective-activated-carbon-water-filtration-activated-carbon-water-filtration-company","status":"publish","type":"product","link":"https:\/\/lyfilter.com\/fr\/cost-effective-activated-carbon-water-filtration-activated-carbon-water-filtration-company\/","title":{"rendered":"Filtration de l'eau au charbon actif rentable Entreprise de filtration de l'eau au charbon actif"},"content":{"rendered":"<p><strong>Introduction<\/strong><\/p>\n<p>Cartouche filtrante T33 10\u2033, compos\u00e9e de charbon actif en coquille de noix de coco, capable d'\u00e9liminer les odeurs et de conserver la fra\u00eecheur de l'eau, avec des coquilles de diff\u00e9rentes couleurs, comme le rouge, le bleu, le jaune et le blanc, que vous pouvez choisir vous-m\u00eame.<\/p>\n<p>La cartouche filtrante T33 est con\u00e7ue pour se connecter directement aux tubes. Elle est tr\u00e8s pratique pour l'installation et le remplacement fr\u00e9quent. Elle peut \u00eatre remplie de diff\u00e9rents m\u00e9dias filtrants, tels que le PP\u00a0<a href=\"https:\/\/lyfilter.com\/fr\/sediment-filter.html\/\">Filtre \u00e0 s\u00e9diments<\/a>\u00a0cartouche, charbon actif en granul\u00e9s, r\u00e9sine, pierre min\u00e9rale, etc. pour r\u00e9pondre aux diff\u00e9rents besoins.<\/p>\n<table>\n<thead>\n<tr>\n<th>Champ d'application<\/th>\n<th>Valeur<\/th>\n<th>Champ d'application<\/th>\n<th>Valeur<\/th>\n<\/tr>\n<\/thead>\n<tbody>\n<tr>\n<td>Lieu d'origine<\/td>\n<td>Guangdong, Chine<\/td>\n<td>Nom de la marque<\/td>\n<td>Lvyuan\/OEM<\/td>\n<\/tr>\n<tr>\n<td>Puissance (W)<\/td>\n<td>0<\/td>\n<td>Tension (V)<\/td>\n<td>0<\/td>\n<\/tr>\n<tr>\n<td>Service apr\u00e8s-vente<\/td>\n<td>Installation sur site<\/td>\n<td>Garantie<\/td>\n<td>1 an<\/td>\n<\/tr>\n<tr>\n<td>Type<\/td>\n<td>Carbone activ\u00e9<\/td>\n<td>Certification<\/td>\n<td>ce, GS<\/td>\n<\/tr>\n<tr>\n<td>Utilisation<\/td>\n<td>Pr\u00e9filtration domestique<\/td>\n<td>Application<\/td>\n<td>H\u00f4tel, Voiture, Ext\u00e9rieur, Garage, VR, Commercial, M\u00e9nage<\/td>\n<\/tr>\n<tr>\n<td>Source d'\u00e9nergie<\/td>\n<td>Manuel<\/td>\n<td>cartouche de filtre \u00e0 eau<\/td>\n<td>T33<\/td>\n<\/tr>\n<tr>\n<td>taille<\/td>\n<td>50*255mm<\/td>\n<td>mat\u00e9riel<\/td>\n<td>charbon actif en coquille de noix de coco<\/td>\n<\/tr>\n<tr>\n<td>fonction<\/td>\n<td>\u00e9liminer les odeurs, rendre l'eau fra\u00eeche<\/td>\n<td>dur\u00e9e de vie<\/td>\n<td>3-6 mois<\/td>\n<\/tr>\n<tr>\n<td>Capacit\u00e9 d'approvisionnement<\/td>\n<td>5000 pi\u00e8ces par jour<\/td>\n<td><\/td>\n<td><\/td>\n<\/tr>\n<\/tbody>\n<\/table>\n<p><strong>Param\u00e8tres<\/strong><\/p>\n<div class=\"table-responsive\">\n<table class=\"aliDataTable\" border=\"1\">\n<tbody>\n<tr>\n<td>cartouche de filtre \u00e0 eau<\/td>\n<td>T33<\/td>\n<\/tr>\n<tr>\n<td>taille<\/td>\n<td>50\u00d7255mm ou 60\u00d7285mm<\/td>\n<\/tr>\n<tr>\n<td>m\u00e9dia filtrant<\/td>\n<td>charbon actif en coquille de noix de coco<\/td>\n<\/tr>\n<tr>\n<td>fonction<\/td>\n<td>\u00e9limine les odeurs, rend l'eau fra\u00eeche<\/td>\n<\/tr>\n<tr>\n<td>dur\u00e9e de vie<\/td>\n<td>3-6 mois<\/td>\n<\/tr>\n<\/tbody>\n<\/table>\n<\/div>","protected":false},"excerpt":{"rendered":"<p><b>Avantages pour l'entreprise<\/b><\/p>\n<p>- La conception de\u00a0<a href=\"https:\/\/lyfilter.com\/fr\/\">Filtre Lvyuan<\/a>\u00a0La filtration de l'eau sur charbon actif est con\u00e7ue de mani\u00e8re \u00e9labor\u00e9e en combinant fonctionnalit\u00e9 et esth\u00e9tique.<\/p>\n<p>- Un laboratoire interne complet est disponible pour garantir la coh\u00e9rence et la qualit\u00e9 de la mati\u00e8re premi\u00e8re.<\/p>\n<p>- Guangzhou Lvyuan Water Purification Equipment Co. a une forte capacit\u00e9 \u00e0 produire des filtres \u00e0 eau \u00e0 charbon actif de haute qualit\u00e9.<\/p>","protected":false},"featured_media":4826,"comment_status":"open","ping_status":"closed","template":"","meta":{"_gspb_post_css":""},"product_brand":[],"product_cat":[1339],"product_tag":[1845,1846,1847,1534,1849,1848],"class_list":{"0":"post-4825","1":"product","2":"type-product","3":"status-publish","4":"has-post-thumbnail","6":"product_cat-carbon-filter","7":"product_tag-activated-carbon-water-filtration","8":"product_tag-carbon-water-filter","9":"product_tag-cost-effective-water-filter","10":"product_tag-inversafilterpurification","11":"product_tag-odor-control-filter","12":"product_tag-water-filtration-company","14":"first","15":"instock","16":"shipping-taxable","17":"product-type-simple"},"_links":{"self":[{"href":"https:\/\/lyfilter.com\/fr\/wp-json\/wp\/v2\/product\/4825","targetHints":{"allow":["GET"]}}],"collection":[{"href":"https:\/\/lyfilter.com\/fr\/wp-json\/wp\/v2\/product"}],"about":[{"href":"https:\/\/lyfilter.com\/fr\/wp-json\/wp\/v2\/types\/product"}],"replies":[{"embeddable":true,"href":"https:\/\/lyfilter.com\/fr\/wp-json\/wp\/v2\/comments?post=4825"}],"wp:featuredmedia":[{"embeddable":true,"href":"https:\/\/lyfilter.com\/fr\/wp-json\/wp\/v2\/media\/4826"}],"wp:attachment":[{"href":"https:\/\/lyfilter.com\/fr\/wp-json\/wp\/v2\/media?parent=4825"}],"wp:term":[{"taxonomy":"product_brand","embeddable":true,"href":"https:\/\/lyfilter.com\/fr\/wp-json\/wp\/v2\/product_brand?post=4825"},{"taxonomy":"product_cat","embeddable":true,"href":"https:\/\/lyfilter.com\/fr\/wp-json\/wp\/v2\/product_cat?post=4825"},{"taxonomy":"product_tag","embeddable":true,"href":"https:\/\/lyfilter.com\/fr\/wp-json\/wp\/v2\/product_tag?post=4825"}],"curies":[{"name":"wp","href":"https:\/\/api.w.org\/{rel}","templated":true}]}}