{"id":4816,"date":"2026-04-07T02:48:28","date_gmt":"2026-04-07T02:48:28","guid":{"rendered":"https:\/\/lyfilter.com\/"},"modified":"2026-04-07T02:48:28","modified_gmt":"2026-04-07T02:48:28","slug":"lvyuan-ss-cartridge-filter-housing-exporter-for-factory","status":"publish","type":"product","link":"https:\/\/lyfilter.com\/fr\/lvyuan-ss-cartridge-filter-housing-exporter-for-factory\/","title":{"rendered":"Lvyuan SS Cartridge Filter Housing Exporter For Factory"},"content":{"rendered":"<table>\n<thead>\n<tr>\n<th>Champ d'application<\/th>\n<th>Valeur<\/th>\n<th>Champ d'application<\/th>\n<th>Valeur<\/th>\n<\/tr>\n<\/thead>\n<tbody>\n<tr>\n<td>Lieu d'origine<\/td>\n<td>Guangdong, Chine<\/td>\n<td>Nom de la marque<\/td>\n<td>Sur mesure<\/td>\n<\/tr>\n<tr>\n<td>Mat\u00e9riau<\/td>\n<td>Sur mesure<\/td>\n<td>Poids<\/td>\n<td>Sur mesure<\/td>\n<\/tr>\n<tr>\n<td>Taille<\/td>\n<td>Sur mesure<\/td>\n<td>Puissance<\/td>\n<td>Sur mesure<\/td>\n<\/tr>\n<tr>\n<td>Garantie<\/td>\n<td>Indisponible<\/td>\n<td>Nom de l'article<\/td>\n<td>Fournisseurs de filtres de purification de l'eau Bo\u00eetier de purificateur d'eau sal\u00e9e<\/td>\n<\/tr>\n<tr>\n<td>Longueur de la cartouche filtrante<\/td>\n<td>10\u2033 20\u2033 30\u2033 40\u2033<\/td>\n<td>Acier inoxydable<\/td>\n<td>SUS304, SUS316L<\/td>\n<\/tr>\n<tr>\n<td>Quantit\u00e9 de filtres \u00e0 cartouche<\/td>\n<td>Noyau unique<\/td>\n<td>Traitement de surface<\/td>\n<td>Polissage et sablage<\/td>\n<\/tr>\n<tr>\n<td>Joint torique d'\u00e9tanch\u00e9it\u00e9<\/td>\n<td>Silastic\/NBR\/EPDM\/Viton<\/td>\n<td>Type d'installation du bouchon sup\u00e9rieur<\/td>\n<td>Type de pince<\/td>\n<\/tr>\n<tr>\n<td>Type de connecteur<\/td>\n<td>222\/226\/DOE<\/td>\n<td>Type d'entr\u00e9e et de sortie<\/td>\n<td>Filetage int\u00e9rieur<\/td>\n<\/tr>\n<tr>\n<td>M\u00e9thode d'emballage<\/td>\n<td>Bo\u00eete standard pour l'exportation<\/td>\n<td>Service apr\u00e8s-vente<\/td>\n<td>Soutien en ligne<\/td>\n<\/tr>\n<\/tbody>\n<\/table>","protected":false},"excerpt":{"rendered":"<p><b>Avantages pour l'entreprise<\/b><br \/>\n<b>1.<\/b>\u00a0Le bo\u00eetier de filtre \u00e0 cartouche ss, en tant que produit important dans son industrie, doit \u00eatre con\u00e7u avec un bo\u00eetier de filtre micron ss. Sa construction unique \u00e0 gradient de densit\u00e9 maximise l'efficacit\u00e9 et minimise la perte de charge.<br \/>\n<b>2.<\/b>\u00a0Guangzhou Lvyuan Water Purification Equipment Co. a plus de dizaines d'ann\u00e9es d'exp\u00e9rience dans la R&amp;D et la production de cartouches filtrantes en acier inoxydable. Il peut fournir des analyses et des r\u00e9sultats pr\u00e9cis pour les applications sensibles de chromatographie ionique.<br \/>\n<b>3.<\/b>\u00a0Le produit a des performances stables dans des conditions m\u00e9t\u00e9orologiques extr\u00eames. Il n'est pas affect\u00e9 par le tonnerre et les \u00e9clairs, les temp\u00eates ou le temps humide. La porosit\u00e9 varie en fonction de la profondeur du milieu filtrant.<br \/>\n<b>4.<\/b>\u00a0Le produit est con\u00e7u pour durer. Tous les composants \u00e9lectriques sont fabriqu\u00e9s avec une haute qualit\u00e9 et des performances \u00e9lectriques stables, ce qui garantit sa r\u00e9sistance au vieillissement. Le m\u00e9dia filtrant est thermocoll\u00e9 pour emp\u00eacher la lib\u00e9ration des fibres tout en assurant des d\u00e9bits constants.<\/p>\n<h3 class=\"do-entry-title\">Emballage et livraison<\/h3>\n<div class=\"do-entry-list\">\n<dl class=\"do-entry-item\">\n<dt class=\"do-entry-item-key\">Unit\u00e9s de vente :<\/dt>\n<dd class=\"do-entry-item-val\">Article unique<\/dd>\n<\/dl>\n<dl class=\"do-entry-item\">\n<dt class=\"do-entry-item-key\" title=\"Taille de l&#039;emballage unique :\">Taille de l'emballage unique :<\/dt>\n<dd class=\"do-entry-item-val\">50X25X25 cm<\/dd>\n<\/dl>\n<dl class=\"do-entry-item\">\n<dt class=\"do-entry-item-key\" title=\"Poids brut unique :\">Poids brut unique :<\/dt>\n<dd class=\"do-entry-item-val\">6.000 kg<\/dd>\n<\/dl>\n<dl class=\"do-entry-item\">\n<dt class=\"do-entry-item-key\">Type d'emballage :<\/dt>\n<dd class=\"do-entry-item-val pkg-method\">Filtre de purification d'eau fournisseurs acier inoxydable SS304 316 bo\u00eetier de purificateur d'eau sal\u00e9e pour le traitement de l'eau industrielle : Emballage : Bo\u00eete standard pour l'exportation\/Selon les besoins<\/dd>\n<\/dl>\n<dl class=\"do-entry-item\">\n<dt class=\"do-entry-item-key\" title=\"D\u00e9lai d&#039;ex\u00e9cution\">D\u00e9lai d'ex\u00e9cution\u00a0<i class=\"next-icon next-icon-help next-icon-xs js-leadtimes-tips\"><\/i>:<\/dt>\n<dd class=\"do-entry-item-val\" title=\"D\u00e9lai d&#039;ex\u00e9cution\">\n<div class=\"table-responsive\">\n<table class=\"supply-ability-table ui2-table ui2-table-normal ui2-table-zebra ui2-table-hover\">\n<tbody>\n<tr>\n<td>Quantit\u00e9 (unit\u00e9s)<\/td>\n<td>1 - 10<\/td>\n<td>11 - 100<\/td>\n<td>&gt;100<\/td>\n<\/tr>\n<tr>\n<td>Est. Temps (jours)<\/td>\n<td>7<\/td>\n<td>15<\/td>\n<td>A n\u00e9gocier<\/td>\n<\/tr>\n<\/tbody>\n<\/table>\n<\/div>\n<\/dd>\n<\/dl>\n<\/div>","protected":false},"featured_media":4817,"comment_status":"open","ping_status":"closed","template":"","meta":{"_gspb_post_css":""},"product_brand":[],"product_cat":[1245],"product_tag":[1842,1084,1534,1186,1841,1703],"class_list":{"0":"post-4816","1":"product","2":"type-product","3":"status-publish","4":"has-post-thumbnail","6":"product_cat-stainless-steel-cartridge-filter-housing","7":"product_tag-factory-water-filter-housing","8":"product_tag-industrial-filter-housing","9":"product_tag-inversafilterpurification","10":"product_tag-lvyuan-filter-housing","11":"product_tag-stainless-steel-cartridge-housing","12":"product_tag-water-purification-housing","14":"first","15":"instock","16":"shipping-taxable","17":"product-type-simple"},"_links":{"self":[{"href":"https:\/\/lyfilter.com\/fr\/wp-json\/wp\/v2\/product\/4816","targetHints":{"allow":["GET"]}}],"collection":[{"href":"https:\/\/lyfilter.com\/fr\/wp-json\/wp\/v2\/product"}],"about":[{"href":"https:\/\/lyfilter.com\/fr\/wp-json\/wp\/v2\/types\/product"}],"replies":[{"embeddable":true,"href":"https:\/\/lyfilter.com\/fr\/wp-json\/wp\/v2\/comments?post=4816"}],"wp:featuredmedia":[{"embeddable":true,"href":"https:\/\/lyfilter.com\/fr\/wp-json\/wp\/v2\/media\/4817"}],"wp:attachment":[{"href":"https:\/\/lyfilter.com\/fr\/wp-json\/wp\/v2\/media?parent=4816"}],"wp:term":[{"taxonomy":"product_brand","embeddable":true,"href":"https:\/\/lyfilter.com\/fr\/wp-json\/wp\/v2\/product_brand?post=4816"},{"taxonomy":"product_cat","embeddable":true,"href":"https:\/\/lyfilter.com\/fr\/wp-json\/wp\/v2\/product_cat?post=4816"},{"taxonomy":"product_tag","embeddable":true,"href":"https:\/\/lyfilter.com\/fr\/wp-json\/wp\/v2\/product_tag?post=4816"}],"curies":[{"name":"wp","href":"https:\/\/api.w.org\/{rel}","templated":true}]}}