{"id":4806,"date":"2026-04-07T02:44:46","date_gmt":"2026-04-07T02:44:46","guid":{"rendered":"https:\/\/lyfilter.com\/"},"modified":"2026-04-07T02:44:46","modified_gmt":"2026-04-07T02:44:46","slug":"professional-ss-cartridge-filter-housing-suppliers-for-water-purification","status":"publish","type":"product","link":"https:\/\/lyfilter.com\/fr\/professional-ss-cartridge-filter-housing-suppliers-for-water-purification\/","title":{"rendered":"Fournisseurs professionnels de cartouches filtrantes Ss pour la purification de l'eau"},"content":{"rendered":"<table>\n<thead>\n<tr>\n<th>Champ d'application<\/th>\n<th>Valeur<\/th>\n<th>Champ d'application<\/th>\n<th>Valeur<\/th>\n<\/tr>\n<\/thead>\n<tbody>\n<tr>\n<td>Lieu d'origine<\/td>\n<td>Guangdong, Chine<\/td>\n<td>Nom de la marque<\/td>\n<td>Lvyuan,OEM,ODM<\/td>\n<\/tr>\n<tr>\n<td>Mat\u00e9riau<\/td>\n<td>acier inoxydable 304\/316<\/td>\n<td>Poids<\/td>\n<td>personnalis\u00e9<\/td>\n<\/tr>\n<tr>\n<td>Taille<\/td>\n<td>personnalis\u00e9, 10\u201d20\u201d30\u201d40\u201d<\/td>\n<td>Puissance<\/td>\n<td>personnalis\u00e9<\/td>\n<\/tr>\n<tr>\n<td>Garantie<\/td>\n<td>1 an<\/td>\n<td>Service apr\u00e8s-vente<\/td>\n<td>Soutien en ligne<\/td>\n<\/tr>\n<tr>\n<td>Fonctionnalit\u00e9<\/td>\n<td>purification des liquides<\/td>\n<td>Certification<\/td>\n<td>SGS<\/td>\n<\/tr>\n<tr>\n<td>Forme<\/td>\n<td>cylindre<\/td>\n<td>Utilisation<\/td>\n<td>traitement de l'eau<\/td>\n<\/tr>\n<tr>\n<td>Application<\/td>\n<td>l'industrie<\/td>\n<td>surface<\/td>\n<td>poli\/miroir<\/td>\n<\/tr>\n<tr>\n<td>Mod\u00e8le<\/td>\n<td>LY-FL-SF<\/td>\n<td>Mati\u00e8res premi\u00e8res<\/td>\n<td>acier inoxydable<\/td>\n<\/tr>\n<tr>\n<td>Couleur<\/td>\n<td>Argent<\/td>\n<td>Capacit\u00e9 d'approvisionnement<\/td>\n<td>5000 pi\u00e8ces par semaine<\/td>\n<\/tr>\n<\/tbody>\n<\/table>","protected":false},"excerpt":{"rendered":"<p><b>Avantages pour l'entreprise<\/b><br \/>\n<b>1.<\/b>\u00a0La planification des besoins en mat\u00e9riaux (MRP) est l'un des principaux facteurs de la r\u00e9ussite du projet Lvyuan 5 micron.\u00a0<a href=\"https:\/\/lyfilter.com\/fr\/stainless-steel-filter-housing.html\/\">bo\u00eetier du filtre \u00e0 eau<\/a>\u00a0production. Les mat\u00e9riaux utilis\u00e9s dans le produit doivent \u00eatre test\u00e9s en termes de r\u00e9sistance, de propri\u00e9t\u00e9s m\u00e9caniques et de durabilit\u00e9. La capacit\u00e9 de r\u00e9tention de la salet\u00e9 est accrue et la dur\u00e9e de vie est plus longue.<br \/>\n<b>2.<\/b>\u00a0Certains de nos clients qui ont achet\u00e9 ce produit il y a trois ans ont d\u00e9clar\u00e9 qu'il \u00e9tait tr\u00e8s r\u00e9sistant \u00e0 l'usure et qu'il ressemblait toujours \u00e0 un produit neuf, m\u00eame s'il \u00e9tait utilis\u00e9 depuis si longtemps. La couche de support interne est \u00e9troitement li\u00e9e au mat\u00e9riau filtrant, ce qui lui conf\u00e8re une forte r\u00e9sistance aux chocs.<br \/>\n<b>3.<\/b>\u00a0Un syst\u00e8me d'assurance qualit\u00e9 est mis en place pour d\u00e9montrer la conformit\u00e9 aux exigences des normes. La matrice de fibres autoportante permet une conception sans \u00e2me qui est \u00e0 la fois \u00e9conomique et r\u00e9sistante.<br \/>\n<b>4.<\/b>\u00a0Notre \u00e9quipe de contr\u00f4le de la qualit\u00e9 met en \u0153uvre un syst\u00e8me strict de contr\u00f4le de la qualit\u00e9 et une m\u00e9thode de surveillance parfaite. Il a trouv\u00e9 une vari\u00e9t\u00e9 d'applications dans l'industrie, les processus chimiques, l'alimentation et les boissons, les cosm\u00e9tiques et l'eau.<\/p>","protected":false},"featured_media":4814,"comment_status":"open","ping_status":"closed","template":"","meta":{"_gspb_post_css":""},"product_brand":[],"product_cat":[1245],"product_tag":[1701,1264,1534,1840,34,1703],"class_list":{"0":"post-4806","1":"product","2":"type-product","3":"status-publish","4":"has-post-thumbnail","6":"product_cat-stainless-steel-cartridge-filter-housing","7":"product_tag-cartridge-filter-housing","8":"product_tag-industrial-water-filter-housing","9":"product_tag-inversafilterpurification","10":"product_tag-ss-filter-housing-supplier","11":"product_tag-stainless-steel-filter-housing","12":"product_tag-water-purification-housing","14":"first","15":"instock","16":"shipping-taxable","17":"product-type-simple"},"_links":{"self":[{"href":"https:\/\/lyfilter.com\/fr\/wp-json\/wp\/v2\/product\/4806","targetHints":{"allow":["GET"]}}],"collection":[{"href":"https:\/\/lyfilter.com\/fr\/wp-json\/wp\/v2\/product"}],"about":[{"href":"https:\/\/lyfilter.com\/fr\/wp-json\/wp\/v2\/types\/product"}],"replies":[{"embeddable":true,"href":"https:\/\/lyfilter.com\/fr\/wp-json\/wp\/v2\/comments?post=4806"}],"wp:featuredmedia":[{"embeddable":true,"href":"https:\/\/lyfilter.com\/fr\/wp-json\/wp\/v2\/media\/4814"}],"wp:attachment":[{"href":"https:\/\/lyfilter.com\/fr\/wp-json\/wp\/v2\/media?parent=4806"}],"wp:term":[{"taxonomy":"product_brand","embeddable":true,"href":"https:\/\/lyfilter.com\/fr\/wp-json\/wp\/v2\/product_brand?post=4806"},{"taxonomy":"product_cat","embeddable":true,"href":"https:\/\/lyfilter.com\/fr\/wp-json\/wp\/v2\/product_cat?post=4806"},{"taxonomy":"product_tag","embeddable":true,"href":"https:\/\/lyfilter.com\/fr\/wp-json\/wp\/v2\/product_tag?post=4806"}],"curies":[{"name":"wp","href":"https:\/\/api.w.org\/{rel}","templated":true}]}}