{"id":4788,"date":"2026-04-07T02:32:13","date_gmt":"2026-04-07T02:32:13","guid":{"rendered":"https:\/\/lyfilter.com\/"},"modified":"2026-04-07T02:32:13","modified_gmt":"2026-04-07T02:32:13","slug":"high-quality-1-5-micron-string-wound-sediment-pp-cotton-yarn-filter-cartridge-from-china-manufacturer","status":"publish","type":"product","link":"https:\/\/lyfilter.com\/fr\/high-quality-1-5-micron-string-wound-sediment-pp-cotton-yarn-filter-cartridge-from-china-manufacturer\/","title":{"rendered":"Cartouche de filtre \u00e0 s\u00e9diments en fil de coton PP de haute qualit\u00e9 de 1 5 microns fabriqu\u00e9e en Chine"},"content":{"rendered":"<p>Cette cartouche filtrante en coton PP \u00e0 s\u00e9diments enroul\u00e9s en chapelet permet d'assurer le bon fonctionnement des syst\u00e8mes d'alimentation en eau. Con\u00e7ue pour une filtration de 1 et 5 microns, elle aide \u00e0 r\u00e9duire la salet\u00e9 et la rouille tout en assurant un d\u00e9bit stable et des performances quotidiennes fiables.<\/p>","protected":false},"excerpt":{"rendered":"<table>\n<thead>\n<tr>\n<th>Champ d'application<\/th>\n<th>Valeur<\/th>\n<th>Champ d'application<\/th>\n<th>Valeur<\/th>\n<\/tr>\n<\/thead>\n<tbody>\n<tr>\n<td>Service apr\u00e8s-vente<\/td>\n<td>Soutien en ligne<\/td>\n<td>Lieu de service local<\/td>\n<td>aucun<\/td>\n<\/tr>\n<tr>\n<td>Emplacement de la salle d'exposition<\/td>\n<td>aucun<\/td>\n<td>Lieu d'origine<\/td>\n<td>Guangdong, Chine<\/td>\n<\/tr>\n<tr>\n<td>Nom de la marque<\/td>\n<td>Lvyuan \/ OEM<\/td>\n<td>Mat\u00e9riau<\/td>\n<td>carton, PP \/ coton \/ fibre de verre<\/td>\n<\/tr>\n<tr>\n<td>Poids<\/td>\n<td>d\u00e9pend<\/td>\n<td>Taille<\/td>\n<td>d\u00e9pend<\/td>\n<\/tr>\n<tr>\n<td>Puissance<\/td>\n<td>0<\/td>\n<td>Garantie<\/td>\n<td>Indisponible<\/td>\n<\/tr>\n<tr>\n<td>Nom du produit<\/td>\n<td>cartouche filtrante \u00e0 enroulement filamentaire<\/td>\n<td>Taux de micron<\/td>\n<td>Cartouche de filtres de 1, 3, 5, 10 microns<\/td>\n<\/tr>\n<tr>\n<td>Noyau interne<\/td>\n<td>PP ou acier inoxydable<\/td>\n<td>Longueur<\/td>\n<td>5\u2033, 10\u2033, 20\u2033, 30\u2033, 40\u2033, 50\u201d pouces<\/td>\n<\/tr>\n<tr>\n<td>Mat\u00e9riau du joint\/de l'anneau<\/td>\n<td>Silicium\/EPDM\/Viton<\/td>\n<td>Utilisation<\/td>\n<td>filtre \u00e0 liquide, pi\u00e8ces pour filtre \u00e0 eau<\/td>\n<\/tr>\n<tr>\n<td>Diam\u00e8tre int\u00e9rieur<\/td>\n<td>28, 30mm<\/td>\n<td>Diam\u00e8tre ext\u00e9rieur<\/td>\n<td>60~62mm, Jumbo 110~115mm<\/td>\n<\/tr>\n<tr>\n<td>Certification<\/td>\n<td>CE SGS ISO<\/td>\n<td>Capacit\u00e9 d'approvisionnement<\/td>\n<td>5000 pi\u00e8ces\/pi\u00e8ces par jour cartouche filtrante en coton<\/td>\n<\/tr>\n<\/tbody>\n<\/table>","protected":false},"featured_media":4792,"comment_status":"open","ping_status":"closed","template":"","meta":{"_gspb_post_css":""},"product_brand":[],"product_cat":[1095],"product_tag":[644,886,1835,1534,1834,1098],"class_list":{"0":"post-4788","1":"product","2":"type-product","3":"status-publish","4":"has-post-thumbnail","6":"product_cat-string-wound-filter-cartridge","7":"product_tag-1-micron-filter-cartridge","8":"product_tag-5-micron-sediment-filter","9":"product_tag-cotton-yarn-water-filter","10":"product_tag-inversafilterpurification","11":"product_tag-sediment-pp-filter","12":"product_tag-string-wound-filter-cartridge","14":"first","15":"instock","16":"shipping-taxable","17":"product-type-simple"},"_links":{"self":[{"href":"https:\/\/lyfilter.com\/fr\/wp-json\/wp\/v2\/product\/4788","targetHints":{"allow":["GET"]}}],"collection":[{"href":"https:\/\/lyfilter.com\/fr\/wp-json\/wp\/v2\/product"}],"about":[{"href":"https:\/\/lyfilter.com\/fr\/wp-json\/wp\/v2\/types\/product"}],"replies":[{"embeddable":true,"href":"https:\/\/lyfilter.com\/fr\/wp-json\/wp\/v2\/comments?post=4788"}],"wp:featuredmedia":[{"embeddable":true,"href":"https:\/\/lyfilter.com\/fr\/wp-json\/wp\/v2\/media\/4792"}],"wp:attachment":[{"href":"https:\/\/lyfilter.com\/fr\/wp-json\/wp\/v2\/media?parent=4788"}],"wp:term":[{"taxonomy":"product_brand","embeddable":true,"href":"https:\/\/lyfilter.com\/fr\/wp-json\/wp\/v2\/product_brand?post=4788"},{"taxonomy":"product_cat","embeddable":true,"href":"https:\/\/lyfilter.com\/fr\/wp-json\/wp\/v2\/product_cat?post=4788"},{"taxonomy":"product_tag","embeddable":true,"href":"https:\/\/lyfilter.com\/fr\/wp-json\/wp\/v2\/product_tag?post=4788"}],"curies":[{"name":"wp","href":"https:\/\/api.w.org\/{rel}","templated":true}]}}