{"id":4770,"date":"2026-04-07T02:21:09","date_gmt":"2026-04-07T02:21:09","guid":{"rendered":"https:\/\/lyfilter.com\/"},"modified":"2026-04-07T02:21:09","modified_gmt":"2026-04-07T02:21:09","slug":"factory-polypropylene-blown-water-purification-5-micron-filters-pp-sediment-cartridge-filter-2","status":"publish","type":"product","link":"https:\/\/lyfilter.com\/fr\/factory-polypropylene-blown-water-purification-5-micron-filters-pp-sediment-cartridge-filter-2\/","title":{"rendered":"Filtre \u00e0 cartouche en polypropyl\u00e8ne souffl\u00e9 pour la purification de l'eau \u00e0 5 microns."},"content":{"rendered":"<p>Fabriqu\u00e9 pour une filtration quotidienne fiable, ce filtre \u00e0 s\u00e9diments en polypropyl\u00e8ne souffl\u00e9 de 5 microns aide \u00e0 capturer la salet\u00e9, la rouille et les particules fines tout en assurant un d\u00e9bit d'eau r\u00e9gulier. Un choix pratique pour une eau plus propre et un remplacement facile.<\/p>","protected":false},"excerpt":{"rendered":"<table>\n<thead>\n<tr>\n<th>Champ d'application<\/th>\n<th>Valeur<\/th>\n<th>Champ d'application<\/th>\n<th>Valeur<\/th>\n<\/tr>\n<\/thead>\n<tbody>\n<tr>\n<td>Lieu d'origine<\/td>\n<td>Guangdong, Chine<\/td>\n<td>Nom de la marque<\/td>\n<td>Lvyuan \/ OEM<\/td>\n<\/tr>\n<tr>\n<td>Mat\u00e9riau<\/td>\n<td>polypropyl\u00e8ne<\/td>\n<td>Poids<\/td>\n<td>d\u00e9pend<\/td>\n<\/tr>\n<tr>\n<td>Taille<\/td>\n<td>standard ou personnalisation<\/td>\n<td>Puissance<\/td>\n<td>0<\/td>\n<\/tr>\n<tr>\n<td>Garantie<\/td>\n<td>Indisponible<\/td>\n<td>Nom du produit<\/td>\n<td>Filtre \u00e0 s\u00e9diments en PP<\/td>\n<\/tr>\n<tr>\n<td>Taux de micron<\/td>\n<td>Cartouche de filtres 1\/3\/5\/10\/25\/50\/75\/100 microns<\/td>\n<td>Certification<\/td>\n<td>CE SGS<\/td>\n<\/tr>\n<tr>\n<td>application<\/td>\n<td>pi\u00e8ces pour filtres \u00e0 eau, osmose inverse<\/td>\n<td>Longueur<\/td>\n<td>5\u2033, 10\u2033, 20\u2033, 30\u2033, 40\u2033, 50\u201d pouces<\/td>\n<\/tr>\n<tr>\n<td>M\u00e9dia filtrant<\/td>\n<td>Polypropyl\u00e8ne PP fil\u00e9<\/td>\n<td>Capuchon d'extr\u00e9mit\u00e9<\/td>\n<td>DOE\/222Fin\/226Fin\/222Flat\/226Flat<\/td>\n<\/tr>\n<tr>\n<td>Mat\u00e9riau du joint\/de l'anneau<\/td>\n<td>Silicium\/EPDM\/Viton<\/td>\n<td>Utilisation<\/td>\n<td>Filtre \u00e0 cartouche pour liquides<\/td>\n<\/tr>\n<tr>\n<td>Noyau interne<\/td>\n<td>PP, acier inoxydable, aucun<\/td>\n<td>Service apr\u00e8s-vente<\/td>\n<td>Soutien en ligne<\/td>\n<\/tr>\n<tr>\n<td>Capacit\u00e9 d'approvisionnement<\/td>\n<td>5000 Pi\u00e8ces\/Pi\u00e8ces par Jour Filtre PP 5 Microns<\/td>\n<td><\/td>\n<td><\/td>\n<\/tr>\n<\/tbody>\n<\/table>","protected":false},"featured_media":4773,"comment_status":"open","ping_status":"closed","template":"","meta":{"_gspb_post_css":""},"product_brand":[],"product_cat":[23],"product_tag":[1172,1534,1828,1829,1830,773],"class_list":{"0":"post-4770","1":"product","2":"type-product","3":"status-publish","4":"has-post-thumbnail","6":"product_cat-pp-filter-cartridge","7":"product_tag-5-micron-cartridge-filter","8":"product_tag-inversafilterpurification","9":"product_tag-polypropylene-sediment-filter","10":"product_tag-pp-blown-water-filter","11":"product_tag-sediment-water-filter-replacement","12":"product_tag-water-purification-cartridge","14":"first","15":"instock","16":"shipping-taxable","17":"product-type-simple"},"_links":{"self":[{"href":"https:\/\/lyfilter.com\/fr\/wp-json\/wp\/v2\/product\/4770","targetHints":{"allow":["GET"]}}],"collection":[{"href":"https:\/\/lyfilter.com\/fr\/wp-json\/wp\/v2\/product"}],"about":[{"href":"https:\/\/lyfilter.com\/fr\/wp-json\/wp\/v2\/types\/product"}],"replies":[{"embeddable":true,"href":"https:\/\/lyfilter.com\/fr\/wp-json\/wp\/v2\/comments?post=4770"}],"wp:featuredmedia":[{"embeddable":true,"href":"https:\/\/lyfilter.com\/fr\/wp-json\/wp\/v2\/media\/4773"}],"wp:attachment":[{"href":"https:\/\/lyfilter.com\/fr\/wp-json\/wp\/v2\/media?parent=4770"}],"wp:term":[{"taxonomy":"product_brand","embeddable":true,"href":"https:\/\/lyfilter.com\/fr\/wp-json\/wp\/v2\/product_brand?post=4770"},{"taxonomy":"product_cat","embeddable":true,"href":"https:\/\/lyfilter.com\/fr\/wp-json\/wp\/v2\/product_cat?post=4770"},{"taxonomy":"product_tag","embeddable":true,"href":"https:\/\/lyfilter.com\/fr\/wp-json\/wp\/v2\/product_tag?post=4770"}],"curies":[{"name":"wp","href":"https:\/\/api.w.org\/{rel}","templated":true}]}}