{"id":4768,"date":"2026-04-07T02:18:15","date_gmt":"2026-04-07T02:18:15","guid":{"rendered":"https:\/\/lyfilter.com\/"},"modified":"2026-04-07T02:18:15","modified_gmt":"2026-04-07T02:18:15","slug":"professional-sintered-cartridge-filter-wholesale-for-desalination","status":"publish","type":"product","link":"https:\/\/lyfilter.com\/fr\/professional-sintered-cartridge-filter-wholesale-for-desalination\/","title":{"rendered":"Filtre \u00e0 cartouche fritt\u00e9e professionnel en gros pour le dessalement"},"content":{"rendered":"<p><b>Avantages pour l'entreprise<\/b><br \/>\n<b>1.<\/b>\u00a0Charbon actif Lvyuan\u00a0<a href=\"https:\/\/lyfilter.com\/fr\/products.html\/\">\u00e9l\u00e9ment filtrant<\/a>\u00a0est con\u00e7u avec une gamme de syst\u00e8mes de protection. Il est dot\u00e9 d'une protection contre les surpressions, les surcharges, les circuits \u00e9lectriques et les pertes de tension. Son milieu filtrant est personnalisable en fonction des diff\u00e9rentes qualit\u00e9s d'eau de l'application.<br \/>\n<b>2.<\/b>\u00a0Ce produit peut apporter des avantages \u00e9conomiques significatifs aux clients et est de plus en plus populaire sur le march\u00e9. Il ne contient pas de liants, d'agents, de solvants, de mat\u00e9riaux antistatiques ou d'agents mouillants.<br \/>\n<b>3.<\/b>\u00a0Nous disposons d'un laboratoire professionnel pour garantir la haute qualit\u00e9 de ce produit. Il a trouv\u00e9 une vari\u00e9t\u00e9 d'applications dans l'industrie, les processus chimiques, l'alimentation et les boissons, les cosm\u00e9tiques et l'eau.<br \/>\n<b>4.<\/b>\u00a0L'\u00e9quipe de contr\u00f4le qualit\u00e9 adopte des normes de qualit\u00e9 professionnelles pour garantir la qualit\u00e9 de ce produit. Il est disponible dans une large gamme de longueurs pour les bo\u00eetiers standard et les bo\u00eetiers \u00e0 \u00e9coulement total.<br \/>\n<b>5.<\/b>\u00a0L'inspection et la v\u00e9rification sont renforc\u00e9es \u00e0 plusieurs reprises pour garantir sa qualit\u00e9. Gr\u00e2ce \u00e0 sa large compatibilit\u00e9 chimique, il peut \u00eatre utilis\u00e9 avec des \u00e9chantillons aqueux et des solvants organiques.<\/p>\n<h3 class=\"do-entry-title\">Emballage et livraison<\/h3>\n<div class=\"do-entry-list\">\n<dl class=\"do-entry-item\">\n<dt class=\"do-entry-item-key\">Unit\u00e9s de vente :<\/dt>\n<dd class=\"do-entry-item-val\">Article unique<\/dd>\n<\/dl>\n<dl class=\"do-entry-item\">\n<dt class=\"do-entry-item-key\" title=\"Taille de l&#039;emballage unique :\">Taille de l'emballage unique :<\/dt>\n<dd class=\"do-entry-item-val\">6,5X2,8X25 cm<\/dd>\n<\/dl>\n<dl class=\"do-entry-item\">\n<dt class=\"do-entry-item-key\" title=\"Poids brut unique :\">Poids brut unique :<\/dt>\n<dd class=\"do-entry-item-val\">0,500 kg<\/dd>\n<\/dl>\n<dl class=\"do-entry-item\">\n<dt class=\"do-entry-item-key\">Type d'emballage :<\/dt>\n<dd class=\"do-entry-item-val pkg-method\">Produits de frittage de charbon de bois solide CTO filtre \u00e0 eau charbon actif de coquille de noix de coco 25 microns filtre \u00e0 charbon en bloc : 53x33x33cm, 64x33x33cm<\/dd>\n<\/dl>\n<dl class=\"do-entry-item\">\n<dt class=\"do-entry-item-key\" title=\"D\u00e9lai d&#039;ex\u00e9cution\">D\u00e9lai d'ex\u00e9cution\u00a0<i class=\"next-icon next-icon-help next-icon-xs js-leadtimes-tips\"><\/i>:<\/dt>\n<dd class=\"do-entry-item-val\" title=\"D\u00e9lai d&#039;ex\u00e9cution\">\n<div class=\"table-responsive\">\n<table class=\"supply-ability-table ui2-table ui2-table-normal ui2-table-zebra ui2-table-hover\">\n<tbody>\n<tr>\n<td>Quantit\u00e9 (pi\u00e8ces)<\/td>\n<td>1 - 100<\/td>\n<td>101 - 500<\/td>\n<td>501 - 5000<\/td>\n<td>&gt;5000<\/td>\n<\/tr>\n<tr>\n<td>Est. Temps (jours)<\/td>\n<td>3<\/td>\n<td>5<\/td>\n<td>10<\/td>\n<td>A n\u00e9gocier<\/td>\n<\/tr>\n<\/tbody>\n<\/table>\n<\/div>\n<\/dd>\n<\/dl>\n<\/div>","protected":false},"excerpt":{"rendered":"<table>\n<thead>\n<tr>\n<th>Champ d'application<\/th>\n<th>Valeur<\/th>\n<th>Champ d'application<\/th>\n<th>Valeur<\/th>\n<\/tr>\n<\/thead>\n<tbody>\n<tr>\n<td>Lieu d'origine<\/td>\n<td>Guangdong, Chine<\/td>\n<td>Nom de la marque<\/td>\n<td>OEM\/LVYUAN<\/td>\n<\/tr>\n<tr>\n<td>Num\u00e9ro de mod\u00e8le<\/td>\n<td>LY-CBF<\/td>\n<td>Puissance (W)<\/td>\n<td>0<\/td>\n<\/tr>\n<tr>\n<td>Tension (V)<\/td>\n<td>0<\/td>\n<td>Service apr\u00e8s-vente<\/td>\n<td>aucun, Soutien en ligne<\/td>\n<\/tr>\n<tr>\n<td>Garantie<\/td>\n<td>aucun<\/td>\n<td>Type<\/td>\n<td>Carbone activ\u00e9<\/td>\n<\/tr>\n<tr>\n<td>Utilisation<\/td>\n<td>Pr\u00e9filtration domestique<\/td>\n<td>Application<\/td>\n<td>H\u00f4tel, Voiture, Ext\u00e9rieur, Garage, VR, Commercial, M\u00e9nage<\/td>\n<\/tr>\n<tr>\n<td>Source d'\u00e9nergie<\/td>\n<td>Batterie, usb, \u00e9lectrique, gaz, solaire, manuel, alimentation des v\u00e9hicules<\/td>\n<td>Nom du produit<\/td>\n<td>Un filtre \u00e0 charbon de coquille de noix de coco de 25 microns<\/td>\n<\/tr>\n<tr>\n<td>Mat\u00e9riau<\/td>\n<td>Charbon de coco activ\u00e9 fritt\u00e9<\/td>\n<td>Longueur<\/td>\n<td>10-1050mm<\/td>\n<\/tr>\n<tr>\n<td>OD<\/td>\n<td>14-121mm<\/td>\n<td>ID<\/td>\n<td>6-50mm<\/td>\n<\/tr>\n<tr>\n<td>Taux de micron<\/td>\n<td>0,5-20um<\/td>\n<td>Indice d'iode<\/td>\n<td>jusqu'\u00e0 1000<\/td>\n<\/tr>\n<tr>\n<td>D\u00e9bit<\/td>\n<td>\u2264300L\/h<\/td>\n<td><\/td>\n<td><\/td>\n<\/tr>\n<\/tbody>\n<\/table>","protected":false},"featured_media":4769,"comment_status":"open","ping_status":"closed","template":"","meta":{"_gspb_post_css":""},"product_brand":[],"product_cat":[1205],"product_tag":[1244,1826,1534,1827,1825,1184],"class_list":{"0":"post-4768","1":"product","2":"type-product","3":"status-publish","4":"has-post-thumbnail","6":"product_cat-stainless-steel-sintered-filter-cartridge","7":"product_tag-desalination-filter-cartridge","8":"product_tag-industrial-cartridge-filter","9":"product_tag-inversafilterpurification","10":"product_tag-professional-filtration-solution","11":"product_tag-sintered-cartridge-filter","12":"product_tag-wholesale-water-filter","14":"first","15":"instock","16":"shipping-taxable","17":"product-type-simple"},"_links":{"self":[{"href":"https:\/\/lyfilter.com\/fr\/wp-json\/wp\/v2\/product\/4768","targetHints":{"allow":["GET"]}}],"collection":[{"href":"https:\/\/lyfilter.com\/fr\/wp-json\/wp\/v2\/product"}],"about":[{"href":"https:\/\/lyfilter.com\/fr\/wp-json\/wp\/v2\/types\/product"}],"replies":[{"embeddable":true,"href":"https:\/\/lyfilter.com\/fr\/wp-json\/wp\/v2\/comments?post=4768"}],"wp:featuredmedia":[{"embeddable":true,"href":"https:\/\/lyfilter.com\/fr\/wp-json\/wp\/v2\/media\/4769"}],"wp:attachment":[{"href":"https:\/\/lyfilter.com\/fr\/wp-json\/wp\/v2\/media?parent=4768"}],"wp:term":[{"taxonomy":"product_brand","embeddable":true,"href":"https:\/\/lyfilter.com\/fr\/wp-json\/wp\/v2\/product_brand?post=4768"},{"taxonomy":"product_cat","embeddable":true,"href":"https:\/\/lyfilter.com\/fr\/wp-json\/wp\/v2\/product_cat?post=4768"},{"taxonomy":"product_tag","embeddable":true,"href":"https:\/\/lyfilter.com\/fr\/wp-json\/wp\/v2\/product_tag?post=4768"}],"curies":[{"name":"wp","href":"https:\/\/api.w.org\/{rel}","templated":true}]}}