{"id":4757,"date":"2026-04-05T09:55:19","date_gmt":"2026-04-05T09:55:19","guid":{"rendered":"https:\/\/lyfilter.com\/"},"modified":"2026-04-05T09:55:19","modified_gmt":"2026-04-05T09:55:19","slug":"lvyuan-hot-sale-sintered-plastic-filter-wholesale-for-sea-water","status":"publish","type":"product","link":"https:\/\/lyfilter.com\/fr\/lvyuan-hot-sale-sintered-plastic-filter-wholesale-for-sea-water\/","title":{"rendered":"Lvyuan Hot Sale Sintered Plastic Filter Wholesale For Sea Water (Filtre en plastique fritt\u00e9 en gros pour l'eau de mer)"},"content":{"rendered":"<p>Con\u00e7u pour la filtration de l'eau de mer, ce filtre en plastique fritt\u00e9 de Lvyuan offre un d\u00e9bit plus propre et des performances fiables. Il permet de r\u00e9duire les particules ind\u00e9sirables tout en offrant une solution durable et pratique pour les besoins quotidiens de purification.<\/p>","protected":false},"excerpt":{"rendered":"<table>\n<thead>\n<tr>\n<th>Champ d'application<\/th>\n<th>Valeur<\/th>\n<\/tr>\n<\/thead>\n<tbody>\n<tr>\n<td>Industries concern\u00e9es<\/td>\n<td>Usine de fabrication, usine de produits alimentaires et de boissons, traitement de l'eau<\/td>\n<\/tr>\n<tr>\n<td>Service apr\u00e8s-vente<\/td>\n<td>Soutien en ligne<\/td>\n<\/tr>\n<tr>\n<td>Lieu de service local<\/td>\n<td>aucun<\/td>\n<\/tr>\n<tr>\n<td>Emplacement de la salle d'exposition<\/td>\n<td>aucun<\/td>\n<\/tr>\n<tr>\n<td>Vid\u00e9o de l'inspection de sortie<\/td>\n<td>Fourni<\/td>\n<\/tr>\n<tr>\n<td>Rapport d'essai des machines<\/td>\n<td>Fourni<\/td>\n<\/tr>\n<tr>\n<td>Type de marketing<\/td>\n<td>Produit ordinaire<\/td>\n<\/tr>\n<tr>\n<td>Garantie des composants de base<\/td>\n<td>1 an<\/td>\n<\/tr>\n<tr>\n<td>Composants essentiels<\/td>\n<td>R\u00e9servoir sous pression<\/td>\n<\/tr>\n<tr>\n<td>Lieu d'origine<\/td>\n<td>Guangdong, Chine<\/td>\n<\/tr>\n<tr>\n<td>Nom de la marque<\/td>\n<td>Lvyuan ou OEM\/ ODM<\/td>\n<\/tr>\n<tr>\n<td>Mat\u00e9riau<\/td>\n<td>carbone de noix de coco, carbone de noix de coco, carbone de charbon<\/td>\n<\/tr>\n<tr>\n<td>Poids<\/td>\n<td>personnalis\u00e9<\/td>\n<\/tr>\n<tr>\n<td>Taille<\/td>\n<td>personnalis\u00e9, personnalis\u00e9<\/td>\n<\/tr>\n<tr>\n<td>Puissance<\/td>\n<td>0<\/td>\n<\/tr>\n<tr>\n<td>Garantie<\/td>\n<td>Indisponible<\/td>\n<\/tr>\n<tr>\n<td>Mots cl\u00e9s<\/td>\n<td>bloc de charbon actif cartouche de filtration d'eau<\/td>\n<\/tr>\n<tr>\n<td>Service apr\u00e8s-vente<\/td>\n<td>Soutien en ligne<\/td>\n<\/tr>\n<tr>\n<td>Fonctionnalit\u00e9<\/td>\n<td>\u00e9liminer les odeurs, les s\u00e9diments, les odeurs, etc.<\/td>\n<\/tr>\n<tr>\n<td>Application<\/td>\n<td>Pr\u00e9filtration<\/td>\n<\/tr>\n<tr>\n<td>Couleur<\/td>\n<td>Noir\/gris<\/td>\n<\/tr>\n<tr>\n<td>Type<\/td>\n<td>Pi\u00e8ces d\u00e9tach\u00e9es pour filtres \u00e0 eau<\/td>\n<\/tr>\n<tr>\n<td>Diam\u00e8tre<\/td>\n<td>personnalis\u00e9<\/td>\n<\/tr>\n<tr>\n<td>taux de micron<\/td>\n<td>5\/10\/25 micron<\/td>\n<\/tr>\n<tr>\n<td>Capacit\u00e9 d'approvisionnement<\/td>\n<td>500 pi\u00e8ces par semaine<\/td>\n<\/tr>\n<\/tbody>\n<\/table>","protected":false},"featured_media":4705,"comment_status":"open","ping_status":"closed","template":"","meta":{"_gspb_post_css":""},"product_brand":[],"product_cat":[24],"product_tag":[1534,1809,1810,1808,1277,1184],"class_list":{"0":"post-4757","1":"product","2":"type-product","3":"status-publish","4":"has-post-thumbnail","6":"product_cat-sintered-porous-plastic","7":"product_tag-inversafilterpurification","8":"product_tag-marine-water-filtration","9":"product_tag-porous-plastic-filter","10":"product_tag-sea-water-filter","11":"product_tag-sintered-plastic-filter","12":"product_tag-wholesale-water-filter","14":"first","15":"instock","16":"shipping-taxable","17":"product-type-simple"},"_links":{"self":[{"href":"https:\/\/lyfilter.com\/fr\/wp-json\/wp\/v2\/product\/4757","targetHints":{"allow":["GET"]}}],"collection":[{"href":"https:\/\/lyfilter.com\/fr\/wp-json\/wp\/v2\/product"}],"about":[{"href":"https:\/\/lyfilter.com\/fr\/wp-json\/wp\/v2\/types\/product"}],"replies":[{"embeddable":true,"href":"https:\/\/lyfilter.com\/fr\/wp-json\/wp\/v2\/comments?post=4757"}],"wp:featuredmedia":[{"embeddable":true,"href":"https:\/\/lyfilter.com\/fr\/wp-json\/wp\/v2\/media\/4705"}],"wp:attachment":[{"href":"https:\/\/lyfilter.com\/fr\/wp-json\/wp\/v2\/media?parent=4757"}],"wp:term":[{"taxonomy":"product_brand","embeddable":true,"href":"https:\/\/lyfilter.com\/fr\/wp-json\/wp\/v2\/product_brand?post=4757"},{"taxonomy":"product_cat","embeddable":true,"href":"https:\/\/lyfilter.com\/fr\/wp-json\/wp\/v2\/product_cat?post=4757"},{"taxonomy":"product_tag","embeddable":true,"href":"https:\/\/lyfilter.com\/fr\/wp-json\/wp\/v2\/product_tag?post=4757"}],"curies":[{"name":"wp","href":"https:\/\/api.w.org\/{rel}","templated":true}]}}