{"id":4748,"date":"2026-04-05T09:50:52","date_gmt":"2026-04-05T09:50:52","guid":{"rendered":"https:\/\/lyfilter.com\/"},"modified":"2026-04-05T09:50:52","modified_gmt":"2026-04-05T09:50:52","slug":"ss-filter-housing-filter-water-10-20-30-40-inches-housing","status":"publish","type":"product","link":"https:\/\/lyfilter.com\/fr\/ss-filter-housing-filter-water-10-20-30-40-inches-housing\/","title":{"rendered":"SS Filter Housing Filter Water 10 20 30 40 Inches Housing"},"content":{"rendered":"<p>Con\u00e7u pour maintenir les bo\u00eetiers de filtre fermement en place, ce verrou de filtre \u00e0 eau prend en charge les bo\u00eetiers en acier inoxydable de 10, 20, 30 et 40 pouces. Il aide \u00e0 r\u00e9duire les mouvements pendant l'utilisation et ajoute un soutien fiable \u00e0 votre installation de filtration de l'eau pour un fonctionnement quotidien.<\/p>","protected":false},"excerpt":{"rendered":"<table>\n<thead>\n<tr>\n<th>Champ d'application<\/th>\n<th>Valeur<\/th>\n<\/tr>\n<\/thead>\n<tbody>\n<tr>\n<td>Lieu d'origine<\/td>\n<td>Guangdong, Chine<\/td>\n<\/tr>\n<tr>\n<td>Nom de la marque<\/td>\n<td>Lvyuan, OEM, ODM<\/td>\n<\/tr>\n<tr>\n<td>Mat\u00e9riau<\/td>\n<td>acier inoxydable<\/td>\n<\/tr>\n<tr>\n<td>Poids<\/td>\n<td>personnalis\u00e9<\/td>\n<\/tr>\n<tr>\n<td>Taille<\/td>\n<td>personnalis\u00e9, 10\u201d, 20\u201d, 30\u201d, 40\u201d<\/td>\n<\/tr>\n<tr>\n<td>Puissance<\/td>\n<td>0<\/td>\n<\/tr>\n<tr>\n<td>Garantie<\/td>\n<td>1 an<\/td>\n<\/tr>\n<tr>\n<td>Service apr\u00e8s-vente<\/td>\n<td>Soutien en ligne<\/td>\n<\/tr>\n<tr>\n<td>Fonctionnalit\u00e9<\/td>\n<td>installation facile<\/td>\n<\/tr>\n<tr>\n<td>Certification<\/td>\n<td>SGS<\/td>\n<\/tr>\n<tr>\n<td>Forme<\/td>\n<td>cylindre<\/td>\n<\/tr>\n<tr>\n<td>Utilisation<\/td>\n<td>filtration de l'eau<\/td>\n<\/tr>\n<tr>\n<td>Application<\/td>\n<td>l'industrie<\/td>\n<\/tr>\n<tr>\n<td>surface<\/td>\n<td>poli<\/td>\n<\/tr>\n<tr>\n<td>Mod\u00e8le<\/td>\n<td>LY01<\/td>\n<\/tr>\n<tr>\n<td>Mati\u00e8res premi\u00e8res<\/td>\n<td>acier inoxydable<\/td>\n<\/tr>\n<tr>\n<td>Pression de service<\/td>\n<td>100Psi<\/td>\n<\/tr>\n<tr>\n<td>Capacit\u00e9 d'approvisionnement<\/td>\n<td>500 pi\u00e8ces par an<\/td>\n<\/tr>\n<\/tbody>\n<\/table>","protected":false},"featured_media":4756,"comment_status":"open","ping_status":"closed","template":"","meta":{"_gspb_post_css":""},"product_brand":[],"product_cat":[15],"product_tag":[1806,1534,1805,34,1136,1807],"class_list":{"0":"post-4748","1":"product","2":"type-product","3":"status-publish","4":"has-post-thumbnail","6":"product_cat-stainless-steel-filter-housing","7":"product_tag-filter-housing-lock","8":"product_tag-inversafilterpurification","9":"product_tag-ss-filter-housing","10":"product_tag-stainless-steel-filter-housing","11":"product_tag-water-filter-locks","12":"product_tag-water-purification-accessories","14":"first","15":"instock","16":"shipping-taxable","17":"product-type-simple"},"_links":{"self":[{"href":"https:\/\/lyfilter.com\/fr\/wp-json\/wp\/v2\/product\/4748","targetHints":{"allow":["GET"]}}],"collection":[{"href":"https:\/\/lyfilter.com\/fr\/wp-json\/wp\/v2\/product"}],"about":[{"href":"https:\/\/lyfilter.com\/fr\/wp-json\/wp\/v2\/types\/product"}],"replies":[{"embeddable":true,"href":"https:\/\/lyfilter.com\/fr\/wp-json\/wp\/v2\/comments?post=4748"}],"wp:featuredmedia":[{"embeddable":true,"href":"https:\/\/lyfilter.com\/fr\/wp-json\/wp\/v2\/media\/4756"}],"wp:attachment":[{"href":"https:\/\/lyfilter.com\/fr\/wp-json\/wp\/v2\/media?parent=4748"}],"wp:term":[{"taxonomy":"product_brand","embeddable":true,"href":"https:\/\/lyfilter.com\/fr\/wp-json\/wp\/v2\/product_brand?post=4748"},{"taxonomy":"product_cat","embeddable":true,"href":"https:\/\/lyfilter.com\/fr\/wp-json\/wp\/v2\/product_cat?post=4748"},{"taxonomy":"product_tag","embeddable":true,"href":"https:\/\/lyfilter.com\/fr\/wp-json\/wp\/v2\/product_tag?post=4748"}],"curies":[{"name":"wp","href":"https:\/\/api.w.org\/{rel}","templated":true}]}}