{"id":4734,"date":"2026-04-05T09:34:59","date_gmt":"2026-04-05T09:34:59","guid":{"rendered":"https:\/\/lyfilter.com\/"},"modified":"2026-04-05T09:34:59","modified_gmt":"2026-04-05T09:34:59","slug":"10-inch-jumbo-sintered-metal-filter-cartridge-for-industrial-liquids-filtration","status":"publish","type":"product","link":"https:\/\/lyfilter.com\/fr\/10-inch-jumbo-sintered-metal-filter-cartridge-for-industrial-liquids-filtration\/","title":{"rendered":"Cartouche filtrante en m\u00e9tal fritt\u00e9 de 10 pouces pour la filtration des liquides industriels"},"content":{"rendered":"<p>Con\u00e7ue pour le traitement de liquides exigeants, cette cartouche filtrante jumbo en m\u00e9tal fritt\u00e9 de 10 pouces retient les particules fines tout en maintenant un d\u00e9bit r\u00e9gulier. Sa construction en m\u00e9tal permet la r\u00e9utilisation, l'entretien et une filtration fiable dans les lignes industrielles quotidiennes.<\/p>","protected":false},"excerpt":{"rendered":"<table>\n<thead>\n<tr>\n<th>Champ d'application<\/th>\n<th>Valeur<\/th>\n<\/tr>\n<\/thead>\n<tbody>\n<tr>\n<td>Service apr\u00e8s-vente<\/td>\n<td>Soutien en ligne<\/td>\n<\/tr>\n<tr>\n<td>Lieu de service local<\/td>\n<td>aucun<\/td>\n<\/tr>\n<tr>\n<td>Emplacement de la salle d'exposition<\/td>\n<td>aucun<\/td>\n<\/tr>\n<tr>\n<td>Vid\u00e9o de l'inspection de sortie<\/td>\n<td>Fourni<\/td>\n<\/tr>\n<tr>\n<td>Rapport d'essai des machines<\/td>\n<td>Fourni<\/td>\n<\/tr>\n<tr>\n<td>Type de marketing<\/td>\n<td>Produit ordinaire<\/td>\n<\/tr>\n<tr>\n<td>Garantie des composants de base<\/td>\n<td>1 an<\/td>\n<\/tr>\n<tr>\n<td>Composants essentiels<\/td>\n<td>R\u00e9servoir sous pression<\/td>\n<\/tr>\n<tr>\n<td>Lieu d'origine<\/td>\n<td>Guangdong, Chine<\/td>\n<\/tr>\n<tr>\n<td>Nom de la marque<\/td>\n<td>Lvyuan\/OEM<\/td>\n<\/tr>\n<tr>\n<td>Garantie<\/td>\n<td>1 an<\/td>\n<\/tr>\n<tr>\n<td>Service apr\u00e8s-vente<\/td>\n<td>Soutien en ligne<\/td>\n<\/tr>\n<tr>\n<td>Fonctionnalit\u00e9<\/td>\n<td>bonne perm\u00e9abilit\u00e9<\/td>\n<\/tr>\n<tr>\n<td>Longueur<\/td>\n<td>10\/20\/30\/40 pouces ou sur mesure<\/td>\n<\/tr>\n<tr>\n<td>Mat\u00e9riau<\/td>\n<td>maille en acier inoxydable<\/td>\n<\/tr>\n<tr>\n<td>Forme<\/td>\n<td>cylindre<\/td>\n<\/tr>\n<tr>\n<td>Utilisation<\/td>\n<td>traitement de l'eau<\/td>\n<\/tr>\n<tr>\n<td>Application<\/td>\n<td>l'industrie<\/td>\n<\/tr>\n<tr>\n<td>Couleur<\/td>\n<td>argent liquide<\/td>\n<\/tr>\n<tr>\n<td>Emballage<\/td>\n<td>bo\u00eete en papier<\/td>\n<\/tr>\n<tr>\n<td>taux d'\u00e9limination<\/td>\n<td>2 \u00e0 200\u03bcm<\/td>\n<\/tr>\n<tr>\n<td>Avantage<\/td>\n<td>r\u00e9utilisation<\/td>\n<\/tr>\n<tr>\n<td>Capacit\u00e9 d'approvisionnement<\/td>\n<td>1000 pi\u00e8ces\/pi\u00e8ces par semaine<\/td>\n<\/tr>\n<\/tbody>\n<\/table>","protected":false},"featured_media":4737,"comment_status":"open","ping_status":"closed","template":"","meta":{"_gspb_post_css":""},"product_brand":[],"product_cat":[1205],"product_tag":[1803,42,1534,1208,1802,1167],"class_list":{"0":"post-4734","1":"product","2":"type-product","3":"status-publish","4":"has-post-thumbnail","6":"product_cat-stainless-steel-sintered-filter-cartridge","7":"product_tag-10-inch-jumbo-filter","8":"product_tag-industrial-liquid-filtration","9":"product_tag-inversafilterpurification","10":"product_tag-reusable-metal-filter","11":"product_tag-sintered-metal-filter-cartridge","12":"product_tag-stainless-steel-filter-cartridge","14":"first","15":"instock","16":"shipping-taxable","17":"product-type-simple"},"_links":{"self":[{"href":"https:\/\/lyfilter.com\/fr\/wp-json\/wp\/v2\/product\/4734","targetHints":{"allow":["GET"]}}],"collection":[{"href":"https:\/\/lyfilter.com\/fr\/wp-json\/wp\/v2\/product"}],"about":[{"href":"https:\/\/lyfilter.com\/fr\/wp-json\/wp\/v2\/types\/product"}],"replies":[{"embeddable":true,"href":"https:\/\/lyfilter.com\/fr\/wp-json\/wp\/v2\/comments?post=4734"}],"wp:featuredmedia":[{"embeddable":true,"href":"https:\/\/lyfilter.com\/fr\/wp-json\/wp\/v2\/media\/4737"}],"wp:attachment":[{"href":"https:\/\/lyfilter.com\/fr\/wp-json\/wp\/v2\/media?parent=4734"}],"wp:term":[{"taxonomy":"product_brand","embeddable":true,"href":"https:\/\/lyfilter.com\/fr\/wp-json\/wp\/v2\/product_brand?post=4734"},{"taxonomy":"product_cat","embeddable":true,"href":"https:\/\/lyfilter.com\/fr\/wp-json\/wp\/v2\/product_cat?post=4734"},{"taxonomy":"product_tag","embeddable":true,"href":"https:\/\/lyfilter.com\/fr\/wp-json\/wp\/v2\/product_tag?post=4734"}],"curies":[{"name":"wp","href":"https:\/\/api.w.org\/{rel}","templated":true}]}}