{"id":4731,"date":"2026-04-05T09:30:11","date_gmt":"2026-04-05T09:30:11","guid":{"rendered":"https:\/\/lyfilter.com\/"},"modified":"2026-04-05T09:30:11","modified_gmt":"2026-04-05T09:30:11","slug":"good-selling-steel-filter-housing-factory-price-for-desalination","status":"publish","type":"product","link":"https:\/\/lyfilter.com\/fr\/good-selling-steel-filter-housing-factory-price-for-desalination\/","title":{"rendered":"Bo\u00eetier de filtre en acier de bonne qualit\u00e9 Prix d'usine pour le dessalement"},"content":{"rendered":"<p><b>Avantages pour l'entreprise<\/b><br \/>\n<b>1.<\/b>\u00a0Notre \u00e9quipe technique s'est consacr\u00e9e \u00e0 l'am\u00e9lioration de la conception,\u00a0<a href=\"https:\/\/lyfilter.com\/fr\/\">Filtre Lvyuan<\/a>\u00a0a d\u00e9sormais un design alliant innovation, esth\u00e9tique et praticit\u00e9. Le m\u00e9dia filtrant est thermocoll\u00e9 pour emp\u00eacher la lib\u00e9ration des fibres tout en assurant des d\u00e9bits constants.<br \/>\n<b>2.<\/b>\u00a0L'op\u00e9rateur qui utilise ce produit est souvent confront\u00e9 \u00e0 une situation dans laquelle les conditions de fabrication et les taux de rendement sont consid\u00e9rablement am\u00e9lior\u00e9s par rapport au pass\u00e9. Il peut fournir des analyses et des r\u00e9sultats pr\u00e9cis pour des applications sensibles de chromatographie ionique.<br \/>\n<b>3.<\/b>\u00a0Le produit est test\u00e9 sur diff\u00e9rents param\u00e8tres de qualit\u00e9 par notre \u00e9quipe de contr\u00f4leurs de qualit\u00e9 exp\u00e9riment\u00e9s. Il peut \u00eatre utilis\u00e9 avec des \u00e9chantillons aqueux et des solvants organiques en raison de sa large compatibilit\u00e9 chimique.<br \/>\n<b>4.<\/b>\u00a0Bas\u00e9 sur une technologie \u00e9prouv\u00e9e, ce produit offre des performances \u00e9lev\u00e9es aux clients. Il dispose d'une grande surface de filtration efficace<br \/>\n<b>5.<\/b>\u00a0De nombreux moyens d'inspection scientifiques et stricts ont \u00e9t\u00e9 appliqu\u00e9s pour garantir la qualit\u00e9 sup\u00e9rieure du produit. Il a trouv\u00e9 une vari\u00e9t\u00e9 d'applications dans l'industrie, les processus chimiques, l'alimentation et les boissons, les cosm\u00e9tiques, etc.<\/p>\n<h3 class=\"do-entry-title\">Emballage et livraison<\/h3>\n<div class=\"do-entry-list\">\n<dl class=\"do-entry-item\">\n<dt class=\"do-entry-item-key\">Unit\u00e9s de vente :<\/dt>\n<dd class=\"do-entry-item-val\">Article unique<\/dd>\n<\/dl>\n<dl class=\"do-entry-item\">\n<dt class=\"do-entry-item-key\" title=\"Taille de l&#039;emballage unique :\">Taille de l'emballage unique :<\/dt>\n<dd class=\"do-entry-item-val\">75X50X75 cm<\/dd>\n<\/dl>\n<dl class=\"do-entry-item\">\n<dt class=\"do-entry-item-key\" title=\"Poids brut unique :\">Poids brut unique :<\/dt>\n<dd class=\"do-entry-item-val\">30.000 kg<\/dd>\n<\/dl>\n<dl class=\"do-entry-item\">\n<dt class=\"do-entry-item-key\">Type d'emballage :<\/dt>\n<dd class=\"do-entry-item-val pkg-method\">Microfiltre mobile en acier inoxydable \u00e0 2 \u00e9tages 10 20 30 40 50 microns syst\u00e8me de filtration de liqueur avec pompe \u00e0 liquide \u00e0 grand d\u00e9bit : Emballage : Bo\u00eete standard d'exportation \/ Selon les besoins<\/dd>\n<\/dl>\n<dl class=\"do-entry-item\">\n<dt class=\"do-entry-item-key\" title=\"D\u00e9lai d&#039;ex\u00e9cution\">D\u00e9lai d'ex\u00e9cution\u00a0<i class=\"next-icon next-icon-help next-icon-xs js-leadtimes-tips\"><\/i>:<\/dt>\n<dd class=\"do-entry-item-val\" title=\"D\u00e9lai d&#039;ex\u00e9cution\">\n<div class=\"table-responsive\">\n<table class=\"supply-ability-table ui2-table ui2-table-normal ui2-table-zebra ui2-table-hover\">\n<tbody>\n<tr>\n<td>Quantit\u00e9 (unit\u00e9s)<\/td>\n<td>1 - 10<\/td>\n<td>11 - 100<\/td>\n<td>&gt;100<\/td>\n<\/tr>\n<tr>\n<td>Est. Temps (jours)<\/td>\n<td>5<\/td>\n<td>10<\/td>\n<td>A n\u00e9gocier<\/td>\n<\/tr>\n<\/tbody>\n<\/table>\n<\/div>\n<\/dd>\n<\/dl>\n<\/div>","protected":false},"excerpt":{"rendered":"<table>\n<thead>\n<tr>\n<th>Champ d'application<\/th>\n<th>Valeur<\/th>\n<\/tr>\n<\/thead>\n<tbody>\n<tr>\n<td>Lieu d'origine<\/td>\n<td>Guangdong, Chine<\/td>\n<\/tr>\n<tr>\n<td>Nom de la marque<\/td>\n<td>LVYUAN\/OEM<\/td>\n<\/tr>\n<tr>\n<td>Garantie<\/td>\n<td>1 an<\/td>\n<\/tr>\n<tr>\n<td>Service apr\u00e8s-vente<\/td>\n<td>Soutien en ligne<\/td>\n<\/tr>\n<tr>\n<td>Nom de l'article<\/td>\n<td>Chariot mobile en acier inoxydable avec syst\u00e8me de filtration de liqueur \u00e0 deux \u00e9tages<\/td>\n<\/tr>\n<tr>\n<td>Mat\u00e9riau<\/td>\n<td>SS304 \/ SS316L<\/td>\n<\/tr>\n<tr>\n<td>Mat\u00e9riau de la poche filtrante<\/td>\n<td>SAC PE \/ SAC PP<\/td>\n<\/tr>\n<tr>\n<td>Quantit\u00e9 de filtres \u00e0 manches<\/td>\n<td>Bo\u00eetier de filtre \u00e0 poche unique<\/td>\n<\/tr>\n<tr>\n<td>Traitement de surface<\/td>\n<td>Polissage et sablage<\/td>\n<\/tr>\n<tr>\n<td>Joint torique d'\u00e9tanch\u00e9it\u00e9<\/td>\n<td>Silastic \/ NBR \/ EPDM \/ Viton<\/td>\n<\/tr>\n<tr>\n<td>Type d'installation du bouchon sup\u00e9rieur<\/td>\n<td>Type de pince \/ Type de boulon<\/td>\n<\/tr>\n<tr>\n<td>Type d'entr\u00e9e et de sortie<\/td>\n<td>Filet int\u00e9rieur \/ Bride<\/td>\n<\/tr>\n<tr>\n<td>Type de connecteur<\/td>\n<td>222 \/ 226 \/ BICHE<\/td>\n<\/tr>\n<tr>\n<td>M\u00e9thode d'emballage<\/td>\n<td>Bo\u00eete standard pour l'exportation<\/td>\n<\/tr>\n<\/tbody>\n<\/table>","protected":false},"featured_media":4733,"comment_status":"open","ping_status":"closed","template":"","meta":{"_gspb_post_css":""},"product_brand":[],"product_cat":[15],"product_tag":[1793,1801,1084,1534,1799,1800],"class_list":{"0":"post-4731","1":"product","2":"type-product","3":"status-publish","4":"has-post-thumbnail","6":"product_cat-stainless-steel-filter-housing","7":"product_tag-desalination-filter-housing","8":"product_tag-filtration-system-housing","9":"product_tag-industrial-filter-housing","10":"product_tag-inversafilterpurification","11":"product_tag-steel-filter-housing","12":"product_tag-water-treatment-housing","14":"first","15":"instock","16":"shipping-taxable","17":"product-type-simple"},"_links":{"self":[{"href":"https:\/\/lyfilter.com\/fr\/wp-json\/wp\/v2\/product\/4731","targetHints":{"allow":["GET"]}}],"collection":[{"href":"https:\/\/lyfilter.com\/fr\/wp-json\/wp\/v2\/product"}],"about":[{"href":"https:\/\/lyfilter.com\/fr\/wp-json\/wp\/v2\/types\/product"}],"replies":[{"embeddable":true,"href":"https:\/\/lyfilter.com\/fr\/wp-json\/wp\/v2\/comments?post=4731"}],"wp:featuredmedia":[{"embeddable":true,"href":"https:\/\/lyfilter.com\/fr\/wp-json\/wp\/v2\/media\/4733"}],"wp:attachment":[{"href":"https:\/\/lyfilter.com\/fr\/wp-json\/wp\/v2\/media?parent=4731"}],"wp:term":[{"taxonomy":"product_brand","embeddable":true,"href":"https:\/\/lyfilter.com\/fr\/wp-json\/wp\/v2\/product_brand?post=4731"},{"taxonomy":"product_cat","embeddable":true,"href":"https:\/\/lyfilter.com\/fr\/wp-json\/wp\/v2\/product_cat?post=4731"},{"taxonomy":"product_tag","embeddable":true,"href":"https:\/\/lyfilter.com\/fr\/wp-json\/wp\/v2\/product_tag?post=4731"}],"curies":[{"name":"wp","href":"https:\/\/api.w.org\/{rel}","templated":true}]}}