{"id":4728,"date":"2026-04-05T09:24:58","date_gmt":"2026-04-05T09:24:58","guid":{"rendered":"https:\/\/lyfilter.com\/"},"modified":"2026-04-05T09:24:58","modified_gmt":"2026-04-05T09:24:58","slug":"lvyuan-affordable-ss-cartridge-filter-housing-factory-for-desalination","status":"publish","type":"product","link":"https:\/\/lyfilter.com\/fr\/lvyuan-affordable-ss-cartridge-filter-housing-factory-for-desalination\/","title":{"rendered":"Lvyuan Abordable SS Cartridge Filter Housing Factory For Desalination (Bo\u00eetier de filtre \u00e0 cartouche en acier inoxydable)"},"content":{"rendered":"<p>Con\u00e7u pour les syst\u00e8mes de dessalement, ce bo\u00eetier de filtre \u00e0 cartouche Lvyuan SS maintient la propret\u00e9 de l'eau dans des conditions difficiles et \u00e0 forte teneur en sel. Sa construction en acier inoxydable permet une filtration fiable, une dur\u00e9e de vie plus longue et une maintenance de routine plus facile.<\/p>","protected":false},"excerpt":{"rendered":"<table>\n<thead>\n<tr>\n<th>Champ d'application<\/th>\n<th>Valeur<\/th>\n<\/tr>\n<\/thead>\n<tbody>\n<tr>\n<td>Service apr\u00e8s-vente<\/td>\n<td>Soutien en ligne<\/td>\n<\/tr>\n<tr>\n<td>Lieu de service local<\/td>\n<td>aucun<\/td>\n<\/tr>\n<tr>\n<td>Emplacement de la salle d'exposition<\/td>\n<td>aucun<\/td>\n<\/tr>\n<tr>\n<td>Vid\u00e9o de l'inspection de sortie<\/td>\n<td>Fourni<\/td>\n<\/tr>\n<tr>\n<td>Rapport d'essai des machines<\/td>\n<td>Fourni<\/td>\n<\/tr>\n<tr>\n<td>Type de marketing<\/td>\n<td>Produit ordinaire<\/td>\n<\/tr>\n<tr>\n<td>Garantie des composants de base<\/td>\n<td>Non disponible<\/td>\n<\/tr>\n<tr>\n<td>Composants essentiels<\/td>\n<td>R\u00e9servoir sous pression, \u00e9l\u00e9ment filtrant en acier inoxydable<\/td>\n<\/tr>\n<tr>\n<td>Lieu d'origine<\/td>\n<td>Guangdong, Chine<\/td>\n<\/tr>\n<tr>\n<td>Nom de la marque<\/td>\n<td>Lvyuan \/ OEM<\/td>\n<\/tr>\n<tr>\n<td>Mat\u00e9riau<\/td>\n<td>acier inoxydable<\/td>\n<\/tr>\n<tr>\n<td>Poids<\/td>\n<td>cela d\u00e9pend<\/td>\n<\/tr>\n<tr>\n<td>Taille<\/td>\n<td>cela d\u00e9pend<\/td>\n<\/tr>\n<tr>\n<td>Puissance<\/td>\n<td>0<\/td>\n<\/tr>\n<tr>\n<td>Garantie<\/td>\n<td>1 an<\/td>\n<\/tr>\n<tr>\n<td>Service apr\u00e8s-vente<\/td>\n<td>Soutien en ligne<\/td>\n<\/tr>\n<tr>\n<td>Nom du produit<\/td>\n<td>filtre \u00e0 eau micropore industriel<\/td>\n<\/tr>\n<tr>\n<td>logement Mat\u00e9riaux<\/td>\n<td>ss304, 316, 316L<\/td>\n<\/tr>\n<tr>\n<td>Quantit\u00e9 de filtres \u00e0 cartouche<\/td>\n<td>1 - 160PCS en option<\/td>\n<\/tr>\n<tr>\n<td>Longueur de la cartouche filtrante<\/td>\n<td>5, 10, 20, 30, 40, 60 pouces, OEM<\/td>\n<\/tr>\n<tr>\n<td>Traitement de surface<\/td>\n<td>Polissage et sablage<\/td>\n<\/tr>\n<tr>\n<td>Type d'installation du bouchon sup\u00e9rieur<\/td>\n<td>Boulons de levage \/ Bride \/ Type de collier<\/td>\n<\/tr>\n<tr>\n<td>Utilisation<\/td>\n<td>station de traitement de l'eau \/ des liquides \/ du vin<\/td>\n<\/tr>\n<tr>\n<td>Paquet<\/td>\n<td>Coffret en bois<\/td>\n<\/tr>\n<tr>\n<td>Type de connecteur<\/td>\n<td>code 0 3 6 7 8 9<\/td>\n<\/tr>\n<tr>\n<td>Certification<\/td>\n<td>CE ISO SGS<\/td>\n<\/tr>\n<tr>\n<td>Capacit\u00e9 d'approvisionnement<\/td>\n<td>500 Pi\u00e8ces\/Pi\u00e8ces par jour filtre \u00e0 eau microporeux<\/td>\n<\/tr>\n<\/tbody>\n<\/table>","protected":false},"featured_media":4730,"comment_status":"open","ping_status":"closed","template":"","meta":{"_gspb_post_css":""},"product_brand":[],"product_cat":[15],"product_tag":[1798,1794,1793,1796,1534,1797,265,1255,34,1795,1509],"class_list":{"0":"post-4728","1":"product","2":"type-product","3":"status-publish","4":"has-post-thumbnail","6":"product_cat-stainless-steel-filter-housing","7":"product_tag-and-easier-routine-maintenance","8":"product_tag-built-for-desalination-systems","9":"product_tag-desalination-filter-housing","10":"product_tag-high-salt-conditions-its-stainless-steel-build-supports-reliable-filtration","11":"product_tag-inversafilterpurification","12":"product_tag-longer-service-life","13":"product_tag-lvyuan","14":"product_tag-ss-cartridge-filter-housing","15":"product_tag-stainless-steel-filter-housing","16":"product_tag-this-lvyuan-ss-cartridge-filter-housing-keeps-water-clean-in-harsh","17":"product_tag-water-treatment-filter-housing","19":"first","20":"instock","21":"shipping-taxable","22":"product-type-simple"},"_links":{"self":[{"href":"https:\/\/lyfilter.com\/fr\/wp-json\/wp\/v2\/product\/4728","targetHints":{"allow":["GET"]}}],"collection":[{"href":"https:\/\/lyfilter.com\/fr\/wp-json\/wp\/v2\/product"}],"about":[{"href":"https:\/\/lyfilter.com\/fr\/wp-json\/wp\/v2\/types\/product"}],"replies":[{"embeddable":true,"href":"https:\/\/lyfilter.com\/fr\/wp-json\/wp\/v2\/comments?post=4728"}],"wp:featuredmedia":[{"embeddable":true,"href":"https:\/\/lyfilter.com\/fr\/wp-json\/wp\/v2\/media\/4730"}],"wp:attachment":[{"href":"https:\/\/lyfilter.com\/fr\/wp-json\/wp\/v2\/media?parent=4728"}],"wp:term":[{"taxonomy":"product_brand","embeddable":true,"href":"https:\/\/lyfilter.com\/fr\/wp-json\/wp\/v2\/product_brand?post=4728"},{"taxonomy":"product_cat","embeddable":true,"href":"https:\/\/lyfilter.com\/fr\/wp-json\/wp\/v2\/product_cat?post=4728"},{"taxonomy":"product_tag","embeddable":true,"href":"https:\/\/lyfilter.com\/fr\/wp-json\/wp\/v2\/product_tag?post=4728"}],"curies":[{"name":"wp","href":"https:\/\/api.w.org\/{rel}","templated":true}]}}