{"id":4720,"date":"2026-04-05T09:16:10","date_gmt":"2026-04-05T09:16:10","guid":{"rendered":"https:\/\/lyfilter.com\/"},"modified":"2026-04-05T09:16:11","modified_gmt":"2026-04-05T09:16:11","slug":"oem-size-activated-filter-carbon-for-shower-toilet-kitchen","status":"publish","type":"product","link":"https:\/\/lyfilter.com\/fr\/oem-size-activated-filter-carbon-for-shower-toilet-kitchen\/","title":{"rendered":"Filtre \u00e0 charbon actif de taille OEM pour douche\/toilette\/cuisine"},"content":{"rendered":"<p>Ce filtre \u00e0 charbon actif est con\u00e7u pour les syst\u00e8mes de douche, de toilettes et de cuisine qui ont besoin d'une eau plus propre et plus agr\u00e9able. Il aide \u00e0 r\u00e9duire les odeurs ind\u00e9sirables et le chlore tout en favorisant une routine quotidienne plus fra\u00eeche gr\u00e2ce \u00e0 une filtration fiable et facile.<\/p>","protected":false},"excerpt":{"rendered":"<table>\n<thead>\n<tr>\n<th>Champ d'application<\/th>\n<th>Valeur<\/th>\n<\/tr>\n<\/thead>\n<tbody>\n<tr>\n<td>Service apr\u00e8s-vente<\/td>\n<td>Soutien en ligne<\/td>\n<\/tr>\n<tr>\n<td>Lieu de service local<\/td>\n<td>aucun<\/td>\n<\/tr>\n<tr>\n<td>Emplacement de la salle d'exposition<\/td>\n<td>aucun<\/td>\n<\/tr>\n<tr>\n<td>Vid\u00e9o de l'inspection de sortie<\/td>\n<td>Fourni<\/td>\n<\/tr>\n<tr>\n<td>Rapport d'essai des machines<\/td>\n<td>Fourni<\/td>\n<\/tr>\n<tr>\n<td>Type de marketing<\/td>\n<td>Produit ordinaire<\/td>\n<\/tr>\n<tr>\n<td>Garantie des composants de base<\/td>\n<td>1 an<\/td>\n<\/tr>\n<tr>\n<td>Composants essentiels<\/td>\n<td>R\u00e9servoir sous pression<\/td>\n<\/tr>\n<tr>\n<td>Condition<\/td>\n<td>Nouveau<\/td>\n<\/tr>\n<tr>\n<td>Efficacit\u00e9<\/td>\n<td>98%<\/td>\n<\/tr>\n<tr>\n<td>La construction<\/td>\n<td>Treillis m\u00e9tallique<\/td>\n<\/tr>\n<tr>\n<td>Lieu d'origine<\/td>\n<td>Guangdong, Chine<\/td>\n<\/tr>\n<tr>\n<td>Nom de la marque<\/td>\n<td>Lvyuan\/OEM<\/td>\n<\/tr>\n<tr>\n<td>Garantie<\/td>\n<td>1 an<\/td>\n<\/tr>\n<tr>\n<td>Service apr\u00e8s-vente<\/td>\n<td>Support en ligne, Support en ligne<\/td>\n<\/tr>\n<tr>\n<td>Mots cl\u00e9s<\/td>\n<td>charbon actif de filtration<\/td>\n<\/tr>\n<tr>\n<td>Taille<\/td>\n<td>personnalis\u00e9<\/td>\n<\/tr>\n<tr>\n<td>Fonctionnalit\u00e9<\/td>\n<td>\u00e9liminer les odeurs, les s\u00e9diments, les odeurs, etc.<\/td>\n<\/tr>\n<tr>\n<td>Mat\u00e9riau<\/td>\n<td>carbone de noix de coco, carbone de charbon<\/td>\n<\/tr>\n<tr>\n<td>Application<\/td>\n<td>Pr\u00e9filtration<\/td>\n<\/tr>\n<tr>\n<td>Couleur<\/td>\n<td>Noir\/gris<\/td>\n<\/tr>\n<tr>\n<td>Type<\/td>\n<td>Pi\u00e8ces d\u00e9tach\u00e9es pour filtres \u00e0 eau<\/td>\n<\/tr>\n<tr>\n<td>Diam\u00e8tre<\/td>\n<td>personnalis\u00e9<\/td>\n<\/tr>\n<tr>\n<td>taux de micron<\/td>\n<td>5\/10\/25 micron<\/td>\n<\/tr>\n<tr>\n<td>Capacit\u00e9 d'approvisionnement<\/td>\n<td>500 pi\u00e8ces par semaine<\/td>\n<\/tr>\n<\/tbody>\n<\/table>","protected":false},"featured_media":4727,"comment_status":"open","ping_status":"closed","template":"","meta":{"_gspb_post_css":""},"product_brand":[],"product_cat":[1339],"product_tag":[1789,1534,1792,722,1790,1791],"class_list":{"0":"post-4720","1":"product","2":"type-product","3":"status-publish","4":"has-post-thumbnail","6":"product_cat-carbon-filter","7":"product_tag-activated-carbon-filter","8":"product_tag-inversafilterpurification","9":"product_tag-kitchen-water-filter","10":"product_tag-oem-water-filter","11":"product_tag-shower-water-filter","12":"product_tag-toilet-water-filter","14":"first","15":"instock","16":"shipping-taxable","17":"product-type-simple"},"_links":{"self":[{"href":"https:\/\/lyfilter.com\/fr\/wp-json\/wp\/v2\/product\/4720","targetHints":{"allow":["GET"]}}],"collection":[{"href":"https:\/\/lyfilter.com\/fr\/wp-json\/wp\/v2\/product"}],"about":[{"href":"https:\/\/lyfilter.com\/fr\/wp-json\/wp\/v2\/types\/product"}],"replies":[{"embeddable":true,"href":"https:\/\/lyfilter.com\/fr\/wp-json\/wp\/v2\/comments?post=4720"}],"wp:featuredmedia":[{"embeddable":true,"href":"https:\/\/lyfilter.com\/fr\/wp-json\/wp\/v2\/media\/4727"}],"wp:attachment":[{"href":"https:\/\/lyfilter.com\/fr\/wp-json\/wp\/v2\/media?parent=4720"}],"wp:term":[{"taxonomy":"product_brand","embeddable":true,"href":"https:\/\/lyfilter.com\/fr\/wp-json\/wp\/v2\/product_brand?post=4720"},{"taxonomy":"product_cat","embeddable":true,"href":"https:\/\/lyfilter.com\/fr\/wp-json\/wp\/v2\/product_cat?post=4720"},{"taxonomy":"product_tag","embeddable":true,"href":"https:\/\/lyfilter.com\/fr\/wp-json\/wp\/v2\/product_tag?post=4720"}],"curies":[{"name":"wp","href":"https:\/\/api.w.org\/{rel}","templated":true}]}}