{"id":4699,"date":"2026-04-05T07:25:28","date_gmt":"2026-04-05T07:25:28","guid":{"rendered":"https:\/\/lyfilter.com\/"},"modified":"2026-04-05T07:25:28","modified_gmt":"2026-04-05T07:25:28","slug":"china-factory-stainless-steel-sintered-folding-filter-tube","status":"publish","type":"product","link":"https:\/\/lyfilter.com\/fr\/china-factory-stainless-steel-sintered-folding-filter-tube\/","title":{"rendered":"Tube filtrant pliable fritt\u00e9 en acier inoxydable de l'usine de Chine"},"content":{"rendered":"<p>Con\u00e7u pour les travaux de filtration exigeants, ce tube filtrant fritt\u00e9 en acier inoxydable offre un ajustement s\u00fbr, un d\u00e9bit r\u00e9gulier et une utilisation durable. InversaFilterPurification aide les syst\u00e8mes \u00e0 rester plus propres, plus fluides et plus faciles \u00e0 faire fonctionner au quotidien.<\/p>","protected":false},"excerpt":{"rendered":"<table>\n<thead>\n<tr>\n<th>Service apr\u00e8s-vente<\/th>\n<th>Soutien en ligne<\/th>\n<th>Lieu de service local<\/th>\n<th>aucun<\/th>\n<th>Emplacement de la salle d'exposition<\/th>\n<th>aucun<\/th>\n<\/tr>\n<\/thead>\n<tbody>\n<tr>\n<td>Vid\u00e9o de l'inspection de sortie<\/td>\n<td>Fourni<\/td>\n<td>Rapport d'essai des machines<\/td>\n<td>Fourni<\/td>\n<td>Type de marketing<\/td>\n<td>Produit ordinaire<\/td>\n<\/tr>\n<tr>\n<td>Garantie des composants de base<\/td>\n<td>1 an<\/td>\n<td>Composants essentiels<\/td>\n<td>R\u00e9servoir sous pression<\/td>\n<td>Lieu d'origine<\/td>\n<td>Guangdong, Chine<\/td>\n<\/tr>\n<tr>\n<td>Nom de la marque<\/td>\n<td>Lvyuan,OEM,ODM<\/td>\n<td>Garantie<\/td>\n<td>Indisponible<\/td>\n<td>Service apr\u00e8s-vente<\/td>\n<td>Soutien en ligne<\/td>\n<\/tr>\n<tr>\n<td>Mots cl\u00e9s<\/td>\n<td>tube filtrant fritt\u00e9 en acier inoxydable<\/td>\n<td>Diam\u00e8tre<\/td>\n<td>Demande du client<\/td>\n<td>Mat\u00e9riau<\/td>\n<td>acier inoxydable<\/td>\n<\/tr>\n<tr>\n<td>Forme<\/td>\n<td>cylindre<\/td>\n<td>Utilisation<\/td>\n<td>traitement de l'eau<\/td>\n<td>Application<\/td>\n<td>l'industrie<\/td>\n<\/tr>\n<tr>\n<td>Couleur<\/td>\n<td>argent liquide<\/td>\n<td>Emballage<\/td>\n<td>bo\u00eete en papier<\/td>\n<td>longueur<\/td>\n<td>10\/20\/30\/40 pouces<\/td>\n<\/tr>\n<tr>\n<td>Avantage<\/td>\n<td>r\u00e9utilisation<\/td>\n<td>Capacit\u00e9 d'approvisionnement<\/td>\n<td>10000 pi\u00e8ces par mois<\/td>\n<td><\/td>\n<td><\/td>\n<\/tr>\n<\/tbody>\n<\/table>","protected":false},"featured_media":4700,"comment_status":"open","ping_status":"closed","template":"","meta":{"_gspb_post_css":""},"product_brand":[],"product_cat":[1205],"product_tag":[1778,1777,1757,1534,1776,1136],"class_list":{"0":"post-4699","1":"product","2":"type-product","3":"status-publish","4":"has-post-thumbnail","6":"product_cat-stainless-steel-sintered-filter-cartridge","7":"product_tag-china-filter-factory","8":"product_tag-folding-filter-tube","9":"product_tag-industrial-metal-filter-cartridge","10":"product_tag-inversafilterpurification","11":"product_tag-stainless-steel-sintered-filter-tube","12":"product_tag-water-filter-locks","14":"first","15":"instock","16":"shipping-taxable","17":"product-type-simple"},"_links":{"self":[{"href":"https:\/\/lyfilter.com\/fr\/wp-json\/wp\/v2\/product\/4699","targetHints":{"allow":["GET"]}}],"collection":[{"href":"https:\/\/lyfilter.com\/fr\/wp-json\/wp\/v2\/product"}],"about":[{"href":"https:\/\/lyfilter.com\/fr\/wp-json\/wp\/v2\/types\/product"}],"replies":[{"embeddable":true,"href":"https:\/\/lyfilter.com\/fr\/wp-json\/wp\/v2\/comments?post=4699"}],"wp:featuredmedia":[{"embeddable":true,"href":"https:\/\/lyfilter.com\/fr\/wp-json\/wp\/v2\/media\/4700"}],"wp:attachment":[{"href":"https:\/\/lyfilter.com\/fr\/wp-json\/wp\/v2\/media?parent=4699"}],"wp:term":[{"taxonomy":"product_brand","embeddable":true,"href":"https:\/\/lyfilter.com\/fr\/wp-json\/wp\/v2\/product_brand?post=4699"},{"taxonomy":"product_cat","embeddable":true,"href":"https:\/\/lyfilter.com\/fr\/wp-json\/wp\/v2\/product_cat?post=4699"},{"taxonomy":"product_tag","embeddable":true,"href":"https:\/\/lyfilter.com\/fr\/wp-json\/wp\/v2\/product_tag?post=4699"}],"curies":[{"name":"wp","href":"https:\/\/api.w.org\/{rel}","templated":true}]}}