{"id":4697,"date":"2026-04-05T07:21:21","date_gmt":"2026-04-05T07:21:21","guid":{"rendered":"https:\/\/lyfilter.com\/"},"modified":"2026-04-05T07:21:21","modified_gmt":"2026-04-05T07:21:21","slug":"movable-stainless-steel-water-liquid-oil-wine-beer-honey-bag-filter-machine-with-1-2-3-4-5-stage-purification","status":"publish","type":"product","link":"https:\/\/lyfilter.com\/fr\/movable-stainless-steel-water-liquid-oil-wine-beer-honey-bag-filter-machine-with-1-2-3-4-5-stage-purification\/","title":{"rendered":"Filtre \u00e0 poche mobile en acier inoxydable pour eau\/liquide\/huile\/vin\/bi\u00e8re\/miel avec purification en 1\/2\/3\/4\/5 \u00e9tapes"},"content":{"rendered":"<p>Con\u00e7ue pour une filtration flexible, cette machine \u00e0 sacs filtrants mobiles en acier inoxydable traite l'eau, l'huile, le vin, la bi\u00e8re et le miel avec un d\u00e9bit et un transport r\u00e9guliers. InversaFilterPurification permet un traitement plus propre gr\u00e2ce \u00e0 des options d'\u00e9tapes intelligentes.<\/p>","protected":false},"excerpt":{"rendered":"<table>\n<thead>\n<tr>\n<th>Service apr\u00e8s-vente<\/th>\n<th>Soutien en ligne<\/th>\n<th>Lieu de service local<\/th>\n<th>aucun<\/th>\n<th>Emplacement de la salle d'exposition<\/th>\n<th>aucun<\/th>\n<\/tr>\n<\/thead>\n<tbody>\n<tr>\n<td>Vid\u00e9o de l'inspection de sortie<\/td>\n<td>Fourni<\/td>\n<td>Rapport d'essai des machines<\/td>\n<td>Fourni<\/td>\n<td>Type de marketing<\/td>\n<td>Produit ordinaire<\/td>\n<\/tr>\n<tr>\n<td>Garantie des composants de base<\/td>\n<td>1 an<\/td>\n<td>Composants essentiels<\/td>\n<td>R\u00e9servoir sous pression<\/td>\n<td>Lieu d'origine<\/td>\n<td>Chine<\/td>\n<\/tr>\n<tr>\n<td>Nom de la marque<\/td>\n<td>Lvyuan \/ OEM<\/td>\n<td>Garantie<\/td>\n<td>Indisponible<\/td>\n<td>Service apr\u00e8s-vente<\/td>\n<td>Soutien en ligne<\/td>\n<\/tr>\n<tr>\n<td>Nom du produit<\/td>\n<td>machine \u00e0 filtrer le vin<\/td>\n<td>mat\u00e9riau du bo\u00eetier<\/td>\n<td>ss304, sus 316, ss316L<\/td>\n<td>quantit\u00e9 de filtres \u00e0 poches<\/td>\n<td>Sacs simples ou multiples personnalis\u00e9s<\/td>\n<\/tr>\n<tr>\n<td>Taille du sac<\/td>\n<td>180<em>450mm ou 180<\/em>810 mm, autres<\/td>\n<td>Type d'entr\u00e9e et de sortie<\/td>\n<td>Connexion bride\/filetage<\/td>\n<td>Sac filtrant Mat\u00e9riau<\/td>\n<td>PP, PE, sur mesure<\/td>\n<\/tr>\n<tr>\n<td>Pression de service maximale<\/td>\n<td>100\/150\/300 Psi<\/td>\n<td>Utilisation<\/td>\n<td>filtration des liquides<\/td>\n<td>Num\u00e9ro du sac<\/td>\n<td>#1, 2, 3, 4, 5, OEM<\/td>\n<\/tr>\n<tr>\n<td>la crise du logement par<\/td>\n<td>boulon rapide, collier, bride<\/td>\n<td>Capacit\u00e9 d'approvisionnement<\/td>\n<td>1500 Pi\u00e8ces\/Pi\u00e8ces par mois machine \u00e0 filtrer l'huile<\/td>\n<td><\/td>\n<td><\/td>\n<\/tr>\n<\/tbody>\n<\/table>","protected":false},"featured_media":4698,"comment_status":"open","ping_status":"closed","template":"","meta":{"_gspb_post_css":""},"product_brand":[],"product_cat":[15],"product_tag":[1534,1773,1774,1772,1136,1775],"class_list":{"0":"post-4697","1":"product","2":"type-product","3":"status-publish","4":"has-post-thumbnail","6":"product_cat-stainless-steel-filter-housing","7":"product_tag-inversafilterpurification","8":"product_tag-movable-liquid-filter-system","9":"product_tag-multi-stage-purification-filter","10":"product_tag-stainless-steel-bag-filter-machine","11":"product_tag-water-filter-locks","12":"product_tag-wine-beer-honey-filter","14":"first","15":"instock","16":"shipping-taxable","17":"product-type-simple"},"_links":{"self":[{"href":"https:\/\/lyfilter.com\/fr\/wp-json\/wp\/v2\/product\/4697","targetHints":{"allow":["GET"]}}],"collection":[{"href":"https:\/\/lyfilter.com\/fr\/wp-json\/wp\/v2\/product"}],"about":[{"href":"https:\/\/lyfilter.com\/fr\/wp-json\/wp\/v2\/types\/product"}],"replies":[{"embeddable":true,"href":"https:\/\/lyfilter.com\/fr\/wp-json\/wp\/v2\/comments?post=4697"}],"wp:featuredmedia":[{"embeddable":true,"href":"https:\/\/lyfilter.com\/fr\/wp-json\/wp\/v2\/media\/4698"}],"wp:attachment":[{"href":"https:\/\/lyfilter.com\/fr\/wp-json\/wp\/v2\/media?parent=4697"}],"wp:term":[{"taxonomy":"product_brand","embeddable":true,"href":"https:\/\/lyfilter.com\/fr\/wp-json\/wp\/v2\/product_brand?post=4697"},{"taxonomy":"product_cat","embeddable":true,"href":"https:\/\/lyfilter.com\/fr\/wp-json\/wp\/v2\/product_cat?post=4697"},{"taxonomy":"product_tag","embeddable":true,"href":"https:\/\/lyfilter.com\/fr\/wp-json\/wp\/v2\/product_tag?post=4697"}],"curies":[{"name":"wp","href":"https:\/\/api.w.org\/{rel}","templated":true}]}}