{"id":4692,"date":"2026-04-05T07:15:49","date_gmt":"2026-04-05T07:15:49","guid":{"rendered":"https:\/\/lyfilter.com\/"},"modified":"2026-04-05T07:15:49","modified_gmt":"2026-04-05T07:15:49","slug":"hand-trolley-stainless-steel-10-microns-housing-filter-17-stage-304-316l-cartridge-water-filter-system-with-gas-air-driven-pump","status":"publish","type":"product","link":"https:\/\/lyfilter.com\/fr\/hand-trolley-stainless-steel-10-microns-housing-filter-17-stage-304-316l-cartridge-water-filter-system-with-gas-air-driven-pump\/","title":{"rendered":"Chariot manuel en acier inoxydable 10 microns Filtre \u00e0 cartouche 1~7 \u00e9tages 304 316L Syst\u00e8me de filtration d'eau \u00e0 cartouche avec pompe \u00e0 gaz \u00e0 entra\u00eenement pneumatique"},"content":{"rendered":"<p>Chariot manuel en acier inoxydable 10 microns filtre \u00e0 cartouche 1~7 \u00e9tages 304 316L syst\u00e8me de filtre \u00e0 eau \u00e0 cartouche avec pompe \u00e0 gaz \u00e0 air. Le filtre mobile est compos\u00e9 d'un pr\u00e9filtre, d'une pompe \u00e0 huile et d'une unit\u00e9 de filtration.<\/p>\n<p>La pompe \u00e0 huile est g\u00e9n\u00e9ralement une pompe \u00e0 engrenages, pour transporter le liquide non purifi\u00e9.<\/p>\n<p>Le dispositif de filtrage est un petit filtre-presse \u00e0 compression manuelle \u00e0 plaques et \u00e0 cadres,<\/p>\n<p>en utilisant un papier filtre sp\u00e9cial comme support de filtration. Sous l'effet de la pression de la pompe \u00e0 huile, l'huile non purifi\u00e9e p\u00e9n\u00e8tre dans le filtre.<\/p>\n<p>Dans le cas d'un filtre-presse \u00e0 plaques et \u00e0 cadres, l'huile filtr\u00e9e sera pure apr\u00e8s avoir travers\u00e9 le papier-filtre. Les impuret\u00e9s solides<\/p>\n<p>pi\u00e9g\u00e9e \u00e0 la surface du papier filtre, une petite quantit\u00e9 d'eau est absorb\u00e9e par le stoma de laine du papier filtre.<\/p>\n<p>La pression de filtration est normalement inf\u00e9rieure \u00e0 0,3 MPa, lorsqu'il y a trop de d\u00e9p\u00f4ts d'impuret\u00e9s sur le filtre.<\/p>\n<p>la pression du filtre est augment\u00e9e \u00e0 0,35 MPa, ou lorsque l'humidit\u00e9 du papier filtre absorb\u00e9 est<\/p>\n<p>proche de l'\u00e9tat de saturation, l'humidit\u00e9 r\u00e9siduelle dans le filtre \u00e0 huile ne tombe plus, il faut remplacer le papier filtre. Lorsque l'huile a une viscosit\u00e9 \u00e9lev\u00e9e, elle peut \u00eatre pr\u00e9chauff\u00e9e \u00e0 nouveau, afin de r\u00e9duire la viscosit\u00e9 en vue d'une r\u00e9utilisation.<\/p>\n<p>Ce type de filtre \u00e0 huile peut \u00e9liminer les impuret\u00e9s solides et une petite quantit\u00e9 d'eau. Il convient au raffinage de l'huile \u00e9lectrique g\u00e9n\u00e9rale et de l'huile de lubrification.<\/p>","protected":false},"excerpt":{"rendered":"<table>\n<thead>\n<tr>\n<th>Industries concern\u00e9es<\/th>\n<th>Usine de fabrication, usine de produits alimentaires et de boissons, fermes, restaurants, magasins d'alimentation, \u00e9nergie et mines, magasins de produits alimentaires et de boissons<\/th>\n<th>Lieu d'origine<\/th>\n<th>Guangdong, Chine<\/th>\n<th>Nom de la marque<\/th>\n<th>Lvyuan\/OEM<\/th>\n<\/tr>\n<\/thead>\n<tbody>\n<tr>\n<td>Mat\u00e9riau<\/td>\n<td>Sur mesure<\/td>\n<td>Poids<\/td>\n<td>Sur mesure<\/td>\n<td>Taille<\/td>\n<td>Sur mesure<\/td>\n<\/tr>\n<tr>\n<td>Puissance<\/td>\n<td>Sur mesure<\/td>\n<td>Garantie<\/td>\n<td>1 an<\/td>\n<td>Service apr\u00e8s-vente<\/td>\n<td>Soutien en ligne<\/td>\n<\/tr>\n<tr>\n<td>Nom du mod\u00e8le<\/td>\n<td>Bo\u00eetier de filtre en acier inoxydable Syst\u00e8me de filtre \u00e0 eau \u00e0 cartouche \u00e0 1~7 \u00e9tages<\/td>\n<td>Longueur<\/td>\n<td>10 pouces 20 pouces 30 pouces 40 pouces<\/td>\n<td>Utilisation<\/td>\n<td>Filtration de l'huile, du gaz, de l'air et de l'eau liquide<\/td>\n<\/tr>\n<tr>\n<td>Mat\u00e9riau du corps principal<\/td>\n<td>Acier inoxydable 304 \/ 316L<\/td>\n<td>Type de bo\u00eetier de filtre<\/td>\n<td>Tubulaire<\/td>\n<td>Principe<\/td>\n<td>Filtration sous pression<\/td>\n<\/tr>\n<tr>\n<td>Les \u00e9tapes<\/td>\n<td>1 - 7 \u00e9tapes<\/td>\n<td>Emballage<\/td>\n<td>Emballage net, ou caisse en bois<\/td>\n<td>Filtre<\/td>\n<td>Filtre \u00e0 manche et filtre \u00e0 cartouche<\/td>\n<\/tr>\n<tr>\n<td>Chariot<\/td>\n<td>Acier inoxydable 304\/316L<\/td>\n<td>Capacit\u00e9 d'approvisionnement<\/td>\n<td>100 pi\u00e8ces par jour<\/td>\n<td><\/td>\n<td><\/td>\n<\/tr>\n<\/tbody>\n<\/table>","protected":false},"featured_media":4693,"comment_status":"open","ping_status":"closed","template":"","meta":{"_gspb_post_css":""},"product_brand":[],"product_cat":[15],"product_tag":[1768,1769,1767,1534,292,1136],"class_list":{"0":"post-4692","1":"product","2":"type-product","3":"status-publish","4":"has-post-thumbnail","6":"product_cat-stainless-steel-filter-housing","7":"product_tag-10-micron-cartridge-filter","8":"product_tag-gas-air-driven-pump-filter","9":"product_tag-hand-trolley-water-filter-system","10":"product_tag-inversafilterpurification","11":"product_tag-stainless-steel-housing-filter","12":"product_tag-water-filter-locks","14":"first","15":"instock","16":"shipping-taxable","17":"product-type-simple"},"_links":{"self":[{"href":"https:\/\/lyfilter.com\/fr\/wp-json\/wp\/v2\/product\/4692","targetHints":{"allow":["GET"]}}],"collection":[{"href":"https:\/\/lyfilter.com\/fr\/wp-json\/wp\/v2\/product"}],"about":[{"href":"https:\/\/lyfilter.com\/fr\/wp-json\/wp\/v2\/types\/product"}],"replies":[{"embeddable":true,"href":"https:\/\/lyfilter.com\/fr\/wp-json\/wp\/v2\/comments?post=4692"}],"wp:featuredmedia":[{"embeddable":true,"href":"https:\/\/lyfilter.com\/fr\/wp-json\/wp\/v2\/media\/4693"}],"wp:attachment":[{"href":"https:\/\/lyfilter.com\/fr\/wp-json\/wp\/v2\/media?parent=4692"}],"wp:term":[{"taxonomy":"product_brand","embeddable":true,"href":"https:\/\/lyfilter.com\/fr\/wp-json\/wp\/v2\/product_brand?post=4692"},{"taxonomy":"product_cat","embeddable":true,"href":"https:\/\/lyfilter.com\/fr\/wp-json\/wp\/v2\/product_cat?post=4692"},{"taxonomy":"product_tag","embeddable":true,"href":"https:\/\/lyfilter.com\/fr\/wp-json\/wp\/v2\/product_tag?post=4692"}],"curies":[{"name":"wp","href":"https:\/\/api.w.org\/{rel}","templated":true}]}}